{"id":5330,"date":"2018-12-02T15:54:10","date_gmt":"2018-12-02T15:54:10","guid":{"rendered":"https:\/\/pharmabiz.pt\/torne-se-revendedor\/"},"modified":"2025-11-27T16:00:51","modified_gmt":"2025-11-27T16:00:51","slug":"distributors","status":"publish","type":"page","link":"https:\/\/pharmabiz.pt\/en\/distributors\/","title":{"rendered":"Distributors"},"content":{"rendered":"<div class=\"wpb-content-wrapper\"><p>[vc_row css=&#8221;.vc_custom_1543762813593{margin-top: -40px !important;margin-bottom: -40px !important;}&#8221;][vc_column][vc_empty_space][vc_column_text css=&#8221;.vc_custom_1714699795078{margin-bottom: 50px !important;padding-top: 10px !important;}&#8221;]<\/p>\n<h1><strong>BE OUR AFFILIATE \/ DISTRIBUTOR!&#8230;<\/strong><\/h1>\n<p>[\/vc_column_text]\n<div class=\"wpcf7 no-js\" id=\"wpcf7-f3387-o1\" lang=\"pt-PT\" dir=\"ltr\" data-wpcf7-id=\"3387\">\n<div class=\"screen-reader-response\"><p role=\"status\" aria-live=\"polite\" aria-atomic=\"true\"><\/p> <ul><\/ul><\/div>\n<form action=\"\/en\/wp-json\/wp\/v2\/pages\/5330#wpcf7-f3387-o1\" method=\"post\" class=\"wpcf7-form init\" aria-label=\"Formul\u00e1rio de contacto\" novalidate=\"novalidate\" data-status=\"init\">\n<fieldset class=\"hidden-fields-container\"><input type=\"hidden\" name=\"_wpcf7\" value=\"3387\" \/><input type=\"hidden\" name=\"_wpcf7_version\" value=\"6.1.5\" \/><input type=\"hidden\" name=\"_wpcf7_locale\" value=\"pt_PT\" \/><input type=\"hidden\" name=\"_wpcf7_unit_tag\" value=\"wpcf7-f3387-o1\" \/><input type=\"hidden\" name=\"_wpcf7_container_post\" value=\"0\" \/><input type=\"hidden\" name=\"_wpcf7_posted_data_hash\" value=\"\" \/><input type=\"hidden\" name=\"_wpcf7_recaptcha_response\" value=\"\" \/>\n<\/fieldset>\n<div class='row'>\n\t<div class='col-xs-12'>\n\t\t<p><span class=\"wpcf7-form-control-wrap\" data-name=\"dist-email\"><input size=\"40\" maxlength=\"400\" class=\"wpcf7-form-control wpcf7-email wpcf7-validates-as-required wpcf7-text wpcf7-validates-as-email dist\" id=\"dist-email\" aria-required=\"true\" aria-invalid=\"false\" placeholder=\"Contacto Email (obrigat\u00f3rio)\" value=\"\" type=\"email\" name=\"dist-email\" \/><\/span>\n\t\t<\/p>\n\t<\/div>\n<\/div>\n<div class='row'>\n\t<div class='col-xs-12'>\n\t\t<p><span class=\"wpcf7-form-control-wrap\" data-name=\"dist-company\"><input size=\"40\" maxlength=\"400\" class=\"wpcf7-form-control wpcf7-text wpcf7-validates-as-required dist\" id=\"dist-company\" aria-required=\"true\" aria-invalid=\"false\" placeholder=\"Nome da Empresa (obrigat\u00f3rio)\" value=\"\" type=\"text\" name=\"dist-company\" \/><\/span>\n\t\t<\/p>\n\t<\/div>\n<\/div>\n<div class='row'>\n\t<div class='col-xs-12'>\n\t\t<p><span class=\"wpcf7-form-control-wrap\" data-name=\"dist-address\"><input size=\"40\" maxlength=\"400\" class=\"wpcf7-form-control wpcf7-text wpcf7-validates-as-required dist\" id=\"dist-address\" aria-required=\"true\" aria-invalid=\"false\" placeholder=\"Morada da Empresa (obrigat\u00f3rio)\" value=\"\" type=\"text\" name=\"dist-address\" \/><\/span>\n\t\t<\/p>\n\t<\/div>\n<\/div>\n<div class='row'>\n\t<div class='col-xs-12'>\n\t\t<p><span class=\"wpcf7-form-control-wrap\" data-name=\"dist-nome\"><input size=\"40\" maxlength=\"400\" class=\"wpcf7-form-control wpcf7-text wpcf7-validates-as-required dist\" id=\"dist-nome\" aria-required=\"true\" aria-invalid=\"false\" placeholder=\"Nome de Contacto\" value=\"\" type=\"text\" name=\"dist-nome\" \/><\/span>\n\t\t<\/p>\n\t<\/div>\n<\/div>\n<div class='row'>\n\t<div class='col-xs-12'>\n\t\t<p><span class=\"wpcf7-form-control-wrap\" data-name=\"dist-website\"><input size=\"40\" maxlength=\"400\" class=\"wpcf7-form-control wpcf7-text wpcf7-validates-as-required dist\" id=\"dist-website\" aria-required=\"true\" aria-invalid=\"false\" placeholder=\"Website (se aplic\u00e1vel)\" value=\"\" type=\"text\" name=\"dist-website\" \/><\/span>\n\t\t<\/p>\n\t<\/div>\n<\/div>\n<div class='row'>\n\t<div class='col-xs-12'>\n\t\t<p><span class=\"wpcf7-form-control-wrap\" data-name=\"dist-registo\"><input size=\"40\" maxlength=\"400\" class=\"wpcf7-form-control wpcf7-text wpcf7-validates-as-required dist\" id=\"dist-registo\" aria-required=\"true\" aria-invalid=\"false\" placeholder=\"N\u00ba de Registo da Empresa (se aplic\u00e1vel)\" value=\"\" type=\"text\" name=\"dist-registo\" \/><\/span>\n\t\t<\/p>\n\t<\/div>\n<\/div>\n<div class='row'>\n\t<div class='col-xs-12'>\n\t\t<p><span class=\"wpcf7-form-control-wrap\" data-name=\"dist-nif\"><input size=\"40\" maxlength=\"400\" class=\"wpcf7-form-control wpcf7-text wpcf7-validates-as-required dist\" id=\"dist-nif\" aria-required=\"true\" aria-invalid=\"false\" placeholder=\"NIF (se aplic\u00e1vel)\" value=\"\" type=\"text\" name=\"dist-nif\" \/><\/span>\n\t\t<\/p>\n\t<\/div>\n<\/div>\n<div class='row'>\n\t<div class='col-xs-12'>\n\t\t<p><span class=\"wpcf7-form-control-wrap\" data-name=\"dist-tel\"><input size=\"40\" maxlength=\"400\" class=\"wpcf7-form-control wpcf7-tel wpcf7-validates-as-required wpcf7-text wpcf7-validates-as-tel dist\" id=\"dist-tel\" aria-required=\"true\" aria-invalid=\"false\" placeholder=\"N\u00ba Telefone (obrigat\u00f3rio)\" value=\"\" type=\"tel\" name=\"dist-tel\" \/><\/span>\n\t\t<\/p>\n\t<\/div>\n<\/div>\n<div class='row'>\n\t<div class='col-xs-12'>\n\t\t<p><span class=\"wpcf7-form-control-wrap\" data-name=\"dist-tipo\"><input size=\"40\" maxlength=\"400\" class=\"wpcf7-form-control wpcf7-text wpcf7-validates-as-required dist\" id=\"dist-tipo\" aria-required=\"true\" aria-invalid=\"false\" placeholder=\"Tipo de Neg\u00f3cio (obrigat\u00f3rio)\" value=\"\" type=\"text\" name=\"dist-tipo\" \/><\/span>\n\t\t<\/p>\n\t<\/div>\n<\/div>\n<div class='row'>\n\t<div class='col-xs-12'>\n\t\t<p><span class=\"wpcf7-form-control-wrap\" data-name=\"dist-prod\"><input size=\"40\" maxlength=\"400\" class=\"wpcf7-form-control wpcf7-text wpcf7-validates-as-required dist\" id=\"dist-prod\" aria-required=\"true\" aria-invalid=\"false\" placeholder=\"Qual dos Nossos Produtos Mais lhe Interessa (obrigat\u00f3rio)\" value=\"\" type=\"text\" name=\"dist-prod\" \/><\/span>\n\t\t<\/p>\n\t<\/div>\n<\/div>\n<div class='row'>\n\t<div class='col-xs-12'>\n\t\t<p><span class=\"wpcf7-form-control-wrap\" data-name=\"dist-tempo\"><input size=\"40\" maxlength=\"400\" class=\"wpcf7-form-control wpcf7-text wpcf7-validates-as-required dist\" id=\"dist-tempo\" aria-required=\"true\" aria-invalid=\"false\" placeholder=\"Meses\/Anos de Atividade (obrigat\u00f3rio)\" value=\"\" type=\"text\" name=\"dist-tempo\" \/><\/span>\n\t\t<\/p>\n\t<\/div>\n<\/div>\n<div class='row'>\n\t<div class='col-xs-12'>\n\t\t<p><span class=\"wpcf7-form-control-wrap\" data-name=\"dist-inf\"><textarea cols=\"40\" rows=\"10\" maxlength=\"2000\" class=\"wpcf7-form-control wpcf7-textarea wpcf7-validates-as-required dist\" id=\"dist-inf\" aria-required=\"true\" aria-invalid=\"false\" placeholder=\"Informa\u00e7\u00e3o Adicional\" name=\"dist-inf\"><\/textarea><\/span>\n\t\t<\/p>\n\t<\/div>\n<\/div>\n<div class='row'>\n\t<div class='col-xs-12'>\n\t\t<p><span class=\"wpcf7-form-control-wrap\" data-name=\"acceptance-164\"><span class=\"wpcf7-form-control wpcf7-acceptance\"><span class=\"wpcf7-list-item\"><label><input type=\"checkbox\" name=\"acceptance-164\" value=\"1\" aria-invalid=\"false\" \/><span class=\"wpcf7-list-item-label\">De acordo com o RGPD, confirmo que autorizo o tratamento dos meus dados pessoais, e a sua utiliza\u00e7\u00e3o para fins de marketing, que os dados que forneci s\u00e3o verdadeiros e que posso ser eventualmente contactado aceitando os termos e condi\u00e7\u00f5es.<\/span><\/label><\/span><\/span><\/span>\n\t\t<\/p>\n\t<\/div>\n<\/div>\n<div class='row'>\n\t<div class='col-xs-12'>\n\t\n\t<\/div>\n\t<div class='col-xs-12'>\n\t\t<p><input class=\"wpcf7-form-control wpcf7-submit has-spinner\" type=\"submit\" value=\"Enviar\" \/>\n\t\t<\/p>\n\t<\/div>\n<\/div><div class=\"wpcf7-response-output\" aria-hidden=\"true\"><\/div>\n<\/form>\n<\/div>\n[vc_column_text css=&#8221;.vc_custom_1449327186422{margin-bottom: 30px !important;}&#8221;][\/vc_column_text]\n\t\t\t<ul class=\"social-icons text-left icons-design-colored icons-size-small social-share \">\n\t\t\t\t\t\t\t\t\t<li class=\"social-facebook\"><a rel=\"noopener noreferrer nofollow\" href=\"https:\/\/www.facebook.com\/sharer\/sharer.php?u=https:\/\/pharmabiz.pt\/en\/distributors\/\" target=\"_blank\" class=\"\"><i class=\"fa fa-facebook\"><\/i><span class=\"basel-social-icon-name\">Facebook<\/span><\/a><\/li>\n\t\t\t\t\n\t\t\t\t\t\t\t\t\t<li class=\"social-x\"><a rel=\"noopener noreferrer nofollow\" href=\"https:\/\/twitter.com\/share?url=https:\/\/pharmabiz.pt\/en\/distributors\/\" target=\"_blank\" class=\"\"><i class=\"fa fa-x\"><\/i><span class=\"basel-social-icon-name\">X<\/span><\/a><\/li>\n\t\t\t\t\n\t\t\t\t\t\t\t\t\t<li class=\"social-email\"><a rel=\"noopener noreferrer nofollow\" href=\"mailto:?subject=Check%20this%20https:\/\/pharmabiz.pt\/en\/distributors\/\" target=\"_blank\" class=\"\"><i class=\"fa fa-envelope\"><\/i><span class=\"basel-social-icon-name\">Email<\/span><\/a><\/li>\n\t\t\t\t\n\t\t\t\t\n\t\t\t\t\n\t\t\t\t\n\t\t\t\t\n\t\t\t\t\t\t\t\t\t<li class=\"social-linkedin\"><a rel=\"noopener noreferrer nofollow\" href=\"https:\/\/www.linkedin.com\/shareArticle?mini=true&url=https:\/\/pharmabiz.pt\/en\/distributors\/\" target=\"_blank\" class=\"\"><i class=\"fa fa-linkedin\"><\/i><span class=\"basel-social-icon-name\">LinkedIn<\/span><\/a><\/li>\n\t\t\t\t\n\t\t\t\t\n\t\t\t\t\n\t\t\t\t\n\t\t\t\t\n\t\t\t\t\n\t\t\t\t\n\t\t\t\t\n\t\t\t\t\n\t\t\t\t\t\t\t\t\n\t\t\t\t\n\t\t\t\t\n\t\t\t\t\n\t\t\t\t\t\t\t<\/ul>\n\n\t\t[vc_empty_space][\/vc_column][\/vc_row]<\/p>\n<\/div>","protected":false},"excerpt":{"rendered":"<p>[vc_row css=&#8221;.vc_custom_1543762813593{margin-top: -40px !important;margin-bottom: -40px !important;}&#8221;][vc_column][vc_empty_space][vc_column_text css=&#8221;.vc_custom_1714699795078{margin-bottom: 50px !important;padding-top: 10px !important;}&#8221;] BE OUR AFFILIATE \/ DISTRIBUTOR!&#8230; [\/vc_column_text][vc_column_text css=&#8221;.vc_custom_1449327186422{margin-bottom: 30px !important;}&#8221;][\/vc_column_text][vc_empty_space][\/vc_column][\/vc_row]<\/p>\n","protected":false},"author":1,"featured_media":0,"parent":0,"menu_order":0,"comment_status":"closed","ping_status":"closed","template":"","meta":{"_acf_changed":false,"footnotes":""},"class_list":["post-5330","page","type-page","status-publish","hentry"],"acf":[],"_links":{"self":[{"href":"https:\/\/pharmabiz.pt\/en\/wp-json\/wp\/v2\/pages\/5330","targetHints":{"allow":["GET"]}}],"collection":[{"href":"https:\/\/pharmabiz.pt\/en\/wp-json\/wp\/v2\/pages"}],"about":[{"href":"https:\/\/pharmabiz.pt\/en\/wp-json\/wp\/v2\/types\/page"}],"author":[{"embeddable":true,"href":"https:\/\/pharmabiz.pt\/en\/wp-json\/wp\/v2\/users\/1"}],"replies":[{"embeddable":true,"href":"https:\/\/pharmabiz.pt\/en\/wp-json\/wp\/v2\/comments?post=5330"}],"version-history":[{"count":12,"href":"https:\/\/pharmabiz.pt\/en\/wp-json\/wp\/v2\/pages\/5330\/revisions"}],"predecessor-version":[{"id":12453,"href":"https:\/\/pharmabiz.pt\/en\/wp-json\/wp\/v2\/pages\/5330\/revisions\/12453"}],"wp:attachment":[{"href":"https:\/\/pharmabiz.pt\/en\/wp-json\/wp\/v2\/media?parent=5330"}],"curies":[{"name":"wp","href":"https:\/\/api.w.org\/{rel}","templated":true}]}}