{"id":3669,"date":"2019-06-28T18:25:17","date_gmt":"2019-06-28T18:25:17","guid":{"rendered":"https:\/\/pharmabiz.pt\/produto\/100-pure-artisan-tavira-fleur-de-sel-premium-atlantic-sea-salt-great-taste-awards-2018-150g\/"},"modified":"2024-05-08T13:23:31","modified_gmt":"2024-05-08T12:23:31","slug":"ox-tavira-pure-artisan-atlantic-sea-salt-flower-great-taste-award-2018-150g","status":"publish","type":"product","link":"https:\/\/pharmabiz.pt\/en\/product\/ox-tavira-pure-artisan-atlantic-sea-salt-flower-great-taste-award-2018-150g\/","title":{"rendered":"OX TAVIRA PURE ARTISAN ATLANTIC SEA SALT FLOWER, GREAT TASTE AWARD 2018 150g"},"content":{"rendered":"<div class=\"wpb-content-wrapper\"><p>[vc_row][vc_column width=&#8221;1\/2&#8243;][vc_column_text]<\/p>\n<div id=\"description\" class=\"panel entry-content\">\n<p><img loading=\"lazy\" decoding=\"async\" class=\"alignnone wp-image-11217 size-large\" src=\"https:\/\/pharmabiz.pt\/wp-content\/uploads\/2019\/06\/Minas-de-Sal-Tavira_Foto-aerea-1-1024x768.jpg\" alt=\"\" width=\"1024\" height=\"768\" srcset=\"https:\/\/pharmabiz.pt\/wp-content\/uploads\/2019\/06\/Minas-de-Sal-Tavira_Foto-aerea-1-1024x768.jpg 1024w, https:\/\/pharmabiz.pt\/wp-content\/uploads\/2019\/06\/Minas-de-Sal-Tavira_Foto-aerea-1-300x225.jpg 300w, https:\/\/pharmabiz.pt\/wp-content\/uploads\/2019\/06\/Minas-de-Sal-Tavira_Foto-aerea-1-768x576.jpg 768w, https:\/\/pharmabiz.pt\/wp-content\/uploads\/2019\/06\/Minas-de-Sal-Tavira_Foto-aerea-1-600x450.jpg 600w, https:\/\/pharmabiz.pt\/wp-content\/uploads\/2019\/06\/Minas-de-Sal-Tavira_Foto-aerea-1.jpg 1198w\" sizes=\"auto, (max-width: 1024px) 100vw, 1024px\" \/><\/p>\n<p><strong>OX NATURE TAVIRA PURE ARTISAN ATLANTIC SEA SALT FLOWER | GOURMET | GREAT TASTE AWARDS 2018 | pH 8.3<\/strong><\/p>\n<p>They are pure salt crystals formed on the surface of seawater by crystallization. Our fleur de sel is harvested by hand and in natura, preserving the more than 80 minerals and trace elements of seawater, in clay salt pans, which are located in the Ria Formosa Natural Park in the Algarve, Portugal, using the natural water resources of the sea (Atlantic Ocean), the soil, solar and wind energy.<\/p>\n<div class=\"page\" title=\"Page 1\">\n<div class=\"layoutArea\">\n<div class=\"column\">\n<p>Our Flor de Sal is selected from the &#8220;Rui Sime\u00e3o Tavira&#8221; salt pans, an artisanal production with over 100 years of tradition!<\/p>\n<p><strong>100% natural, free from impurities and additives&#8230; top quality!<\/strong><\/p>\n<\/div>\n<\/div>\n<\/div>\n<p>Our Handmade Salt Flower from the Atlantic Ocean is a 100% natural product, highly alkaline, with a pH of 8.3, without additives, of superior quality and a delicate flavor, <strong>awarded &#8220;Great Taste 2018<\/strong>&#8221; for its high quality, flavor and unparalleled delicacy. Considered by international experts in the gourmet sector to be one of the best Fleur de Sel in the world.<\/p>\n<\/div>\n<div id=\"description\" class=\"panel entry-content\">\n<h4><strong>Sales Denomination:<\/strong><\/h4>\n<p>OX Nature Tavira Pure Atlantic Salt Flower<\/p>\n<h4><strong>Ingredients:<\/strong><\/h4>\n<p>100% Natural Fleur de Sel<\/p>\n<h4><strong>Instructions for use:<\/strong><\/h4>\n<p>Consume as part of a varied and balanced diet and a healthy lifestyle. Fleur de Sel OX Nature has an exquisite, incomparable flavor that enhances the natural taste of food. It should be used after completing any dish.<\/p>\n<h4><strong>Conservation:<\/strong><\/h4>\n<p>To maintain the integrity of this product, close the package tightly and store in a cool, dry place away from heat and sunlight.<\/p>\n<h4><strong>Warning:<\/strong><\/h4>\n<p>Fleur de sel should not be used as a substitute for a varied, balanced diet and a healthy lifestyle. If you are pregnant, breastfeeding or on medication, ask your doctor for advice. In the event of any adverse reaction, discontinue use and consult your doctor or nutritionist.<\/p>\n<p><em><strong>*This product is not intended to diagnose, treat, cure or prevent any disease, use only as a dietary supplement.<\/strong><\/em><\/p>\n<h4><strong>Net weight:<\/strong><\/h4>\n<p>150g<\/p>\n<h4><strong>Transport box:<\/strong><\/h4>\n<p>12 x150g<\/p>\n<h4><strong>Source:<\/strong><\/h4>\n<p>Portugal (Tavira)<\/p>\n<h4><strong>Distributed by:<\/strong><\/h4>\n<p>Pharmabiz, Lda.<\/p>\n<p>&nbsp;<\/p>\n<\/div>\n<p>[\/vc_column_text][\/vc_column][vc_column width=&#8221;1\/2&#8243;]<div class=\"nflc nutrition-section std\">\t\r\n\t\t<ul class=\"nutrition-table\" itemprop=\"nutrition\" itemscope itemtype=\"http:\/\/schema.org\/NutritionInformation\">\r\n\t\t\t<li class=\"nt-header b-0\"><h2 class=\"nt-title\">Declara\u00e7\u00e3o Nutricional por 100g<\/h2><\/li><li class=\"nt-row font-bold b-0\"><span class=\"nt-label\">Amount per serving<\/span><\/li><li class=\"nt-row font-bold calories sep-8\"><span class=\"nt-label col-70\">Calories<\/span><span class=\"nt-value col-30\" itemprop=\"servingSize\">0<\/span><\/li><li class=\"nt-head font-bold sep-4\"><span class=\"nt-label nutrient-label col-40\"><\/span><span class=\"nt-label amount-label col-30\"><\/span><span class=\"pdv-label col-30\">% Daily Value*<\/span><\/li><br \/>\n<b>Warning<\/b>:  Undefined array key \"amt\" in <b>\/var\/www\/vhosts\/pharmabiz.pt\/httpdocs\/wp-content\/plugins\/nutrition-facts-label-creator\/nflc_templates\/default.php<\/b> on line <b>137<\/b><br \/>\n<br \/>\n<b>Warning<\/b>:  Undefined array key \"unit\" in <b>\/var\/www\/vhosts\/pharmabiz.pt\/httpdocs\/wp-content\/plugins\/nutrition-facts-label-creator\/nflc_templates\/default.php<\/b> on line <b>137<\/b><br \/>\n<li><span class=\"nt-label col-40 font-bold\">VALORES M\u00c9DIOS<\/span><span class=\"nt-amount col-30\"> <\/span><\/li><br \/>\n<b>Warning<\/b>:  A non-numeric value encountered in <b>\/var\/www\/vhosts\/pharmabiz.pt\/httpdocs\/wp-content\/plugins\/nutrition-facts-label-creator\/nflc_templates\/default.php<\/b> on line <b>122<\/b><br \/>\n<br \/>\n<b>Warning<\/b>:  Undefined array key \"unit\" in <b>\/var\/www\/vhosts\/pharmabiz.pt\/httpdocs\/wp-content\/plugins\/nutrition-facts-label-creator\/nflc_templates\/default.php<\/b> on line <b>137<\/b><br \/>\n<br \/>\n<b>Warning<\/b>:  Undefined array key \"unit\" in <b>\/var\/www\/vhosts\/pharmabiz.pt\/httpdocs\/wp-content\/plugins\/nutrition-facts-label-creator\/nflc_templates\/default.php<\/b> on line <b>138<\/b><br \/>\n<li><span class=\"nt-label col-40 font-bold\">Energia kJ \/ kcal<\/span><span class=\"nt-amount col-30\">0.0 <\/span><span class=\"nt-value col-30\">0%<\/span><\/li><li><span class=\"nt-label col-40 font-bold\">L\u00edpidos totais<\/span><span class=\"nt-amount col-30\">0.0 g<\/span><span class=\"nt-value col-30\">0%<\/span><\/li><li class=\"nt-sublevel-1\"><span class=\"nt-label col-40\">.dos quais saturados<\/span><span class=\"nt-amount col-30\">0.0 g<\/span><span class=\"nt-value col-30\">0%<\/span><\/li><li><span class=\"nt-label col-40 font-bold\">Hidratos de Carbono<\/span><span class=\"nt-amount col-30\">0.0 g<\/span><span class=\"nt-value col-30\">0%<\/span><\/li><li class=\"nt-sublevel-1\"><span class=\"nt-label col-40\">.dos quais a\u00e7\u00facares<\/span><span class=\"nt-amount col-30\">0.0 g<\/span><span class=\"nt-value col-30\">0%<\/span><\/li><li><span class=\"nt-label col-40 font-bold\">Prote\u00ednas<\/span><span class=\"nt-amount col-30\">0.0 g<\/span><span class=\"nt-value col-30\">0%<\/span><\/li><li><span class=\"nt-label col-40 font-bold\">Sal (naturalmente presente)<\/span><span class=\"nt-amount col-30\">96 g<\/span><span class=\"nt-value col-30\"><b>1600%<\/b><\/span><\/li><br \/>\n<b>Warning<\/b>:  Undefined array key \"amt\" in <b>\/var\/www\/vhosts\/pharmabiz.pt\/httpdocs\/wp-content\/plugins\/nutrition-facts-label-creator\/nflc_templates\/default.php<\/b> on line <b>137<\/b><br \/>\n<br \/>\n<b>Warning<\/b>:  Undefined array key \"unit\" in <b>\/var\/www\/vhosts\/pharmabiz.pt\/httpdocs\/wp-content\/plugins\/nutrition-facts-label-creator\/nflc_templates\/default.php<\/b> on line <b>137<\/b><br \/>\n<li><span class=\"nt-label col-40 font-bold\">MINERAIS<\/span><span class=\"nt-amount col-30\"> <\/span><\/li><li><span class=\"nt-label col-40 font-bold\">C\u00e1lcio<\/span><span class=\"nt-amount col-30\">87 mg<\/span><span class=\"nt-value col-30\">10.88%<\/span><\/li><li><span class=\"nt-label col-40 font-bold\">Magn\u00e9sio<\/span><span class=\"nt-amount col-30\">930 mg<\/span><span class=\"nt-value col-30\"><b>248%<\/b><\/span><\/li><li><span class=\"nt-label col-40 font-bold\">Iodo<\/span><span class=\"nt-amount col-30\">43 \u03bcg<\/span><span class=\"nt-value col-30\">28.67%<\/span><\/li><br \/>\n<b>Warning<\/b>:  Undefined array key \"amt\" in <b>\/var\/www\/vhosts\/pharmabiz.pt\/httpdocs\/wp-content\/plugins\/nutrition-facts-label-creator\/nflc_templates\/default.php<\/b> on line <b>137<\/b><br \/>\n<br \/>\n<b>Warning<\/b>:  Undefined array key \"unit\" in <b>\/var\/www\/vhosts\/pharmabiz.pt\/httpdocs\/wp-content\/plugins\/nutrition-facts-label-creator\/nflc_templates\/default.php<\/b> on line <b>137<\/b><br \/>\n<li><span class=\"nt-label col-40 font-bold\">OUTROS<\/span><span class=\"nt-amount col-30\"> <\/span><\/li><br \/>\n<b>Warning<\/b>:  Undefined array key \"unit\" in <b>\/var\/www\/vhosts\/pharmabiz.pt\/httpdocs\/wp-content\/plugins\/nutrition-facts-label-creator\/nflc_templates\/default.php<\/b> on line <b>137<\/b><br \/>\n<li><span class=\"nt-label col-40 font-bold\">Cloreto de S\u00f3dio (NaCI)<\/span><span class=\"nt-amount col-30\">95,7% <\/span><\/li><br \/>\n<b>Warning<\/b>:  Undefined array key \"unit\" in <b>\/var\/www\/vhosts\/pharmabiz.pt\/httpdocs\/wp-content\/plugins\/nutrition-facts-label-creator\/nflc_templates\/default.php<\/b> on line <b>137<\/b><br \/>\n<li><span class=\"nt-label col-40 font-bold\">Total de S\u00f3dio (Na)<\/span><span class=\"nt-amount col-30\">31,2% <\/span><\/li><br \/>\n<b>Warning<\/b>:  Undefined array key \"unit\" in <b>\/var\/www\/vhosts\/pharmabiz.pt\/httpdocs\/wp-content\/plugins\/nutrition-facts-label-creator\/nflc_templates\/default.php<\/b> on line <b>137<\/b><br \/>\n<li><span class=\"nt-label col-40 font-bold\">pH (Solu\u00e7\u00e3o sat\u00e3urada de NaCI) Escala de Sorensen <\/span><span class=\"nt-amount col-30\">8.3 <\/span><\/li><li class=\"nt-footer b-0\">*DR - Dose de Refer\u00eancia para um adulto m\u00e9dio (8400kJ \/ 2000 kcal).<br \/>\n**VRN - Valor de Refer\u00eancia do Nutriente.<br \/>\nNOTA - Os Valores Nutricionais podem variar de acordo com a sazonalidade.<\/li>\t\t<\/ul><!-- \/.nutrition-table -->\r\n\t<\/div><!-- \/.nutrition-section -->[vc_empty_space][vc_column_text]<strong>NUTRITIONAL PROPERTIES<\/strong><\/p>\n<p>OX Nature Salt Flower is rich in minerals and trace elements, sodium chloride, potassium, calcium, magnesium, iron, zinc, copper and manganese, which are essential for life.<\/p>\n<p>Sodium is a very important mineral for the body and one of the essential electrolytes for blood pH balance, nerve impulses and muscle contraction, regulating the amount of fluid in and out of our cells, keeping us hydrated.<\/p>\n<p><strong>HEALTH BENEFITS<br \/>\n<\/strong>*These nutrients contribute to<\/p>\n<p><strong>MAGNESIUM<br \/>\n<\/strong>*Reduces tiredness and fatigue.<br \/>\n*Normal muscle function and maintenance of normal bones.<br \/>\n*the normal synthesis of proteins.<\/p>\n<p><strong>IODINE<br \/>\n<\/strong>*normal energy-producing metabolism.<br \/>\n*maintaining normal skin.<br \/>\n*the normal production of thyroid hormones and the normal functioning of the thyroid.<\/p>\n<p>&nbsp;<\/p>\n<p><img loading=\"lazy\" decoding=\"async\" class=\"alignnone wp-image-11224 size-large\" src=\"https:\/\/pharmabiz.pt\/wp-content\/uploads\/2019\/06\/Salinas-Tavira-OX-Nature-1024x576.png\" alt=\"\" width=\"1024\" height=\"576\" srcset=\"https:\/\/pharmabiz.pt\/wp-content\/uploads\/2019\/06\/Salinas-Tavira-OX-Nature-1024x576.png 1024w, https:\/\/pharmabiz.pt\/wp-content\/uploads\/2019\/06\/Salinas-Tavira-OX-Nature-300x169.png 300w, https:\/\/pharmabiz.pt\/wp-content\/uploads\/2019\/06\/Salinas-Tavira-OX-Nature-768x432.png 768w, https:\/\/pharmabiz.pt\/wp-content\/uploads\/2019\/06\/Salinas-Tavira-OX-Nature-600x338.png 600w, https:\/\/pharmabiz.pt\/wp-content\/uploads\/2019\/06\/Salinas-Tavira-OX-Nature.png 1152w\" sizes=\"auto, (max-width: 1024px) 100vw, 1024px\" \/>[\/vc_column_text][\/vc_column][\/vc_row]<\/p>\n<\/div>","protected":false},"excerpt":{"rendered":"<div class=\"woocommerce-product-details__short-description\">\n<p style=\"font-weight: 400;\">100% PURE | GOURMET SEA SALT FLOWER<\/p>\n<p style=\"font-weight: 400;\"><strong>ATLANTIC SEA SALT &#8211; FUNCTIONAL &amp; ALKALINE FOOD (pH 8.3) &#8211; 100% NATURAL &amp; WITHOUT ADDITIVES &#8211; UNREFINED &#8211; ESSENTIAL MINERALS &amp; OLIGOELEMENTS &#8211; GOURMET &#8211; UNIQUE TASTE<\/strong><\/p>\n<p>RICH IN MAGNESIUM &#8211; <strong>ENERGY &amp; VITALITY*<\/strong><br \/>\nIODINE SOURCE &#8211; <strong>SKIN &amp; THYROID<\/strong><\/p>\n<p>100% NATURAL, PURE, RAW, NON-GMO, UNREFINED, GLUTEN-FREE, PALEO, KETO, VEGAN<\/p>\n<p><img loading=\"lazy\" decoding=\"async\" class=\"alignnone wp-image-10348\" src=\"https:\/\/pharmabiz.pt\/wp-content\/uploads\/2024\/03\/ORGANIC-icone-300x296.png\" alt=\"\" width=\"76\" height=\"75\" srcset=\"https:\/\/pharmabiz.pt\/wp-content\/uploads\/2024\/03\/ORGANIC-icone-300x296.png 300w, https:\/\/pharmabiz.pt\/wp-content\/uploads\/2024\/03\/ORGANIC-icone-1024x1012.png 1024w, https:\/\/pharmabiz.pt\/wp-content\/uploads\/2024\/03\/ORGANIC-icone-150x150.png 150w, https:\/\/pharmabiz.pt\/wp-content\/uploads\/2024\/03\/ORGANIC-icone-768x759.png 768w, https:\/\/pharmabiz.pt\/wp-content\/uploads\/2024\/03\/ORGANIC-icone-1536x1518.png 1536w, https:\/\/pharmabiz.pt\/wp-content\/uploads\/2024\/03\/ORGANIC-icone-1200x1186.png 1200w, https:\/\/pharmabiz.pt\/wp-content\/uploads\/2024\/03\/ORGANIC-icone-45x45.png 45w, https:\/\/pharmabiz.pt\/wp-content\/uploads\/2024\/03\/ORGANIC-icone-600x593.png 600w, https:\/\/pharmabiz.pt\/wp-content\/uploads\/2024\/03\/ORGANIC-icone-100x100.png 100w, https:\/\/pharmabiz.pt\/wp-content\/uploads\/2024\/03\/ORGANIC-icone.png 1855w\" sizes=\"auto, (max-width: 76px) 100vw, 76px\" \/> <img loading=\"lazy\" decoding=\"async\" class=\"alignnone wp-image-10357\" src=\"https:\/\/pharmabiz.pt\/wp-content\/uploads\/2024\/03\/RAW-icone-300x302.png\" alt=\"\" width=\"74\" height=\"75\" srcset=\"https:\/\/pharmabiz.pt\/wp-content\/uploads\/2024\/03\/RAW-icone-300x302.png 300w, https:\/\/pharmabiz.pt\/wp-content\/uploads\/2024\/03\/RAW-icone-1017x1024.png 1017w, https:\/\/pharmabiz.pt\/wp-content\/uploads\/2024\/03\/RAW-icone-150x150.png 150w, https:\/\/pharmabiz.pt\/wp-content\/uploads\/2024\/03\/RAW-icone-768x773.png 768w, https:\/\/pharmabiz.pt\/wp-content\/uploads\/2024\/03\/RAW-icone-1525x1536.png 1525w, https:\/\/pharmabiz.pt\/wp-content\/uploads\/2024\/03\/RAW-icone-1200x1208.png 1200w, https:\/\/pharmabiz.pt\/wp-content\/uploads\/2024\/03\/RAW-icone-45x45.png 45w, https:\/\/pharmabiz.pt\/wp-content\/uploads\/2024\/03\/RAW-icone-600x604.png 600w, https:\/\/pharmabiz.pt\/wp-content\/uploads\/2024\/03\/RAW-icone-100x100.png 100w, https:\/\/pharmabiz.pt\/wp-content\/uploads\/2024\/03\/RAW-icone.png 1737w\" sizes=\"auto, (max-width: 74px) 100vw, 74px\" \/> <img loading=\"lazy\" decoding=\"async\" class=\"alignnone wp-image-10336\" src=\"https:\/\/pharmabiz.pt\/wp-content\/uploads\/2024\/03\/GMO-FREE-Icone-300x299.png\" alt=\"\" width=\"75\" height=\"75\" srcset=\"https:\/\/pharmabiz.pt\/wp-content\/uploads\/2024\/03\/GMO-FREE-Icone-300x299.png 300w, https:\/\/pharmabiz.pt\/wp-content\/uploads\/2024\/03\/GMO-FREE-Icone-1024x1021.png 1024w, https:\/\/pharmabiz.pt\/wp-content\/uploads\/2024\/03\/GMO-FREE-Icone-150x150.png 150w, https:\/\/pharmabiz.pt\/wp-content\/uploads\/2024\/03\/GMO-FREE-Icone-768x765.png 768w, https:\/\/pharmabiz.pt\/wp-content\/uploads\/2024\/03\/GMO-FREE-Icone-1536x1531.png 1536w, https:\/\/pharmabiz.pt\/wp-content\/uploads\/2024\/03\/GMO-FREE-Icone-1200x1196.png 1200w, https:\/\/pharmabiz.pt\/wp-content\/uploads\/2024\/03\/GMO-FREE-Icone-45x45.png 45w, https:\/\/pharmabiz.pt\/wp-content\/uploads\/2024\/03\/GMO-FREE-Icone-600x598.png 600w, https:\/\/pharmabiz.pt\/wp-content\/uploads\/2024\/03\/GMO-FREE-Icone-100x100.png 100w, https:\/\/pharmabiz.pt\/wp-content\/uploads\/2024\/03\/GMO-FREE-Icone.png 1833w\" sizes=\"auto, (max-width: 75px) 100vw, 75px\" \/> <img loading=\"lazy\" decoding=\"async\" class=\"alignnone wp-image-10333\" src=\"https:\/\/pharmabiz.pt\/wp-content\/uploads\/2024\/03\/GLUTEN-FREE-Icone-300x305.png\" alt=\"\" width=\"74\" height=\"75\" srcset=\"https:\/\/pharmabiz.pt\/wp-content\/uploads\/2024\/03\/GLUTEN-FREE-Icone-300x305.png 300w, https:\/\/pharmabiz.pt\/wp-content\/uploads\/2024\/03\/GLUTEN-FREE-Icone-1007x1024.png 1007w, https:\/\/pharmabiz.pt\/wp-content\/uploads\/2024\/03\/GLUTEN-FREE-Icone-150x150.png 150w, https:\/\/pharmabiz.pt\/wp-content\/uploads\/2024\/03\/GLUTEN-FREE-Icone-768x781.png 768w, https:\/\/pharmabiz.pt\/wp-content\/uploads\/2024\/03\/GLUTEN-FREE-Icone-1510x1536.png 1510w, https:\/\/pharmabiz.pt\/wp-content\/uploads\/2024\/03\/GLUTEN-FREE-Icone-1200x1221.png 1200w, https:\/\/pharmabiz.pt\/wp-content\/uploads\/2024\/03\/GLUTEN-FREE-Icone-45x45.png 45w, https:\/\/pharmabiz.pt\/wp-content\/uploads\/2024\/03\/GLUTEN-FREE-Icone-600x610.png 600w, https:\/\/pharmabiz.pt\/wp-content\/uploads\/2024\/03\/GLUTEN-FREE-Icone-100x100.png 100w, https:\/\/pharmabiz.pt\/wp-content\/uploads\/2024\/03\/GLUTEN-FREE-Icone.png 1796w\" sizes=\"auto, (max-width: 74px) 100vw, 74px\" \/> <img loading=\"lazy\" decoding=\"async\" class=\"alignnone wp-image-10351\" src=\"https:\/\/pharmabiz.pt\/wp-content\/uploads\/2024\/03\/PALEO-Icone-300x301.png\" alt=\"\" width=\"75\" height=\"75\" srcset=\"https:\/\/pharmabiz.pt\/wp-content\/uploads\/2024\/03\/PALEO-Icone-300x301.png 300w, https:\/\/pharmabiz.pt\/wp-content\/uploads\/2024\/03\/PALEO-Icone-1022x1024.png 1022w, https:\/\/pharmabiz.pt\/wp-content\/uploads\/2024\/03\/PALEO-Icone-150x150.png 150w, https:\/\/pharmabiz.pt\/wp-content\/uploads\/2024\/03\/PALEO-Icone-768x769.png 768w, https:\/\/pharmabiz.pt\/wp-content\/uploads\/2024\/03\/PALEO-Icone-1533x1536.png 1533w, https:\/\/pharmabiz.pt\/wp-content\/uploads\/2024\/03\/PALEO-Icone-1200x1202.png 1200w, https:\/\/pharmabiz.pt\/wp-content\/uploads\/2024\/03\/PALEO-Icone-45x45.png 45w, https:\/\/pharmabiz.pt\/wp-content\/uploads\/2024\/03\/PALEO-Icone-600x601.png 600w, https:\/\/pharmabiz.pt\/wp-content\/uploads\/2024\/03\/PALEO-Icone-100x100.png 100w, https:\/\/pharmabiz.pt\/wp-content\/uploads\/2024\/03\/PALEO-Icone.png 1782w\" sizes=\"auto, (max-width: 75px) 100vw, 75px\" \/> <img loading=\"lazy\" decoding=\"async\" class=\"alignnone wp-image-10339\" src=\"https:\/\/pharmabiz.pt\/wp-content\/uploads\/2024\/03\/KETO.Icone_-300x300.png\" alt=\"\" width=\"75\" height=\"75\" srcset=\"https:\/\/pharmabiz.pt\/wp-content\/uploads\/2024\/03\/KETO.Icone_-300x300.png 300w, https:\/\/pharmabiz.pt\/wp-content\/uploads\/2024\/03\/KETO.Icone_-1024x1022.png 1024w, https:\/\/pharmabiz.pt\/wp-content\/uploads\/2024\/03\/KETO.Icone_-150x150.png 150w, https:\/\/pharmabiz.pt\/wp-content\/uploads\/2024\/03\/KETO.Icone_-768x767.png 768w, https:\/\/pharmabiz.pt\/wp-content\/uploads\/2024\/03\/KETO.Icone_-1536x1533.png 1536w, https:\/\/pharmabiz.pt\/wp-content\/uploads\/2024\/03\/KETO.Icone_-1200x1198.png 1200w, https:\/\/pharmabiz.pt\/wp-content\/uploads\/2024\/03\/KETO.Icone_-45x45.png 45w, https:\/\/pharmabiz.pt\/wp-content\/uploads\/2024\/03\/KETO.Icone_-600x599.png 600w, https:\/\/pharmabiz.pt\/wp-content\/uploads\/2024\/03\/KETO.Icone_-100x100.png 100w, https:\/\/pharmabiz.pt\/wp-content\/uploads\/2024\/03\/KETO.Icone_.png 1805w\" sizes=\"auto, (max-width: 75px) 100vw, 75px\" \/> <img loading=\"lazy\" decoding=\"async\" class=\"alignnone wp-image-10360\" src=\"https:\/\/pharmabiz.pt\/wp-content\/uploads\/2024\/03\/VEGAN-Icone-300x308.png\" alt=\"\" width=\"73\" height=\"75\" srcset=\"https:\/\/pharmabiz.pt\/wp-content\/uploads\/2024\/03\/VEGAN-Icone-300x308.png 300w, https:\/\/pharmabiz.pt\/wp-content\/uploads\/2024\/03\/VEGAN-Icone-996x1024.png 996w, https:\/\/pharmabiz.pt\/wp-content\/uploads\/2024\/03\/VEGAN-Icone-768x790.png 768w, https:\/\/pharmabiz.pt\/wp-content\/uploads\/2024\/03\/VEGAN-Icone-1494x1536.png 1494w, https:\/\/pharmabiz.pt\/wp-content\/uploads\/2024\/03\/VEGAN-Icone-1200x1234.png 1200w, https:\/\/pharmabiz.pt\/wp-content\/uploads\/2024\/03\/VEGAN-Icone-45x45.png 45w, https:\/\/pharmabiz.pt\/wp-content\/uploads\/2024\/03\/VEGAN-Icone-600x617.png 600w, https:\/\/pharmabiz.pt\/wp-content\/uploads\/2024\/03\/VEGAN-Icone.png 1808w\" sizes=\"auto, (max-width: 73px) 100vw, 73px\" \/><\/p>\n<p>&nbsp;<\/p>\n<\/div>\n","protected":false},"featured_media":11132,"comment_status":"open","ping_status":"closed","template":"","meta":{"_acf_changed":false},"product_brand":[],"product_cat":[261,136,137,138],"product_tag":[406,198,192,417,409,423,243,195],"class_list":{"0":"post-3669","1":"product","2":"type-product","3":"status-publish","4":"has-post-thumbnail","6":"product_cat-100-natural","7":"product_cat-food","8":"product_cat-gluten-free","9":"product_cat-superfoods","10":"product_tag-anti-aging","11":"product_tag-bones-and-joints","12":"product_tag-energy-and-vitality","13":"product_tag-hormonal-sexual-balance","14":"product_tag-iodine","15":"product_tag-magnesium","16":"product_tag-skin-hair-nails","17":"product_tag-sports-and-fitness","18":"pa_marca-ox-nature-en","20":"first","21":"instock","22":"featured","23":"taxable","24":"shipping-taxable","25":"purchasable","26":"product-type-simple"},"acf":[],"_links":{"self":[{"href":"https:\/\/pharmabiz.pt\/en\/wp-json\/wp\/v2\/product\/3669","targetHints":{"allow":["GET"]}}],"collection":[{"href":"https:\/\/pharmabiz.pt\/en\/wp-json\/wp\/v2\/product"}],"about":[{"href":"https:\/\/pharmabiz.pt\/en\/wp-json\/wp\/v2\/types\/product"}],"replies":[{"embeddable":true,"href":"https:\/\/pharmabiz.pt\/en\/wp-json\/wp\/v2\/comments?post=3669"}],"wp:featuredmedia":[{"embeddable":true,"href":"https:\/\/pharmabiz.pt\/en\/wp-json\/wp\/v2\/media\/11132"}],"wp:attachment":[{"href":"https:\/\/pharmabiz.pt\/en\/wp-json\/wp\/v2\/media?parent=3669"}],"wp:term":[{"taxonomy":"product_brand","embeddable":true,"href":"https:\/\/pharmabiz.pt\/en\/wp-json\/wp\/v2\/product_brand?post=3669"},{"taxonomy":"product_cat","embeddable":true,"href":"https:\/\/pharmabiz.pt\/en\/wp-json\/wp\/v2\/product_cat?post=3669"},{"taxonomy":"product_tag","embeddable":true,"href":"https:\/\/pharmabiz.pt\/en\/wp-json\/wp\/v2\/product_tag?post=3669"}],"curies":[{"name":"wp","href":"https:\/\/api.w.org\/{rel}","templated":true}]}}