{"id":3766,"date":"2018-12-02T12:01:01","date_gmt":"2018-12-02T12:01:01","guid":{"rendered":"https:\/\/pharmabiz.pt\/produto\/alara-muesli-com-maca-bircher-biologico-embalagem-450-g\/"},"modified":"2020-07-06T21:55:49","modified_gmt":"2020-07-06T20:55:49","slug":"alara-classic-apple-bircher-muesli-organic","status":"publish","type":"product","link":"https:\/\/pharmabiz.pt\/en\/product\/alara-classic-apple-bircher-muesli-organic\/","title":{"rendered":"ALARA Classic Apple Bircher Muesli Organic"},"content":{"rendered":"<div class=\"wpb-content-wrapper\"><p>[vc_row][vc_column width=&#8221;1\/2&#8243;][vc_column_text]<\/p>\n<h4><strong>Uma Mistura Equilibrada de Aveia, Sultanas, Passas, Banana, Ma\u00e7\u00e3 e Tr\u00eas Sementes&#8230; Para Comer a Qualquer Hora do Dia!<\/strong><\/h4>\n<p>Bircher Muesli foi descoberto por volta do ano 1900 pelo m\u00e9dico su\u00ed\u00e7o Maximilian Bircher-Brenner, pioneiro dos m\u00e9todos de alimenta\u00e7\u00e3o natural, este desenvolveu a esta receita para alimentar os seus pacientes, sendo hoje em dia um pequeno-almo\u00e7o muito popular em toda a Su\u00ed\u00e7a e Alemanha.<\/p>\n<h4><span style=\"color: #6ba539;\"><strong>Denomina\u00e7\u00e3o de Venda:<\/strong><\/span><\/h4>\n<p>Muesli Cl\u00e1ssico Bircher com Ma\u00e7\u00e3 Bio<\/p>\n<h4><span style=\"color: #6ba539;\"><strong>Ingredientes:<\/strong><\/span><\/h4>\n<p>Flocos Integrais de AVEIA (60%), Sultanas (17%), Passas (8%), Sementes de Girassol (4%), L\u00facuma (3%), Sementes de Chia (3%), Flocos de Banana (2%), peda\u00e7os de Ma\u00e7\u00e3 (2%), Sementes de Ab\u00f3bora (1%).<\/p>\n<h4><span style=\"color: #6ba539;\"><strong>Al\u00e9rgeno Informa\u00e7\u00f5es:<\/strong><\/span><\/h4>\n<p>Ver informa\u00e7\u00e3o a\u00a0<strong>negrito<\/strong>. Produzido num ambiente onde podem estar presentes, nozes, amendoim, soja, SO2 e sementes de s\u00e9samo.<\/p>\n<h4><span style=\"color: #6ba539;\"><strong>Modo de Utiliza\u00e7\u00e3o\/ Prepara\u00e7\u00e3o:<\/strong><\/span><\/h4>\n<p>O nosso Muesli Bircher tem um delicioso sabor a frutas. Pode adicionar diretamente ao seu iogurte e comer passados uns minutos ou adicionar ao seu iogurte e coloc\u00e1-lo no frigor\u00edfico durante a noite e com\u00ea-lo logo de manh\u00e3. Em alternativa sirva com leite l\u00e1cteo ou n\u00e3o l\u00e1cteo \u00e0 sua escolha.<\/p>\n<h4><span style=\"color: #6ba539;\"><strong>Conserva\u00e7\u00e3o:<\/strong><\/span><\/h4>\n<p>Conservar em local fresco e seco, ao abrigo da luz solar.<\/p>\n<h4><span style=\"color: #6ba539;\"><strong>Apresenta\u00e7\u00e3o: <\/strong><\/span><\/h4>\n<p>Embalagem de cart\u00e3o com filme compost\u00e1vel.\u00a0Este filme \u00e9 feito de recursos renov\u00e1veis, com fibras vegetais e \u00e9 completamente compost\u00e1vel e n\u00e3o-t\u00f3xico para o meio ambiente.\u00a0\u00c9 t\u00e3o dur\u00e1vel quanto as embalagens pl\u00e1sticas comuns, mas degrada-se facilmente na compostagem dom\u00e9stica. Isenta de pl\u00e1stico.<\/p>\n<h4><span style=\"color: #6ba539;\"><strong>Peso L\u00edquido:<\/strong><\/span><\/h4>\n<p>450g<\/p>\n<h4><span style=\"color: #6ba539;\"><strong>Caixa de Transporte:<\/strong><\/span><\/h4>\n<p>6 uni. x 450g<\/p>\n<h4><span style=\"color: #6ba539;\"><strong>Origem:<\/strong><\/span><\/h4>\n<p>Reino Unido.<\/p>\n<p>[\/vc_column_text][\/vc_column][vc_column width=&#8221;1\/2&#8243;]<\/p>\n<div class=\"nflc nutrition-section std\">\t\r\n\t\t<ul class=\"nutrition-table\" itemprop=\"nutrition\" itemscope itemtype=\"http:\/\/schema.org\/NutritionInformation\">\r\n\t\t\t<li class=\"nt-header b-0\"><h2 class=\"nt-title\">Declara\u00e7\u00e3o Nutricional por 100g<\/h2><\/li><li class=\"nt-row b-0\"><span class=\"nt-label col-50\">Servings Per Container<\/span><span class=\"nt-value col-50\" itemprop=\"servingSize\">11<\/span><\/li><li class=\"nt-row sep-10 serving-size\"><span class=\"nt-label col-50\">Serving Size<\/span><span class=\"nt-value col-50\" itemprop=\"servingSize\">40g<\/span><\/li><li class=\"nt-row font-bold b-0\"><span class=\"nt-label\">Amount per serving<\/span><\/li><li class=\"nt-row font-bold calories sep-8\"><span class=\"nt-label col-70\">Calories<\/span><span class=\"nt-value col-30\" itemprop=\"servingSize\">152<\/span><\/li><li class=\"nt-head font-bold sep-4\"><span class=\"nt-label nutrient-label col-40\"><\/span><span class=\"nt-label amount-label col-30\"><\/span><span class=\"pdv-label col-30\">% Daily Value*<\/span><\/li><br \/>\n<b>Warning<\/b>:  Undefined array key \"amt\" in <b>\/var\/www\/vhosts\/pharmabiz.pt\/httpdocs\/wp-content\/plugins\/nutrition-facts-label-creator\/nflc_templates\/default.php<\/b> on line <b>137<\/b><br \/>\n<br \/>\n<b>Warning<\/b>:  Undefined array key \"unit\" in <b>\/var\/www\/vhosts\/pharmabiz.pt\/httpdocs\/wp-content\/plugins\/nutrition-facts-label-creator\/nflc_templates\/default.php<\/b> on line <b>137<\/b><br \/>\n<li><span class=\"nt-label col-40 font-bold\">VALORES M\u00c9DIOS<\/span><span class=\"nt-amount col-30\"> <\/span><\/li><br \/>\n<b>Warning<\/b>:  A non-numeric value encountered in <b>\/var\/www\/vhosts\/pharmabiz.pt\/httpdocs\/wp-content\/plugins\/nutrition-facts-label-creator\/nflc_templates\/default.php<\/b> on line <b>122<\/b><br \/>\n<br \/>\n<b>Warning<\/b>:  Undefined array key \"unit\" in <b>\/var\/www\/vhosts\/pharmabiz.pt\/httpdocs\/wp-content\/plugins\/nutrition-facts-label-creator\/nflc_templates\/default.php<\/b> on line <b>137<\/b><br \/>\n<br \/>\n<b>Warning<\/b>:  Undefined array key \"unit\" in <b>\/var\/www\/vhosts\/pharmabiz.pt\/httpdocs\/wp-content\/plugins\/nutrition-facts-label-creator\/nflc_templates\/default.php<\/b> on line <b>138<\/b><br \/>\n<li><span class=\"nt-label col-40 font-bold\">Energia kJ \/ kcal<\/span><span class=\"nt-amount col-30\">1605 \/ 381  <\/span><span class=\"nt-value col-30\">19.11%<\/span><\/li><li><span class=\"nt-label col-40 font-bold\">L\u00edpidos totais<\/span><span class=\"nt-amount col-30\">7.4 g<\/span><span class=\"nt-value col-30\">10.57%<\/span><\/li><li class=\"nt-sublevel-1\"><span class=\"nt-label col-40\">.dos quais saturados<\/span><span class=\"nt-amount col-30\">1 g<\/span><span class=\"nt-value col-30\">5%<\/span><\/li><li class=\"nt-sublevel-1\"><span class=\"nt-label col-40\">.dos quais monoinsaturados<\/span><span class=\"nt-amount col-30\">1.9 g<\/span><\/li><li class=\"nt-sublevel-1\"><span class=\"nt-label col-40\">.dos quais poliinsaturados (\u00d3mega 3)<\/span><span class=\"nt-amount col-30\">3.7 g<\/span><\/li><li><span class=\"nt-label col-40 font-bold\">Hidratos de Carbono<\/span><span class=\"nt-amount col-30\">64 g<\/span><span class=\"nt-value col-30\">24.62%<\/span><\/li><li class=\"nt-sublevel-1\"><span class=\"nt-label col-40\">.dos quais a\u00e7\u00facares<\/span><span class=\"nt-amount col-30\">20.5 g<\/span><span class=\"nt-value col-30\">22.78%<\/span><\/li><li><span class=\"nt-label col-40 font-bold\">Fibra<\/span><span class=\"nt-amount col-30\">9.2 g<\/span><span class=\"nt-value col-30\">36.8%<\/span><\/li><li><span class=\"nt-label col-40 font-bold\">Sal (naturalmente presente)<\/span><span class=\"nt-amount col-30\">0.03 g<\/span><span class=\"nt-value col-30\">0.5%<\/span><\/li><li class=\"nt-footer b-0\">*DR - Dose de Refer\u00eancia para um adulto m\u00e9dio (8400kJ \/ 2000 kcal).<br \/>\n**VRN - Valor de Refer\u00eancia do Nutriente.<br \/>\nNOTA - Os Valores Nutricionais podem variar de acordo com a sazonalidade.<\/li>\t\t<\/ul><!-- \/.nutrition-table -->\r\n\t<\/div><!-- \/.nutrition-section -->\n<p>[\/vc_column][\/vc_row]<\/p>\n<\/div>","protected":false},"excerpt":{"rendered":"<p>.40% DE FRUTAS E NOZES\u00a0\u2022 BIOL\u00d3GICO \u2022 SEM TRIGO \u2022 CONT\u00c9M CEREAIS INTEGRAIS \u2022RICO EM FIBRA\u00a0\u2022 SEM A\u00c7\u00daCAR ADICIONADO\u00a0\u2022 SEM SAL ADICIONADO\u00a0\u2022 ADEQUADO PARA VEGANS S \u2022 FILME COMPOST\u00c1VEL (FIBRA VEGETAL)<\/p>\n<p><img loading=\"lazy\" decoding=\"async\" class=\"alignnone wp-image-6009\" src=\"https:\/\/pharmabiz.pt\/wp-content\/uploads\/2020\/05\/Logo-BIO_EU_website-Pharmabiz.png\" alt=\"\" width=\"97\" height=\"65\" srcset=\"https:\/\/pharmabiz.pt\/wp-content\/uploads\/2020\/05\/Logo-BIO_EU_website-Pharmabiz.png 300w, https:\/\/pharmabiz.pt\/wp-content\/uploads\/2020\/05\/Logo-BIO_EU_website-Pharmabiz.png 1024w, https:\/\/pharmabiz.pt\/wp-content\/uploads\/2020\/05\/Logo-BIO_EU_website-Pharmabiz.png 768w, https:\/\/pharmabiz.pt\/wp-content\/uploads\/2020\/05\/Logo-BIO_EU_website-Pharmabiz.png 1200w, https:\/\/pharmabiz.pt\/wp-content\/uploads\/2020\/05\/Logo-BIO_EU_website-Pharmabiz.png 600w, https:\/\/pharmabiz.pt\/wp-content\/uploads\/2020\/05\/Logo-BIO_EU_website-Pharmabiz.png 1269w\" sizes=\"auto, (max-width: 97px) 100vw, 97px\" \/>\u00a0 \u00a0<img loading=\"lazy\" decoding=\"async\" class=\"alignnone wp-image-6085\" src=\"https:\/\/pharmabiz.pt\/wp-content\/uploads\/2020\/05\/Soil_Association_symbol-1016x1024-1.jpg\" alt=\"\" width=\"64\" height=\"65\" srcset=\"https:\/\/pharmabiz.pt\/wp-content\/uploads\/2020\/05\/Soil_Association_symbol-1016x1024-1.jpg 300w, https:\/\/pharmabiz.pt\/wp-content\/uploads\/2020\/05\/Soil_Association_symbol-1016x1024-1.jpg 150w, https:\/\/pharmabiz.pt\/wp-content\/uploads\/2020\/05\/Soil_Association_symbol-1016x1024-1.jpg 768w, https:\/\/pharmabiz.pt\/wp-content\/uploads\/2020\/05\/Soil_Association_symbol-1016x1024-1.jpg 45w, https:\/\/pharmabiz.pt\/wp-content\/uploads\/2020\/05\/Soil_Association_symbol-1016x1024-1.jpg 600w, https:\/\/pharmabiz.pt\/wp-content\/uploads\/2020\/05\/Soil_Association_symbol-1016x1024-1.jpg 100w, https:\/\/pharmabiz.pt\/wp-content\/uploads\/2020\/05\/Soil_Association_symbol-1016x1024-1.jpg 844w\" sizes=\"auto, (max-width: 64px) 100vw, 64px\" \/>\u00a0 \u00a0<img loading=\"lazy\" decoding=\"async\" class=\"alignnone wp-image-6112\" src=\"https:\/\/pharmabiz.pt\/wp-content\/uploads\/2020\/05\/Logo-No-Sugar-Added-1.jpg\" alt=\"\" width=\"65\" height=\"65\" srcset=\"https:\/\/pharmabiz.pt\/wp-content\/uploads\/2020\/05\/Logo-No-Sugar-Added-1.jpg 300w, https:\/\/pharmabiz.pt\/wp-content\/uploads\/2020\/05\/Logo-No-Sugar-Added-1.jpg 150w, https:\/\/pharmabiz.pt\/wp-content\/uploads\/2020\/05\/Logo-No-Sugar-Added-1.jpg 768w, https:\/\/pharmabiz.pt\/wp-content\/uploads\/2020\/05\/Logo-No-Sugar-Added-1.jpg 45w, https:\/\/pharmabiz.pt\/wp-content\/uploads\/2020\/05\/Logo-No-Sugar-Added-1.jpg 600w, https:\/\/pharmabiz.pt\/wp-content\/uploads\/2020\/05\/Logo-No-Sugar-Added-1.jpg 100w, https:\/\/pharmabiz.pt\/wp-content\/uploads\/2020\/05\/Logo-No-Sugar-Added-1.jpg 851w\" sizes=\"auto, (max-width: 65px) 100vw, 65px\" \/>\u00a0 \u00a0<img loading=\"lazy\" decoding=\"async\" class=\"alignnone wp-image-6061\" src=\"https:\/\/pharmabiz.pt\/wp-content\/uploads\/2020\/05\/Logo-100-RAW-1.jpg\" alt=\"\" width=\"72\" height=\"65\" srcset=\"https:\/\/pharmabiz.pt\/wp-content\/uploads\/2020\/05\/Logo-100-RAW-1.jpg 300w, https:\/\/pharmabiz.pt\/wp-content\/uploads\/2020\/05\/Logo-100-RAW-1.jpg 768w, https:\/\/pharmabiz.pt\/wp-content\/uploads\/2020\/05\/Logo-100-RAW-1.jpg 600w, https:\/\/pharmabiz.pt\/wp-content\/uploads\/2020\/05\/Logo-100-RAW-1.jpg 939w\" sizes=\"auto, (max-width: 72px) 100vw, 72px\" \/>\u00a0 \u00a0<img loading=\"lazy\" decoding=\"async\" class=\"alignnone wp-image-6121\" src=\"https:\/\/pharmabiz.pt\/wp-content\/uploads\/2020\/05\/12418226-1.jpg\" alt=\"\" width=\"72\" height=\"65\" srcset=\"https:\/\/pharmabiz.pt\/wp-content\/uploads\/2020\/05\/12418226-1.jpg 300w, https:\/\/pharmabiz.pt\/wp-content\/uploads\/2020\/05\/12418226-1.jpg 768w, https:\/\/pharmabiz.pt\/wp-content\/uploads\/2020\/05\/12418226-1.jpg 600w, https:\/\/pharmabiz.pt\/wp-content\/uploads\/2020\/05\/12418226-1.jpg 937w\" sizes=\"auto, (max-width: 72px) 100vw, 72px\" \/>\u00a0 \u00a0<img loading=\"lazy\" decoding=\"async\" class=\"alignnone wp-image-6064\" src=\"https:\/\/pharmabiz.pt\/wp-content\/uploads\/2020\/05\/Logo-VEGAN-1.jpg\" alt=\"\" width=\"65\" height=\"65\" srcset=\"https:\/\/pharmabiz.pt\/wp-content\/uploads\/2020\/05\/Logo-VEGAN-1.jpg 300w, https:\/\/pharmabiz.pt\/wp-content\/uploads\/2020\/05\/Logo-VEGAN-1.jpg 150w, https:\/\/pharmabiz.pt\/wp-content\/uploads\/2020\/05\/Logo-VEGAN-1.jpg 768w, https:\/\/pharmabiz.pt\/wp-content\/uploads\/2020\/05\/Logo-VEGAN-1.jpg 45w, https:\/\/pharmabiz.pt\/wp-content\/uploads\/2020\/05\/Logo-VEGAN-1.jpg 600w, https:\/\/pharmabiz.pt\/wp-content\/uploads\/2020\/05\/Logo-VEGAN-1.jpg 100w, https:\/\/pharmabiz.pt\/wp-content\/uploads\/2020\/05\/Logo-VEGAN-1.jpg 851w\" sizes=\"auto, (max-width: 65px) 100vw, 65px\" \/>\u00a0 \u00a0<img loading=\"lazy\" decoding=\"async\" class=\"alignnone wp-image-6076\" src=\"https:\/\/pharmabiz.pt\/wp-content\/uploads\/2020\/05\/Logo-VINCOTTE-Compostable_OKhome_TA-OKH3.jpg\" alt=\"\" width=\"140\" height=\"65\" srcset=\"https:\/\/pharmabiz.pt\/wp-content\/uploads\/2020\/05\/Logo-VINCOTTE-Compostable_OKhome_TA-OKH3.jpg 300w, https:\/\/pharmabiz.pt\/wp-content\/uploads\/2020\/05\/Logo-VINCOTTE-Compostable_OKhome_TA-OKH3.jpg 1024w, https:\/\/pharmabiz.pt\/wp-content\/uploads\/2020\/05\/Logo-VINCOTTE-Compostable_OKhome_TA-OKH3.jpg 768w, https:\/\/pharmabiz.pt\/wp-content\/uploads\/2020\/05\/Logo-VINCOTTE-Compostable_OKhome_TA-OKH3.jpg 1536w, https:\/\/pharmabiz.pt\/wp-content\/uploads\/2020\/05\/Logo-VINCOTTE-Compostable_OKhome_TA-OKH3.jpg 1200w, https:\/\/pharmabiz.pt\/wp-content\/uploads\/2020\/05\/Logo-VINCOTTE-Compostable_OKhome_TA-OKH3.jpg 1320w, https:\/\/pharmabiz.pt\/wp-content\/uploads\/2020\/05\/Logo-VINCOTTE-Compostable_OKhome_TA-OKH3.jpg 600w, https:\/\/pharmabiz.pt\/wp-content\/uploads\/2020\/05\/Logo-VINCOTTE-Compostable_OKhome_TA-OKH3.jpg 1834w\" sizes=\"auto, (max-width: 140px) 100vw, 140px\" \/><\/p>\n","protected":false},"featured_media":9371,"comment_status":"open","ping_status":"closed","template":"","meta":{"_acf_changed":false},"product_brand":[298],"product_cat":[150,136,253,275,269,266,256,172],"product_tag":[234,272,192,207,429,195,189],"class_list":{"0":"post-3766","1":"product","2":"type-product","3":"status-publish","4":"has-post-thumbnail","6":"product_brand-alara","7":"product_cat-cereals-muesli-and-granola","8":"product_cat-food","9":"product_cat-lactose-free","10":"product_cat-no-added-salt","11":"product_cat-no-added-sugar","12":"product_cat-oats","13":"product_cat-organic-certified","14":"product_cat-seeds-and-nuts","15":"product_tag-cholesterol-and-triglycerides","16":"product_tag-diabetes-en","17":"product_tag-energy-and-vitality","18":"product_tag-heart","19":"product_tag-omega-3-en","20":"product_tag-sports-and-fitness","21":"product_tag-weight-management","22":"pa_marca-alara-en","24":"first","25":"onbackorder","26":"taxable","27":"shipping-taxable","28":"purchasable","29":"product-type-simple"},"acf":[],"_links":{"self":[{"href":"https:\/\/pharmabiz.pt\/en\/wp-json\/wp\/v2\/product\/3766","targetHints":{"allow":["GET"]}}],"collection":[{"href":"https:\/\/pharmabiz.pt\/en\/wp-json\/wp\/v2\/product"}],"about":[{"href":"https:\/\/pharmabiz.pt\/en\/wp-json\/wp\/v2\/types\/product"}],"replies":[{"embeddable":true,"href":"https:\/\/pharmabiz.pt\/en\/wp-json\/wp\/v2\/comments?post=3766"}],"wp:featuredmedia":[{"embeddable":true,"href":"https:\/\/pharmabiz.pt\/en\/wp-json\/wp\/v2\/media\/9371"}],"wp:attachment":[{"href":"https:\/\/pharmabiz.pt\/en\/wp-json\/wp\/v2\/media?parent=3766"}],"wp:term":[{"taxonomy":"product_brand","embeddable":true,"href":"https:\/\/pharmabiz.pt\/en\/wp-json\/wp\/v2\/product_brand?post=3766"},{"taxonomy":"product_cat","embeddable":true,"href":"https:\/\/pharmabiz.pt\/en\/wp-json\/wp\/v2\/product_cat?post=3766"},{"taxonomy":"product_tag","embeddable":true,"href":"https:\/\/pharmabiz.pt\/en\/wp-json\/wp\/v2\/product_tag?post=3766"}],"curies":[{"name":"wp","href":"https:\/\/api.w.org\/{rel}","templated":true}]}}