{"id":3794,"date":"2018-12-02T11:53:38","date_gmt":"2018-12-02T11:53:38","guid":{"rendered":"https:\/\/pharmabiz.pt\/produto\/alara-papa-de-aveia-com-linhaca-sem-gluten-embalagem-500-g\/"},"modified":"2024-05-08T16:04:12","modified_gmt":"2024-05-08T15:04:12","slug":"alara-luxurious-gluten-free-porridge-500g","status":"publish","type":"product","link":"https:\/\/pharmabiz.pt\/en\/product\/alara-luxurious-gluten-free-porridge-500g\/","title":{"rendered":"ALARA LUXURIOUS GLUTEN FREE PORRIDGE 500g"},"content":{"rendered":"<div class=\"wpb-content-wrapper\"><p>[vc_row][vc_column width=&#8221;1\/2&#8243;][vc_column_text]<strong>ALARA LUXURIOUS GLUTEN FREE PORRIDGE<\/strong><\/p>\n<p>Delicious and Creamy Rice, Millet, Buckwheat and Linseed Porridge (Omega 3)<\/p>\n<p>Treat yourself to a bowl of our luxurious gluten-free porridge. It&#8217;s delicious, sustainable and different. Different because it&#8217;s porridge without oats! You&#8217;ll feel comfortable knowing that we&#8217;ve chosen a selection of delicious flakes and seeds for you to create this recipe. Gluten-free brown rice, millet and buckwheat flakes combined with linseed to create a luxurious and nutritious breakfast or snack, rich in fibre.<\/p>\n<h4><strong>Sales Denomition:<\/strong><\/h4>\n<p>Alara Luxurious Gluten Free Porridge 500g<\/p>\n<h4><strong>Ingredients:<\/strong><\/h4>\n<p>Flocos Integrais de Arroz (60%), Flocos Integrais de Milhete (23%), Sementes de Linha\u00e7a Castanha (9%). Flocos Integrais de Trigo-Sarraceno (8%).<\/p>\n<h4><strong>Al\u00e9rgeno Informa\u00e7\u00f5es:<\/strong><\/h4>\n<p>See information in <strong>bold.<\/strong> Produced in an environment where nuts, peanuts, soya, SO2 and sesame seeds may be present.<\/p>\n<h4><strong>Instructions for use\/ Preparation:<\/strong><\/h4>\n<p>Mix 40g of our pure oatmeal with 180ml of milk or water, bring to the boil over a low heat and cook for a few minutes, stirring constantly with a wooden spoon, until it reaches the desired consistency.<\/p>\n<h4><strong>Conservation:<\/strong><\/h4>\n<p>Store in a cool, dry place away from sunlight.<\/p>\n<h4><strong>Presentation:<\/strong><\/h4>\n<p>Cardboard packaging with compostable film. This film is made from renewable resources, vegetable fibres and is completely compostable and non-toxic for the environment. It is as durable as ordinary plastic packaging, but degrades easily in home composting. Plastic-free.<\/p>\n<h4><strong>Net weight:<\/strong><\/h4>\n<p>500g<\/p>\n<h4><strong>Transport box:<\/strong><\/h4>\n<p><strong>\u00a0<\/strong>6 uni. x 500g<\/p>\n<h4><strong>Source:<\/strong><\/h4>\n<p>United Kingdom<\/p>\n<h4><strong>Distributed by:<\/strong><\/h4>\n<p>Pharmabiz, Lda.[\/vc_column_text][\/vc_column][vc_column width=&#8221;1\/2&#8243;]<div class=\"nflc nutrition-section std\">\t\r\n\t\t<ul class=\"nutrition-table\" itemprop=\"nutrition\" itemscope itemtype=\"http:\/\/schema.org\/NutritionInformation\">\r\n\t\t\t<li class=\"nt-header b-0\"><h2 class=\"nt-title\">Declara\u00e7\u00e3o Nutricional por 100g<\/h2><\/li><li class=\"nt-row b-0\"><span class=\"nt-label col-50\">Servings Per Container<\/span><span class=\"nt-value col-50\" itemprop=\"servingSize\">12<\/span><\/li><li class=\"nt-row sep-10 serving-size\"><span class=\"nt-label col-50\">Serving Size<\/span><span class=\"nt-value col-50\" itemprop=\"servingSize\">40g<\/span><\/li><li class=\"nt-row font-bold b-0\"><span class=\"nt-label\">Amount per serving<\/span><\/li><li class=\"nt-row font-bold calories sep-8\"><span class=\"nt-label col-70\">Calories<\/span><span class=\"nt-value col-30\" itemprop=\"servingSize\">154<\/span><\/li><li class=\"nt-head font-bold sep-4\"><span class=\"nt-label nutrient-label col-40\"><\/span><span class=\"nt-label amount-label col-30\"><\/span><span class=\"pdv-label col-30\">% Daily Value*<\/span><\/li><br \/>\n<b>Warning<\/b>:  Undefined array key \"amt\" in <b>\/var\/www\/vhosts\/pharmabiz.pt\/httpdocs\/wp-content\/plugins\/nutrition-facts-label-creator\/nflc_templates\/default.php<\/b> on line <b>137<\/b><br \/>\n<br \/>\n<b>Warning<\/b>:  Undefined array key \"unit\" in <b>\/var\/www\/vhosts\/pharmabiz.pt\/httpdocs\/wp-content\/plugins\/nutrition-facts-label-creator\/nflc_templates\/default.php<\/b> on line <b>137<\/b><br \/>\n<li><span class=\"nt-label col-40 font-bold\">VALORES M\u00c9DIOS<\/span><span class=\"nt-amount col-30\"> <\/span><\/li><br \/>\n<b>Warning<\/b>:  A non-numeric value encountered in <b>\/var\/www\/vhosts\/pharmabiz.pt\/httpdocs\/wp-content\/plugins\/nutrition-facts-label-creator\/nflc_templates\/default.php<\/b> on line <b>122<\/b><br \/>\n<br \/>\n<b>Warning<\/b>:  Undefined array key \"unit\" in <b>\/var\/www\/vhosts\/pharmabiz.pt\/httpdocs\/wp-content\/plugins\/nutrition-facts-label-creator\/nflc_templates\/default.php<\/b> on line <b>137<\/b><br \/>\n<br \/>\n<b>Warning<\/b>:  Undefined array key \"unit\" in <b>\/var\/www\/vhosts\/pharmabiz.pt\/httpdocs\/wp-content\/plugins\/nutrition-facts-label-creator\/nflc_templates\/default.php<\/b> on line <b>138<\/b><br \/>\n<li><span class=\"nt-label col-40 font-bold\">Energia kJ \/ kcal<\/span><span class=\"nt-amount col-30\">1634 \/ 387 <\/span><span class=\"nt-value col-30\">19.45%<\/span><\/li><li><span class=\"nt-label col-40 font-bold\">L\u00edpidos totais<\/span><span class=\"nt-amount col-30\">5.3 g<\/span><span class=\"nt-value col-30\">7.57%<\/span><\/li><li class=\"nt-sublevel-1\"><span class=\"nt-label col-40\">.dos quais saturados<\/span><span class=\"nt-amount col-30\">0.93 g<\/span><span class=\"nt-value col-30\">4.65%<\/span><\/li><li class=\"nt-sublevel-1\"><span class=\"nt-label col-40\">.dos quais monoinsaturados<\/span><span class=\"nt-amount col-30\">0.87 g<\/span><\/li><li class=\"nt-sublevel-1\"><span class=\"nt-label col-40\">.dos quais poliinsaturados (\u00d3mega 3)<\/span><span class=\"nt-amount col-30\">2.63 g<\/span><\/li><li><span class=\"nt-label col-40 font-bold\">Hidratos de Carbono<\/span><span class=\"nt-amount col-30\">70.6 g<\/span><span class=\"nt-value col-30\">27.15%<\/span><\/li><li class=\"nt-sublevel-1\"><span class=\"nt-label col-40\">.dos quais a\u00e7\u00facares<\/span><span class=\"nt-amount col-30\">1 g<\/span><span class=\"nt-value col-30\">1.11%<\/span><\/li><li><span class=\"nt-label col-40 font-bold\">Fibra<\/span><span class=\"nt-amount col-30\">6.7 g<\/span><span class=\"nt-value col-30\">26.8%<\/span><\/li><li><span class=\"nt-label col-40 font-bold\">Prote\u00ednas<\/span><span class=\"nt-amount col-30\">10.8 g<\/span><\/li><li><span class=\"nt-label col-40 font-bold\">Sal (naturalmente presente)<\/span><span class=\"nt-amount col-30\">0.02 g<\/span><span class=\"nt-value col-30\">0.33%<\/span><\/li><li class=\"nt-footer b-0\">*DR - Dose de Refer\u00eancia para um adulto m\u00e9dio (8400kJ \/ 2000 kcal).<br \/>\n**VRN - Valor de Refer\u00eancia do Nutriente.<br \/>\nNOTA - Os Valores Nutricionais podem variar de acordo com a sazonalidade.<\/li>\t\t<\/ul><!-- \/.nutrition-table -->\r\n\t<\/div><!-- \/.nutrition-section -->[\/vc_column][\/vc_row]<\/p>\n<\/div>","protected":false},"excerpt":{"rendered":"<p>RICO EM FIBRA \u00b7 SEM GL\u00daTEN \u00b7 SEM TRIGO \u00b7 SEM A\u00c7\u00daCAR ADICIONADO \u00b7 SEM SAL ADICIONADO \u00b7 BAIXO TEOR DE S\u00d3DIO \u00b7 ADEQUADO PARA VEGANS \u00b7 FILME COMPOST\u00c1VEL (ISENTO DE PL\u00c1STICO)<\/p>\n<p><img loading=\"lazy\" decoding=\"async\" class=\"alignnone wp-image-6012\" src=\"https:\/\/pharmabiz.pt\/wp-content\/uploads\/2020\/05\/Logo-100-Natural_website-Pharmabiz.png\" alt=\"\" width=\"84\" height=\"65\" srcset=\"https:\/\/pharmabiz.pt\/wp-content\/uploads\/2020\/05\/Logo-100-Natural_website-Pharmabiz.png 300w, https:\/\/pharmabiz.pt\/wp-content\/uploads\/2020\/05\/Logo-100-Natural_website-Pharmabiz.png 1024w, https:\/\/pharmabiz.pt\/wp-content\/uploads\/2020\/05\/Logo-100-Natural_website-Pharmabiz.png 768w, https:\/\/pharmabiz.pt\/wp-content\/uploads\/2020\/05\/Logo-100-Natural_website-Pharmabiz.png 600w, https:\/\/pharmabiz.pt\/wp-content\/uploads\/2020\/05\/Logo-100-Natural_website-Pharmabiz.png 1106w\" sizes=\"auto, (max-width: 84px) 100vw, 84px\" \/>\u00a0 \u00a0<img loading=\"lazy\" decoding=\"async\" class=\"alignnone wp-image-6006\" src=\"https:\/\/pharmabiz.pt\/wp-content\/uploads\/2020\/05\/LOGO-GLUTEN-FREE-1.jpg\" alt=\"\" width=\"64\" height=\"65\" srcset=\"https:\/\/pharmabiz.pt\/wp-content\/uploads\/2020\/05\/LOGO-GLUTEN-FREE-1.jpg 300w, https:\/\/pharmabiz.pt\/wp-content\/uploads\/2020\/05\/LOGO-GLUTEN-FREE-1.jpg 150w, https:\/\/pharmabiz.pt\/wp-content\/uploads\/2020\/05\/LOGO-GLUTEN-FREE-1.jpg 768w, https:\/\/pharmabiz.pt\/wp-content\/uploads\/2020\/05\/LOGO-GLUTEN-FREE-1.jpg 45w, https:\/\/pharmabiz.pt\/wp-content\/uploads\/2020\/05\/LOGO-GLUTEN-FREE-1.jpg 600w, https:\/\/pharmabiz.pt\/wp-content\/uploads\/2020\/05\/LOGO-GLUTEN-FREE-1.jpg 100w, https:\/\/pharmabiz.pt\/wp-content\/uploads\/2020\/05\/LOGO-GLUTEN-FREE-1.jpg 838w\" sizes=\"auto, (max-width: 64px) 100vw, 64px\" \/>\u00a0 \u00a0<img loading=\"lazy\" decoding=\"async\" class=\"alignnone wp-image-6112\" src=\"https:\/\/pharmabiz.pt\/wp-content\/uploads\/2020\/05\/Logo-No-Sugar-Added-1.jpg\" alt=\"\" width=\"65\" height=\"65\" srcset=\"https:\/\/pharmabiz.pt\/wp-content\/uploads\/2020\/05\/Logo-No-Sugar-Added-1.jpg 300w, https:\/\/pharmabiz.pt\/wp-content\/uploads\/2020\/05\/Logo-No-Sugar-Added-1.jpg 150w, https:\/\/pharmabiz.pt\/wp-content\/uploads\/2020\/05\/Logo-No-Sugar-Added-1.jpg 768w, https:\/\/pharmabiz.pt\/wp-content\/uploads\/2020\/05\/Logo-No-Sugar-Added-1.jpg 45w, https:\/\/pharmabiz.pt\/wp-content\/uploads\/2020\/05\/Logo-No-Sugar-Added-1.jpg 600w, https:\/\/pharmabiz.pt\/wp-content\/uploads\/2020\/05\/Logo-No-Sugar-Added-1.jpg 100w, https:\/\/pharmabiz.pt\/wp-content\/uploads\/2020\/05\/Logo-No-Sugar-Added-1.jpg 851w\" sizes=\"auto, (max-width: 65px) 100vw, 65px\" \/>\u00a0 \u00a0<img loading=\"lazy\" decoding=\"async\" class=\"alignnone wp-image-6061\" src=\"https:\/\/pharmabiz.pt\/wp-content\/uploads\/2020\/05\/Logo-100-RAW-1.jpg\" alt=\"\" width=\"72\" height=\"65\" srcset=\"https:\/\/pharmabiz.pt\/wp-content\/uploads\/2020\/05\/Logo-100-RAW-1.jpg 300w, https:\/\/pharmabiz.pt\/wp-content\/uploads\/2020\/05\/Logo-100-RAW-1.jpg 768w, https:\/\/pharmabiz.pt\/wp-content\/uploads\/2020\/05\/Logo-100-RAW-1.jpg 600w, https:\/\/pharmabiz.pt\/wp-content\/uploads\/2020\/05\/Logo-100-RAW-1.jpg 939w\" sizes=\"auto, (max-width: 72px) 100vw, 72px\" \/>\u00a0 \u00a0<img loading=\"lazy\" decoding=\"async\" class=\"alignnone wp-image-6121\" src=\"https:\/\/pharmabiz.pt\/wp-content\/uploads\/2020\/05\/12418226-1.jpg\" alt=\"\" width=\"72\" height=\"65\" srcset=\"https:\/\/pharmabiz.pt\/wp-content\/uploads\/2020\/05\/12418226-1.jpg 300w, https:\/\/pharmabiz.pt\/wp-content\/uploads\/2020\/05\/12418226-1.jpg 768w, https:\/\/pharmabiz.pt\/wp-content\/uploads\/2020\/05\/12418226-1.jpg 600w, https:\/\/pharmabiz.pt\/wp-content\/uploads\/2020\/05\/12418226-1.jpg 937w\" sizes=\"auto, (max-width: 72px) 100vw, 72px\" \/>\u00a0 \u00a0<img loading=\"lazy\" decoding=\"async\" class=\"alignnone wp-image-6064\" src=\"https:\/\/pharmabiz.pt\/wp-content\/uploads\/2020\/05\/Logo-VEGAN-1.jpg\" alt=\"\" width=\"65\" height=\"65\" srcset=\"https:\/\/pharmabiz.pt\/wp-content\/uploads\/2020\/05\/Logo-VEGAN-1.jpg 300w, https:\/\/pharmabiz.pt\/wp-content\/uploads\/2020\/05\/Logo-VEGAN-1.jpg 150w, https:\/\/pharmabiz.pt\/wp-content\/uploads\/2020\/05\/Logo-VEGAN-1.jpg 768w, https:\/\/pharmabiz.pt\/wp-content\/uploads\/2020\/05\/Logo-VEGAN-1.jpg 45w, https:\/\/pharmabiz.pt\/wp-content\/uploads\/2020\/05\/Logo-VEGAN-1.jpg 600w, https:\/\/pharmabiz.pt\/wp-content\/uploads\/2020\/05\/Logo-VEGAN-1.jpg 100w, https:\/\/pharmabiz.pt\/wp-content\/uploads\/2020\/05\/Logo-VEGAN-1.jpg 851w\" sizes=\"auto, (max-width: 65px) 100vw, 65px\" \/>\u00a0 \u00a0<img loading=\"lazy\" decoding=\"async\" class=\"alignnone wp-image-6076\" src=\"https:\/\/pharmabiz.pt\/wp-content\/uploads\/2020\/05\/Logo-VINCOTTE-Compostable_OKhome_TA-OKH3.jpg\" alt=\"\" width=\"140\" height=\"65\" srcset=\"https:\/\/pharmabiz.pt\/wp-content\/uploads\/2020\/05\/Logo-VINCOTTE-Compostable_OKhome_TA-OKH3.jpg 300w, https:\/\/pharmabiz.pt\/wp-content\/uploads\/2020\/05\/Logo-VINCOTTE-Compostable_OKhome_TA-OKH3.jpg 1024w, https:\/\/pharmabiz.pt\/wp-content\/uploads\/2020\/05\/Logo-VINCOTTE-Compostable_OKhome_TA-OKH3.jpg 768w, https:\/\/pharmabiz.pt\/wp-content\/uploads\/2020\/05\/Logo-VINCOTTE-Compostable_OKhome_TA-OKH3.jpg 1536w, https:\/\/pharmabiz.pt\/wp-content\/uploads\/2020\/05\/Logo-VINCOTTE-Compostable_OKhome_TA-OKH3.jpg 1200w, https:\/\/pharmabiz.pt\/wp-content\/uploads\/2020\/05\/Logo-VINCOTTE-Compostable_OKhome_TA-OKH3.jpg 1320w, https:\/\/pharmabiz.pt\/wp-content\/uploads\/2020\/05\/Logo-VINCOTTE-Compostable_OKhome_TA-OKH3.jpg 600w, https:\/\/pharmabiz.pt\/wp-content\/uploads\/2020\/05\/Logo-VINCOTTE-Compostable_OKhome_TA-OKH3.jpg 1834w\" sizes=\"auto, (max-width: 140px) 100vw, 140px\" \/><\/p>\n","protected":false},"featured_media":9392,"comment_status":"open","ping_status":"closed","template":"","meta":{"_acf_changed":false},"product_brand":[298],"product_cat":[261,150,136,137,253,275,269,172],"product_tag":[234,272,192,207,429,195,189],"class_list":{"0":"post-3794","1":"product","2":"type-product","3":"status-publish","4":"has-post-thumbnail","6":"product_brand-alara","7":"product_cat-100-natural","8":"product_cat-cereals-muesli-and-granola","9":"product_cat-food","10":"product_cat-gluten-free","11":"product_cat-lactose-free","12":"product_cat-no-added-salt","13":"product_cat-no-added-sugar","14":"product_cat-seeds-and-nuts","15":"product_tag-cholesterol-and-triglycerides","16":"product_tag-diabetes-en","17":"product_tag-energy-and-vitality","18":"product_tag-heart","19":"product_tag-omega-3-en","20":"product_tag-sports-and-fitness","21":"product_tag-weight-management","22":"pa_marca-alara-en","24":"first","25":"onbackorder","26":"featured","27":"taxable","28":"shipping-taxable","29":"purchasable","30":"product-type-simple"},"acf":[],"_links":{"self":[{"href":"https:\/\/pharmabiz.pt\/en\/wp-json\/wp\/v2\/product\/3794","targetHints":{"allow":["GET"]}}],"collection":[{"href":"https:\/\/pharmabiz.pt\/en\/wp-json\/wp\/v2\/product"}],"about":[{"href":"https:\/\/pharmabiz.pt\/en\/wp-json\/wp\/v2\/types\/product"}],"replies":[{"embeddable":true,"href":"https:\/\/pharmabiz.pt\/en\/wp-json\/wp\/v2\/comments?post=3794"}],"wp:featuredmedia":[{"embeddable":true,"href":"https:\/\/pharmabiz.pt\/en\/wp-json\/wp\/v2\/media\/9392"}],"wp:attachment":[{"href":"https:\/\/pharmabiz.pt\/en\/wp-json\/wp\/v2\/media?parent=3794"}],"wp:term":[{"taxonomy":"product_brand","embeddable":true,"href":"https:\/\/pharmabiz.pt\/en\/wp-json\/wp\/v2\/product_brand?post=3794"},{"taxonomy":"product_cat","embeddable":true,"href":"https:\/\/pharmabiz.pt\/en\/wp-json\/wp\/v2\/product_cat?post=3794"},{"taxonomy":"product_tag","embeddable":true,"href":"https:\/\/pharmabiz.pt\/en\/wp-json\/wp\/v2\/product_tag?post=3794"}],"curies":[{"name":"wp","href":"https:\/\/api.w.org\/{rel}","templated":true}]}}