{"id":3798,"date":"2018-12-02T11:52:36","date_gmt":"2018-12-02T11:52:36","guid":{"rendered":"https:\/\/pharmabiz.pt\/produto\/alara-muesli-estilo-suico-biologico-embalagem-450-g\/"},"modified":"2020-07-16T01:14:07","modified_gmt":"2020-07-16T00:14:07","slug":"alara-swiss-style-muesli-organic","status":"publish","type":"product","link":"https:\/\/pharmabiz.pt\/en\/product\/alara-swiss-style-muesli-organic\/","title":{"rendered":"ALARA Swiss Style Muesli Organic"},"content":{"rendered":"<div class=\"wpb-content-wrapper\"><p>[vc_row][vc_column width=&#8221;1\/2&#8243;][vc_column_text]<\/p>\n<h4><strong>Uma Deliciosa Receita Su\u00ed\u00e7a com Suculentas Frutas e Sem Adi\u00e7\u00e3o de A\u00e7\u00facar.<\/strong><\/h4>\n<p>Escolhemos uma sele\u00e7\u00e3o dos melhores ingredientes org\u00e2nicos para produzir o nosso muesli \u201cEstilo Su\u00ed\u00e7o\u201d. Aveia saud\u00e1vel, flocos de trigo maltado, suculentas sultanas, sementes de girassol e avel\u00e3s torradas integram-se para criar uma refei\u00e7\u00e3o nutricionalmente equilibrada qualquer hora do dia. O segredo da nossa receita \u00e9 que ela \u00e9 ado\u00e7ada com n\u00e9ctar evaporado de flor de coco, enriquecida com leite org\u00e2nico cremoso e sem adi\u00e7\u00e3o de a\u00e7\u00facar nem de sal. Energia a qualquer hora do dia!<\/p>\n<h4><strong><span style=\"color: #6ba539;\">Denomina\u00e7\u00e3o de Venda:<\/span><\/strong><\/h4>\n<p>Papa de Luxo com Flocos Integrais Sem Gl\u00faten<\/p>\n<h4><span style=\"color: #6ba539;\"><strong>Ingredientes:<\/strong><\/span><\/h4>\n<p>Flocos Integrais de AVEIA (42,5%), Flocos Integrais de Trigo (21%), Sultanas (17%), Sementes de Girassol (14%), N\u00e9ctar de Flor de Coco (3,5%), AVEL\u00c3S torradas (1%), LEITE Desnatado em p\u00f3 (1%).<\/p>\n<h4><span style=\"color: #6ba539;\"><strong>Al\u00e9rgeno Informa\u00e7\u00f5es:<\/strong><\/span><\/h4>\n<p>Ver informa\u00e7\u00e3o a\u00a0<strong>negrito. <\/strong>Produzido num ambiente onde podem estar presentes, nozes, amendoim, soja, SO2 e sementes de s\u00e9samo.<\/p>\n<h4><strong><span style=\"color: #6ba539;\">Modo de Utiliza\u00e7\u00e3o\/ Prepara\u00e7\u00e3o:<\/span><\/strong><\/h4>\n<p>Para um delicioso pequeno-almo\u00e7o, adicione a leite, sumo ou iogurte \u00e0 sua escolha. Pode ser misturada em smoothies ou embebida durante a noite para amolecer os gr\u00e3os e as sementes.<\/p>\n<h4><span style=\"color: #6ba539;\"><strong>Conserva\u00e7\u00e3o:<\/strong><\/span><\/h4>\n<p>Conservar em local fresco e seco, ao abrigo da luz solar.<\/p>\n<h4><strong><span style=\"color: #6ba539;\">Apresenta\u00e7\u00e3o:<\/span><\/strong><\/h4>\n<p>Embalagem de cart\u00e3o com filme compost\u00e1vel.\u00a0Este filme \u00e9 feito de recursos renov\u00e1veis, com fibras vegetais e \u00e9 completamente compost\u00e1vel e n\u00e3o-t\u00f3xico para o meio ambiente.\u00a0\u00c9 t\u00e3o dur\u00e1vel quanto as embalagens pl\u00e1sticas comuns, mas degrada-se facilmente na compostagem dom\u00e9stica. Isenta de pl\u00e1stico.<\/p>\n<h4><strong><span style=\"color: #6ba539;\">Peso L\u00edquido:<\/span><\/strong><\/h4>\n<p>450g<\/p>\n<h4><span style=\"color: #6ba539;\"><strong>Caixa de Transporte:<\/strong><\/span><\/h4>\n<p><strong>\u00a0<\/strong>6 uni. x 450g<\/p>\n<h4><span style=\"color: #6ba539;\"><strong>Origem:<\/strong><\/span><\/h4>\n<p>Reino Unido<\/p>\n<h4><span style=\"color: #6ba539;\"><strong>Distribu\u00eddo por:<\/strong><\/span><\/h4>\n<p>Pharmabiz, Lda.<\/p>\n<p>[\/vc_column_text][\/vc_column][vc_column width=&#8221;1\/2&#8243;]<\/p>\n<div class=\"nflc nutrition-section std\">\t\r\n\t\t<ul class=\"nutrition-table\" itemprop=\"nutrition\" itemscope itemtype=\"http:\/\/schema.org\/NutritionInformation\">\r\n\t\t\t<li class=\"nt-header b-0\"><h2 class=\"nt-title\">Declara\u00e7\u00e3o Nutricional por 100g<\/h2><\/li><li class=\"nt-row b-0\"><span class=\"nt-label col-50\">Servings Per Container<\/span><span class=\"nt-value col-50\" itemprop=\"servingSize\">11<\/span><\/li><li class=\"nt-row sep-10 serving-size\"><span class=\"nt-label col-50\">Serving Size<\/span><span class=\"nt-value col-50\" itemprop=\"servingSize\">40g<\/span><\/li><li class=\"nt-row font-bold b-0\"><span class=\"nt-label\">Amount per serving<\/span><\/li><li class=\"nt-row font-bold calories sep-8\"><span class=\"nt-label col-70\">Calories<\/span><span class=\"nt-value col-30\" itemprop=\"servingSize\">159<\/span><\/li><li class=\"nt-head font-bold sep-4\"><span class=\"nt-label nutrient-label col-40\"><\/span><span class=\"nt-label amount-label col-30\"><\/span><span class=\"pdv-label col-30\">% Daily Value*<\/span><\/li><br \/>\n<b>Warning<\/b>:  Undefined array key \"amt\" in <b>\/var\/www\/vhosts\/pharmabiz.pt\/httpdocs\/wp-content\/plugins\/nutrition-facts-label-creator\/nflc_templates\/default.php<\/b> on line <b>137<\/b><br \/>\n<br \/>\n<b>Warning<\/b>:  Undefined array key \"unit\" in <b>\/var\/www\/vhosts\/pharmabiz.pt\/httpdocs\/wp-content\/plugins\/nutrition-facts-label-creator\/nflc_templates\/default.php<\/b> on line <b>137<\/b><br \/>\n<li><span class=\"nt-label col-40 font-bold\">VALORES M\u00c9DIOS<\/span><span class=\"nt-amount col-30\"> <\/span><\/li><br \/>\n<b>Warning<\/b>:  A non-numeric value encountered in <b>\/var\/www\/vhosts\/pharmabiz.pt\/httpdocs\/wp-content\/plugins\/nutrition-facts-label-creator\/nflc_templates\/default.php<\/b> on line <b>122<\/b><br \/>\n<br \/>\n<b>Warning<\/b>:  Undefined array key \"unit\" in <b>\/var\/www\/vhosts\/pharmabiz.pt\/httpdocs\/wp-content\/plugins\/nutrition-facts-label-creator\/nflc_templates\/default.php<\/b> on line <b>137<\/b><br \/>\n<br \/>\n<b>Warning<\/b>:  Undefined array key \"unit\" in <b>\/var\/www\/vhosts\/pharmabiz.pt\/httpdocs\/wp-content\/plugins\/nutrition-facts-label-creator\/nflc_templates\/default.php<\/b> on line <b>138<\/b><br \/>\n<li><span class=\"nt-label col-40 font-bold\">Energia kJ \/ kcal<\/span><span class=\"nt-amount col-30\">1678 \/ 399 <\/span><span class=\"nt-value col-30\">19.98%<\/span><\/li><li><span class=\"nt-label col-40 font-bold\">L\u00edpidos totais<\/span><span class=\"nt-amount col-30\">10.7 g<\/span><span class=\"nt-value col-30\">15.29%<\/span><\/li><li class=\"nt-sublevel-1\"><span class=\"nt-label col-40\">.dos quais saturados<\/span><span class=\"nt-amount col-30\">1.3 g<\/span><span class=\"nt-value col-30\">6.5%<\/span><\/li><li class=\"nt-sublevel-1\"><span class=\"nt-label col-40\">.dos quais monoinsaturados<\/span><span class=\"nt-amount col-30\">2.9 g<\/span><\/li><li class=\"nt-sublevel-1\"><span class=\"nt-label col-40\">.dos quais poliinsaturados (\u00d3mega 3)<\/span><span class=\"nt-amount col-30\">5.7 g<\/span><\/li><li><span class=\"nt-label col-40 font-bold\">Hidratos de Carbono<\/span><span class=\"nt-amount col-30\">60.1 g<\/span><span class=\"nt-value col-30\">23.12%<\/span><\/li><li class=\"nt-sublevel-1\"><span class=\"nt-label col-40\">.dos quais a\u00e7\u00facares<\/span><span class=\"nt-amount col-30\">16.9 g<\/span><span class=\"nt-value col-30\">18.78%<\/span><\/li><li><span class=\"nt-label col-40 font-bold\">Fibra<\/span><span class=\"nt-amount col-30\">8.5 g<\/span><span class=\"nt-value col-30\">34%<\/span><\/li><li><span class=\"nt-label col-40 font-bold\">Prote\u00ednas<\/span><span class=\"nt-amount col-30\">11.3 g<\/span><span class=\"nt-value col-30\">22.6%<\/span><\/li><li><span class=\"nt-label col-40 font-bold\">Sal (naturalmente presente)<\/span><span class=\"nt-amount col-30\">0.04 g<\/span><span class=\"nt-value col-30\">0.67%<\/span><\/li><li class=\"nt-footer b-0\">*DR - Dose de Refer\u00eancia para um adulto m\u00e9dio (8400kJ \/ 2000 kcal).<br \/>\n**VRN - Valor de Refer\u00eancia do Nutriente.<br \/>\nNOTA - Os Valores Nutricionais podem variar de acordo com a sazonalidade.<\/li>\t\t<\/ul><!-- \/.nutrition-table -->\r\n\t<\/div><!-- \/.nutrition-section -->\n<p>[\/vc_column][\/vc_row]<\/p>\n<\/div>","protected":false},"excerpt":{"rendered":"<p>BIOL\u00d3GICO \u00b7 CONT\u00c9M GR\u00c3OS INTEGRAIS \u00b7 RICO EM FIBRA \u00b7 SEM SAL ADICIONADO \u00b7 NUTRI\u00c7\u00c3O EQUILIBRADA<\/p>\n<p><img loading=\"lazy\" decoding=\"async\" class=\"alignnone wp-image-6009\" src=\"https:\/\/pharmabiz.pt\/wp-content\/uploads\/2020\/05\/Logo-BIO_EU_website-Pharmabiz.png\" alt=\"\" width=\"97\" height=\"65\" srcset=\"https:\/\/pharmabiz.pt\/wp-content\/uploads\/2020\/05\/Logo-BIO_EU_website-Pharmabiz.png 300w, https:\/\/pharmabiz.pt\/wp-content\/uploads\/2020\/05\/Logo-BIO_EU_website-Pharmabiz.png 1024w, https:\/\/pharmabiz.pt\/wp-content\/uploads\/2020\/05\/Logo-BIO_EU_website-Pharmabiz.png 768w, https:\/\/pharmabiz.pt\/wp-content\/uploads\/2020\/05\/Logo-BIO_EU_website-Pharmabiz.png 1200w, https:\/\/pharmabiz.pt\/wp-content\/uploads\/2020\/05\/Logo-BIO_EU_website-Pharmabiz.png 600w, https:\/\/pharmabiz.pt\/wp-content\/uploads\/2020\/05\/Logo-BIO_EU_website-Pharmabiz.png 1269w\" sizes=\"auto, (max-width: 97px) 100vw, 97px\" \/>\u00a0 \u00a0<img loading=\"lazy\" decoding=\"async\" class=\"alignnone wp-image-6085\" src=\"https:\/\/pharmabiz.pt\/wp-content\/uploads\/2020\/05\/Soil_Association_symbol-1016x1024-1.jpg\" alt=\"\" width=\"64\" height=\"65\" srcset=\"https:\/\/pharmabiz.pt\/wp-content\/uploads\/2020\/05\/Soil_Association_symbol-1016x1024-1.jpg 300w, https:\/\/pharmabiz.pt\/wp-content\/uploads\/2020\/05\/Soil_Association_symbol-1016x1024-1.jpg 150w, https:\/\/pharmabiz.pt\/wp-content\/uploads\/2020\/05\/Soil_Association_symbol-1016x1024-1.jpg 768w, https:\/\/pharmabiz.pt\/wp-content\/uploads\/2020\/05\/Soil_Association_symbol-1016x1024-1.jpg 45w, https:\/\/pharmabiz.pt\/wp-content\/uploads\/2020\/05\/Soil_Association_symbol-1016x1024-1.jpg 600w, https:\/\/pharmabiz.pt\/wp-content\/uploads\/2020\/05\/Soil_Association_symbol-1016x1024-1.jpg 100w, https:\/\/pharmabiz.pt\/wp-content\/uploads\/2020\/05\/Soil_Association_symbol-1016x1024-1.jpg 844w\" sizes=\"auto, (max-width: 64px) 100vw, 64px\" \/>\u00a0 \u00a0<img loading=\"lazy\" decoding=\"async\" class=\"alignnone wp-image-6112\" src=\"https:\/\/pharmabiz.pt\/wp-content\/uploads\/2020\/05\/Logo-No-Sugar-Added-1.jpg\" alt=\"\" width=\"65\" height=\"65\" srcset=\"https:\/\/pharmabiz.pt\/wp-content\/uploads\/2020\/05\/Logo-No-Sugar-Added-1.jpg 300w, https:\/\/pharmabiz.pt\/wp-content\/uploads\/2020\/05\/Logo-No-Sugar-Added-1.jpg 150w, https:\/\/pharmabiz.pt\/wp-content\/uploads\/2020\/05\/Logo-No-Sugar-Added-1.jpg 768w, https:\/\/pharmabiz.pt\/wp-content\/uploads\/2020\/05\/Logo-No-Sugar-Added-1.jpg 45w, https:\/\/pharmabiz.pt\/wp-content\/uploads\/2020\/05\/Logo-No-Sugar-Added-1.jpg 600w, https:\/\/pharmabiz.pt\/wp-content\/uploads\/2020\/05\/Logo-No-Sugar-Added-1.jpg 100w, https:\/\/pharmabiz.pt\/wp-content\/uploads\/2020\/05\/Logo-No-Sugar-Added-1.jpg 851w\" sizes=\"auto, (max-width: 65px) 100vw, 65px\" \/>\u00a0 \u00a0<img loading=\"lazy\" decoding=\"async\" class=\"alignnone wp-image-6061\" src=\"https:\/\/pharmabiz.pt\/wp-content\/uploads\/2020\/05\/Logo-100-RAW-1.jpg\" alt=\"\" width=\"72\" height=\"65\" srcset=\"https:\/\/pharmabiz.pt\/wp-content\/uploads\/2020\/05\/Logo-100-RAW-1.jpg 300w, https:\/\/pharmabiz.pt\/wp-content\/uploads\/2020\/05\/Logo-100-RAW-1.jpg 768w, https:\/\/pharmabiz.pt\/wp-content\/uploads\/2020\/05\/Logo-100-RAW-1.jpg 600w, https:\/\/pharmabiz.pt\/wp-content\/uploads\/2020\/05\/Logo-100-RAW-1.jpg 939w\" sizes=\"auto, (max-width: 72px) 100vw, 72px\" \/>\u00a0 \u00a0<img loading=\"lazy\" decoding=\"async\" class=\"alignnone wp-image-6121\" src=\"https:\/\/pharmabiz.pt\/wp-content\/uploads\/2020\/05\/12418226-1.jpg\" alt=\"\" width=\"72\" height=\"65\" srcset=\"https:\/\/pharmabiz.pt\/wp-content\/uploads\/2020\/05\/12418226-1.jpg 300w, https:\/\/pharmabiz.pt\/wp-content\/uploads\/2020\/05\/12418226-1.jpg 768w, https:\/\/pharmabiz.pt\/wp-content\/uploads\/2020\/05\/12418226-1.jpg 600w, https:\/\/pharmabiz.pt\/wp-content\/uploads\/2020\/05\/12418226-1.jpg 937w\" sizes=\"auto, (max-width: 72px) 100vw, 72px\" \/>\u00a0 \u00a0<img loading=\"lazy\" decoding=\"async\" class=\"alignnone wp-image-6076\" src=\"https:\/\/pharmabiz.pt\/wp-content\/uploads\/2020\/05\/Logo-VINCOTTE-Compostable_OKhome_TA-OKH3.jpg\" alt=\"\" width=\"140\" height=\"65\" srcset=\"https:\/\/pharmabiz.pt\/wp-content\/uploads\/2020\/05\/Logo-VINCOTTE-Compostable_OKhome_TA-OKH3.jpg 300w, https:\/\/pharmabiz.pt\/wp-content\/uploads\/2020\/05\/Logo-VINCOTTE-Compostable_OKhome_TA-OKH3.jpg 1024w, https:\/\/pharmabiz.pt\/wp-content\/uploads\/2020\/05\/Logo-VINCOTTE-Compostable_OKhome_TA-OKH3.jpg 768w, https:\/\/pharmabiz.pt\/wp-content\/uploads\/2020\/05\/Logo-VINCOTTE-Compostable_OKhome_TA-OKH3.jpg 1536w, https:\/\/pharmabiz.pt\/wp-content\/uploads\/2020\/05\/Logo-VINCOTTE-Compostable_OKhome_TA-OKH3.jpg 1200w, https:\/\/pharmabiz.pt\/wp-content\/uploads\/2020\/05\/Logo-VINCOTTE-Compostable_OKhome_TA-OKH3.jpg 1320w, https:\/\/pharmabiz.pt\/wp-content\/uploads\/2020\/05\/Logo-VINCOTTE-Compostable_OKhome_TA-OKH3.jpg 600w, https:\/\/pharmabiz.pt\/wp-content\/uploads\/2020\/05\/Logo-VINCOTTE-Compostable_OKhome_TA-OKH3.jpg 1834w\" sizes=\"auto, (max-width: 140px) 100vw, 140px\" \/><\/p>\n","protected":false},"featured_media":8903,"comment_status":"open","ping_status":"closed","template":"","meta":{"_acf_changed":false},"product_brand":[298],"product_cat":[150,136,275,269,266,256,172],"product_tag":[234,272,192,207,429,195,189],"class_list":{"0":"post-3798","1":"product","2":"type-product","3":"status-publish","4":"has-post-thumbnail","6":"product_brand-alara","7":"product_cat-cereals-muesli-and-granola","8":"product_cat-food","9":"product_cat-no-added-salt","10":"product_cat-no-added-sugar","11":"product_cat-oats","12":"product_cat-organic-certified","13":"product_cat-seeds-and-nuts","14":"product_tag-cholesterol-and-triglycerides","15":"product_tag-diabetes-en","16":"product_tag-energy-and-vitality","17":"product_tag-heart","18":"product_tag-omega-3-en","19":"product_tag-sports-and-fitness","20":"product_tag-weight-management","21":"pa_marca-alara-en","23":"first","24":"outofstock","25":"taxable","26":"shipping-taxable","27":"purchasable","28":"product-type-simple"},"acf":[],"_links":{"self":[{"href":"https:\/\/pharmabiz.pt\/en\/wp-json\/wp\/v2\/product\/3798","targetHints":{"allow":["GET"]}}],"collection":[{"href":"https:\/\/pharmabiz.pt\/en\/wp-json\/wp\/v2\/product"}],"about":[{"href":"https:\/\/pharmabiz.pt\/en\/wp-json\/wp\/v2\/types\/product"}],"replies":[{"embeddable":true,"href":"https:\/\/pharmabiz.pt\/en\/wp-json\/wp\/v2\/comments?post=3798"}],"wp:featuredmedia":[{"embeddable":true,"href":"https:\/\/pharmabiz.pt\/en\/wp-json\/wp\/v2\/media\/8903"}],"wp:attachment":[{"href":"https:\/\/pharmabiz.pt\/en\/wp-json\/wp\/v2\/media?parent=3798"}],"wp:term":[{"taxonomy":"product_brand","embeddable":true,"href":"https:\/\/pharmabiz.pt\/en\/wp-json\/wp\/v2\/product_brand?post=3798"},{"taxonomy":"product_cat","embeddable":true,"href":"https:\/\/pharmabiz.pt\/en\/wp-json\/wp\/v2\/product_cat?post=3798"},{"taxonomy":"product_tag","embeddable":true,"href":"https:\/\/pharmabiz.pt\/en\/wp-json\/wp\/v2\/product_tag?post=3798"}],"curies":[{"name":"wp","href":"https:\/\/api.w.org\/{rel}","templated":true}]}}