{"id":3860,"date":"2014-08-29T16:34:21","date_gmt":"2014-08-29T15:34:21","guid":{"rendered":"https:\/\/pharmabiz.pt\/produto\/polpa-do-fruto-baobab-po\/"},"modified":"2024-05-08T13:43:36","modified_gmt":"2024-05-08T12:43:36","slug":"ox-baobab-fruit-pulp-native-dried-powder-100g","status":"publish","type":"product","link":"https:\/\/pharmabiz.pt\/en\/product\/ox-baobab-fruit-pulp-native-dried-powder-100g\/","title":{"rendered":"OX BAOBAB FRUIT PULP, NATIVE DRIED POWDER 100g"},"content":{"rendered":"<div class=\"wpb-content-wrapper\"><p>[vc_row][vc_column width=&#8221;1\/2&#8243;][vc_column_text]<img loading=\"lazy\" decoding=\"async\" class=\"alignnone wp-image-11246 size-large\" src=\"https:\/\/pharmabiz.pt\/wp-content\/uploads\/2014\/08\/Arvore-Baobab-1-1024x681.jpg\" alt=\"\" width=\"1024\" height=\"681\" srcset=\"https:\/\/pharmabiz.pt\/wp-content\/uploads\/2014\/08\/Arvore-Baobab-1-1024x681.jpg 1024w, https:\/\/pharmabiz.pt\/wp-content\/uploads\/2014\/08\/Arvore-Baobab-1-300x200.jpg 300w, https:\/\/pharmabiz.pt\/wp-content\/uploads\/2014\/08\/Arvore-Baobab-1-768x511.jpg 768w, https:\/\/pharmabiz.pt\/wp-content\/uploads\/2014\/08\/Arvore-Baobab-1-600x399.jpg 600w, https:\/\/pharmabiz.pt\/wp-content\/uploads\/2014\/08\/Arvore-Baobab-1.jpg 1189w\" sizes=\"auto, (max-width: 1024px) 100vw, 1024px\" \/><\/p>\n<div class=\"woocommerce-tabs\">\n<div id=\"description\" class=\"panel entry-content\">\n<p><strong>OX NATURE ORGANIC BAOBAB FRUIT PULP | NATIVE DRIED POWDER<\/strong><\/p>\n<p>It was the first organic natural complex created, dehydrated and stabilized by nature, only undergoing a mechanical process to separate the powder from the fruit.<\/p>\n<p>The fruit is known as: Baobab, Mukua or Malambe and grows on the legendary African tree &#8220;Imbondeiro&#8221;, nicknamed the &#8220;Tree of Life&#8221; by the local tribes, who made it their main source of nutrition. This ancient sacred tree lives for between three and six thousand years and is one of the oldest on earth.<\/p>\n<p><b><\/b><strong>Sales Denomination:<\/strong><\/p>\n<p>Baobab Fruit Pulp Dehydrated by Nature Bio<\/p>\n<h4><strong>Ingredients:<\/strong><\/h4>\n<p>100% Organic Baobab pulp<em>(Adonsonia digitata<\/em>) dehydrated by nature.<\/p>\n<h4><strong>Instructions for use:<\/strong><\/h4>\n<p>As part of a varied and balanced diet and a healthy lifestyle, consume 1 heaped teaspoon (5g) a day. Add to: water, fruit and vegetable juices or smoothies.<\/p>\n<h4><strong>Conservation:<\/strong><\/h4>\n<p>To maintain the integrity of this product, close the package tightly and store in a cool, dry place away from heat and sunlight.<\/p>\n<h4><strong>Warning:<\/strong><\/h4>\n<p>Baobab should not be used as a substitute for a varied, balanced diet and a healthy lifestyle. If you are pregnant, breastfeeding or on medication, ask your doctor for advice. In the event of any adverse reaction, discontinue use and consult your doctor or nutritionist.<\/p>\n<p><em><strong>*This product is not intended to diagnose, treat, cure or prevent any disease, use only as a dietary supplement.<\/strong><\/em><\/p>\n<h4><strong>Net weight:<\/strong><\/h4>\n<p>100g<\/p>\n<h4><strong>Transport box:<\/strong><\/h4>\n<p>12 x 100g<\/p>\n<h4><strong>Source:<\/strong><\/h4>\n<p>Senegal<\/p>\n<h4><strong>Distributed by:<\/strong><\/h4>\n<p>Pharmabiz, Lda.<\/p>\n<\/div>\n<\/div>\n<section class=\"related products\"><\/section>\n<p>[\/vc_column_text][\/vc_column][vc_column width=&#8221;1\/2&#8243;]<div class=\"nflc nutrition-section std\">\t\r\n\t\t<ul class=\"nutrition-table\" itemprop=\"nutrition\" itemscope itemtype=\"http:\/\/schema.org\/NutritionInformation\">\r\n\t\t\t<li class=\"nt-header b-0\"><h2 class=\"nt-title\">Declara\u00e7\u00e3o Nutricional por 100g<\/h2><\/li><li class=\"nt-row b-0\"><span class=\"nt-label col-50\">Servings Per Container<\/span><span class=\"nt-value col-50\" itemprop=\"servingSize\">20<\/span><\/li><li class=\"nt-row sep-10 serving-size\"><span class=\"nt-label col-50\">Serving Size<\/span><span class=\"nt-value col-50\" itemprop=\"servingSize\">5g<\/span><\/li><li class=\"nt-row font-bold b-0\"><span class=\"nt-label\">Amount per serving<\/span><\/li><li class=\"nt-row font-bold calories sep-8\"><span class=\"nt-label col-70\">Calories<\/span><span class=\"nt-value col-30\" itemprop=\"servingSize\">14<\/span><\/li><li class=\"nt-head font-bold sep-4\"><span class=\"nt-label nutrient-label col-40\"><\/span><span class=\"nt-label amount-label col-30\"><\/span><span class=\"pdv-label col-30\">% Daily Value*<\/span><\/li><br \/>\n<b>Warning<\/b>:  Undefined array key \"amt\" in <b>\/var\/www\/vhosts\/pharmabiz.pt\/httpdocs\/wp-content\/plugins\/nutrition-facts-label-creator\/nflc_templates\/default.php<\/b> on line <b>137<\/b><br \/>\n<br \/>\n<b>Warning<\/b>:  Undefined array key \"unit\" in <b>\/var\/www\/vhosts\/pharmabiz.pt\/httpdocs\/wp-content\/plugins\/nutrition-facts-label-creator\/nflc_templates\/default.php<\/b> on line <b>137<\/b><br \/>\n<li><span class=\"nt-label col-40 font-bold\">VALORES M\u00c9DIOS<\/span><span class=\"nt-amount col-30\"> <\/span><\/li><br \/>\n<b>Warning<\/b>:  A non-numeric value encountered in <b>\/var\/www\/vhosts\/pharmabiz.pt\/httpdocs\/wp-content\/plugins\/nutrition-facts-label-creator\/nflc_templates\/default.php<\/b> on line <b>122<\/b><br \/>\n<br \/>\n<b>Warning<\/b>:  Undefined array key \"unit\" in <b>\/var\/www\/vhosts\/pharmabiz.pt\/httpdocs\/wp-content\/plugins\/nutrition-facts-label-creator\/nflc_templates\/default.php<\/b> on line <b>137<\/b><br \/>\n<br \/>\n<b>Warning<\/b>:  Undefined array key \"unit\" in <b>\/var\/www\/vhosts\/pharmabiz.pt\/httpdocs\/wp-content\/plugins\/nutrition-facts-label-creator\/nflc_templates\/default.php<\/b> on line <b>138<\/b><br \/>\n<li><span class=\"nt-label col-40 font-bold\">Energia kJ \/ kcal<\/span><span class=\"nt-amount col-30\">1142 \/ 274  <\/span><span class=\"nt-value col-30\">13.6%<\/span><\/li><li><span class=\"nt-label col-40 font-bold\">L\u00edpidos totais<\/span><span class=\"nt-amount col-30\">1 g<\/span><span class=\"nt-value col-30\">1.43%<\/span><\/li><li class=\"nt-sublevel-1\"><span class=\"nt-label col-40\">.dos quais saturados<\/span><span class=\"nt-amount col-30\">0 g<\/span><span class=\"nt-value col-30\">0%<\/span><\/li><li><span class=\"nt-label col-40 font-bold\">Hidratos de Carbono<\/span><span class=\"nt-amount col-30\">44 g<\/span><span class=\"nt-value col-30\">16.92%<\/span><\/li><li class=\"nt-sublevel-1\"><span class=\"nt-label col-40\">.dos quais a\u00e7\u00facares<\/span><span class=\"nt-amount col-30\">24 g<\/span><span class=\"nt-value col-30\">26.67%<\/span><\/li><li><span class=\"nt-label col-40 font-bold\">Fibra<\/span><span class=\"nt-amount col-30\">45 g<\/span><span class=\"nt-value col-30\"><b>180%<\/b><\/span><\/li><li class=\"nt-sublevel-1\"><span class=\"nt-label col-40\">.da qual insol\u00favel<\/span><span class=\"nt-amount col-30\">15 g<\/span><\/li><li class=\"nt-sublevel-1\"><span class=\"nt-label col-40\">.da qual sol\u00favel<\/span><span class=\"nt-amount col-30\">29 g<\/span><\/li><li><span class=\"nt-label col-40 font-bold\">Prote\u00ednas<\/span><span class=\"nt-amount col-30\">2.3 g<\/span><span class=\"nt-value col-30\">4.6%<\/span><\/li><li><span class=\"nt-label col-40 font-bold\">Sal (naturalmente presente)<\/span><span class=\"nt-amount col-30\">0.47 g<\/span><span class=\"nt-value col-30\">7.83%<\/span><\/li><br \/>\n<b>Warning<\/b>:  Undefined array key \"amt\" in <b>\/var\/www\/vhosts\/pharmabiz.pt\/httpdocs\/wp-content\/plugins\/nutrition-facts-label-creator\/nflc_templates\/default.php<\/b> on line <b>137<\/b><br \/>\n<br \/>\n<b>Warning<\/b>:  Undefined array key \"unit\" in <b>\/var\/www\/vhosts\/pharmabiz.pt\/httpdocs\/wp-content\/plugins\/nutrition-facts-label-creator\/nflc_templates\/default.php<\/b> on line <b>137<\/b><br \/>\n<li><span class=\"nt-label col-40 font-bold\">VITAMINAS<\/span><span class=\"nt-amount col-30\"> <\/span><\/li><li><span class=\"nt-label col-40 font-bold\">Vitamina C<\/span><span class=\"nt-amount col-30\">289 mg<\/span><span class=\"nt-value col-30\"><b>361.25%<\/b><\/span><\/li><li><span class=\"nt-label col-40 font-bold\">Tiamina<\/span><span class=\"nt-amount col-30\">0.43 mg<\/span><span class=\"nt-value col-30\">39.09%<\/span><\/li><li><span class=\"nt-label col-40 font-bold\">Vitamina B6<\/span><span class=\"nt-amount col-30\">0.62 mg<\/span><span class=\"nt-value col-30\">44.29%<\/span><\/li><br \/>\n<b>Warning<\/b>:  Undefined array key \"amt\" in <b>\/var\/www\/vhosts\/pharmabiz.pt\/httpdocs\/wp-content\/plugins\/nutrition-facts-label-creator\/nflc_templates\/default.php<\/b> on line <b>137<\/b><br \/>\n<br \/>\n<b>Warning<\/b>:  Undefined array key \"unit\" in <b>\/var\/www\/vhosts\/pharmabiz.pt\/httpdocs\/wp-content\/plugins\/nutrition-facts-label-creator\/nflc_templates\/default.php<\/b> on line <b>137<\/b><br \/>\n<li><span class=\"nt-label col-40 font-bold\">MINERAIS<\/span><span class=\"nt-amount col-30\"> <\/span><\/li><li><span class=\"nt-label col-40 font-bold\">Pot\u00e1ssio<\/span><span class=\"nt-amount col-30\">2160 mg<\/span><span class=\"nt-value col-30\"><b>108%<\/b><\/span><\/li><li><span class=\"nt-label col-40 font-bold\">C\u00e1lcio<\/span><span class=\"nt-amount col-30\">275  mg<\/span><span class=\"nt-value col-30\">34.38%<\/span><\/li><li><span class=\"nt-label col-40 font-bold\">Magn\u00e9sio<\/span><span class=\"nt-amount col-30\">154 mg<\/span><span class=\"nt-value col-30\">41.07%<\/span><\/li><li><span class=\"nt-label col-40 font-bold\">Mangan\u00eas<\/span><span class=\"nt-amount col-30\">0.71 mg<\/span><span class=\"nt-value col-30\">35.5%<\/span><\/li><br \/>\n<b>Warning<\/b>:  Undefined array key \"amt\" in <b>\/var\/www\/vhosts\/pharmabiz.pt\/httpdocs\/wp-content\/plugins\/nutrition-facts-label-creator\/nflc_templates\/default.php<\/b> on line <b>137<\/b><br \/>\n<br \/>\n<b>Warning<\/b>:  Undefined array key \"unit\" in <b>\/var\/www\/vhosts\/pharmabiz.pt\/httpdocs\/wp-content\/plugins\/nutrition-facts-label-creator\/nflc_templates\/default.php<\/b> on line <b>137<\/b><br \/>\n<li><span class=\"nt-label col-40 font-bold\">AMINO\u00c1CIDOS ESSENCIAIS<\/span><span class=\"nt-amount col-30\"> <\/span><\/li><li><span class=\"nt-label col-40 font-bold\">Fenilalanina<\/span><span class=\"nt-amount col-30\">4110 mg<\/span><\/li><li><span class=\"nt-label col-40 font-bold\">Isoleucina<\/span><span class=\"nt-amount col-30\">10730 mg<\/span><\/li><li><span class=\"nt-label col-40 font-bold\">Leucina<\/span><span class=\"nt-amount col-30\">8.41 mg<\/span><\/li><li><span class=\"nt-label col-40 font-bold\">Lisina<\/span><span class=\"nt-amount col-30\">14620 mg<\/span><\/li><li><span class=\"nt-label col-40 font-bold\">Metionina<\/span><span class=\"nt-amount col-30\">4920 mg<\/span><\/li><li><span class=\"nt-label col-40 font-bold\">Treonina<\/span><span class=\"nt-amount col-30\">2960  mg<\/span><\/li><li><span class=\"nt-label col-40 font-bold\">Triptofano<\/span><span class=\"nt-amount col-30\">1490 mg<\/span><\/li><li><span class=\"nt-label col-40 font-bold\">Histidina<\/span><span class=\"nt-amount col-30\">2710  mg<\/span><\/li><li><span class=\"nt-label col-40 font-bold\">Valina<\/span><span class=\"nt-amount col-30\">1620  mg<\/span><\/li><br \/>\n<b>Warning<\/b>:  Undefined array key \"amt\" in <b>\/var\/www\/vhosts\/pharmabiz.pt\/httpdocs\/wp-content\/plugins\/nutrition-facts-label-creator\/nflc_templates\/default.php<\/b> on line <b>137<\/b><br \/>\n<br \/>\n<b>Warning<\/b>:  Undefined array key \"unit\" in <b>\/var\/www\/vhosts\/pharmabiz.pt\/httpdocs\/wp-content\/plugins\/nutrition-facts-label-creator\/nflc_templates\/default.php<\/b> on line <b>137<\/b><br \/>\n<li><span class=\"nt-label col-40 font-bold\">OUTROS<\/span><span class=\"nt-amount col-30\"> <\/span><\/li><li><span class=\"nt-label col-40 font-bold\">Pectina<\/span><span class=\"nt-amount col-30\">18 g<\/span><\/li><li><span class=\"nt-label col-40 font-bold\">\u00cdndice ORAC (Capacidade de Absor\u00e7\u00e3o dos Radicais Oxigenados)<\/span><span class=\"nt-amount col-30\">19100 umol TE<\/span><\/li><li class=\"nt-footer b-0\">*DR - Dose de Refer\u00eancia para um adulto m\u00e9dio (8400kJ \/ 2000 kcal).<br \/>\n**VRN - Valor de Refer\u00eancia do Nutriente.<br \/>\nNOTA - Os Valores Nutricionais podem variar de acordo com a sazonalidade.<\/li>\t\t<\/ul><!-- \/.nutrition-table -->\r\n\t<\/div><!-- \/.nutrition-section -->[vc_empty_space][vc_column_text]<\/p>\n<div class=\"woocommerce-tabs\">\n<div id=\"description\" class=\"panel entry-content\">\n<p><strong>NUTRITIONAL PROPERTIES<\/strong><\/p>\n<p>It contains soluble and insoluble fibers with prebiotic activity, promoting a healthy digestive process and the balance of intestinal flora, as well as being rich in Vitamin C, calcium and manganese.<\/p>\n<p><strong>HEALTH BENEFITS*<\/strong><br \/>\n*These nutrients contribute to<\/p>\n<p><strong>VITAMIN C<\/strong><br \/>\n*the normal functioning of the immune system.<br \/>\n*Reducing tiredness and fatigue.<br \/>\n*Increases iron absorption.<\/p>\n<p><strong>VITAMIN B6<\/strong><br \/>\n*the normal formation of red blood cells.<\/p>\n<p><strong>CALCIUM<\/strong><br \/>\n*the normal functioning of digestive enzymes.<br \/>\n*the maintenance of normal bones and teeth.<\/p>\n<p><strong>MANGANESE<\/strong><br \/>\n*the protection of cells against unwanted oxidation.<\/p>\n<\/div>\n<\/div>\n<section class=\"related products\"><\/section>\n<section><img loading=\"lazy\" decoding=\"async\" class=\"alignnone wp-image-11255 size-full\" src=\"https:\/\/pharmabiz.pt\/wp-content\/uploads\/2014\/08\/Baobab-Fruto-Desidratado-Naturalmente.png\" alt=\"\" width=\"960\" height=\"640\" srcset=\"https:\/\/pharmabiz.pt\/wp-content\/uploads\/2014\/08\/Baobab-Fruto-Desidratado-Naturalmente.png 960w, https:\/\/pharmabiz.pt\/wp-content\/uploads\/2014\/08\/Baobab-Fruto-Desidratado-Naturalmente-300x200.png 300w, https:\/\/pharmabiz.pt\/wp-content\/uploads\/2014\/08\/Baobab-Fruto-Desidratado-Naturalmente-768x512.png 768w, https:\/\/pharmabiz.pt\/wp-content\/uploads\/2014\/08\/Baobab-Fruto-Desidratado-Naturalmente-600x400.png 600w\" sizes=\"auto, (max-width: 960px) 100vw, 960px\" \/><\/section>\n<section><\/section>\n<section><\/section>\n<p>[\/vc_column_text][\/vc_column][\/vc_row]<\/p>\n<\/div>","protected":false},"excerpt":{"rendered":"<div>\n<div>\n<p><span lang=\"EN-US\">THE ANCIENT AFRICAN SUPERFRUIT | NATIVE DRIED POWDER<\/span><\/p>\n<\/div>\n<\/div>\n<div><strong><span lang=\"EN-GB\">RICH IN ANTIOXIDANTS &#8211; RICH IN VITAMIN C &amp; B6 &#8211; RICH IN POTASSIUM, CALCIUM &amp; MAGNESIUM &#8211; CONTAINS ESSENTIAL AMINO ACIDS &#8211; FIRM, HEALTHY SKIN &#8211; FIBER WITH PREBIOTIC ACTION &#8211; NATURAL THICKENER &#8211; SUITABLE FOR CHILDREN<\/span><\/strong><\/div>\n<p>RICH IN VITAMIN C &#8211; <strong>IMMUNE SUPPORT*<\/strong><br \/>\nRICH IN CALCIUM &#8211; <strong>DIGESTIVE &amp; BONE HEALTH*<\/strong><\/p>\n<p>100% ORGANIC, RAW, NON-GMO, GLUTEN-FREE, PALEO, KETO, VEGAN<\/p>\n<p><img loading=\"lazy\" decoding=\"async\" class=\"alignnone wp-image-10327\" src=\"https:\/\/pharmabiz.pt\/wp-content\/uploads\/2024\/03\/BIO-Icone-300x291.png\" alt=\"\" width=\"77\" height=\"75\" srcset=\"https:\/\/pharmabiz.pt\/wp-content\/uploads\/2024\/03\/BIO-Icone-300x291.png 300w, https:\/\/pharmabiz.pt\/wp-content\/uploads\/2024\/03\/BIO-Icone-1024x994.png 1024w, https:\/\/pharmabiz.pt\/wp-content\/uploads\/2024\/03\/BIO-Icone-768x746.png 768w, https:\/\/pharmabiz.pt\/wp-content\/uploads\/2024\/03\/BIO-Icone-1536x1491.png 1536w, https:\/\/pharmabiz.pt\/wp-content\/uploads\/2024\/03\/BIO-Icone-1200x1165.png 1200w, https:\/\/pharmabiz.pt\/wp-content\/uploads\/2024\/03\/BIO-Icone-45x45.png 45w, https:\/\/pharmabiz.pt\/wp-content\/uploads\/2024\/03\/BIO-Icone-600x582.png 600w, https:\/\/pharmabiz.pt\/wp-content\/uploads\/2024\/03\/BIO-Icone.png 1814w\" sizes=\"auto, (max-width: 77px) 100vw, 77px\" \/> <img loading=\"lazy\" decoding=\"async\" class=\"alignnone wp-image-10354\" src=\"https:\/\/pharmabiz.pt\/wp-content\/uploads\/2024\/03\/PLANT-BASED-Icone-300x290.png\" alt=\"\" width=\"78\" height=\"75\" srcset=\"https:\/\/pharmabiz.pt\/wp-content\/uploads\/2024\/03\/PLANT-BASED-Icone-300x290.png 300w, https:\/\/pharmabiz.pt\/wp-content\/uploads\/2024\/03\/PLANT-BASED-Icone-1024x991.png 1024w, https:\/\/pharmabiz.pt\/wp-content\/uploads\/2024\/03\/PLANT-BASED-Icone-768x743.png 768w, https:\/\/pharmabiz.pt\/wp-content\/uploads\/2024\/03\/PLANT-BASED-Icone-1536x1486.png 1536w, https:\/\/pharmabiz.pt\/wp-content\/uploads\/2024\/03\/PLANT-BASED-Icone-1200x1161.png 1200w, https:\/\/pharmabiz.pt\/wp-content\/uploads\/2024\/03\/PLANT-BASED-Icone-600x581.png 600w, https:\/\/pharmabiz.pt\/wp-content\/uploads\/2024\/03\/PLANT-BASED-Icone.png 1886w\" sizes=\"auto, (max-width: 78px) 100vw, 78px\" \/> <img loading=\"lazy\" decoding=\"async\" class=\"alignnone wp-image-10357\" src=\"https:\/\/pharmabiz.pt\/wp-content\/uploads\/2024\/03\/RAW-icone-300x302.png\" alt=\"\" width=\"74\" height=\"75\" srcset=\"https:\/\/pharmabiz.pt\/wp-content\/uploads\/2024\/03\/RAW-icone-300x302.png 300w, https:\/\/pharmabiz.pt\/wp-content\/uploads\/2024\/03\/RAW-icone-1017x1024.png 1017w, https:\/\/pharmabiz.pt\/wp-content\/uploads\/2024\/03\/RAW-icone-150x150.png 150w, https:\/\/pharmabiz.pt\/wp-content\/uploads\/2024\/03\/RAW-icone-768x773.png 768w, https:\/\/pharmabiz.pt\/wp-content\/uploads\/2024\/03\/RAW-icone-1525x1536.png 1525w, https:\/\/pharmabiz.pt\/wp-content\/uploads\/2024\/03\/RAW-icone-1200x1208.png 1200w, https:\/\/pharmabiz.pt\/wp-content\/uploads\/2024\/03\/RAW-icone-45x45.png 45w, https:\/\/pharmabiz.pt\/wp-content\/uploads\/2024\/03\/RAW-icone-600x604.png 600w, https:\/\/pharmabiz.pt\/wp-content\/uploads\/2024\/03\/RAW-icone-100x100.png 100w, https:\/\/pharmabiz.pt\/wp-content\/uploads\/2024\/03\/RAW-icone.png 1737w\" sizes=\"auto, (max-width: 74px) 100vw, 74px\" \/> <img loading=\"lazy\" decoding=\"async\" class=\"alignnone wp-image-10336\" src=\"https:\/\/pharmabiz.pt\/wp-content\/uploads\/2024\/03\/GMO-FREE-Icone-300x299.png\" alt=\"\" width=\"75\" height=\"75\" srcset=\"https:\/\/pharmabiz.pt\/wp-content\/uploads\/2024\/03\/GMO-FREE-Icone-300x299.png 300w, https:\/\/pharmabiz.pt\/wp-content\/uploads\/2024\/03\/GMO-FREE-Icone-1024x1021.png 1024w, https:\/\/pharmabiz.pt\/wp-content\/uploads\/2024\/03\/GMO-FREE-Icone-150x150.png 150w, https:\/\/pharmabiz.pt\/wp-content\/uploads\/2024\/03\/GMO-FREE-Icone-768x765.png 768w, https:\/\/pharmabiz.pt\/wp-content\/uploads\/2024\/03\/GMO-FREE-Icone-1536x1531.png 1536w, https:\/\/pharmabiz.pt\/wp-content\/uploads\/2024\/03\/GMO-FREE-Icone-1200x1196.png 1200w, https:\/\/pharmabiz.pt\/wp-content\/uploads\/2024\/03\/GMO-FREE-Icone-45x45.png 45w, https:\/\/pharmabiz.pt\/wp-content\/uploads\/2024\/03\/GMO-FREE-Icone-600x598.png 600w, https:\/\/pharmabiz.pt\/wp-content\/uploads\/2024\/03\/GMO-FREE-Icone-100x100.png 100w, https:\/\/pharmabiz.pt\/wp-content\/uploads\/2024\/03\/GMO-FREE-Icone.png 1833w\" sizes=\"auto, (max-width: 75px) 100vw, 75px\" \/> <img loading=\"lazy\" decoding=\"async\" class=\"alignnone wp-image-10333\" src=\"https:\/\/pharmabiz.pt\/wp-content\/uploads\/2024\/03\/GLUTEN-FREE-Icone-300x305.png\" alt=\"\" width=\"74\" height=\"75\" srcset=\"https:\/\/pharmabiz.pt\/wp-content\/uploads\/2024\/03\/GLUTEN-FREE-Icone-300x305.png 300w, https:\/\/pharmabiz.pt\/wp-content\/uploads\/2024\/03\/GLUTEN-FREE-Icone-1007x1024.png 1007w, https:\/\/pharmabiz.pt\/wp-content\/uploads\/2024\/03\/GLUTEN-FREE-Icone-150x150.png 150w, https:\/\/pharmabiz.pt\/wp-content\/uploads\/2024\/03\/GLUTEN-FREE-Icone-768x781.png 768w, https:\/\/pharmabiz.pt\/wp-content\/uploads\/2024\/03\/GLUTEN-FREE-Icone-1510x1536.png 1510w, https:\/\/pharmabiz.pt\/wp-content\/uploads\/2024\/03\/GLUTEN-FREE-Icone-1200x1221.png 1200w, https:\/\/pharmabiz.pt\/wp-content\/uploads\/2024\/03\/GLUTEN-FREE-Icone-45x45.png 45w, https:\/\/pharmabiz.pt\/wp-content\/uploads\/2024\/03\/GLUTEN-FREE-Icone-600x610.png 600w, https:\/\/pharmabiz.pt\/wp-content\/uploads\/2024\/03\/GLUTEN-FREE-Icone-100x100.png 100w, https:\/\/pharmabiz.pt\/wp-content\/uploads\/2024\/03\/GLUTEN-FREE-Icone.png 1796w\" sizes=\"auto, (max-width: 74px) 100vw, 74px\" \/> <img loading=\"lazy\" decoding=\"async\" class=\"alignnone wp-image-10351\" src=\"https:\/\/pharmabiz.pt\/wp-content\/uploads\/2024\/03\/PALEO-Icone-300x301.png\" alt=\"\" width=\"75\" height=\"75\" srcset=\"https:\/\/pharmabiz.pt\/wp-content\/uploads\/2024\/03\/PALEO-Icone-300x301.png 300w, https:\/\/pharmabiz.pt\/wp-content\/uploads\/2024\/03\/PALEO-Icone-1022x1024.png 1022w, https:\/\/pharmabiz.pt\/wp-content\/uploads\/2024\/03\/PALEO-Icone-150x150.png 150w, https:\/\/pharmabiz.pt\/wp-content\/uploads\/2024\/03\/PALEO-Icone-768x769.png 768w, https:\/\/pharmabiz.pt\/wp-content\/uploads\/2024\/03\/PALEO-Icone-1533x1536.png 1533w, https:\/\/pharmabiz.pt\/wp-content\/uploads\/2024\/03\/PALEO-Icone-1200x1202.png 1200w, https:\/\/pharmabiz.pt\/wp-content\/uploads\/2024\/03\/PALEO-Icone-45x45.png 45w, https:\/\/pharmabiz.pt\/wp-content\/uploads\/2024\/03\/PALEO-Icone-600x601.png 600w, https:\/\/pharmabiz.pt\/wp-content\/uploads\/2024\/03\/PALEO-Icone-100x100.png 100w, https:\/\/pharmabiz.pt\/wp-content\/uploads\/2024\/03\/PALEO-Icone.png 1782w\" sizes=\"auto, (max-width: 75px) 100vw, 75px\" \/> <img loading=\"lazy\" decoding=\"async\" class=\"alignnone wp-image-10339\" src=\"https:\/\/pharmabiz.pt\/wp-content\/uploads\/2024\/03\/KETO.Icone_-300x300.png\" alt=\"\" width=\"75\" height=\"75\" srcset=\"https:\/\/pharmabiz.pt\/wp-content\/uploads\/2024\/03\/KETO.Icone_-300x300.png 300w, https:\/\/pharmabiz.pt\/wp-content\/uploads\/2024\/03\/KETO.Icone_-1024x1022.png 1024w, https:\/\/pharmabiz.pt\/wp-content\/uploads\/2024\/03\/KETO.Icone_-150x150.png 150w, https:\/\/pharmabiz.pt\/wp-content\/uploads\/2024\/03\/KETO.Icone_-768x767.png 768w, https:\/\/pharmabiz.pt\/wp-content\/uploads\/2024\/03\/KETO.Icone_-1536x1533.png 1536w, https:\/\/pharmabiz.pt\/wp-content\/uploads\/2024\/03\/KETO.Icone_-1200x1198.png 1200w, https:\/\/pharmabiz.pt\/wp-content\/uploads\/2024\/03\/KETO.Icone_-45x45.png 45w, https:\/\/pharmabiz.pt\/wp-content\/uploads\/2024\/03\/KETO.Icone_-600x599.png 600w, https:\/\/pharmabiz.pt\/wp-content\/uploads\/2024\/03\/KETO.Icone_-100x100.png 100w, https:\/\/pharmabiz.pt\/wp-content\/uploads\/2024\/03\/KETO.Icone_.png 1805w\" sizes=\"auto, (max-width: 75px) 100vw, 75px\" \/> <img loading=\"lazy\" decoding=\"async\" class=\"alignnone wp-image-10360\" src=\"https:\/\/pharmabiz.pt\/wp-content\/uploads\/2024\/03\/VEGAN-Icone-300x308.png\" alt=\"\" width=\"73\" height=\"75\" srcset=\"https:\/\/pharmabiz.pt\/wp-content\/uploads\/2024\/03\/VEGAN-Icone-300x308.png 300w, https:\/\/pharmabiz.pt\/wp-content\/uploads\/2024\/03\/VEGAN-Icone-996x1024.png 996w, https:\/\/pharmabiz.pt\/wp-content\/uploads\/2024\/03\/VEGAN-Icone-768x790.png 768w, https:\/\/pharmabiz.pt\/wp-content\/uploads\/2024\/03\/VEGAN-Icone-1494x1536.png 1494w, https:\/\/pharmabiz.pt\/wp-content\/uploads\/2024\/03\/VEGAN-Icone-1200x1234.png 1200w, https:\/\/pharmabiz.pt\/wp-content\/uploads\/2024\/03\/VEGAN-Icone-45x45.png 45w, https:\/\/pharmabiz.pt\/wp-content\/uploads\/2024\/03\/VEGAN-Icone-600x617.png 600w, https:\/\/pharmabiz.pt\/wp-content\/uploads\/2024\/03\/VEGAN-Icone.png 1808w\" sizes=\"auto, (max-width: 73px) 100vw, 73px\" \/><\/p>\n","protected":false},"featured_media":11072,"comment_status":"closed","ping_status":"closed","template":"","meta":{"_acf_changed":false},"product_brand":[],"product_cat":[150,387,136,137,256,138],"product_tag":[406,186,221,234,272,192,224,152,423,225,243,195,435,420],"class_list":{"0":"post-3860","1":"product","2":"type-product","3":"status-publish","4":"has-post-thumbnail","6":"product_cat-cereals-muesli-and-granola","7":"product_cat-fibre","8":"product_cat-food","9":"product_cat-gluten-free","10":"product_cat-organic-certified","11":"product_cat-superfoods","12":"product_tag-anti-aging","13":"product_tag-antioxidants","14":"product_tag-beauty-and-personal-care","15":"product_tag-cholesterol-and-triglycerides","16":"product_tag-diabetes-en","17":"product_tag-energy-and-vitality","18":"product_tag-essential-amigo-acids","19":"product_tag-immunity-system","20":"product_tag-magnesium","21":"product_tag-prebiotics-and-probiotics","22":"product_tag-skin-hair-nails","23":"product_tag-sports-and-fitness","24":"product_tag-vitamin-b6","25":"product_tag-vitamin-c","26":"pa_marca-ox-nature-en","28":"first","29":"instock","30":"featured","31":"taxable","32":"shipping-taxable","33":"purchasable","34":"product-type-simple"},"acf":[],"_links":{"self":[{"href":"https:\/\/pharmabiz.pt\/en\/wp-json\/wp\/v2\/product\/3860","targetHints":{"allow":["GET"]}}],"collection":[{"href":"https:\/\/pharmabiz.pt\/en\/wp-json\/wp\/v2\/product"}],"about":[{"href":"https:\/\/pharmabiz.pt\/en\/wp-json\/wp\/v2\/types\/product"}],"replies":[{"embeddable":true,"href":"https:\/\/pharmabiz.pt\/en\/wp-json\/wp\/v2\/comments?post=3860"}],"wp:featuredmedia":[{"embeddable":true,"href":"https:\/\/pharmabiz.pt\/en\/wp-json\/wp\/v2\/media\/11072"}],"wp:attachment":[{"href":"https:\/\/pharmabiz.pt\/en\/wp-json\/wp\/v2\/media?parent=3860"}],"wp:term":[{"taxonomy":"product_brand","embeddable":true,"href":"https:\/\/pharmabiz.pt\/en\/wp-json\/wp\/v2\/product_brand?post=3860"},{"taxonomy":"product_cat","embeddable":true,"href":"https:\/\/pharmabiz.pt\/en\/wp-json\/wp\/v2\/product_cat?post=3860"},{"taxonomy":"product_tag","embeddable":true,"href":"https:\/\/pharmabiz.pt\/en\/wp-json\/wp\/v2\/product_tag?post=3860"}],"curies":[{"name":"wp","href":"https:\/\/api.w.org\/{rel}","templated":true}]}}