{"id":3873,"date":"2014-08-29T16:28:32","date_gmt":"2014-08-29T15:28:32","guid":{"rendered":"https:\/\/pharmabiz.pt\/produto\/100-organic-uji-tawara-matcha-green-tea-pure-tea-leaf-powder-70g\/"},"modified":"2024-05-08T13:56:07","modified_gmt":"2024-05-08T12:56:07","slug":"ox-premium-matcha-green-tea-powder-kyoto-japan-organic-70g","status":"publish","type":"product","link":"https:\/\/pharmabiz.pt\/en\/product\/ox-premium-matcha-green-tea-powder-kyoto-japan-organic-70g\/","title":{"rendered":"OX PREMIUM MATCHA GREEN TEA POWDER, KYOTO-JAPAN, ORGANIC 70g"},"content":{"rendered":"<div class=\"wpb-content-wrapper\"><p>[vc_row][vc_column width=&#8221;1\/2&#8243;][vc_column_text]<img loading=\"lazy\" decoding=\"async\" class=\"alignnone wp-image-11267 size-large\" src=\"https:\/\/pharmabiz.pt\/wp-content\/uploads\/2014\/08\/OX-NATURE-MATCHA-GREEN-TEA-JAPAN-1024x684.jpg\" alt=\"\" width=\"1024\" height=\"684\" srcset=\"https:\/\/pharmabiz.pt\/wp-content\/uploads\/2014\/08\/OX-NATURE-MATCHA-GREEN-TEA-JAPAN-1024x684.jpg 1024w, https:\/\/pharmabiz.pt\/wp-content\/uploads\/2014\/08\/OX-NATURE-MATCHA-GREEN-TEA-JAPAN-300x200.jpg 300w, https:\/\/pharmabiz.pt\/wp-content\/uploads\/2014\/08\/OX-NATURE-MATCHA-GREEN-TEA-JAPAN-768x513.jpg 768w, https:\/\/pharmabiz.pt\/wp-content\/uploads\/2014\/08\/OX-NATURE-MATCHA-GREEN-TEA-JAPAN-600x401.jpg 600w, https:\/\/pharmabiz.pt\/wp-content\/uploads\/2014\/08\/OX-NATURE-MATCHA-GREEN-TEA-JAPAN.jpg 1112w\" sizes=\"auto, (max-width: 1024px) 100vw, 1024px\" \/><\/p>\n<p><strong>OX NATURE ORGANIC PREMIUM MATCHA GREEN TEA POWDER | KYOTO, JAPAN<\/strong><\/p>\n<p>Matcha green tea is derived exclusively from Tencha tea and has been used traditionally in Buddhist ceremonies for over 800 years. It is grown in the shade on centuries-old plantations high up in the mountains and surrounded by trees and forest in Kyoto Prefecture (Japan), in order to stimulate an increase in chlorophyll levels and the production of amino acids. After harvesting by hand, the leaves are dried and ground in granite stone mills into a fine &#8220;Matcha&#8221; powder.<\/p>\n<p><strong>Matcha&#8217;s flavor is determined by the quantity of amino acids, and the higher its quality, the sweeter, more intense and deeper it tastes&#8230;<\/strong><\/p>\n<p>A super drink with a pure and delicate taste, rare, unmixed and rich in nutrients that benefit your health&#8230; a daily ritual that adds <strong>more energy, tranquillity, concentration and harmony to your body<\/strong>.<\/p>\n<h4><strong>Sales Denomination<\/strong><\/h4>\n<p>Matcha Green Tea Premium Bio, Kyoto<\/p>\n<h4><strong>Ingredients:<\/strong><\/h4>\n<p>100% Pure Matcha Green Tea<i>(Camelia sinensis<\/i>) Organic powder.<\/p>\n<h4><strong>Instructions for use:<\/strong><\/h4>\n<p>As part of a varied and balanced diet and a healthy lifestyle, consume 1\/2 teaspoon (1 g) a day. Make tea with hot water (70\u00ba\/80\u00ba), a delicious and refreshing Ice Tea, or simply add it to juices, fruit or vegetable smoothies, and the most diverse cooking recipes.<\/p>\n<h4><strong>How to Make Delicious Matcha Tea:<\/strong><\/h4>\n<p>When it comes to the boil, remove from the heat and allow the water to cool until it reaches about 80\u00baC. Pour about 80ml of water into a teacup and add 1g (1\/2 teaspoon) and stir for 15 seconds until it foams, then it&#8217;s ready to drink.<\/p>\n<h4><strong>Conservation:<\/strong><\/h4>\n<p>To maintain the integrity of this product, close the package tightly and store in a cool, dry place away from heat and sunlight.<\/p>\n<h4><strong>Warning:<\/strong><\/h4>\n<p>Matcha Green Tea should not be used as a substitute for a varied, balanced diet and a healthy lifestyle. If you are pregnant, breastfeeding or on medication, ask your doctor for advice. In the event of any adverse reaction, discontinue use and consult your doctor or nutritionist.<\/p>\n<p><em><strong>*This product is not intended to diagnose, treat, cure or prevent any disease, use only as a dietary supplement.<\/strong><\/em><\/p>\n<h4><strong>Net weight:<\/strong><\/h4>\n<p>70g<\/p>\n<h4><strong>Transport box:<\/strong><\/h4>\n<p>12 x 70g<\/p>\n<h4><strong>Source:<\/strong><\/h4>\n<p>Japan (Kyoto)<\/p>\n<h4><strong>Distributed by:<\/strong><\/h4>\n<p>Pharmabiz, Lda.[\/vc_column_text][\/vc_column][vc_column width=&#8221;1\/2&#8243;]<div class=\"nflc nutrition-section std\">\t\r\n\t\t<ul class=\"nutrition-table\" itemprop=\"nutrition\" itemscope itemtype=\"http:\/\/schema.org\/NutritionInformation\">\r\n\t\t\t<li class=\"nt-header b-0\"><h2 class=\"nt-title\">Declara\u00e7\u00e3o Nutricional por 100g<\/h2><\/li><li class=\"nt-row b-0\"><span class=\"nt-label col-50\">Servings Per Container<\/span><span class=\"nt-value col-50\" itemprop=\"servingSize\">70<\/span><\/li><li class=\"nt-row sep-10 serving-size\"><span class=\"nt-label col-50\">Serving Size<\/span><span class=\"nt-value col-50\" itemprop=\"servingSize\">1<\/span><\/li><li class=\"nt-row font-bold b-0\"><span class=\"nt-label\">Amount per serving<\/span><\/li><li class=\"nt-row font-bold calories sep-8\"><span class=\"nt-label col-70\">Calories<\/span><span class=\"nt-value col-30\" itemprop=\"servingSize\">3<\/span><\/li><li class=\"nt-head font-bold sep-4\"><span class=\"nt-label nutrient-label col-40\"><\/span><span class=\"nt-label amount-label col-30\"><\/span><span class=\"pdv-label col-30\">% Daily Value*<\/span><\/li><br \/>\n<b>Warning<\/b>:  Undefined array key \"amt\" in <b>\/var\/www\/vhosts\/pharmabiz.pt\/httpdocs\/wp-content\/plugins\/nutrition-facts-label-creator\/nflc_templates\/default.php<\/b> on line <b>137<\/b><br \/>\n<br \/>\n<b>Warning<\/b>:  Undefined array key \"unit\" in <b>\/var\/www\/vhosts\/pharmabiz.pt\/httpdocs\/wp-content\/plugins\/nutrition-facts-label-creator\/nflc_templates\/default.php<\/b> on line <b>137<\/b><br \/>\n<li><span class=\"nt-label col-40 font-bold\">VALORES M\u00c9DIOS<\/span><span class=\"nt-amount col-30\"> <\/span><\/li><br \/>\n<b>Warning<\/b>:  A non-numeric value encountered in <b>\/var\/www\/vhosts\/pharmabiz.pt\/httpdocs\/wp-content\/plugins\/nutrition-facts-label-creator\/nflc_templates\/default.php<\/b> on line <b>122<\/b><br \/>\n<br \/>\n<b>Warning<\/b>:  Undefined array key \"unit\" in <b>\/var\/www\/vhosts\/pharmabiz.pt\/httpdocs\/wp-content\/plugins\/nutrition-facts-label-creator\/nflc_templates\/default.php<\/b> on line <b>137<\/b><br \/>\n<br \/>\n<b>Warning<\/b>:  Undefined array key \"unit\" in <b>\/var\/www\/vhosts\/pharmabiz.pt\/httpdocs\/wp-content\/plugins\/nutrition-facts-label-creator\/nflc_templates\/default.php<\/b> on line <b>138<\/b><br \/>\n<li><span class=\"nt-label col-40 font-bold\">Energia kJ \/ kcal<\/span><span class=\"nt-amount col-30\">1134 \/ 271 <\/span><span class=\"nt-value col-30\">13.5%<\/span><\/li><li><span class=\"nt-label col-40 font-bold\">L\u00edpidos totais<\/span><span class=\"nt-amount col-30\">3.4 g<\/span><span class=\"nt-value col-30\">4.86%<\/span><\/li><li class=\"nt-sublevel-1\"><span class=\"nt-label col-40\">.dos quais saturados<\/span><span class=\"nt-amount col-30\">0.8 g<\/span><span class=\"nt-value col-30\">4%<\/span><\/li><li><span class=\"nt-label col-40 font-bold\">Hidratos de Carbono<\/span><span class=\"nt-amount col-30\">34 g<\/span><span class=\"nt-value col-30\">13.08%<\/span><\/li><li class=\"nt-sublevel-1\"><span class=\"nt-label col-40\">.dos quais a\u00e7\u00facares<\/span><span class=\"nt-amount col-30\">2 g<\/span><span class=\"nt-value col-30\">2.22%<\/span><\/li><li><span class=\"nt-label col-40 font-bold\">Fibra<\/span><span class=\"nt-amount col-30\">32 g<\/span><span class=\"nt-value col-30\"><b>128%<\/b><\/span><\/li><li><span class=\"nt-label col-40 font-bold\">Prote\u00ednas<\/span><span class=\"nt-amount col-30\">27 g<\/span><span class=\"nt-value col-30\">54%<\/span><\/li><li><span class=\"nt-label col-40 font-bold\">Sal (naturalmente presente)<\/span><span class=\"nt-amount col-30\">0.03 g<\/span><span class=\"nt-value col-30\">0.5%<\/span><\/li><br \/>\n<b>Warning<\/b>:  Undefined array key \"amt\" in <b>\/var\/www\/vhosts\/pharmabiz.pt\/httpdocs\/wp-content\/plugins\/nutrition-facts-label-creator\/nflc_templates\/default.php<\/b> on line <b>137<\/b><br \/>\n<br \/>\n<b>Warning<\/b>:  Undefined array key \"unit\" in <b>\/var\/www\/vhosts\/pharmabiz.pt\/httpdocs\/wp-content\/plugins\/nutrition-facts-label-creator\/nflc_templates\/default.php<\/b> on line <b>137<\/b><br \/>\n<li><span class=\"nt-label col-40 font-bold\">VITAMINAS<\/span><span class=\"nt-amount col-30\"> <\/span><\/li><li><span class=\"nt-label col-40 font-bold\">Vitamina A<\/span><span class=\"nt-amount col-30\">28300  \u03bcg<\/span><span class=\"nt-value col-30\"><b>3537.5%<\/b><\/span><\/li><li><span class=\"nt-label col-40 font-bold\">Vitamina E<\/span><span class=\"nt-amount col-30\">25.4 mg<\/span><span class=\"nt-value col-30\"><b>211.67%<\/b><\/span><\/li><li><span class=\"nt-label col-40 font-bold\">Vitamina C<\/span><span class=\"nt-amount col-30\">178 mg<\/span><span class=\"nt-value col-30\"><b>222.5%<\/b><\/span><\/li><br \/>\n<b>Warning<\/b>:  Undefined array key \"amt\" in <b>\/var\/www\/vhosts\/pharmabiz.pt\/httpdocs\/wp-content\/plugins\/nutrition-facts-label-creator\/nflc_templates\/default.php<\/b> on line <b>137<\/b><br \/>\n<br \/>\n<b>Warning<\/b>:  Undefined array key \"unit\" in <b>\/var\/www\/vhosts\/pharmabiz.pt\/httpdocs\/wp-content\/plugins\/nutrition-facts-label-creator\/nflc_templates\/default.php<\/b> on line <b>137<\/b><br \/>\n<li><span class=\"nt-label col-40 font-bold\">MINERAIS<\/span><span class=\"nt-amount col-30\"> <\/span><\/li><li><span class=\"nt-label col-40 font-bold\">Pot\u00e1ssio<\/span><span class=\"nt-amount col-30\">2235 mg<\/span><span class=\"nt-value col-30\"><b>111.75%<\/b><\/span><\/li><li><span class=\"nt-label col-40 font-bold\">C\u00e1lcio<\/span><span class=\"nt-amount col-30\">363 mg<\/span><span class=\"nt-value col-30\">45.38%<\/span><\/li><li><span class=\"nt-label col-40 font-bold\">Ferro<\/span><span class=\"nt-amount col-30\">9.5 mg<\/span><span class=\"nt-value col-30\">67.86%<\/span><\/li><li><span class=\"nt-label col-40 font-bold\">Zinco<\/span><span class=\"nt-amount col-30\">3.7 mg<\/span><span class=\"nt-value col-30\">37%<\/span><\/li><br \/>\n<b>Warning<\/b>:  Undefined array key \"amt\" in <b>\/var\/www\/vhosts\/pharmabiz.pt\/httpdocs\/wp-content\/plugins\/nutrition-facts-label-creator\/nflc_templates\/default.php<\/b> on line <b>137<\/b><br \/>\n<br \/>\n<b>Warning<\/b>:  Undefined array key \"unit\" in <b>\/var\/www\/vhosts\/pharmabiz.pt\/httpdocs\/wp-content\/plugins\/nutrition-facts-label-creator\/nflc_templates\/default.php<\/b> on line <b>137<\/b><br \/>\n<li><span class=\"nt-label col-40 font-bold\">AMINO\u00c1CIDOS ESSENCIAIS<\/span><span class=\"nt-amount col-30\"> <\/span><\/li><li><span class=\"nt-label col-40 font-bold\">Fenilalanina<\/span><span class=\"nt-amount col-30\">36 mg<\/span><\/li><li><span class=\"nt-label col-40 font-bold\">Isoleucina<\/span><span class=\"nt-amount col-30\">22 mg<\/span><\/li><li><span class=\"nt-label col-40 font-bold\">Leucina<\/span><span class=\"nt-amount col-30\">14 mg<\/span><\/li><li><span class=\"nt-label col-40 font-bold\">Treonina<\/span><span class=\"nt-amount col-30\">54 mg<\/span><\/li><li><span class=\"nt-label col-40 font-bold\">Valina<\/span><span class=\"nt-amount col-30\">42 mg<\/span><\/li><br \/>\n<b>Warning<\/b>:  Undefined array key \"amt\" in <b>\/var\/www\/vhosts\/pharmabiz.pt\/httpdocs\/wp-content\/plugins\/nutrition-facts-label-creator\/nflc_templates\/default.php<\/b> on line <b>137<\/b><br \/>\n<br \/>\n<b>Warning<\/b>:  Undefined array key \"unit\" in <b>\/var\/www\/vhosts\/pharmabiz.pt\/httpdocs\/wp-content\/plugins\/nutrition-facts-label-creator\/nflc_templates\/default.php<\/b> on line <b>137<\/b><br \/>\n<li><span class=\"nt-label col-40 font-bold\">OUTROS<\/span><span class=\"nt-amount col-30\"> <\/span><\/li><li><span class=\"nt-label col-40 font-bold\">Taninos<\/span><span class=\"nt-amount col-30\">10400 mg<\/span><\/li><li><span class=\"nt-label col-40 font-bold\">Catequinas Totais<\/span><span class=\"nt-amount col-30\">12200 mg<\/span><\/li><li><span class=\"nt-label col-40 font-bold\">Epigalocatequina Galacto<\/span><span class=\"nt-amount col-30\">6700  mg<\/span><\/li><li><span class=\"nt-label col-40 font-bold\">Epigalocatequina<\/span><span class=\"nt-amount col-30\">3700 mg<\/span><\/li><li><span class=\"nt-label col-40 font-bold\">Epicatequina Galacto<\/span><span class=\"nt-amount col-30\">1100 mg<\/span><\/li><li><span class=\"nt-label col-40 font-bold\">Arginina<\/span><span class=\"nt-amount col-30\">279 mg<\/span><\/li><li><span class=\"nt-label col-40 font-bold\">Teanina<\/span><span class=\"nt-amount col-30\">1037 mg<\/span><\/li><li><span class=\"nt-label col-40 font-bold\">Te\u00edna (cafe\u00edna do ch\u00e1)<\/span><span class=\"nt-amount col-30\">3200  mg<\/span><\/li><li><span class=\"nt-label col-40 font-bold\">\u00cdndice ORAC (Capacidade de Absor\u00e7\u00e3o dos Radicais Oxigenados)<\/span><span class=\"nt-amount col-30\">168500 umol TE<\/span><\/li><li class=\"nt-footer b-0\">*DR - Dose de Refer\u00eancia para um adulto m\u00e9dio (8400kJ \/ 2000 kcal).<br \/>\n**VRN - Valor de Refer\u00eancia do Nutriente.<br \/>\nNOTA - Os Valores Nutricionais podem variar de acordo com a sazonalidade.<\/li>\t\t<\/ul><!-- \/.nutrition-table -->\r\n\t<\/div><!-- \/.nutrition-section -->[vc_empty_space][vc_column_text]<strong>NUTRITIONAL PROPERTIES<\/strong><\/p>\n<p>Matcha is especially rich in catechins such as epigallocatechin gallate (EGC), its most powerful antioxidant polyphenol, and in L-Theanine, which has a calming and invigorating effect and helps promote weight loss.<\/p>\n<p><strong>HEALTH BENEFITS*<\/strong><br \/>\n*These nutrients contribute to<\/p>\n<p><strong>VITAMIN A<\/strong><br \/>\n*maintaining normal vision.<br \/>\n*the normal functioning of the immune system.<\/p>\n<p><strong>VITAMIN C<\/strong><br \/>\n*Reducing tiredness and fatigue.<\/p>\n<p><strong>POTASSIUM<\/strong><br \/>\n*the normal functioning of the nervous system.<br \/>\n*maintaining normal blood pressure.<\/p>\n<p><strong>ZINCO<\/strong><br \/>\n*Normal cognitive function.<\/p>\n<p>&nbsp;<\/p>\n<p><img loading=\"lazy\" decoding=\"async\" class=\"alignnone wp-image-11270 size-large\" src=\"https:\/\/pharmabiz.pt\/wp-content\/uploads\/2014\/08\/Premium-Matcha-Cha-Verde-1024x689.jpg\" alt=\"\" width=\"1024\" height=\"689\" srcset=\"https:\/\/pharmabiz.pt\/wp-content\/uploads\/2014\/08\/Premium-Matcha-Cha-Verde-1024x689.jpg 1024w, https:\/\/pharmabiz.pt\/wp-content\/uploads\/2014\/08\/Premium-Matcha-Cha-Verde-300x202.jpg 300w, https:\/\/pharmabiz.pt\/wp-content\/uploads\/2014\/08\/Premium-Matcha-Cha-Verde-768x517.jpg 768w, https:\/\/pharmabiz.pt\/wp-content\/uploads\/2014\/08\/Premium-Matcha-Cha-Verde-600x404.jpg 600w, https:\/\/pharmabiz.pt\/wp-content\/uploads\/2014\/08\/Premium-Matcha-Cha-Verde.jpg 1100w\" sizes=\"auto, (max-width: 1024px) 100vw, 1024px\" \/>[\/vc_column_text][\/vc_column][\/vc_row]<\/p>\n<\/div>","protected":false},"excerpt":{"rendered":"<div class=\"page\" title=\"Page 36\">\n<div class=\"layoutArea\">\n<div class=\"column\">\n<p>THE JAPANESE HEALTH ELIXIR | PURE TEA LEAF POWDER<\/p>\n<\/div>\n<\/div>\n<\/div>\n<p style=\"font-weight: 400;\"><strong>100% ORIGINAL (KIOTO, JAPAN) &#8211; HIGH ANTIOXIDANT CONTENT &#8211; RICH IN VITAMINS A,C &amp; E &#8211; CONTAINS TANNINS &amp; CATECHINS &#8211; CONTAINS EGC-EPIGALLOCATECHIN, L-THEANINE, L-ARGININE &amp; THEINE &#8211; NATURAL DETOXIFIER &#8211; FLAT BELLY EFFECT &#8211; RARE, PURE &amp; DELICATE<\/strong><\/p>\n<p>RICH IN VITAMIN A &#8211; <strong>VISION &amp; IMMUNE SYSTEM*<\/strong><br \/>\nRICH IN VITAMIN E &#8211; <strong>CELL PROTECTION*<\/strong><\/p>\n<p><span class=\"textexposedshow\">100% ORGANIC, RAW, NON-GMO, GLUTEN-FREE, PALEO, KETO, VEGAN<\/span><\/p>\n<p><img loading=\"lazy\" decoding=\"async\" class=\"alignnone wp-image-10327\" src=\"https:\/\/pharmabiz.pt\/wp-content\/uploads\/2024\/03\/BIO-Icone-300x291.png\" alt=\"\" width=\"77\" height=\"75\" srcset=\"https:\/\/pharmabiz.pt\/wp-content\/uploads\/2024\/03\/BIO-Icone-300x291.png 300w, https:\/\/pharmabiz.pt\/wp-content\/uploads\/2024\/03\/BIO-Icone-1024x994.png 1024w, https:\/\/pharmabiz.pt\/wp-content\/uploads\/2024\/03\/BIO-Icone-768x746.png 768w, https:\/\/pharmabiz.pt\/wp-content\/uploads\/2024\/03\/BIO-Icone-1536x1491.png 1536w, https:\/\/pharmabiz.pt\/wp-content\/uploads\/2024\/03\/BIO-Icone-1200x1165.png 1200w, https:\/\/pharmabiz.pt\/wp-content\/uploads\/2024\/03\/BIO-Icone-45x45.png 45w, https:\/\/pharmabiz.pt\/wp-content\/uploads\/2024\/03\/BIO-Icone-600x582.png 600w, https:\/\/pharmabiz.pt\/wp-content\/uploads\/2024\/03\/BIO-Icone.png 1814w\" sizes=\"auto, (max-width: 77px) 100vw, 77px\" \/> <img loading=\"lazy\" decoding=\"async\" class=\"alignnone wp-image-10354\" src=\"https:\/\/pharmabiz.pt\/wp-content\/uploads\/2024\/03\/PLANT-BASED-Icone-300x290.png\" alt=\"\" width=\"78\" height=\"75\" srcset=\"https:\/\/pharmabiz.pt\/wp-content\/uploads\/2024\/03\/PLANT-BASED-Icone-300x290.png 300w, https:\/\/pharmabiz.pt\/wp-content\/uploads\/2024\/03\/PLANT-BASED-Icone-1024x991.png 1024w, https:\/\/pharmabiz.pt\/wp-content\/uploads\/2024\/03\/PLANT-BASED-Icone-768x743.png 768w, https:\/\/pharmabiz.pt\/wp-content\/uploads\/2024\/03\/PLANT-BASED-Icone-1536x1486.png 1536w, https:\/\/pharmabiz.pt\/wp-content\/uploads\/2024\/03\/PLANT-BASED-Icone-1200x1161.png 1200w, https:\/\/pharmabiz.pt\/wp-content\/uploads\/2024\/03\/PLANT-BASED-Icone-600x581.png 600w, https:\/\/pharmabiz.pt\/wp-content\/uploads\/2024\/03\/PLANT-BASED-Icone.png 1886w\" sizes=\"auto, (max-width: 78px) 100vw, 78px\" \/> <img loading=\"lazy\" decoding=\"async\" class=\"alignnone wp-image-10357\" src=\"https:\/\/pharmabiz.pt\/wp-content\/uploads\/2024\/03\/RAW-icone-300x302.png\" alt=\"\" width=\"74\" height=\"75\" srcset=\"https:\/\/pharmabiz.pt\/wp-content\/uploads\/2024\/03\/RAW-icone-300x302.png 300w, https:\/\/pharmabiz.pt\/wp-content\/uploads\/2024\/03\/RAW-icone-1017x1024.png 1017w, https:\/\/pharmabiz.pt\/wp-content\/uploads\/2024\/03\/RAW-icone-150x150.png 150w, https:\/\/pharmabiz.pt\/wp-content\/uploads\/2024\/03\/RAW-icone-768x773.png 768w, https:\/\/pharmabiz.pt\/wp-content\/uploads\/2024\/03\/RAW-icone-1525x1536.png 1525w, https:\/\/pharmabiz.pt\/wp-content\/uploads\/2024\/03\/RAW-icone-1200x1208.png 1200w, https:\/\/pharmabiz.pt\/wp-content\/uploads\/2024\/03\/RAW-icone-45x45.png 45w, https:\/\/pharmabiz.pt\/wp-content\/uploads\/2024\/03\/RAW-icone-600x604.png 600w, https:\/\/pharmabiz.pt\/wp-content\/uploads\/2024\/03\/RAW-icone-100x100.png 100w, https:\/\/pharmabiz.pt\/wp-content\/uploads\/2024\/03\/RAW-icone.png 1737w\" sizes=\"auto, (max-width: 74px) 100vw, 74px\" \/> <img loading=\"lazy\" decoding=\"async\" class=\"alignnone wp-image-10336\" src=\"https:\/\/pharmabiz.pt\/wp-content\/uploads\/2024\/03\/GMO-FREE-Icone-300x299.png\" alt=\"\" width=\"75\" height=\"75\" srcset=\"https:\/\/pharmabiz.pt\/wp-content\/uploads\/2024\/03\/GMO-FREE-Icone-300x299.png 300w, https:\/\/pharmabiz.pt\/wp-content\/uploads\/2024\/03\/GMO-FREE-Icone-1024x1021.png 1024w, https:\/\/pharmabiz.pt\/wp-content\/uploads\/2024\/03\/GMO-FREE-Icone-150x150.png 150w, https:\/\/pharmabiz.pt\/wp-content\/uploads\/2024\/03\/GMO-FREE-Icone-768x765.png 768w, https:\/\/pharmabiz.pt\/wp-content\/uploads\/2024\/03\/GMO-FREE-Icone-1536x1531.png 1536w, https:\/\/pharmabiz.pt\/wp-content\/uploads\/2024\/03\/GMO-FREE-Icone-1200x1196.png 1200w, https:\/\/pharmabiz.pt\/wp-content\/uploads\/2024\/03\/GMO-FREE-Icone-45x45.png 45w, https:\/\/pharmabiz.pt\/wp-content\/uploads\/2024\/03\/GMO-FREE-Icone-600x598.png 600w, https:\/\/pharmabiz.pt\/wp-content\/uploads\/2024\/03\/GMO-FREE-Icone-100x100.png 100w, https:\/\/pharmabiz.pt\/wp-content\/uploads\/2024\/03\/GMO-FREE-Icone.png 1833w\" sizes=\"auto, (max-width: 75px) 100vw, 75px\" \/> <img loading=\"lazy\" decoding=\"async\" class=\"alignnone wp-image-10333\" src=\"https:\/\/pharmabiz.pt\/wp-content\/uploads\/2024\/03\/GLUTEN-FREE-Icone-300x305.png\" alt=\"\" width=\"74\" height=\"75\" srcset=\"https:\/\/pharmabiz.pt\/wp-content\/uploads\/2024\/03\/GLUTEN-FREE-Icone-300x305.png 300w, https:\/\/pharmabiz.pt\/wp-content\/uploads\/2024\/03\/GLUTEN-FREE-Icone-1007x1024.png 1007w, https:\/\/pharmabiz.pt\/wp-content\/uploads\/2024\/03\/GLUTEN-FREE-Icone-150x150.png 150w, https:\/\/pharmabiz.pt\/wp-content\/uploads\/2024\/03\/GLUTEN-FREE-Icone-768x781.png 768w, https:\/\/pharmabiz.pt\/wp-content\/uploads\/2024\/03\/GLUTEN-FREE-Icone-1510x1536.png 1510w, https:\/\/pharmabiz.pt\/wp-content\/uploads\/2024\/03\/GLUTEN-FREE-Icone-1200x1221.png 1200w, https:\/\/pharmabiz.pt\/wp-content\/uploads\/2024\/03\/GLUTEN-FREE-Icone-45x45.png 45w, https:\/\/pharmabiz.pt\/wp-content\/uploads\/2024\/03\/GLUTEN-FREE-Icone-600x610.png 600w, https:\/\/pharmabiz.pt\/wp-content\/uploads\/2024\/03\/GLUTEN-FREE-Icone-100x100.png 100w, https:\/\/pharmabiz.pt\/wp-content\/uploads\/2024\/03\/GLUTEN-FREE-Icone.png 1796w\" sizes=\"auto, (max-width: 74px) 100vw, 74px\" \/> <img loading=\"lazy\" decoding=\"async\" class=\"alignnone wp-image-10351\" src=\"https:\/\/pharmabiz.pt\/wp-content\/uploads\/2024\/03\/PALEO-Icone-300x301.png\" alt=\"\" width=\"75\" height=\"75\" srcset=\"https:\/\/pharmabiz.pt\/wp-content\/uploads\/2024\/03\/PALEO-Icone-300x301.png 300w, https:\/\/pharmabiz.pt\/wp-content\/uploads\/2024\/03\/PALEO-Icone-1022x1024.png 1022w, https:\/\/pharmabiz.pt\/wp-content\/uploads\/2024\/03\/PALEO-Icone-150x150.png 150w, https:\/\/pharmabiz.pt\/wp-content\/uploads\/2024\/03\/PALEO-Icone-768x769.png 768w, https:\/\/pharmabiz.pt\/wp-content\/uploads\/2024\/03\/PALEO-Icone-1533x1536.png 1533w, https:\/\/pharmabiz.pt\/wp-content\/uploads\/2024\/03\/PALEO-Icone-1200x1202.png 1200w, https:\/\/pharmabiz.pt\/wp-content\/uploads\/2024\/03\/PALEO-Icone-45x45.png 45w, https:\/\/pharmabiz.pt\/wp-content\/uploads\/2024\/03\/PALEO-Icone-600x601.png 600w, https:\/\/pharmabiz.pt\/wp-content\/uploads\/2024\/03\/PALEO-Icone-100x100.png 100w, https:\/\/pharmabiz.pt\/wp-content\/uploads\/2024\/03\/PALEO-Icone.png 1782w\" sizes=\"auto, (max-width: 75px) 100vw, 75px\" \/> <img loading=\"lazy\" decoding=\"async\" class=\"alignnone wp-image-10339\" src=\"https:\/\/pharmabiz.pt\/wp-content\/uploads\/2024\/03\/KETO.Icone_-300x300.png\" alt=\"\" width=\"75\" height=\"75\" srcset=\"https:\/\/pharmabiz.pt\/wp-content\/uploads\/2024\/03\/KETO.Icone_-300x300.png 300w, https:\/\/pharmabiz.pt\/wp-content\/uploads\/2024\/03\/KETO.Icone_-1024x1022.png 1024w, https:\/\/pharmabiz.pt\/wp-content\/uploads\/2024\/03\/KETO.Icone_-150x150.png 150w, https:\/\/pharmabiz.pt\/wp-content\/uploads\/2024\/03\/KETO.Icone_-768x767.png 768w, https:\/\/pharmabiz.pt\/wp-content\/uploads\/2024\/03\/KETO.Icone_-1536x1533.png 1536w, https:\/\/pharmabiz.pt\/wp-content\/uploads\/2024\/03\/KETO.Icone_-1200x1198.png 1200w, https:\/\/pharmabiz.pt\/wp-content\/uploads\/2024\/03\/KETO.Icone_-45x45.png 45w, https:\/\/pharmabiz.pt\/wp-content\/uploads\/2024\/03\/KETO.Icone_-600x599.png 600w, https:\/\/pharmabiz.pt\/wp-content\/uploads\/2024\/03\/KETO.Icone_-100x100.png 100w, https:\/\/pharmabiz.pt\/wp-content\/uploads\/2024\/03\/KETO.Icone_.png 1805w\" sizes=\"auto, (max-width: 75px) 100vw, 75px\" \/> <img loading=\"lazy\" decoding=\"async\" class=\"alignnone wp-image-10360\" src=\"https:\/\/pharmabiz.pt\/wp-content\/uploads\/2024\/03\/VEGAN-Icone-300x308.png\" alt=\"\" width=\"73\" height=\"75\" srcset=\"https:\/\/pharmabiz.pt\/wp-content\/uploads\/2024\/03\/VEGAN-Icone-300x308.png 300w, https:\/\/pharmabiz.pt\/wp-content\/uploads\/2024\/03\/VEGAN-Icone-996x1024.png 996w, https:\/\/pharmabiz.pt\/wp-content\/uploads\/2024\/03\/VEGAN-Icone-768x790.png 768w, https:\/\/pharmabiz.pt\/wp-content\/uploads\/2024\/03\/VEGAN-Icone-1494x1536.png 1494w, https:\/\/pharmabiz.pt\/wp-content\/uploads\/2024\/03\/VEGAN-Icone-1200x1234.png 1200w, https:\/\/pharmabiz.pt\/wp-content\/uploads\/2024\/03\/VEGAN-Icone-45x45.png 45w, https:\/\/pharmabiz.pt\/wp-content\/uploads\/2024\/03\/VEGAN-Icone-600x617.png 600w, https:\/\/pharmabiz.pt\/wp-content\/uploads\/2024\/03\/VEGAN-Icone.png 1808w\" sizes=\"auto, (max-width: 73px) 100vw, 73px\" \/><\/p>\n","protected":false},"featured_media":11093,"comment_status":"closed","ping_status":"closed","template":"","meta":{"_acf_changed":false},"product_brand":[],"product_cat":[250,136,137,256,138,167],"product_tag":[406,186,221,477,234,187,192,207,210,202,404,420,189,441],"class_list":{"0":"post-3873","1":"product","2":"type-product","3":"status-publish","4":"has-post-thumbnail","6":"product_cat-alkaline-foods","7":"product_cat-food","8":"product_cat-gluten-free","9":"product_cat-organic-certified","10":"product_cat-superfoods","11":"product_cat-tea-and-infusions","12":"product_tag-anti-aging","13":"product_tag-antioxidants","14":"product_tag-beauty-and-personal-care","15":"product_tag-chlorophyll","16":"product_tag-cholesterol-and-triglycerides","17":"product_tag-detox-en","18":"product_tag-energy-and-vitality","19":"product_tag-heart","20":"product_tag-memory","21":"product_tag-stress-en","22":"product_tag-vitamin-a","23":"product_tag-vitamin-c","24":"product_tag-weight-management","25":"product_tag-zinc-en","26":"pa_marca-ox-nature-en","28":"first","29":"onbackorder","30":"featured","31":"taxable","32":"shipping-taxable","33":"purchasable","34":"product-type-simple"},"acf":[],"_links":{"self":[{"href":"https:\/\/pharmabiz.pt\/en\/wp-json\/wp\/v2\/product\/3873","targetHints":{"allow":["GET"]}}],"collection":[{"href":"https:\/\/pharmabiz.pt\/en\/wp-json\/wp\/v2\/product"}],"about":[{"href":"https:\/\/pharmabiz.pt\/en\/wp-json\/wp\/v2\/types\/product"}],"replies":[{"embeddable":true,"href":"https:\/\/pharmabiz.pt\/en\/wp-json\/wp\/v2\/comments?post=3873"}],"wp:featuredmedia":[{"embeddable":true,"href":"https:\/\/pharmabiz.pt\/en\/wp-json\/wp\/v2\/media\/11093"}],"wp:attachment":[{"href":"https:\/\/pharmabiz.pt\/en\/wp-json\/wp\/v2\/media?parent=3873"}],"wp:term":[{"taxonomy":"product_brand","embeddable":true,"href":"https:\/\/pharmabiz.pt\/en\/wp-json\/wp\/v2\/product_brand?post=3873"},{"taxonomy":"product_cat","embeddable":true,"href":"https:\/\/pharmabiz.pt\/en\/wp-json\/wp\/v2\/product_cat?post=3873"},{"taxonomy":"product_tag","embeddable":true,"href":"https:\/\/pharmabiz.pt\/en\/wp-json\/wp\/v2\/product_tag?post=3873"}],"curies":[{"name":"wp","href":"https:\/\/api.w.org\/{rel}","templated":true}]}}