{"id":3877,"date":"2014-08-29T16:27:16","date_gmt":"2014-08-29T15:27:16","guid":{"rendered":"https:\/\/pharmabiz.pt\/produto\/chips-coco-tostados-snack\/"},"modified":"2020-10-04T00:00:18","modified_gmt":"2020-10-03T23:00:18","slug":"ox-organic-sweet-toasted-coconut-chips-with-coconut-sugar","status":"publish","type":"product","link":"https:\/\/pharmabiz.pt\/en\/product\/ox-organic-sweet-toasted-coconut-chips-with-coconut-sugar\/","title":{"rendered":"OX Organic Sweet Toasted Coconut Chips with Coconut Sugar"},"content":{"rendered":"<div class=\"wpb-content-wrapper\"><p>[vc_row][vc_column width=&#8221;1\/2&#8243;][vc_column_text]<\/p>\n<p><img loading=\"lazy\" decoding=\"async\" class=\"alignnone size-full wp-image-7604\" src=\"https:\/\/pharmabiz.pt\/wp-content\/uploads\/2014\/08\/Foto-Coco-Praia.png\" alt=\"\" width=\"1024\" height=\"512\" srcset=\"https:\/\/pharmabiz.pt\/wp-content\/uploads\/2014\/08\/Foto-Coco-Praia.png 1024w, https:\/\/pharmabiz.pt\/wp-content\/uploads\/2014\/08\/Foto-Coco-Praia-300x150.png 300w, https:\/\/pharmabiz.pt\/wp-content\/uploads\/2014\/08\/Foto-Coco-Praia-768x384.png 768w, https:\/\/pharmabiz.pt\/wp-content\/uploads\/2014\/08\/Foto-Coco-Praia-600x300.png 600w\" sizes=\"auto, (max-width: 1024px) 100vw, 1024px\" \/><\/p>\n<p><strong>OX NATURE SWEET COCONUT CHIPS:<\/strong> S\u00e3o lascas de coco tostado com a\u00e7\u00facar de coco org\u00e2nico.<br \/>\n<img loading=\"lazy\" decoding=\"async\" class=\"alignright wp-image-7607 size-thumbnail\" src=\"https:\/\/pharmabiz.pt\/wp-content\/uploads\/2014\/08\/Foto-Chips-de-Coco-150x150.png\" alt=\"\" width=\"150\" height=\"150\" srcset=\"https:\/\/pharmabiz.pt\/wp-content\/uploads\/2014\/08\/Foto-Chips-de-Coco-150x150.png 150w, https:\/\/pharmabiz.pt\/wp-content\/uploads\/2014\/08\/Foto-Chips-de-Coco-300x300.png 300w, https:\/\/pharmabiz.pt\/wp-content\/uploads\/2014\/08\/Foto-Chips-de-Coco-1024x1024.png 1024w, https:\/\/pharmabiz.pt\/wp-content\/uploads\/2014\/08\/Foto-Chips-de-Coco-768x768.png 768w, https:\/\/pharmabiz.pt\/wp-content\/uploads\/2014\/08\/Foto-Chips-de-Coco-45x45.png 45w, https:\/\/pharmabiz.pt\/wp-content\/uploads\/2014\/08\/Foto-Chips-de-Coco-600x600.png 600w, https:\/\/pharmabiz.pt\/wp-content\/uploads\/2014\/08\/Foto-Chips-de-Coco-100x100.png 100w, https:\/\/pharmabiz.pt\/wp-content\/uploads\/2014\/08\/Foto-Chips-de-Coco.png 1080w\" sizes=\"auto, (max-width: 150px) 100vw, 150px\" \/><\/p>\n<p>Um snack natural, doce e crocante que pode ser consumido puro. O valor nutritivo do coco varia de acordo com o seu\u00a0estado de matura\u00e7\u00e3o, contendo, de modo geral, uma boa quantidade de fibra.<\/p>\n<p>O a\u00e7\u00facar de coco \u00e9 um a\u00e7\u00facar natural de alta qualidade, extra\u00eddo da flor do coco, 100% biol\u00f3gico e certificado, isento de aditivos qu\u00edmicos e n\u00e3o refinado. Um Bio-Snack naturalmente saud\u00e1vel e ideal para transportar consigo no dia-a-dia&#8230; <strong>Doce, Crocante, Nutritivo e Ex\u00f3tico.<br \/>\n<b><\/b><\/strong><\/p>\n<h4><strong><span style=\"color: #6ba539;\">Denomina\u00e7\u00e3o de Venda:<\/span><\/strong><\/h4>\n<p>Chips de Coco Tostados com A\u00e7\u00facar de Coco Bio<\/p>\n<h4><span style=\"color: #6ba539;\"><strong>Ingredientes:<\/strong><\/span><\/h4>\n<p>Lascas de Coco* (80%), a\u00e7\u00facar de flor de coco n\u00e3o refinado* (20%), sal. *Ingredientes de Agricultura Biol\u00f3gica.<\/p>\n<h4><span style=\"color: #6ba539;\"><strong>Modo de Utiliza\u00e7\u00e3o:<\/strong><\/span><\/h4>\n<p>Pode comer como um snack ou adicionar a fruta, cereais, doces,\u00a0bolos, pudins, ou ao alimento que mais desejar.<\/p>\n<h4><span style=\"color: #6ba539;\"><strong>Conserva\u00e7\u00e3o:<\/strong><\/span><\/h4>\n<p>Para manter a integridade deste produto, fechar bem o pacote e guardar em local fresco e seco, ao abrigo do calor e da luz solar.<\/p>\n<h4><strong><span style=\"color: #6ba539;\">Aviso:<\/span><\/strong><\/h4>\n<p>Os Snacks de Coco n\u00e3o devem ser usados como um substituto de uma dieta variada, equilibrada e a um estilo de vida saud\u00e1vel. Ses estiver gr\u00e1vida, a amamentar ou a ser medicado aconselhe-se com o seu m\u00e9dico. Em caso de alguma rea\u00e7\u00e3o adversa interrompa o seu uso e consulte o seu m\u00e9dico ou nutricionista.<\/p>\n<p>Este produto n\u00e3o se destina a diagnosticar, tratar, curar ou prevenir qualquer doen\u00e7a, use apenas como um complemento alimentar.<\/p>\n<h4><span style=\"color: #6ba539;\"><strong>Peso L\u00edquido:<\/strong><\/span><\/h4>\n<p>60g<\/p>\n<h4><span style=\"color: #6ba539;\"><strong>Caixa de Transporte:<\/strong><\/span><\/h4>\n<p>12 x 60g<\/p>\n<h4><span style=\"color: #6ba539;\"><strong>Origem:<\/strong><\/span><\/h4>\n<p>Agricultura N\u00e3o UE.<\/p>\n<h4><span style=\"color: #6ba539;\"><strong>Distribu\u00eddo por:<\/strong><\/span><\/h4>\n<p>Pharmabiz, Lda.<\/p>\n<p><strong>\u00a0<\/strong><\/p>\n<p><strong>\u00a0<\/strong><\/p>\n<p>[\/vc_column_text][\/vc_column][vc_column width=&#8221;1\/2&#8243;]<div class=\"nflc nutrition-section std\">\t\r\n\t\t<ul class=\"nutrition-table\" itemprop=\"nutrition\" itemscope itemtype=\"http:\/\/schema.org\/NutritionInformation\">\r\n\t\t\t<li class=\"nt-header b-0\"><h2 class=\"nt-title\">Declara\u00e7\u00e3o Nutricional por 100g<\/h2><\/li><li class=\"nt-row b-0\"><span class=\"nt-label col-50\">Servings Per Container<\/span><span class=\"nt-value col-50\" itemprop=\"servingSize\">6<\/span><\/li><li class=\"nt-row sep-10 serving-size\"><span class=\"nt-label col-50\">Serving Size<\/span><span class=\"nt-value col-50\" itemprop=\"servingSize\">10g<\/span><\/li><li class=\"nt-row font-bold b-0\"><span class=\"nt-label\">Amount per serving<\/span><\/li><li class=\"nt-row font-bold calories sep-8\"><span class=\"nt-label col-70\">Calories<\/span><span class=\"nt-value col-30\" itemprop=\"servingSize\">63<\/span><\/li><li class=\"nt-head font-bold sep-4\"><span class=\"nt-label nutrient-label col-40\"><\/span><span class=\"nt-label amount-label col-30\"><\/span><span class=\"pdv-label col-30\">% Daily Value*<\/span><\/li><br \/>\n<b>Warning<\/b>:  Undefined array key \"amt\" in <b>\/var\/www\/vhosts\/pharmabiz.pt\/httpdocs\/wp-content\/plugins\/nutrition-facts-label-creator\/nflc_templates\/default.php<\/b> on line <b>137<\/b><br \/>\n<br \/>\n<b>Warning<\/b>:  Undefined array key \"unit\" in <b>\/var\/www\/vhosts\/pharmabiz.pt\/httpdocs\/wp-content\/plugins\/nutrition-facts-label-creator\/nflc_templates\/default.php<\/b> on line <b>137<\/b><br \/>\n<li><span class=\"nt-label col-40 font-bold\">VALORES M\u00c9DIOS<\/span><span class=\"nt-amount col-30\"> <\/span><\/li><br \/>\n<b>Warning<\/b>:  A non-numeric value encountered in <b>\/var\/www\/vhosts\/pharmabiz.pt\/httpdocs\/wp-content\/plugins\/nutrition-facts-label-creator\/nflc_templates\/default.php<\/b> on line <b>122<\/b><br \/>\n<br \/>\n<b>Warning<\/b>:  Undefined array key \"unit\" in <b>\/var\/www\/vhosts\/pharmabiz.pt\/httpdocs\/wp-content\/plugins\/nutrition-facts-label-creator\/nflc_templates\/default.php<\/b> on line <b>137<\/b><br \/>\n<br \/>\n<b>Warning<\/b>:  Undefined array key \"unit\" in <b>\/var\/www\/vhosts\/pharmabiz.pt\/httpdocs\/wp-content\/plugins\/nutrition-facts-label-creator\/nflc_templates\/default.php<\/b> on line <b>138<\/b><br \/>\n<li><span class=\"nt-label col-40 font-bold\">Energia kJ \/ kcal<\/span><span class=\"nt-amount col-30\">2600 \/ 630  <\/span><span class=\"nt-value col-30\">30.95%<\/span><\/li><li><span class=\"nt-label col-40 font-bold\">L\u00edpidos totais<\/span><span class=\"nt-amount col-30\">55 g<\/span><span class=\"nt-value col-30\">78.57%<\/span><\/li><li class=\"nt-sublevel-1\"><span class=\"nt-label col-40\">.dos quais saturados<\/span><span class=\"nt-amount col-30\">51 g<\/span><span class=\"nt-value col-30\"><b>255%<\/b><\/span><\/li><li><span class=\"nt-label col-40 font-bold\">Hidratos de Carbono<\/span><span class=\"nt-amount col-30\">21 g<\/span><span class=\"nt-value col-30\">8.08%<\/span><\/li><li class=\"nt-sublevel-1\"><span class=\"nt-label col-40\">.dos quais a\u00e7\u00facares<\/span><span class=\"nt-amount col-30\">21 g<\/span><span class=\"nt-value col-30\">23.33%<\/span><\/li><li><span class=\"nt-label col-40 font-bold\">Fibra<\/span><span class=\"nt-amount col-30\">15 g<\/span><span class=\"nt-value col-30\">60%<\/span><\/li><li><span class=\"nt-label col-40 font-bold\">Prote\u00ednas<\/span><span class=\"nt-amount col-30\">5.7 g<\/span><span class=\"nt-value col-30\">11.4%<\/span><\/li><li><span class=\"nt-label col-40 font-bold\">Sal<\/span><span class=\"nt-amount col-30\">0.63 g<\/span><span class=\"nt-value col-30\">10.5%<\/span><\/li><li class=\"nt-footer b-0\">*DR - Dose de Refer\u00eancia para um adulto m\u00e9dio (8400kJ \/ 2000 kcal).<br \/>\n**VRN - Valor de Refer\u00eancia do Nutriente.<br \/>\nNOTA - Os Valores Nutricionais podem variar de acordo com a sazonalidade.<\/li>\t\t<\/ul><!-- \/.nutrition-table -->\r\n\t<\/div><!-- \/.nutrition-section -->[vc_empty_space][vc_column_text]<strong>OX NATURE SWEET COCONUT CHIPS:<\/strong> Um snack natural, doce e crocante que pode ser consumido puro. O valor nutritivo do coco varia de acordo com o seu estado de matura\u00e7\u00e3o, contendo, de modo geral, uma boa quantidade de fibra.<strong>\u00a0<\/strong>[\/vc_column_text][\/vc_column][\/vc_row]<\/p>\n<\/div>","protected":false},"excerpt":{"rendered":"<p>SNACK TROPICAL 100% NATURAL<br \/>\nTOSTADO COM A\u00c7\u00daCAR DE FLOR DE COCO<br \/>\nN\u00c3O REFINADO E SEM ADITIVOS<br \/>\nSEM GL\u00daTEN &amp; SEM LACTOSE<br \/>\nDOCE, CROCANTE &amp; DELICIOSO<\/p>\n<p>RICO EM FIBRA &#8211; PROMOVE SACIEDADE<br \/>\nSAUD\u00c1VEL &amp; NUTRITIVO<\/p>\n<p>100% BIOL\u00d3GICO, N\u00c3O OGM, SEM GL\u00daTEN, SEM LACTOSE, PALEO, VEGAN<\/p>\n<p><img loading=\"lazy\" decoding=\"async\" class=\"alignnone wp-image-6009\" src=\"https:\/\/pharmabiz.pt\/wp-content\/uploads\/2020\/05\/Logo-BIO_EU_website-Pharmabiz.png\" alt=\"\" width=\"97\" height=\"65\" srcset=\"https:\/\/pharmabiz.pt\/wp-content\/uploads\/2020\/05\/Logo-BIO_EU_website-Pharmabiz.png 300w, https:\/\/pharmabiz.pt\/wp-content\/uploads\/2020\/05\/Logo-BIO_EU_website-Pharmabiz.png 1024w, https:\/\/pharmabiz.pt\/wp-content\/uploads\/2020\/05\/Logo-BIO_EU_website-Pharmabiz.png 768w, https:\/\/pharmabiz.pt\/wp-content\/uploads\/2020\/05\/Logo-BIO_EU_website-Pharmabiz.png 1200w, https:\/\/pharmabiz.pt\/wp-content\/uploads\/2020\/05\/Logo-BIO_EU_website-Pharmabiz.png 600w, https:\/\/pharmabiz.pt\/wp-content\/uploads\/2020\/05\/Logo-BIO_EU_website-Pharmabiz.png 1269w\" sizes=\"auto, (max-width: 97px) 100vw, 97px\" \/>\u00a0 \u00a0<img loading=\"lazy\" decoding=\"async\" class=\"alignnone wp-image-6015\" src=\"https:\/\/pharmabiz.pt\/wp-content\/uploads\/2020\/05\/Logo-PLANT-BASED_Website-Pharmabiz.png\" alt=\"\" width=\"65\" height=\"65\" srcset=\"https:\/\/pharmabiz.pt\/wp-content\/uploads\/2020\/05\/Logo-PLANT-BASED_Website-Pharmabiz.png 300w, https:\/\/pharmabiz.pt\/wp-content\/uploads\/2020\/05\/Logo-PLANT-BASED_Website-Pharmabiz.png 150w, https:\/\/pharmabiz.pt\/wp-content\/uploads\/2020\/05\/Logo-PLANT-BASED_Website-Pharmabiz.png 768w, https:\/\/pharmabiz.pt\/wp-content\/uploads\/2020\/05\/Logo-PLANT-BASED_Website-Pharmabiz.png 45w, https:\/\/pharmabiz.pt\/wp-content\/uploads\/2020\/05\/Logo-PLANT-BASED_Website-Pharmabiz.png 600w, https:\/\/pharmabiz.pt\/wp-content\/uploads\/2020\/05\/Logo-PLANT-BASED_Website-Pharmabiz.png 100w, https:\/\/pharmabiz.pt\/wp-content\/uploads\/2020\/05\/Logo-PLANT-BASED_Website-Pharmabiz.png 851w\" sizes=\"auto, (max-width: 65px) 100vw, 65px\" \/>\u00a0 \u00a0<img loading=\"lazy\" decoding=\"async\" class=\"alignnone wp-image-6159\" src=\"https:\/\/pharmabiz.pt\/wp-content\/uploads\/2020\/05\/Logo-NO-GMO_.jpg\" alt=\"\" width=\"65\" height=\"65\" srcset=\"https:\/\/pharmabiz.pt\/wp-content\/uploads\/2020\/05\/Logo-NO-GMO_.jpg 300w, https:\/\/pharmabiz.pt\/wp-content\/uploads\/2020\/05\/Logo-NO-GMO_.jpg 150w, https:\/\/pharmabiz.pt\/wp-content\/uploads\/2020\/05\/Logo-NO-GMO_.jpg 768w, https:\/\/pharmabiz.pt\/wp-content\/uploads\/2020\/05\/Logo-NO-GMO_.jpg 45w, https:\/\/pharmabiz.pt\/wp-content\/uploads\/2020\/05\/Logo-NO-GMO_.jpg 600w, https:\/\/pharmabiz.pt\/wp-content\/uploads\/2020\/05\/Logo-NO-GMO_.jpg 100w, https:\/\/pharmabiz.pt\/wp-content\/uploads\/2020\/05\/Logo-NO-GMO_.jpg 850w\" sizes=\"auto, (max-width: 65px) 100vw, 65px\" \/>\u00a0 \u00a0<img loading=\"lazy\" decoding=\"async\" class=\"alignnone wp-image-6006\" src=\"https:\/\/pharmabiz.pt\/wp-content\/uploads\/2020\/05\/LOGO-GLUTEN-FREE-1.jpg\" alt=\"\" width=\"64\" height=\"65\" srcset=\"https:\/\/pharmabiz.pt\/wp-content\/uploads\/2020\/05\/LOGO-GLUTEN-FREE-1.jpg 300w, https:\/\/pharmabiz.pt\/wp-content\/uploads\/2020\/05\/LOGO-GLUTEN-FREE-1.jpg 150w, https:\/\/pharmabiz.pt\/wp-content\/uploads\/2020\/05\/LOGO-GLUTEN-FREE-1.jpg 768w, https:\/\/pharmabiz.pt\/wp-content\/uploads\/2020\/05\/LOGO-GLUTEN-FREE-1.jpg 45w, https:\/\/pharmabiz.pt\/wp-content\/uploads\/2020\/05\/LOGO-GLUTEN-FREE-1.jpg 600w, https:\/\/pharmabiz.pt\/wp-content\/uploads\/2020\/05\/LOGO-GLUTEN-FREE-1.jpg 100w, https:\/\/pharmabiz.pt\/wp-content\/uploads\/2020\/05\/LOGO-GLUTEN-FREE-1.jpg 838w\" sizes=\"auto, (max-width: 64px) 100vw, 64px\" \/>\u00a0 \u00a0<img loading=\"lazy\" decoding=\"async\" class=\"alignnone wp-image-6073\" src=\"https:\/\/pharmabiz.pt\/wp-content\/uploads\/2020\/05\/lactose_free3.jpg\" alt=\"\" width=\"65\" height=\"65\" srcset=\"https:\/\/pharmabiz.pt\/wp-content\/uploads\/2020\/05\/lactose_free3.jpg 300w, https:\/\/pharmabiz.pt\/wp-content\/uploads\/2020\/05\/lactose_free3.jpg 150w, https:\/\/pharmabiz.pt\/wp-content\/uploads\/2020\/05\/lactose_free3.jpg 768w, https:\/\/pharmabiz.pt\/wp-content\/uploads\/2020\/05\/lactose_free3.jpg 45w, https:\/\/pharmabiz.pt\/wp-content\/uploads\/2020\/05\/lactose_free3.jpg 600w, https:\/\/pharmabiz.pt\/wp-content\/uploads\/2020\/05\/lactose_free3.jpg 100w, https:\/\/pharmabiz.pt\/wp-content\/uploads\/2020\/05\/lactose_free3.jpg 856w\" sizes=\"auto, (max-width: 65px) 100vw, 65px\" \/>\u00a0 \u00a0<img loading=\"lazy\" decoding=\"async\" class=\"alignnone wp-image-6064\" src=\"https:\/\/pharmabiz.pt\/wp-content\/uploads\/2020\/05\/Logo-VEGAN-1.jpg\" alt=\"\" width=\"65\" height=\"65\" srcset=\"https:\/\/pharmabiz.pt\/wp-content\/uploads\/2020\/05\/Logo-VEGAN-1.jpg 300w, https:\/\/pharmabiz.pt\/wp-content\/uploads\/2020\/05\/Logo-VEGAN-1.jpg 150w, https:\/\/pharmabiz.pt\/wp-content\/uploads\/2020\/05\/Logo-VEGAN-1.jpg 768w, https:\/\/pharmabiz.pt\/wp-content\/uploads\/2020\/05\/Logo-VEGAN-1.jpg 45w, https:\/\/pharmabiz.pt\/wp-content\/uploads\/2020\/05\/Logo-VEGAN-1.jpg 600w, https:\/\/pharmabiz.pt\/wp-content\/uploads\/2020\/05\/Logo-VEGAN-1.jpg 100w, https:\/\/pharmabiz.pt\/wp-content\/uploads\/2020\/05\/Logo-VEGAN-1.jpg 851w\" sizes=\"auto, (max-width: 65px) 100vw, 65px\" \/><\/p>\n","protected":false},"featured_media":7994,"comment_status":"closed","ping_status":"closed","template":"","meta":{"_acf_changed":false},"product_brand":[],"product_cat":[144,182,136,137,253,275,256],"product_tag":[192],"class_list":{"0":"post-3877","1":"product","2":"type-product","3":"status-publish","4":"has-post-thumbnail","6":"product_cat-bars-and-snacks","7":"product_cat-coconut","8":"product_cat-food","9":"product_cat-gluten-free","10":"product_cat-lactose-free","11":"product_cat-no-added-salt","12":"product_cat-organic-certified","13":"product_tag-energy-and-vitality","14":"pa_marca-ox-nature-en","16":"first","17":"outofstock","18":"taxable","19":"shipping-taxable","20":"purchasable","21":"product-type-simple"},"acf":[],"_links":{"self":[{"href":"https:\/\/pharmabiz.pt\/en\/wp-json\/wp\/v2\/product\/3877","targetHints":{"allow":["GET"]}}],"collection":[{"href":"https:\/\/pharmabiz.pt\/en\/wp-json\/wp\/v2\/product"}],"about":[{"href":"https:\/\/pharmabiz.pt\/en\/wp-json\/wp\/v2\/types\/product"}],"replies":[{"embeddable":true,"href":"https:\/\/pharmabiz.pt\/en\/wp-json\/wp\/v2\/comments?post=3877"}],"wp:featuredmedia":[{"embeddable":true,"href":"https:\/\/pharmabiz.pt\/en\/wp-json\/wp\/v2\/media\/7994"}],"wp:attachment":[{"href":"https:\/\/pharmabiz.pt\/en\/wp-json\/wp\/v2\/media?parent=3877"}],"wp:term":[{"taxonomy":"product_brand","embeddable":true,"href":"https:\/\/pharmabiz.pt\/en\/wp-json\/wp\/v2\/product_brand?post=3877"},{"taxonomy":"product_cat","embeddable":true,"href":"https:\/\/pharmabiz.pt\/en\/wp-json\/wp\/v2\/product_cat?post=3877"},{"taxonomy":"product_tag","embeddable":true,"href":"https:\/\/pharmabiz.pt\/en\/wp-json\/wp\/v2\/product_tag?post=3877"}],"curies":[{"name":"wp","href":"https:\/\/api.w.org\/{rel}","templated":true}]}}