{"id":3956,"date":"2020-04-15T14:16:31","date_gmt":"2020-04-15T13:16:31","guid":{"rendered":"https:\/\/pharmabiz.pt\/?post_type=product&#038;p=3956"},"modified":"2020-07-05T17:42:12","modified_gmt":"2020-07-05T16:42:12","slug":"ox-organic-coconut-milk-powder-freeze-dried-no-maltodextrin","status":"publish","type":"product","link":"https:\/\/pharmabiz.pt\/en\/product\/ox-organic-coconut-milk-powder-freeze-dried-no-maltodextrin\/","title":{"rendered":"OX Organic Coconut Milk Powder Freeze Dried No Maltodextrin"},"content":{"rendered":"<div class=\"wpb-content-wrapper\"><p>[vc_row][vc_column width=&#8221;1\/2&#8243;][vc_column_text]<\/p>\n<p><img loading=\"lazy\" decoding=\"async\" class=\"alignnone wp-image-7551 size-full\" src=\"https:\/\/pharmabiz.pt\/wp-content\/uploads\/2020\/04\/Leite-de-Coco-e-Coco.png\" alt=\"\" width=\"1024\" height=\"512\" srcset=\"https:\/\/pharmabiz.pt\/wp-content\/uploads\/2020\/04\/Leite-de-Coco-e-Coco.png 1024w, https:\/\/pharmabiz.pt\/wp-content\/uploads\/2020\/04\/Leite-de-Coco-e-Coco-300x150.png 300w, https:\/\/pharmabiz.pt\/wp-content\/uploads\/2020\/04\/Leite-de-Coco-e-Coco-768x384.png 768w, https:\/\/pharmabiz.pt\/wp-content\/uploads\/2020\/04\/Leite-de-Coco-e-Coco-600x300.png 600w\" sizes=\"auto, (max-width: 1024px) 100vw, 1024px\" \/><\/p>\n<p><strong>OX NATURE COCONUT MILK POWDER:<\/strong> O nosso leite de coco biol\u00f3gico em p\u00f3 \u00e9 obtido pela t\u00e9cnica de liofiliza\u00e7\u00e3o do leite de coco org\u00e2nico com 24% de gordura, pasta de coco org\u00e2nica e farinha de coco org\u00e2nica. Por essa raz\u00e3o, tem um sabor bastante intenso.<span class=\"Apple-converted-space\">\u00a0<\/span>100% Leite de coco biol\u00f3gico em p\u00f3, liofilizado, puro e natural, sem adi\u00e7\u00e3o de a\u00e7\u00facar, sem aditivos, sem prote\u00edna de leite, sem lactose, sem gl\u00faten e com prote\u00edna vegetal.<\/p>\n<p>A liofiliza\u00e7\u00e3o \u00e9 um processo de desidrata\u00e7\u00e3o de alimentos a baix\u00edssimas temperaturas, que preserva todos os seus nutrientes vitais, como fibras, prote\u00ednas, vitaminas, minerais e enzimas, assim como o sabor fresco do coco.<span class=\"Apple-converted-space\">\u00a0<\/span><\/p>\n<p>Os cocos a partir dos quais o nosso leite de coco org\u00e2nico \u00e9 produzido, prov\u00eam das florestas tropicais das Filipinas e Sri-Lanka, sendo produzido na Europa.<span class=\"Apple-converted-space\">\u00a0<\/span><\/p>\n<p><img loading=\"lazy\" decoding=\"async\" class=\"alignright wp-image-7640 size-thumbnail\" src=\"https:\/\/pharmabiz.pt\/wp-content\/uploads\/2020\/04\/shutterstock_365826308-150x150.png\" alt=\"\" width=\"150\" height=\"150\" srcset=\"https:\/\/pharmabiz.pt\/wp-content\/uploads\/2020\/04\/shutterstock_365826308-150x150.png 150w, https:\/\/pharmabiz.pt\/wp-content\/uploads\/2020\/04\/shutterstock_365826308-45x45.png 45w, https:\/\/pharmabiz.pt\/wp-content\/uploads\/2020\/04\/shutterstock_365826308-100x100.png 100w\" sizes=\"auto, (max-width: 150px) 100vw, 150px\" \/>O nosso leite de coco em p\u00f3 \u00e9 uma excelente alternativa vegana, sem nozes e sem lactose que pode ser apreciado numa infinidade de receitas, a escolha perfeita para pessoas que sofrem de intoler\u00e2ncia \u00e0 lactose ou alergia \u00e0 prote\u00edna do leite, ou que apenas procuram uma alimenta\u00e7\u00e3o mais saud\u00e1vel e querem fazer em sua casa o seu pr\u00f3prio leite de coco puro, sem quaisquer tipos de aditivos.<span class=\"Apple-converted-space\">\u00a0<\/span><\/p>\n<p>O nosso leite de coco em p\u00f3 traz um novo impulso \u00e0 <strong>Dieta Vegana, Cetog\u00e9nica\u00a0e Paleo<\/strong><\/p>\n<h4><span style=\"color: #6ba539;\"><strong>Denomina\u00e7\u00e3o de Venda:<\/strong><\/span><\/h4>\n<p>Leite de Coco Liofilizado em P\u00f3 Sem Maltodextrina Bio<\/p>\n<h4><span style=\"color: #6ba539;\"><strong>Ingredientes:<\/strong><\/span><\/h4>\n<p>100% Leite de Coco Biol\u00f3gico (cocus nuc\u00edfera L.) em P\u00f3 (pasta de coco biol\u00f3gica, leite de coco biol\u00f3gico com 24% de gordura, farinha de coco biol\u00f3gica).<\/p>\n<h4><strong><span style=\"color: #6ba539;\">Modo de\u00a0<span style=\"caret-color: #6ba539;\">Prepara\u00e7\u00e3o<\/span>\u00a0e Utiliza\u00e7\u00e3o:<\/span><\/strong><\/h4>\n<p>O leite de coco em p\u00f3 \u00e9 muito vers\u00e1til e funciona muito bem em receitas doces e salgadas. Para fazer o seu pr\u00f3prio leite aconselhamos que coloque no seu liquidificador 250ml de \u00e1gua fria, morna ou quente, junte uma colher de sopa (10g) de leite de coco em p\u00f3, ou a seu gosto e bata at\u00e9 obter uma mistura homog\u00e9nea. O resultado \u00e9 um delicioso leite de coco que pode ser bebido simples, com cacau, ch\u00e1 e caf\u00e9, ou usar nos seus cereais preferidos e em todas as receitas culin\u00e1rias que exijam leite como: Aveia, Cereais, Lattes, Iogurtes, Sobremesas, Saladas, Molhos, Caril e muito mais.<span class=\"Apple-converted-space\">\u00a0<\/span><\/p>\n<h4><span style=\"color: #6ba539;\"><strong>Conserva\u00e7\u00e3o:<\/strong><\/span><\/h4>\n<p>Para manter a integridade deste produto, fechar bem o pacote e guardar em local fresco e seco, ao abrigo do calor e da luz solar.<\/p>\n<h4><span style=\"color: #6ba539;\"><strong>Aviso:<\/strong><\/span><\/h4>\n<p>O Leite de Coco deve ser integrado num estilo de vida ativo e saud\u00e1vel, no \u00e2mbito de uma alimenta\u00e7\u00e3o completa, variada e equilibrada. Se estiver gr\u00e1vida, a amamentar ou a ser medicado aconselhe-se com o seu m\u00e9dico. Em caso de alguma rea\u00e7\u00e3o adversa interrompa o seu uso e consulte o seu m\u00e9dico ou nutricionista.<\/p>\n<h4><span style=\"color: #6ba539;\"><strong>Peso L\u00edquido:<\/strong><\/span><\/h4>\n<p>200g<\/p>\n<h4><span style=\"color: #6ba539;\"><strong>Caixa de Transporte:<\/strong><\/span><\/h4>\n<p>6x 200g<\/p>\n<h4><span style=\"color: #6ba539;\"><strong>Origem:<\/strong><\/span><\/h4>\n<p>Agricultura n\u00e3o EU<\/p>\n<h4><span style=\"color: #6ba539;\"><strong>Distribu\u00eddo por:<\/strong><\/span><\/h4>\n<p>Pharmabiz, Lda<\/p>\n<p>&nbsp;<\/p>\n<p><strong>\u00a0<\/strong><\/p>\n<p>[\/vc_column_text][\/vc_column][vc_column width=&#8221;1\/2&#8243;]<div class=\"nflc nutrition-section std\">\t\r\n\t\t<ul class=\"nutrition-table\" itemprop=\"nutrition\" itemscope itemtype=\"http:\/\/schema.org\/NutritionInformation\">\r\n\t\t\t<li class=\"nt-header b-0\"><h2 class=\"nt-title\">Declara\u00e7\u00e3o Nutricional por 100g<\/h2><\/li><li class=\"nt-row b-0\"><span class=\"nt-label col-50\">Servings Per Container<\/span><span class=\"nt-value col-50\" itemprop=\"servingSize\">20<\/span><\/li><li class=\"nt-row sep-10 serving-size\"><span class=\"nt-label col-50\">Serving Size<\/span><span class=\"nt-value col-50\" itemprop=\"servingSize\">10g<\/span><\/li><li class=\"nt-row font-bold b-0\"><span class=\"nt-label\">Amount per serving<\/span><\/li><li class=\"nt-row font-bold calories sep-8\"><span class=\"nt-label col-70\">Calories<\/span><span class=\"nt-value col-30\" itemprop=\"servingSize\">69<\/span><\/li><li class=\"nt-head font-bold sep-4\"><span class=\"nt-label nutrient-label col-40\"><\/span><span class=\"nt-label amount-label col-30\"><\/span><span class=\"pdv-label col-30\">% Daily Value*<\/span><\/li><br \/>\n<b>Warning<\/b>:  Undefined array key \"amt\" in <b>\/var\/www\/vhosts\/pharmabiz.pt\/httpdocs\/wp-content\/plugins\/nutrition-facts-label-creator\/nflc_templates\/default.php<\/b> on line <b>137<\/b><br \/>\n<br \/>\n<b>Warning<\/b>:  Undefined array key \"unit\" in <b>\/var\/www\/vhosts\/pharmabiz.pt\/httpdocs\/wp-content\/plugins\/nutrition-facts-label-creator\/nflc_templates\/default.php<\/b> on line <b>137<\/b><br \/>\n<li><span class=\"nt-label col-40 font-bold\">VALORES M\u00c9DIOS<\/span><span class=\"nt-amount col-30\"> <\/span><\/li><br \/>\n<b>Warning<\/b>:  A non-numeric value encountered in <b>\/var\/www\/vhosts\/pharmabiz.pt\/httpdocs\/wp-content\/plugins\/nutrition-facts-label-creator\/nflc_templates\/default.php<\/b> on line <b>122<\/b><br \/>\n<br \/>\n<b>Warning<\/b>:  Undefined array key \"unit\" in <b>\/var\/www\/vhosts\/pharmabiz.pt\/httpdocs\/wp-content\/plugins\/nutrition-facts-label-creator\/nflc_templates\/default.php<\/b> on line <b>137<\/b><br \/>\n<br \/>\n<b>Warning<\/b>:  Undefined array key \"unit\" in <b>\/var\/www\/vhosts\/pharmabiz.pt\/httpdocs\/wp-content\/plugins\/nutrition-facts-label-creator\/nflc_templates\/default.php<\/b> on line <b>138<\/b><br \/>\n<li><span class=\"nt-label col-40 font-bold\">Energia kJ \/ kcal<\/span><span class=\"nt-amount col-30\">2849 \/ 690 <\/span><span class=\"nt-value col-30\">33.92%<\/span><\/li><li><span class=\"nt-label col-40 font-bold\">L\u00edpidos totais<\/span><span class=\"nt-amount col-30\">63 g<\/span><span class=\"nt-value col-30\">90%<\/span><\/li><li class=\"nt-sublevel-1\"><span class=\"nt-label col-40\">.dos quais saturados<\/span><span class=\"nt-amount col-30\">59 g<\/span><span class=\"nt-value col-30\"><b>295%<\/b><\/span><\/li><li class=\"nt-sublevel-1\"><span class=\"nt-label col-40\">.dos quais monoinsaturados<\/span><span class=\"nt-amount col-30\">3.4 g<\/span><\/li><li class=\"nt-sublevel-1\"><span class=\"nt-label col-40\">.dos quais polinsaturados<\/span><span class=\"nt-amount col-30\">0.6 g<\/span><\/li><li><span class=\"nt-label col-40 font-bold\">Hidratos de Carbono<\/span><span class=\"nt-amount col-30\">11 g<\/span><span class=\"nt-value col-30\">4.23%<\/span><\/li><li class=\"nt-sublevel-1\"><span class=\"nt-label col-40\">.dos quais a\u00e7\u00facares<\/span><span class=\"nt-amount col-30\">7.1 g<\/span><span class=\"nt-value col-30\">7.89%<\/span><\/li><li><span class=\"nt-label col-40 font-bold\">Fibra<\/span><span class=\"nt-amount col-30\">4.8 g<\/span><span class=\"nt-value col-30\">19.2%<\/span><\/li><li><span class=\"nt-label col-40 font-bold\">Prote\u00ednas<\/span><span class=\"nt-amount col-30\">17 g<\/span><span class=\"nt-value col-30\">34%<\/span><\/li><li><span class=\"nt-label col-40 font-bold\">Sal (naturalmente presente)<\/span><span class=\"nt-amount col-30\">0.06 g<\/span><span class=\"nt-value col-30\">1%<\/span><\/li><br \/>\n<b>Warning<\/b>:  Undefined array key \"amt\" in <b>\/var\/www\/vhosts\/pharmabiz.pt\/httpdocs\/wp-content\/plugins\/nutrition-facts-label-creator\/nflc_templates\/default.php<\/b> on line <b>137<\/b><br \/>\n<br \/>\n<b>Warning<\/b>:  Undefined array key \"unit\" in <b>\/var\/www\/vhosts\/pharmabiz.pt\/httpdocs\/wp-content\/plugins\/nutrition-facts-label-creator\/nflc_templates\/default.php<\/b> on line <b>137<\/b><br \/>\n<li><span class=\"nt-label col-40 font-bold\">MINERAIS<\/span><span class=\"nt-amount col-30\"> <\/span><\/li><li><span class=\"nt-label col-40 font-bold\">Magn\u00e9sio<\/span><span class=\"nt-amount col-30\">160 mg<\/span><span class=\"nt-value col-30\">42.67%<\/span><\/li><li><span class=\"nt-label col-40 font-bold\">Zinco<\/span><span class=\"nt-amount col-30\">2.9 mg<\/span><span class=\"nt-value col-30\">29%<\/span><\/li><li class=\"nt-footer b-0\">*DR - Dose de Refer\u00eancia para um adulto m\u00e9dio (8400kJ \/ 2000 kcal).<br \/>\n**VRN - Valor de Refer\u00eancia do Nutriente.<br \/>\nNOTA - Os Valores Nutricionais podem variar de acordo com a sazonalidade.<\/li>\t\t<\/ul><!-- \/.nutrition-table -->\r\n\t<\/div><!-- \/.nutrition-section -->[vc_empty_space][vc_column_text]<\/p>\n<p><strong>OX NATURE COCONUT MILK POWDER:<\/strong> Os cocos s\u00e3o reverenciados em todo o mundo pelas suas maravilhosas propriedades nutritivas e enorme variedade de benef\u00edcios de sa\u00fade, pelo que s\u00e3o um superalimento essencial. Al\u00e9m de diversos minerais, como o ferro, c\u00e1lcio, pot\u00e1ssio, magn\u00e9sio e zinco, cont\u00e9m uma gordura extremamente ben\u00e9fica chamada de \u00e1cido l\u00e1urico: um \u00e1cido gordo saturado de cadeia m\u00e9dia, com potente a\u00e7\u00e3o anti-inflamat\u00f3ria, que \u00e9 facilmente absorvido e usado pelo corpo como\u00a0fonte de energia.<\/p>\n<p><span style=\"color: #6ba539;\"><strong>BENEF\u00cdCIOS PARA A SA\u00daDE*<\/strong><\/span><br \/>\n*Estes nutrientes contribuem para:<\/p>\n<p><strong><span style=\"color: #6ba539;\">FIBRA<\/span><br \/>\n<\/strong>*O seu consumo adequado pode ter efeito ben\u00e9fico na preven\u00e7\u00e3o de algumas doen\u00e7as como a obesidade, doen\u00e7as cardiovasculares e diferentes tipos de cancro.<\/p>\n<p><span style=\"color: #6ba539;\"><strong>PROTE\u00cdNAS<\/strong><\/span><br \/>\n*para a manuten\u00e7\u00e3o da massa muscular, para o crescimento da massa muscular e para a manuten\u00e7\u00e3o de ossos normais.<\/p>\n<p><span style=\"color: #6ba539;\"><strong>MAGN\u00c9SIO<\/strong> <\/span><br \/>\n* para a manuten\u00e7\u00e3o de ossos e dentes normais e para a redu\u00e7\u00e3o do cansa\u00e7o e da fadiga.<\/p>\n<p><strong><span style=\"color: #6ba539;\">ZINCO<\/span><br \/>\n<\/strong>*para o normal funcionamento do sistema imunit\u00e1rio e prote\u00e7\u00e3o das c\u00e9lulas contra as oxida\u00e7\u00f5es indesej\u00e1veis.<\/p>\n<p>[\/vc_column_text][\/vc_column][\/vc_row]<\/p>\n<\/div>","protected":false},"excerpt":{"rendered":"<p>100% LEITE DE COCO LIOFILIZADO<br \/>\nCOM TODO O VALOR NUTRITIVO DO COCO<br \/>\n63% DE \u00c1CIDOS GORDOS<br \/>\n17% DE PROTE\u00cdNA VEGETAL<br \/>\nSEM LACTOSE &amp; SEM A\u00c7\u00daCAR<br \/>\nSEM GL\u00daTEN &amp; SEM ADITIVOS<br \/>\nCREMOSO E DE SABOR INTENSO<\/p>\n<p>RICO EM MAGN\u00c9SIO <strong>\u2013<\/strong> <strong>OSSOS &amp; DENTES<\/strong><br \/>\nFONTE DE ZINCO<strong> \u2013<\/strong> <strong>SISTEMA IMUNIT\u00c1RIO<\/strong><\/p>\n<p><strong>\u00a0<\/strong>100% BIOL\u00d3GICO, CRU, N\u00c3O OGM, SEM GL\u00daTEN E LACTOSE, SEM MALTODEXTRINA, PALEO, KETO, VEGAN<\/p>\n<p><img loading=\"lazy\" decoding=\"async\" class=\"alignnone wp-image-6009\" src=\"https:\/\/pharmabiz.pt\/wp-content\/uploads\/2020\/05\/Logo-BIO_EU_website-Pharmabiz.png\" alt=\"\" width=\"97\" height=\"65\" srcset=\"https:\/\/pharmabiz.pt\/wp-content\/uploads\/2020\/05\/Logo-BIO_EU_website-Pharmabiz.png 300w, https:\/\/pharmabiz.pt\/wp-content\/uploads\/2020\/05\/Logo-BIO_EU_website-Pharmabiz.png 1024w, https:\/\/pharmabiz.pt\/wp-content\/uploads\/2020\/05\/Logo-BIO_EU_website-Pharmabiz.png 768w, https:\/\/pharmabiz.pt\/wp-content\/uploads\/2020\/05\/Logo-BIO_EU_website-Pharmabiz.png 1200w, https:\/\/pharmabiz.pt\/wp-content\/uploads\/2020\/05\/Logo-BIO_EU_website-Pharmabiz.png 600w, https:\/\/pharmabiz.pt\/wp-content\/uploads\/2020\/05\/Logo-BIO_EU_website-Pharmabiz.png 1269w\" sizes=\"auto, (max-width: 97px) 100vw, 97px\" \/>\u00a0 \u00a0<img loading=\"lazy\" decoding=\"async\" class=\"alignnone wp-image-6015\" src=\"https:\/\/pharmabiz.pt\/wp-content\/uploads\/2020\/05\/Logo-PLANT-BASED_Website-Pharmabiz.png\" alt=\"\" width=\"65\" height=\"65\" srcset=\"https:\/\/pharmabiz.pt\/wp-content\/uploads\/2020\/05\/Logo-PLANT-BASED_Website-Pharmabiz.png 300w, https:\/\/pharmabiz.pt\/wp-content\/uploads\/2020\/05\/Logo-PLANT-BASED_Website-Pharmabiz.png 150w, https:\/\/pharmabiz.pt\/wp-content\/uploads\/2020\/05\/Logo-PLANT-BASED_Website-Pharmabiz.png 768w, https:\/\/pharmabiz.pt\/wp-content\/uploads\/2020\/05\/Logo-PLANT-BASED_Website-Pharmabiz.png 45w, https:\/\/pharmabiz.pt\/wp-content\/uploads\/2020\/05\/Logo-PLANT-BASED_Website-Pharmabiz.png 600w, https:\/\/pharmabiz.pt\/wp-content\/uploads\/2020\/05\/Logo-PLANT-BASED_Website-Pharmabiz.png 100w, https:\/\/pharmabiz.pt\/wp-content\/uploads\/2020\/05\/Logo-PLANT-BASED_Website-Pharmabiz.png 851w\" sizes=\"auto, (max-width: 65px) 100vw, 65px\" \/>\u00a0 \u00a0<img loading=\"lazy\" decoding=\"async\" class=\"alignnone wp-image-6061\" src=\"https:\/\/pharmabiz.pt\/wp-content\/uploads\/2020\/05\/Logo-100-RAW-1.jpg\" alt=\"\" width=\"72\" height=\"65\" srcset=\"https:\/\/pharmabiz.pt\/wp-content\/uploads\/2020\/05\/Logo-100-RAW-1.jpg 300w, https:\/\/pharmabiz.pt\/wp-content\/uploads\/2020\/05\/Logo-100-RAW-1.jpg 768w, https:\/\/pharmabiz.pt\/wp-content\/uploads\/2020\/05\/Logo-100-RAW-1.jpg 600w, https:\/\/pharmabiz.pt\/wp-content\/uploads\/2020\/05\/Logo-100-RAW-1.jpg 939w\" sizes=\"auto, (max-width: 72px) 100vw, 72px\" \/>\u00a0 \u00a0<img loading=\"lazy\" decoding=\"async\" class=\"alignnone wp-image-6159\" src=\"https:\/\/pharmabiz.pt\/wp-content\/uploads\/2020\/05\/Logo-NO-GMO_.jpg\" alt=\"\" width=\"65\" height=\"65\" srcset=\"https:\/\/pharmabiz.pt\/wp-content\/uploads\/2020\/05\/Logo-NO-GMO_.jpg 300w, https:\/\/pharmabiz.pt\/wp-content\/uploads\/2020\/05\/Logo-NO-GMO_.jpg 150w, https:\/\/pharmabiz.pt\/wp-content\/uploads\/2020\/05\/Logo-NO-GMO_.jpg 768w, https:\/\/pharmabiz.pt\/wp-content\/uploads\/2020\/05\/Logo-NO-GMO_.jpg 45w, https:\/\/pharmabiz.pt\/wp-content\/uploads\/2020\/05\/Logo-NO-GMO_.jpg 600w, https:\/\/pharmabiz.pt\/wp-content\/uploads\/2020\/05\/Logo-NO-GMO_.jpg 100w, https:\/\/pharmabiz.pt\/wp-content\/uploads\/2020\/05\/Logo-NO-GMO_.jpg 850w\" sizes=\"auto, (max-width: 65px) 100vw, 65px\" \/>\u00a0 \u00a0<img loading=\"lazy\" decoding=\"async\" class=\"alignnone wp-image-6006\" src=\"https:\/\/pharmabiz.pt\/wp-content\/uploads\/2020\/05\/LOGO-GLUTEN-FREE-1.jpg\" alt=\"\" width=\"64\" height=\"65\" srcset=\"https:\/\/pharmabiz.pt\/wp-content\/uploads\/2020\/05\/LOGO-GLUTEN-FREE-1.jpg 300w, https:\/\/pharmabiz.pt\/wp-content\/uploads\/2020\/05\/LOGO-GLUTEN-FREE-1.jpg 150w, https:\/\/pharmabiz.pt\/wp-content\/uploads\/2020\/05\/LOGO-GLUTEN-FREE-1.jpg 768w, https:\/\/pharmabiz.pt\/wp-content\/uploads\/2020\/05\/LOGO-GLUTEN-FREE-1.jpg 45w, https:\/\/pharmabiz.pt\/wp-content\/uploads\/2020\/05\/LOGO-GLUTEN-FREE-1.jpg 600w, https:\/\/pharmabiz.pt\/wp-content\/uploads\/2020\/05\/LOGO-GLUTEN-FREE-1.jpg 100w, https:\/\/pharmabiz.pt\/wp-content\/uploads\/2020\/05\/LOGO-GLUTEN-FREE-1.jpg 838w\" sizes=\"auto, (max-width: 64px) 100vw, 64px\" \/>\u00a0 \u00a0<img loading=\"lazy\" decoding=\"async\" class=\"alignnone wp-image-6073\" src=\"https:\/\/pharmabiz.pt\/wp-content\/uploads\/2020\/05\/lactose_free3.jpg\" alt=\"\" width=\"65\" height=\"65\" srcset=\"https:\/\/pharmabiz.pt\/wp-content\/uploads\/2020\/05\/lactose_free3.jpg 300w, https:\/\/pharmabiz.pt\/wp-content\/uploads\/2020\/05\/lactose_free3.jpg 150w, https:\/\/pharmabiz.pt\/wp-content\/uploads\/2020\/05\/lactose_free3.jpg 768w, https:\/\/pharmabiz.pt\/wp-content\/uploads\/2020\/05\/lactose_free3.jpg 45w, https:\/\/pharmabiz.pt\/wp-content\/uploads\/2020\/05\/lactose_free3.jpg 600w, https:\/\/pharmabiz.pt\/wp-content\/uploads\/2020\/05\/lactose_free3.jpg 100w, https:\/\/pharmabiz.pt\/wp-content\/uploads\/2020\/05\/lactose_free3.jpg 856w\" sizes=\"auto, (max-width: 65px) 100vw, 65px\" \/>\u00a0 \u00a0<img loading=\"lazy\" decoding=\"async\" class=\"alignnone wp-image-6064\" src=\"https:\/\/pharmabiz.pt\/wp-content\/uploads\/2020\/05\/Logo-VEGAN-1.jpg\" alt=\"\" width=\"65\" height=\"65\" srcset=\"https:\/\/pharmabiz.pt\/wp-content\/uploads\/2020\/05\/Logo-VEGAN-1.jpg 300w, https:\/\/pharmabiz.pt\/wp-content\/uploads\/2020\/05\/Logo-VEGAN-1.jpg 150w, https:\/\/pharmabiz.pt\/wp-content\/uploads\/2020\/05\/Logo-VEGAN-1.jpg 768w, https:\/\/pharmabiz.pt\/wp-content\/uploads\/2020\/05\/Logo-VEGAN-1.jpg 45w, https:\/\/pharmabiz.pt\/wp-content\/uploads\/2020\/05\/Logo-VEGAN-1.jpg 600w, https:\/\/pharmabiz.pt\/wp-content\/uploads\/2020\/05\/Logo-VEGAN-1.jpg 100w, https:\/\/pharmabiz.pt\/wp-content\/uploads\/2020\/05\/Logo-VEGAN-1.jpg 851w\" sizes=\"auto, (max-width: 65px) 100vw, 65px\" \/><\/p>\n","protected":false},"featured_media":7961,"comment_status":"open","ping_status":"closed","template":"","meta":{"_acf_changed":false},"product_brand":[],"product_cat":[182,154,136,137,253,275,256,138],"product_tag":[184,234,192,207,152,423,195,189,441],"class_list":{"0":"post-3956","1":"product","2":"type-product","3":"status-publish","4":"has-post-thumbnail","6":"product_cat-coconut","7":"product_cat-coconut-milk","8":"product_cat-food","9":"product_cat-gluten-free","10":"product_cat-lactose-free","11":"product_cat-no-added-salt","12":"product_cat-organic-certified","13":"product_cat-superfoods","14":"product_tag-anti-inflammatory","15":"product_tag-cholesterol-and-triglycerides","16":"product_tag-energy-and-vitality","17":"product_tag-heart","18":"product_tag-immunity-system","19":"product_tag-magnesium","20":"product_tag-sports-and-fitness","21":"product_tag-weight-management","22":"product_tag-zinc-en","23":"pa_marca-ox-nature-en","25":"first","26":"outofstock","27":"taxable","28":"shipping-taxable","29":"purchasable","30":"product-type-simple"},"acf":[],"_links":{"self":[{"href":"https:\/\/pharmabiz.pt\/en\/wp-json\/wp\/v2\/product\/3956","targetHints":{"allow":["GET"]}}],"collection":[{"href":"https:\/\/pharmabiz.pt\/en\/wp-json\/wp\/v2\/product"}],"about":[{"href":"https:\/\/pharmabiz.pt\/en\/wp-json\/wp\/v2\/types\/product"}],"replies":[{"embeddable":true,"href":"https:\/\/pharmabiz.pt\/en\/wp-json\/wp\/v2\/comments?post=3956"}],"wp:featuredmedia":[{"embeddable":true,"href":"https:\/\/pharmabiz.pt\/en\/wp-json\/wp\/v2\/media\/7961"}],"wp:attachment":[{"href":"https:\/\/pharmabiz.pt\/en\/wp-json\/wp\/v2\/media?parent=3956"}],"wp:term":[{"taxonomy":"product_brand","embeddable":true,"href":"https:\/\/pharmabiz.pt\/en\/wp-json\/wp\/v2\/product_brand?post=3956"},{"taxonomy":"product_cat","embeddable":true,"href":"https:\/\/pharmabiz.pt\/en\/wp-json\/wp\/v2\/product_cat?post=3956"},{"taxonomy":"product_tag","embeddable":true,"href":"https:\/\/pharmabiz.pt\/en\/wp-json\/wp\/v2\/product_tag?post=3956"}],"curies":[{"name":"wp","href":"https:\/\/api.w.org\/{rel}","templated":true}]}}