{"id":11779,"date":"2024-05-06T23:34:22","date_gmt":"2024-05-06T22:34:22","guid":{"rendered":"https:\/\/pharmabiz.pt\/metodos-de-pagamento\/"},"modified":"2024-05-06T23:54:18","modified_gmt":"2024-05-06T22:54:18","slug":"metodos-de-pago","status":"publish","type":"page","link":"https:\/\/pharmabiz.pt\/es\/metodos-de-pago\/","title":{"rendered":"M\u00e9todos de Pago"},"content":{"rendered":"<div class=\"wpb-content-wrapper\"><p>[vc_row][vc_column][vc_column_text]<\/p>\n<h4>FORMAS DE PAGO<\/h4>\n<p>Todos los precios que figuran en nuestro sitio web incluyen el IVA (si procede) al tipo vigente y son correctos en el momento en que la informaci\u00f3n se introduce en el sistema. No obstante, nos reservamos el derecho a modificar los precios en cualquier momento sin previo aviso (excepto en el caso de modificaciones que afecten a pedidos para los que ya se haya enviado una Confirmaci\u00f3n de Env\u00edo).<\/p>\n<p>Siempre intentamos asegurarnos de que los precios de los art\u00edculos mostrados en el sitio web de Pharmabiz son exactos, pero ocasionalmente pueden producirse errores. Si descubrimos un error en el precio de los art\u00edculos pedidos por el Usuario, \u00e9ste ser\u00e1 informado lo antes posible y tendr\u00e1 la opci\u00f3n de mantener el pedido al precio correcto o cancelarlo. Si el usuario opta por la anulaci\u00f3n y ya ha pagado los productos (pero a\u00fan no han sido enviados), recibir\u00e1 un reembolso \u00edntegro.<\/p>\n<p>El pago puede realizarse con cualquier tarjeta de cr\u00e9dito o d\u00e9bito (Visa\/Mastercard), Multibanco, MbWay o a trav\u00e9s de Paypal. El pago se cargar\u00e1 en su cuenta (en euros) antes de que se env\u00eden los bienes o servicios.<\/p>\n<p><strong>Todas las transacciones en nuestro sitio web son seguras.<\/strong><\/p>\n<p>Traducci\u00f3n realizada con la versi\u00f3n gratuita del traductor DeepL.com<\/p>\n<h4>TARJETAS DE CR\u00c9DITO<\/h4>\n<p>Aceptamos VISA y MasterCard.<\/p>\n<p>Se trata de un m\u00e9todo de pago instant\u00e1neo. Esto significa que en cuanto realice el pago y confirme el pedido, \u00e9ste se procesar\u00e1 inmediatamente.<\/p>\n<p>3D SEGURO<br \/>\nTodas las transacciones se realizan a trav\u00e9s de 3D secure, lo que significa que la identidad del cliente se verifica a trav\u00e9s de un paso de seguridad adicional, y se valida para garantizar que la tarjeta utilizada es leg\u00edtima. De esta manera, usted est\u00e1 mejor protegido contra el fraude. Este protocolo lo ofrecen Visa (Verified by Visa) y Mastercard (SecureCode).<\/p>\n<h4>C\u00d3MO PAGAR CON TARJETA DE CR\u00c9DITO<\/h4>\n<p>En el segundo paso del proceso de pago (\u00abPago\u00bb), puede elegir la opci\u00f3n de pagar con tarjeta de cr\u00e9dito. Al seleccionar esta opci\u00f3n, aparecer\u00e1 un formulario con los datos necesarios para que usted lo rellene. Una vez rellenado el formulario, haga clic en \u00abContinuar\u00bb. Debido a 3D Secure, a veces puede aparecer una ventana emergente pidi\u00e9ndole que valide su tarjeta.<\/p>\n<p>Si su tarjeta es rechazada, o si la ventana emergente de 3D Secure no aparece correctamente, o si se produce cualquier otro error, no podremos aceptar el pago con su tarjeta de cr\u00e9dito. Si esto ocurre, elija otra opci\u00f3n, como PayPal.<\/p>\n<p>Tenga en cuenta que, para su seguridad, utilizamos un sistema antifraude que puede activarse si su pedido es an\u00f3malo. En este caso, nuestro equipo se pondr\u00e1 en contacto con usted para validar su pedido. Este proceso puede tardar entre 48 y 72 horas. Si no recibimos respuesta en un plazo de 5 d\u00edas, anularemos su pedido y le reembolsaremos el pago.<\/p>\n<p>La \u00fanica moneda que aceptamos es el euro (EUR). Si su tarjeta de cr\u00e9dito tiene otra divisa por defecto, consulte con su banco si se le cobrar\u00e1n comisiones por conversi\u00f3n.<\/p>\n<h4>C\u00d3MO PAGAR CON PAYPAL<\/h4>\n<p>Durante el segundo paso del proceso de pago (\u00abCheckout\u00bb), puede elegir la opci\u00f3n PayPal. Cuando elija esta opci\u00f3n, aparecer\u00e1 una casilla adicional que le permitir\u00e1 guardar los datos para agilizar el proceso de pago en el futuro. Si desea guardar los datos, marque esta casilla. A continuaci\u00f3n, puede hacer clic en \u00abContinuar\u00bb para confirmar su pedido en la p\u00e1gina siguiente.<\/p>\n<p>Se le redirigir\u00e1 al sitio web de PayPal para realizar el pago. Una vez completado el pago, se le redirigir\u00e1 de nuevo al sitio web de Pharmabiz, donde se registrar\u00e1 su pedido y se le enviar\u00e1 un correo electr\u00f3nico de confirmaci\u00f3n.<br \/>\nTenga en cuenta que puede haber restricciones en los pa\u00edses\/productos aceptados por PayPal. Si PayPal no est\u00e1 disponible, por favor elija un m\u00e9todo de pago alternativo.<\/p>\n<p>Nota: Pharmabiz, Lda. no almacena ning\u00fan dato de acceso a la cuenta PayPal del cliente.<\/p>\n<h4>MULTIBANCO<\/h4>\n<p>Los pagos Multibanco pueden realizarse a trav\u00e9s de la Red de Cajeros Multibanco o a trav\u00e9s de su Homebanking.<\/p>\n<p>Al finalizar el pedido, se generar\u00e1 una referencia de cajero. El cliente recibir\u00e1 esta referencia en el correo electr\u00f3nico de confirmaci\u00f3n del pedido, aunque tambi\u00e9n estar\u00e1 disponible en los \u00abDetalles del pedido\u00bb, en la pesta\u00f1a \u00abPedidos\u00bb de la cuenta Pharmabiz del cliente.<\/p>\n<p>Para pagar en un cajero autom\u00e1tico, el cliente deber\u00e1 seleccionar la opci\u00f3n \u00abPago por servicios\/compras\u00bb e introducir la entidad, referencia e importe correspondientes.<\/p>\n<h4>MB WAY<\/h4>\n<p>Los clientes pueden pagar su pedido utilizando el sistema de pago MB WAY. Para ello, durante el proceso de pedido deber\u00e1n seleccionar esta forma de pago e indicar el n\u00famero de tel\u00e9fono m\u00f3vil al que est\u00e1 asociada la aplicaci\u00f3n, acceder a la misma y seguir los pasos de confirmaci\u00f3n de compra indicados.<br \/>\nSi el n\u00famero introducido no se corresponde con un n\u00famero de pago registrado en la aplicaci\u00f3n, se mostrar\u00e1 el siguiente mensaje: \u00abNo hemos podido validar su pago. Hemos recibido el siguiente mensaje: Alias MB WAY inexistente\u00bb.<\/p>\n<p>Como se indica en la aplicaci\u00f3n, el pago debe efectuarse en un plazo de cinco minutos o el pedido se anular\u00e1. Si el pago se realiza correctamente antes de las 14.00 horas de un d\u00eda laborable, el pedido se enviar\u00e1 ese mismo d\u00eda. Los pedidos pagados despu\u00e9s de esta hora se enviar\u00e1n el siguiente d\u00eda laborable.<\/p>\n<p><strong>Advertencia:<\/strong> Los plazos de env\u00edo indicados se cumplir\u00e1n en condiciones normales de tramitaci\u00f3n de pedidos, salvo aumentos excepcionales del volumen de pedidos que puedan producirse en periodos festivos o durante campa\u00f1as promocionales, as\u00ed como otras eventualidades que dificulten la prestaci\u00f3n regular del servicio de entrega.<\/p>\n<h4>TENGO UN VALE DE DESCUENTO. \u00bfC\u00d3MO PUEDO UTILIZARLO?<\/h4>\n<p>En el \u00faltimo paso de la compra, antes de seleccionar el m\u00e9todo de pago, hay una casilla en la que puede introducir el c\u00f3digo del vale de descuento.<\/p>\n<p>Autorizamos el uso de los c\u00f3digos promocionales estrictamente bajo los t\u00e9rminos y condiciones en los que fueron emitidos que, entre otros, pueden incluir t\u00e9rminos relativos a la elegibilidad del Usuario para utilizarlos o efectos promocionales.[\/vc_column_text][\/vc_column][\/vc_row]<\/p>\n<\/div>","protected":false},"excerpt":{"rendered":"<p>[vc_row][vc_column][vc_column_text] FORMAS DE PAGO Todos los precios que figuran en nuestro sitio web incluyen el IVA (si procede) al tipo<\/p>\n","protected":false},"author":2,"featured_media":0,"parent":0,"menu_order":0,"comment_status":"closed","ping_status":"closed","template":"","meta":{"_acf_changed":false,"footnotes":""},"class_list":["post-11779","page","type-page","status-publish","hentry"],"acf":[],"_links":{"self":[{"href":"https:\/\/pharmabiz.pt\/es\/wp-json\/wp\/v2\/pages\/11779","targetHints":{"allow":["GET"]}}],"collection":[{"href":"https:\/\/pharmabiz.pt\/es\/wp-json\/wp\/v2\/pages"}],"about":[{"href":"https:\/\/pharmabiz.pt\/es\/wp-json\/wp\/v2\/types\/page"}],"author":[{"embeddable":true,"href":"https:\/\/pharmabiz.pt\/es\/wp-json\/wp\/v2\/users\/2"}],"replies":[{"embeddable":true,"href":"https:\/\/pharmabiz.pt\/es\/wp-json\/wp\/v2\/comments?post=11779"}],"version-history":[{"count":6,"href":"https:\/\/pharmabiz.pt\/es\/wp-json\/wp\/v2\/pages\/11779\/revisions"}],"predecessor-version":[{"id":11791,"href":"https:\/\/pharmabiz.pt\/es\/wp-json\/wp\/v2\/pages\/11779\/revisions\/11791"}],"wp:attachment":[{"href":"https:\/\/pharmabiz.pt\/es\/wp-json\/wp\/v2\/media?parent=11779"}],"curies":[{"name":"wp","href":"https:\/\/api.w.org\/{rel}","templated":true}]}}