{"id":5325,"date":"2017-02-09T08:45:13","date_gmt":"2017-02-09T08:45:13","guid":{"rendered":"https:\/\/pharmabiz.pt\/about-me\/"},"modified":"2020-06-14T02:12:00","modified_gmt":"2020-06-14T01:12:00","slug":"sobre-nosotros","status":"publish","type":"page","link":"https:\/\/pharmabiz.pt\/es\/sobre-nosotros\/","title":{"rendered":"Sobre Nosotros"},"content":{"rendered":"<div class=\"wpb-content-wrapper\"><p>[vc_row css=&#8221;.vc_custom_1543763341339{margin-top: -40px !important;}&#8221;][vc_column][vc_empty_space][\/vc_column][\/vc_row][vc_row][vc_column][vc_empty_space][vc_column_text]<\/p>\n<h1><\/h1>\n<h1><\/h1>\n<h1>SOBRE NOSOTROS<\/h1>\n<p>[\/vc_column_text][vc_column_text]<\/p>\n<div class=\"text-wrap tlid-copy-target\">\n<div class=\"result-shield-container tlid-copy-target\" tabindex=\"0\"><strong><span class=\"tlid-translation translation\" lang=\"es\">Pharmabiz es una empresa portuguesa que naci\u00f3 en 2002 con el deseo de promover la salud y el bienestar ideales.<\/span><\/strong><\/div>\n<div class=\"result-shield-container tlid-copy-target\" tabindex=\"0\"><span class=\"tlid-translation translation\" lang=\"es\"><br \/>\nNos dedicamos a la investigaci\u00f3n, selecci\u00f3n, importaci\u00f3n, representaci\u00f3n exclusiva, introducci\u00f3n al mercado, desarrollo y crecimiento sostenible de productos en el \u00e1rea de Salud y Bienestar.<\/span><\/div>\n<p class=\"result-shield-container tlid-copy-target\" tabindex=\"0\"><span class=\"tlid-translation translation\" lang=\"es\">Nuestra prioridad es mantener relaciones duraderas de confianza con todos nuestros proveedores, clientes y socios.<\/span><\/p>\n<p>Nuestro objetivo y pasi\u00f3n es proporcionar productos saludables y confiables, en la alimentaci\u00f3n, belleza, cosm\u00e9tica y cuidado personal, certificados, 100% naturales, ecol\u00f3gicos, \u00e9ticos y de comercio justo, de alta calidad.<\/p>\n<p>Nuestra diversidad de productos se basa en el poder general de limpiar, desintoxicar, sanar y nutrir. Creemos que la salud es fundamental para la felicidad y estamos aqu\u00ed para ayudar a promover una dieta y un estilo de vida saludable.<\/p>\n<p>OX Nature es nuestra marca, que naci\u00f3 en 2014 y que presenta una serie de alimentos potentes y suplementos funcionales de alta densidad nutricional, 100% naturales y org\u00e1nicos, a base de plantas, sin gluten, sin az\u00facar, sin lactosa y veganos, de las regiones m\u00e1s diversas del mundo, para proporcionar su dieta: m\u00e1s energ\u00eda, vitalidad y bienestar.<\/p>\n<p>La informaci\u00f3n en este sitio web no est\u00e1 destinada a diagnosticar, tratar, curar o prevenir ninguna enfermedad, si est\u00e1 embarazada, amamantando, tomando alguna especialidad farmac\u00e9utica o si padece alguna enfermedad, consulte a su m\u00e9dico o profesional de la salud antes de tomar cualquier suplemento.<\/p>\n<p>Los complementos alimenticios y los complementos no deben utilizarse como sustitutos de una dieta variada y un estilo de vida saludable. No exceda la dosis diaria recomendada. Mantener fuera del alcance de los ni\u00f1os.<\/p>\n<\/div>\n<p>[\/vc_column_text][vc_empty_space][vc_column_text]<\/p>\n<div class=\"text-wrap tlid-copy-target\">\n<h3 class=\"result-shield-container tlid-copy-target\" tabindex=\"0\"><strong><span class=\"tlid-translation translation\" lang=\"es\">CANALES DE DISTRIBUCION<\/span><\/strong><\/h3>\n<p class=\"result-shield-container tlid-copy-target\" tabindex=\"0\"><span class=\"tlid-translation translation\" lang=\"es\">Nuestro equipo est\u00e1 compuesto por profesionales ambiciosos y din\u00e1micos, con una amplia experiencia en el mercado, que han logrado que Pharmabiz se destaque en medio de un mercado cada vez m\u00e1s competitivo.<\/span><\/p>\n<p>Puede encontrar nuestros productos a la venta en supermercados, hipermercados, parafarmacias y tiendas de diet\u00e9tica seleccionados, as\u00ed como en tiendas en l\u00ednea.<\/p>\n<p>Somos una presencia constante en los principales eventos y ferias nacionales e internacionales, vinculados al sector de alimentaci\u00f3n saludable, cosm\u00e9tica natural y cuidado de la salud. Por todas estas razones, creemos ser el socio ideal para cualquier empresa extranjera que quiera implementar y distribuir sus productos en el mercado ib\u00e9rico, en el \u00e1rea de alimentaci\u00f3n y estilo de vida saludable.<\/p>\n<\/div>\n<div class=\"tlid-result-transliteration-container result-transliteration-container transliteration-container\">\n<div class=\"tlid-transliteration-content transliteration-content full\"><\/div>\n<\/div>\n<p>[\/vc_column_text]\n\t\t\t<ul class=\"social-icons text-center icons-design-circle icons-size-default social-share \">\n\t\t\t\t\t\t\t\t\t<li class=\"social-facebook\"><a rel=\"noopener noreferrer nofollow\" href=\"https:\/\/www.facebook.com\/sharer\/sharer.php?u=https:\/\/pharmabiz.pt\/es\/sobre-nosotros\/\" target=\"_blank\" class=\"\"><i class=\"fa fa-facebook\"><\/i><span class=\"basel-social-icon-name\">Facebook<\/span><\/a><\/li>\n\t\t\t\t\n\t\t\t\t\t\t\t\t\t<li class=\"social-x\"><a rel=\"noopener noreferrer nofollow\" href=\"https:\/\/twitter.com\/share?url=https:\/\/pharmabiz.pt\/es\/sobre-nosotros\/\" target=\"_blank\" class=\"\"><i class=\"fa fa-x\"><\/i><span class=\"basel-social-icon-name\">X<\/span><\/a><\/li>\n\t\t\t\t\n\t\t\t\t\t\t\t\t\t<li class=\"social-email\"><a rel=\"noopener noreferrer nofollow\" href=\"mailto:?subject=Check%20this%20https:\/\/pharmabiz.pt\/es\/sobre-nosotros\/\" target=\"_blank\" class=\"\"><i class=\"fa fa-envelope\"><\/i><span class=\"basel-social-icon-name\">Email<\/span><\/a><\/li>\n\t\t\t\t\n\t\t\t\t\n\t\t\t\t\n\t\t\t\t\n\t\t\t\t\n\t\t\t\t\t\t\t\t\t<li class=\"social-linkedin\"><a rel=\"noopener noreferrer nofollow\" href=\"https:\/\/www.linkedin.com\/shareArticle?mini=true&url=https:\/\/pharmabiz.pt\/es\/sobre-nosotros\/\" target=\"_blank\" class=\"\"><i class=\"fa fa-linkedin\"><\/i><span class=\"basel-social-icon-name\">LinkedIn<\/span><\/a><\/li>\n\t\t\t\t\n\t\t\t\t\n\t\t\t\t\n\t\t\t\t\n\t\t\t\t\n\t\t\t\t\n\t\t\t\t\n\t\t\t\t\n\t\t\t\t\n\t\t\t\t\t\t\t\t\n\t\t\t\t\n\t\t\t\t\n\t\t\t\t\n\t\t\t\t\t\t\t<\/ul>\n\n\t\t[\/vc_column][\/vc_row]<\/p>\n<\/div>","protected":false},"excerpt":{"rendered":"<p>[vc_row css=&#8221;.vc_custom_1543763341339{margin-top: -40px !important;}&#8221;][vc_column][vc_empty_space][\/vc_column][\/vc_row][vc_row][vc_column][vc_empty_space][vc_column_text] SOBRE NOSOTROS [\/vc_column_text][vc_column_text] Pharmabiz es una empresa portuguesa que naci\u00f3 en 2002 con el deseo de<\/p>\n","protected":false},"author":1,"featured_media":0,"parent":0,"menu_order":0,"comment_status":"closed","ping_status":"closed","template":"","meta":{"_acf_changed":false,"footnotes":""},"class_list":["post-5325","page","type-page","status-publish","hentry"],"acf":[],"_links":{"self":[{"href":"https:\/\/pharmabiz.pt\/es\/wp-json\/wp\/v2\/pages\/5325","targetHints":{"allow":["GET"]}}],"collection":[{"href":"https:\/\/pharmabiz.pt\/es\/wp-json\/wp\/v2\/pages"}],"about":[{"href":"https:\/\/pharmabiz.pt\/es\/wp-json\/wp\/v2\/types\/page"}],"author":[{"embeddable":true,"href":"https:\/\/pharmabiz.pt\/es\/wp-json\/wp\/v2\/users\/1"}],"replies":[{"embeddable":true,"href":"https:\/\/pharmabiz.pt\/es\/wp-json\/wp\/v2\/comments?post=5325"}],"version-history":[{"count":0,"href":"https:\/\/pharmabiz.pt\/es\/wp-json\/wp\/v2\/pages\/5325\/revisions"}],"wp:attachment":[{"href":"https:\/\/pharmabiz.pt\/es\/wp-json\/wp\/v2\/media?parent=5325"}],"curies":[{"name":"wp","href":"https:\/\/api.w.org\/{rel}","templated":true}]}}