{"id":5328,"date":"2020-05-02T18:19:30","date_gmt":"2020-05-02T17:19:30","guid":{"rendered":"https:\/\/pharmabiz.pt\/termos-e-condic%cc%a7o%cc%83es\/"},"modified":"2024-05-07T01:40:59","modified_gmt":"2024-05-07T00:40:59","slug":"termos-e-condic%cc%a7o%cc%83es","status":"publish","type":"page","link":"https:\/\/pharmabiz.pt\/es\/termos-e-condic%cc%a7o%cc%83es\/","title":{"rendered":"T\u00e9rminos y Condiciones"},"content":{"rendered":"<div class=\"wpb-content-wrapper\"><p>[vc_row][vc_column][vc_column_text]<\/p>\n<h1>T\u00c9RMINOS Y CONDICIONES<\/h1>\n<h4>ACEPTACI\u00d3N DE LAS CONDICIONES<\/h4>\n<p>Al acceder y utilizar este Sitio Web, el Usuario reconoce haber le\u00eddo y comprendido las presentes condiciones y se compromete a cumplir todas las leyes y normas aplicables. Si el usuario no est\u00e1 de acuerdo con estas condiciones, le rogamos que no utilice este sitio web. El material presentado en este sitio web est\u00e1 protegido por la ley.<\/p>\n<h4>OBLIGACIONES Y COMPORTAMIENTO<\/h4>\n<p>En consideraci\u00f3n a la utilizaci\u00f3n de este Sitio Web, el Usuario se compromete a: proporcionar informaci\u00f3n correcta, actual y completa al registrarse en este Sitio Web; mantener la seguridad de su contrase\u00f1a e identificaci\u00f3n; mantener su informaci\u00f3n actualizada; aceptar todos los riesgos de acceso no autorizado a la informaci\u00f3n. El usuario es el \u00fanico responsable de la protecci\u00f3n, las copias de seguridad y el equipo adecuado que utilice cuando se conecte a este sitio web. El usuario de este sitio s\u00f3lo est\u00e1 autorizado a hacer uso de los contenidos del mismo para fines estrictamente personales. Queda expresamente prohibida la publicaci\u00f3n, reproducci\u00f3n o distribuci\u00f3n a terceros de estos contenidos sin autorizaci\u00f3n previa de Pharmabiiz, Lda. con NIF: 506240509. Pharmabiz, Lda. se reserva el derecho de emprender acciones legales contra los autores de cualquier utilizaci\u00f3n no autorizada de los contenidos de este sitio web. Al utilizar este sitio, el Usuario acepta expresamente las Condiciones de Uso descritas anteriormente.<\/p>\n<h4>ACCESO AL SITIO WEB<\/h4>\n<p>1. No es necesario registrarse para acceder a la informaci\u00f3n contenida en el sitio; sin embargo, hay \u00e1reas espec\u00edficas en las que se le pedir\u00e1 que se registre\/conecte para poder acceder a ellas.<\/p>\n<h4>USO DEL SITIO<\/h4>\n<p>(1. Este sitio puede utilizarse para fines privados y de conformidad con las presentes condiciones de uso.<br \/>\n2. Puede imprimir y descargar contenidos de este sitio, siempre que no los modifique o reproduzca sin nuestra autorizaci\u00f3n previa por escrito.<\/p>\n<h4>OPERATIVIDAD DEL SITIO<\/h4>\n<p>(1) Se tomar\u00e1n todas las medidas necesarias para garantizar que este sitio est\u00e9 siempre disponible y operativo. Sin embargo, ocasionalmente puede estar fuera de servicio por razones t\u00e9cnicas, de las que no nos hacemos responsables.<br \/>\n2. Siempre que sea posible, se avisar\u00e1 con antelaci\u00f3n de futuras interrupciones temporales relacionadas con el mantenimiento, pero no existe ninguna obligaci\u00f3n por nuestra parte de facilitar dicha informaci\u00f3n. Informaci\u00f3n dejada por los usuarios<br \/>\n3. Cualquier informaci\u00f3n o mensaje dejado por un usuario de este sitio se considerar\u00e1 de nuestra propiedad y no se considerar\u00e1 confidencial. Nos reservamos el derecho de copiar, publicitar, distribuir o utilizar de la forma que consideremos oportuna todo el material que se nos facilite, con la excepci\u00f3n de la informaci\u00f3n personal, que est\u00e1 protegida por nuestra Pol\u00edtica de Privacidad.<br \/>\n4. Como usuario de este sitio, no debe publicar ni enviar datos ( a) para los cuales no haya obtenido todas las autorizaciones legales necesarias; ( b) que sean discriminatorios, obscenos, pornogr\u00e1ficos, difamatorios, susceptibles de incitar al odio racial, que violen la confidencialidad o la privacidad, que puedan causar molestias o inconvenientes a terceros, que fomenten o constituyan conductas que puedan ser consideradas infracciones penales, dar lugar a responsabilidad civil o cualquier otra forma contraria a la legislaci\u00f3n portuguesa; (c) que sean perjudiciales para el normal funcionamiento del sitio, tales como virus inform\u00e1ticos, datos corruptos o cualquier otro software potencialmente da\u00f1ino.<br \/>\n5. Cooperaremos plenamente con cualquier autoridad encargada de hacer cumplir la ley u orden judicial que nos exija revelar la identidad u otra informaci\u00f3n de cualquier dato o persona que infrinja el punto 4 durante el uso de este sitio.<\/p>\n<h4>ENLACES HACIA Y DESDE OTROS SITIOS<\/h4>\n<p>1. Este sitio web contiene enlaces a sitios web de terceros. La provisi\u00f3n de un enlace a un sitio en particular no significa que sea aprobado por Pharmabiz, Lda.. El uso de cualquiera de los enlaces a sitios web de terceros es responsabilidad exclusiva del usuario.<\/p>\n<p>1. Cualquier usuario que desee compartir enlaces hacia y desde este sitio tiene derecho a hacerlo siempre que cumpla con las siguientes condiciones: (a) No implique que Pharmabiz, Lda. respalda los productos o servicios de otra entidad, a menos que se haya acordado por escrito; (b) No tergiverse su posici\u00f3n hacia el sitio; y (c) No comparta enlaces que puedan contener contenido ofensivo o controvertido, o que infrinjan cualquier derecho de propiedad intelectual u otros derechos de terceros.<br \/>\n2. Al colocar enlaces que contravengan lo dispuesto en la cl\u00e1usula 5.2, deber\u00e1 indemnizar a este sitio por cualquier p\u00e9rdida o da\u00f1o que sufra como consecuencia de la colocaci\u00f3n de dicho(s) enlace(s).<\/p>\n<h4>AVISO LEGAL<\/h4>\n<p>1. Se har\u00e1 todo lo posible para que la informaci\u00f3n contenida en este sitio web sea siempre correcta y est\u00e9 actualizada; sin embargo, no nos ser\u00e1 posible garantizar la informaci\u00f3n m\u00e1s actualizada en todo momento.<br \/>\n2. Toda la informaci\u00f3n contenida en este sitio se proporciona sin garant\u00eda alguna, correspondiendo al usuario del sitio utilizarla seg\u00fan su propio criterio.<br \/>\n3. 3. La informaci\u00f3n contenida en este sitio refleja la opini\u00f3n del autor y s\u00f3lo tiene fines de informaci\u00f3n general. No pretende ser un medio para diagnosticar, curar o prevenir ninguna enfermedad, ni constituye un m\u00e9todo de tratamiento o un sustituto del consejo m\u00e9dico. Se recomienda consultar a un profesional de la salud en caso de padecer alguna enfermedad.<\/p>\n<h4>EXCLUSI\u00d3N DE RESPONSABILIDAD<\/h4>\n<p>1. No aceptamos ninguna responsabilidad por cualquier p\u00e9rdida o da\u00f1o sufrido por usted como resultado del uso de este sitio web.<br \/>\n2. Nada en estas Condiciones de Uso excluir\u00e1 o limitar\u00e1 la responsabilidad por muerte o da\u00f1os personales resultantes de negligencia, que no puede ser excluida en virtud de la legislaci\u00f3n portuguesa. Ley y jurisdicci\u00f3n Estas condiciones de uso se rigen por la ley portuguesa. Cualquier disputa relacionada con estas condiciones de uso estar\u00e1 sujeta a la jurisdicci\u00f3n exclusiva de los tribunales portugueses y\/o de la Uni\u00f3n Europea.[\/vc_column_text][\/vc_column][\/vc_row]<\/p>\n<\/div>","protected":false},"excerpt":{"rendered":"<p>[vc_row][vc_column][vc_column_text] T\u00c9RMINOS Y CONDICIONES ACEPTACI\u00d3N DE LAS CONDICIONES Al acceder y utilizar este Sitio Web, el Usuario reconoce haber le\u00eddo<\/p>\n","protected":false},"author":1,"featured_media":0,"parent":0,"menu_order":0,"comment_status":"closed","ping_status":"closed","template":"","meta":{"_acf_changed":false,"footnotes":""},"class_list":["post-5328","page","type-page","status-publish","hentry"],"acf":[],"_links":{"self":[{"href":"https:\/\/pharmabiz.pt\/es\/wp-json\/wp\/v2\/pages\/5328","targetHints":{"allow":["GET"]}}],"collection":[{"href":"https:\/\/pharmabiz.pt\/es\/wp-json\/wp\/v2\/pages"}],"about":[{"href":"https:\/\/pharmabiz.pt\/es\/wp-json\/wp\/v2\/types\/page"}],"author":[{"embeddable":true,"href":"https:\/\/pharmabiz.pt\/es\/wp-json\/wp\/v2\/users\/1"}],"replies":[{"embeddable":true,"href":"https:\/\/pharmabiz.pt\/es\/wp-json\/wp\/v2\/comments?post=5328"}],"version-history":[{"count":6,"href":"https:\/\/pharmabiz.pt\/es\/wp-json\/wp\/v2\/pages\/5328\/revisions"}],"predecessor-version":[{"id":11839,"href":"https:\/\/pharmabiz.pt\/es\/wp-json\/wp\/v2\/pages\/5328\/revisions\/11839"}],"wp:attachment":[{"href":"https:\/\/pharmabiz.pt\/es\/wp-json\/wp\/v2\/media?parent=5328"}],"curies":[{"name":"wp","href":"https:\/\/api.w.org\/{rel}","templated":true}]}}