{"id":5484,"date":"2020-05-06T20:10:14","date_gmt":"2020-05-06T19:10:14","guid":{"rendered":"https:\/\/pharmabiz.pt\/?page_id=5484"},"modified":"2024-05-07T00:42:40","modified_gmt":"2024-05-06T23:42:40","slug":"politica-de-privacidad","status":"publish","type":"page","link":"https:\/\/pharmabiz.pt\/es\/politica-de-privacidad\/","title":{"rendered":"Pol\u00edtica de Privacidad"},"content":{"rendered":"<div class=\"wpb-content-wrapper\"><p>[vc_row][vc_column][vc_column_text]<\/p>\n<header>\n<h1>POL\u00cdTICA DE PRIVACIDAD<\/h1>\n<h4>RECEPCI\u00d3N DE DATOS<\/h4>\n<p>Todos los datos recogidos en la p\u00e1gina web www.pharmabiz.pt por Pharmabiz, Lda. tienen como \u00fanica finalidad identificar a los clientes, prest\u00e1ndoles un servicio de alta calidad, adecuado a sus caracter\u00edsticas y necesidades. Nuestra empresa est\u00e1 comprometida con la privacidad de todos y cada uno de los datos personales de los clientes, as\u00ed como con su seguridad. Toda la informaci\u00f3n que nos facilite s\u00f3lo nos permitir\u00e1 prestarle un servicio m\u00e1s adecuado a sus necesidades.<\/p>\n<\/header>\n<div class=\"entry-content\">\n<h4>INFORMACI\u00d3N Y CONSENTIMIENTO<\/h4>\n<p>La Ley de Protecci\u00f3n de Datos Personales (Reglamento General de Protecci\u00f3n de Datos &#8211; Reglamento 2016\/679 del Parlamento Europeo y del Consejo, de 27 de abril &#8211; RGPD) garantiza la protecci\u00f3n de las personas f\u00edsicas en lo que respecta al tratamiento de datos personales y a la libre circulaci\u00f3n de dichos datos.<\/p>\n<p>En los t\u00e9rminos de la ley, \u00abdatos personales\u00bb significa cualquier informaci\u00f3n relacionada con una persona f\u00edsica identificada o identificable (sujeto de datos). Una persona f\u00edsica identificable es aquella que puede ser identificada, directa o indirectamente, en particular por referencia a un identificador como un nombre, un n\u00famero de identificaci\u00f3n, datos de localizaci\u00f3n, un identificador en l\u00ednea o a uno o m\u00e1s factores espec\u00edficos de la identidad f\u00edsica, fisiol\u00f3gica, gen\u00e9tica, mental, econ\u00f3mica, cultural o social de esa persona f\u00edsica.<\/p>\n<p>Mediante la aceptaci\u00f3n de la presente Pol\u00edtica de Privacidad, el Usuario presta su consentimiento libre e inequ\u00edvoco para que sus datos personales facilitados a trav\u00e9s del sitio web www.pharmabiz.pt sean incorporados a un fichero del que es responsable Pharmabiz, Lda., cuyo tratamiento cumple con los t\u00e9rminos del GDPR y con las medidas de seguridad t\u00e9cnicas y organizativas adecuadas.<\/p>\n<h4>TRATAMIENTO DE DATOS<\/h4>\n<p>Pharmabiz, Lda. mantiene una base de datos con un registro de sus clientes. Los datos contenidos en esta base de datos son s\u00f3lo los proporcionados por los propios clientes y se limitan a lo estrictamente necesario para los fines indicados &#8211; nombre, direcci\u00f3n, direcci\u00f3n de correo electr\u00f3nico y n\u00famero de identificaci\u00f3n fiscal &#8211; teniendo en cuenta los fines para los que se recogen, en el pleno respeto del principio de minimizaci\u00f3n de datos, salvaguardando su privacidad.<\/p>\n<p>Phamabiz, Lda. se compromete a tratar los datos personales del Usuario de forma l\u00edcita, imparcial y transparente, garantizando as\u00ed el cumplimiento de los principios de licitud, imparcialidad y transparencia, y a no utilizarlos para finalidades distintas o incompatibles con las finalidades para las que fueron recogidos, garantizando as\u00ed tambi\u00e9n el principio de limitaci\u00f3n de finalidad.<\/p>\n<p>Las operaciones de tratamiento llevadas a cabo sobre los datos personales de los Clientes por Pharmabiz, Lda. s\u00f3lo servir\u00e1n a las siguientes finalidades:<\/p>\n<p>&#8211; Entrega y facturaci\u00f3n de productos;<br \/>\n&#8211; Identificar mejor los gustos y preferencias de sus clientes como forma de personalizar las ofertas, destacando los productos que mejor se adapten a sus necesidades;<br \/>\n&#8211; En la medida estrictamente necesaria para el cumplimiento de obligaciones legales.<br \/>\n&#8211; Los datos personales proporcionados por el Usuario ser\u00e1n utilizados exclusivamente para los fines correspondientes a la ejecuci\u00f3n del respectivo contrato, as\u00ed como, si el Usuario lo autoriza, para actividades de informaci\u00f3n y marketing.<\/p>\n<h4>DERECHOS DEL USUARIO<\/h4>\n<p>El Usuario se compromete a facilitar informaci\u00f3n correcta y actualizada y podr\u00e1, en todo momento, ejercitar los derechos de acceso a sus datos personales y de rectificaci\u00f3n, supresi\u00f3n, limitaci\u00f3n, oposici\u00f3n y portabilidad de los mismos, solicit\u00e1ndolo por cualquiera de los siguientes medios:<\/p>\n<p>&#8211; Correo a: Rua Padre Francisco, 10-5\u00ba Dto. | 1350-225 Lisboa | Portugal<br \/>\n&#8211; Correo electr\u00f3nico: customer.service@pharmabiz.pt<\/p>\n<p>Si no desea seguir siendo incluido en la base de datos de Pharmabiz, Lda., puede ejercer este derecho dirigi\u00e9ndose a los contactos antes mencionados.<\/p>\n<h4>DERECHO A PRESENTAR UNA RECLAMACI\u00d3N ANTE LA AUTORIDAD DE CONTROL:<\/h4>\n<p>En los t\u00e9rminos de la ley, el interesado tiene derecho a presentar una reclamaci\u00f3n relativa a la protecci\u00f3n de datos personales ante la autoridad de control competente, que en adelante se identificar\u00e1 como: Comiss\u00e3o Nacional de Prote\u00e7\u00e3o de Dados (CNPD).<\/p>\n<h4>ENLACES A SITIOS WEB DE TERCEROS<\/h4>\n<p>Este sitio web puede contener enlaces a sitios web de terceros que, en nuestra opini\u00f3n, pueden contener informaci\u00f3n \u00fatil. La pol\u00edtica de privacidad aqu\u00ed presentada no se aplica a estos sitios, por lo que Pharmabiz, Lda, propietaria del sitio Pharmabiz, declina cualquier responsabilidad por da\u00f1os directos o indirectos derivados del uso de este sitio o de cualquier otro sitio vinculado a \u00e9l. Le aconsejamos que contacte directamente con ellos para obtener informaci\u00f3n sobre sus pol\u00edticas de privacidad, acuerdos de confidencialidad y procedimientos de recepci\u00f3n\/distribuci\u00f3n de datos.<\/p>\n<h4>COOKIES<\/h4>\n<p>Con el fin de ofrecer un servicio m\u00e1s personalizado, www.oxnature.com tambi\u00e9n utiliza cookies para recopilar y almacenar informaci\u00f3n. Una \u00abcookie\u00bb es un peque\u00f1o archivo de datos que se coloca en su ordenador y nos permite recordar sus elecciones, fechas y visitas anteriores al sitio. El uso de la tecnolog\u00eda de \u00abcookies\u00bb no persistentes para contar las visitas a las p\u00e1ginas nos permite analizar el uso de nuestro sitio con mayor precisi\u00f3n. Si no utilizamos la tecnolog\u00eda de \u00abcookies no persistentes\u00bb, no recopilaremos informaci\u00f3n personal identificable, salvo con su autorizaci\u00f3n expl\u00edcita. As\u00ed, cuando nuestro sitio requiere una contrase\u00f1a y el Usuario rellena su identificaci\u00f3n y contrase\u00f1a, nos permite utilizar una \u00abcookie persistente\u00bb para que tengamos acceso a este peque\u00f1o archivo de datos generado por el Usuario.<\/p>\n<h4>PLAZOS DE CONSERVACI\u00d3N DE LOS DATOS PERSONALES<\/h4>\n<p>Los datos personales recogidos se conservar\u00e1n durante el plazo necesario para cumplir los fines para los que fueron recogidos o tratados, salvaguardando los plazos de conservaci\u00f3n previstos en la ley, y respetando siempre las garant\u00edas de secreto y confidencialidad previstas en el GDPR.<\/p>\n<h4>ACTUALIZACIONES DE LA POL\u00cdTICA DE PRIVACIDAD<\/h4>\n<p>Esta pol\u00edtica de privacidad podr\u00e1 ser modificada en cualquier momento y se publicar\u00e1 un aviso de dicha modificaci\u00f3n.<\/p>\n<h4>ACLARACIONES<\/h4>\n<p>Para cualquier aclaraci\u00f3n, p\u00f3ngase en contacto con customer.service@pharmabiz.pt<\/p>\n\n<div class=\"ct-ultimate-gdpr-container container\">\n\t\n        <button id=\"ct-ultimate-gdpr-policy-accept\" class=\"ct-ultimate-gdpr-button  \"\n\t\t\t>\n\t\t\tAceptar        <\/button>\n\n\t<\/div>\n<\/div>\n<p>[\/vc_column_text][\/vc_column][\/vc_row]<\/p>\n<\/div>","protected":false},"excerpt":{"rendered":"<p>[vc_row][vc_column][vc_column_text] POL\u00cdTICA DE PRIVACIDAD RECEPCI\u00d3N DE DATOS Todos los datos recogidos en la p\u00e1gina web www.pharmabiz.pt por Pharmabiz, Lda. tienen<\/p>\n","protected":false},"author":1,"featured_media":0,"parent":0,"menu_order":0,"comment_status":"closed","ping_status":"closed","template":"","meta":{"_acf_changed":false,"footnotes":""},"class_list":["post-5484","page","type-page","status-publish","hentry"],"acf":[],"_links":{"self":[{"href":"https:\/\/pharmabiz.pt\/es\/wp-json\/wp\/v2\/pages\/5484","targetHints":{"allow":["GET"]}}],"collection":[{"href":"https:\/\/pharmabiz.pt\/es\/wp-json\/wp\/v2\/pages"}],"about":[{"href":"https:\/\/pharmabiz.pt\/es\/wp-json\/wp\/v2\/types\/page"}],"author":[{"embeddable":true,"href":"https:\/\/pharmabiz.pt\/es\/wp-json\/wp\/v2\/users\/1"}],"replies":[{"embeddable":true,"href":"https:\/\/pharmabiz.pt\/es\/wp-json\/wp\/v2\/comments?post=5484"}],"version-history":[{"count":5,"href":"https:\/\/pharmabiz.pt\/es\/wp-json\/wp\/v2\/pages\/5484\/revisions"}],"predecessor-version":[{"id":11805,"href":"https:\/\/pharmabiz.pt\/es\/wp-json\/wp\/v2\/pages\/5484\/revisions\/11805"}],"wp:attachment":[{"href":"https:\/\/pharmabiz.pt\/es\/wp-json\/wp\/v2\/media?parent=5484"}],"curies":[{"name":"wp","href":"https:\/\/api.w.org\/{rel}","templated":true}]}}