{"id":10805,"date":"2024-03-13T21:43:31","date_gmt":"2024-03-13T21:43:31","guid":{"rendered":"https:\/\/pharmabiz.pt\/?post_type=product&#038;p=10805"},"modified":"2024-05-08T12:20:01","modified_gmt":"2024-05-08T11:20:01","slug":"ox-cascara-de-rosa-mosqueta-en-polvo-bio-125g","status":"publish","type":"product","link":"https:\/\/pharmabiz.pt\/es\/producto\/ox-cascara-de-rosa-mosqueta-en-polvo-bio-125g\/","title":{"rendered":"OX C\u00c1SCARA DE ROSA MOSQUETA EN POLVO, BIO 125g"},"content":{"rendered":"<div class=\"wpb-content-wrapper\"><p>[vc_row][vc_column width=&#8221;1\/2&#8243;][vc_column_text]<img loading=\"lazy\" decoding=\"async\" class=\"alignnone wp-image-11177 size-full\" src=\"https:\/\/pharmabiz.pt\/wp-content\/uploads\/2024\/03\/Rosa-Mosqueta-1.jpg\" alt=\"\" width=\"1000\" height=\"667\" srcset=\"https:\/\/pharmabiz.pt\/wp-content\/uploads\/2024\/03\/Rosa-Mosqueta-1.jpg 1000w, https:\/\/pharmabiz.pt\/wp-content\/uploads\/2024\/03\/Rosa-Mosqueta-1-300x200.jpg 300w, https:\/\/pharmabiz.pt\/wp-content\/uploads\/2024\/03\/Rosa-Mosqueta-1-768x512.jpg 768w, https:\/\/pharmabiz.pt\/wp-content\/uploads\/2024\/03\/Rosa-Mosqueta-1-600x400.jpg 600w\" sizes=\"auto, (max-width: 1000px) 100vw, 1000px\" \/><\/p>\n<p><strong>OX NATURE C\u00c1SCARA SILVESTRE DE ROSA MOSQUETA ECOL\u00d3GICA EN POLVO<\/strong><\/p>\n<p>La rosa mosqueta es un arbusto silvestre que pertenece a la familia de las ros\u00e1ceas. Se origin\u00f3 en Europa del Este, pero ahora tambi\u00e9n se encuentra en Am\u00e9rica, Asia y el norte de \u00c1frica. Este polvo nutritivo se produce a partir de la corteza de la rosa mosqueta, prensada y molida en fr\u00edo para conservar los nutrientes activos y hacerlos m\u00e1s biodisponibles.<\/p>\n<div class=\"page\" title=\"P\u00e1gina 17\">\n<div class=\"layoutArea\">\n<div class=\"column\">\n<p><strong>Denominaci\u00f3n de venta:<\/strong><\/p>\n<div class=\"page\" title=\"P\u00e1gina 17\">\n<div class=\"layoutArea\">\n<div class=\"column\">\n<p>OX Nature C\u00e1scara Silvestre de Rosa Mosqueta Ecol\u00f3gica en Polvo 125g<\/p>\n<h4><strong>Ingredientes::<\/strong><\/h4>\n<p>100% Rosa mosqueta (Rosa canina), c\u00e1scara, polvo ecol\u00f3gico.<\/p>\n<\/div>\n<\/div>\n<\/div>\n<\/div>\n<\/div>\n<\/div>\n<div class=\"page\" title=\"P\u00e1gina 17\">\n<div class=\"layoutArea\">\n<div class=\"column\">\n<h4><strong>Instrucciones de uso:<\/strong><\/h4>\n<p>Como parte de una dieta variada y equilibrada y un estilo de vida sano, consume 1 cucharadita (5 g) al d\u00eda. Con un sabor ligeramente amargo, puedes a\u00f1adirlo a una gran variedad de recetas.<\/p>\n<p><strong>Conservaci\u00f3n:<\/strong><\/p>\n<\/div>\n<\/div>\n<\/div>\n<p>Para mantener la integridad de este producto, cierra bien el frasco y gu\u00e1rdalo en un lugar fresco y seco, alejado del calor y de la luz solar.<\/p>\n<h4><strong>Advertencia:<\/strong><\/h4>\n<p>La rosa mosqueta no debe utilizarse como sustituto de una dieta variada y equilibrada y un estilo de vida sano. Si est\u00e1s embarazada, en per\u00edodo de lactancia o tomas medicaci\u00f3n, pide consejo a tu m\u00e9dico. En caso de cualquier reacci\u00f3n adversa, interrumpe su uso y consulta a tu m\u00e9dico o nutricionista.<\/p>\n<p><em><strong>*Este producto no est\u00e1 destinado a diagnosticar, tratar, curar ni prevenir ninguna enfermedad, util\u00edzalo s\u00f3lo como suplemento diet\u00e9tico.<\/strong><\/em><\/p>\n<h4><strong>Peso neto:<\/strong><\/h4>\n<p>125g<\/p>\n<h4><strong>Caja de transporte:<\/strong><\/h4>\n<p>6 x 125 g<\/p>\n<h4><strong>Fuente:<\/strong><\/h4>\n<div class=\"page\" title=\"P\u00e1gina 17\">\n<div class=\"layoutArea\">\n<div class=\"column\">\n<p>Agricultura no comunitaria<\/p>\n<h4><strong>Distribuido por:<\/strong><\/h4>\n<\/div>\n<\/div>\n<\/div>\n<p>Pharmabiz, Lda.[\/vc_column_text][\/vc_column][vc_column width=&#8221;1\/2&#8243;]<div class=\"nflc nutrition-section std\">\t\r\n\t\t<ul class=\"nutrition-table\" itemprop=\"nutrition\" itemscope itemtype=\"http:\/\/schema.org\/NutritionInformation\">\r\n\t\t\t<li class=\"nt-header b-0\"><h2 class=\"nt-title\">Declara\u00e7\u00e3o Nutricional por 100g<\/h2><\/li><li class=\"nt-row b-0\"><span class=\"nt-label col-50\">Servings Per Container<\/span><span class=\"nt-value col-50\" itemprop=\"servingSize\">25<\/span><\/li><li class=\"nt-row sep-10 serving-size\"><span class=\"nt-label col-50\">Serving Size<\/span><span class=\"nt-value col-50\" itemprop=\"servingSize\">5g<\/span><\/li><li class=\"nt-row font-bold b-0\"><span class=\"nt-label\">Amount per serving<\/span><\/li><li class=\"nt-row font-bold calories sep-8\"><span class=\"nt-label col-70\">Calories<\/span><span class=\"nt-value col-30\" itemprop=\"servingSize\">11<\/span><\/li><li class=\"nt-head font-bold sep-4\"><span class=\"nt-label nutrient-label col-40\"><\/span><span class=\"nt-label amount-label col-30\"><\/span><span class=\"pdv-label col-30\">% Daily Value*<\/span><\/li><br \/>\n<b>Warning<\/b>:  Undefined array key \"amt\" in <b>\/var\/www\/vhosts\/pharmabiz.pt\/httpdocs\/wp-content\/plugins\/nutrition-facts-label-creator\/nflc_templates\/default.php<\/b> on line <b>137<\/b><br \/>\n<br \/>\n<b>Warning<\/b>:  Undefined array key \"unit\" in <b>\/var\/www\/vhosts\/pharmabiz.pt\/httpdocs\/wp-content\/plugins\/nutrition-facts-label-creator\/nflc_templates\/default.php<\/b> on line <b>137<\/b><br \/>\n<li><span class=\"nt-label col-40 font-bold\">VALORES M\u00c9DIOS<\/span><span class=\"nt-amount col-30\"> <\/span><\/li><br \/>\n<b>Warning<\/b>:  A non-numeric value encountered in <b>\/var\/www\/vhosts\/pharmabiz.pt\/httpdocs\/wp-content\/plugins\/nutrition-facts-label-creator\/nflc_templates\/default.php<\/b> on line <b>122<\/b><br \/>\n<br \/>\n<b>Warning<\/b>:  Undefined array key \"unit\" in <b>\/var\/www\/vhosts\/pharmabiz.pt\/httpdocs\/wp-content\/plugins\/nutrition-facts-label-creator\/nflc_templates\/default.php<\/b> on line <b>137<\/b><br \/>\n<br \/>\n<b>Warning<\/b>:  Undefined array key \"unit\" in <b>\/var\/www\/vhosts\/pharmabiz.pt\/httpdocs\/wp-content\/plugins\/nutrition-facts-label-creator\/nflc_templates\/default.php<\/b> on line <b>138<\/b><br \/>\n<li><span class=\"nt-label col-40 font-bold\">Energia kJ \/ kcal<\/span><span class=\"nt-amount col-30\">1127 \/ 273 <\/span><span class=\"nt-value col-30\">13.42%<\/span><\/li><li><span class=\"nt-label col-40 font-bold\">L\u00edpidos totais<\/span><span class=\"nt-amount col-30\">4.9 g<\/span><span class=\"nt-value col-30\">7%<\/span><\/li><li class=\"nt-sublevel-1\"><span class=\"nt-label col-40\">.dos quais saturados<\/span><span class=\"nt-amount col-30\">0.5 g<\/span><span class=\"nt-value col-30\">2.5%<\/span><\/li><li class=\"nt-sublevel-1\"><span class=\"nt-label col-40\">.dos quais monpinsaturados<\/span><span class=\"nt-amount col-30\">1.1 g<\/span><\/li><li class=\"nt-sublevel-1\"><span class=\"nt-label col-40\">.dos quais polinsaturados<\/span><span class=\"nt-amount col-30\">3.3 g<\/span><\/li><li><span class=\"nt-label col-40 font-bold\">Hidratos de Carbono<\/span><span class=\"nt-amount col-30\">23.2 g<\/span><span class=\"nt-value col-30\">8.92%<\/span><\/li><li class=\"nt-sublevel-1\"><span class=\"nt-label col-40\">.dos quais a\u00e7\u00facares<\/span><span class=\"nt-amount col-30\">12.1 g<\/span><span class=\"nt-value col-30\">13.44%<\/span><\/li><li><span class=\"nt-label col-40 font-bold\">Sal (naturalmente presente)<\/span><span class=\"nt-amount col-30\">0.03 g<\/span><span class=\"nt-value col-30\">0.5%<\/span><\/li><br \/>\n<b>Warning<\/b>:  Undefined array key \"amt\" in <b>\/var\/www\/vhosts\/pharmabiz.pt\/httpdocs\/wp-content\/plugins\/nutrition-facts-label-creator\/nflc_templates\/default.php<\/b> on line <b>137<\/b><br \/>\n<br \/>\n<b>Warning<\/b>:  Undefined array key \"unit\" in <b>\/var\/www\/vhosts\/pharmabiz.pt\/httpdocs\/wp-content\/plugins\/nutrition-facts-label-creator\/nflc_templates\/default.php<\/b> on line <b>137<\/b><br \/>\n<li><span class=\"nt-label col-40 font-bold\">VITAMINAS<\/span><span class=\"nt-amount col-30\"> <\/span><\/li><li><span class=\"nt-label col-40 font-bold\">Vitamina C<\/span><span class=\"nt-amount col-30\">350 mg<\/span><span class=\"nt-value col-30\"><b>437.5%<\/b><\/span><\/li><br \/>\n<b>Warning<\/b>:  Undefined array key \"amt\" in <b>\/var\/www\/vhosts\/pharmabiz.pt\/httpdocs\/wp-content\/plugins\/nutrition-facts-label-creator\/nflc_templates\/default.php<\/b> on line <b>137<\/b><br \/>\n<br \/>\n<b>Warning<\/b>:  Undefined array key \"unit\" in <b>\/var\/www\/vhosts\/pharmabiz.pt\/httpdocs\/wp-content\/plugins\/nutrition-facts-label-creator\/nflc_templates\/default.php<\/b> on line <b>137<\/b><br \/>\n<li><span class=\"nt-label col-40 font-bold\">OUTROS:<\/span><span class=\"nt-amount col-30\"> <\/span><\/li><li><span class=\"nt-label col-40 font-bold\">\u00c1cido alfa-linol\u00e9nico (\u00d3mega-3)<\/span><span class=\"nt-amount col-30\">0.6 g<\/span><\/li><li><span class=\"nt-label col-40 font-bold\">\u00c1cido linoleico (\u00d3mega-6)<\/span><span class=\"nt-amount col-30\">1.62 g<\/span><\/li><li><span class=\"nt-label col-40 font-bold\">\u00c1cido oleico (\u00d3mega-9) <\/span><span class=\"nt-amount col-30\">0.7 g<\/span><\/li><li class=\"nt-footer b-0\">*DR - Dose de Refer\u00eancia para um adulto m\u00e9dio (8400kJ \/ 2000 kcal).<br \/>\n**VRN - Valor de Refer\u00eancia do Nutriente.<br \/>\nNOTA - Os Valores Nutricionais podem variar de acordo com a sazonalidade.<\/li>\t\t<\/ul><!-- \/.nutrition-table -->\r\n\t<\/div><!-- \/.nutrition-section -->[vc_empty_space][vc_column_text]<strong>PROPIEDADES NUTRICIONALES<\/strong><\/p>\n<p>La corteza (piel) del fruto de la rosa mosqueta es rica en nutrientes, sobre todo vitamina C, carotenoides (betacaroteno, lute\u00edna, zeaxantina y licopeno), \u00e1cidos grasos esenciales, tocoferoles (antioxidantes naturales) y otros fitoqu\u00edmicos que la convierten en un importante aliado contra el estr\u00e9s oxidativo de las articulaciones, que causa dolor, s\u00edntomas de rigidez e inflamaci\u00f3n.<\/p>\n<p><strong>BENEFICIOS PARA LA SALUD<\/strong><br \/>\n*Estos nutrientes contribuyen a<\/p>\n<p><strong><br \/>\nVITAMINA C<\/strong><\/p>\n<p>*La formaci\u00f3n normal de col\u00e1geno para el funcionamiento normal de los vasos sangu\u00edneos, huesos, cart\u00edlagos, piel y dientes.<br \/>\n*metabolismo normal productor de energ\u00eda.<br \/>\n*El funcionamiento normal de los sistemas nervioso e inmunitario.<br \/>\n*la protecci\u00f3n de las c\u00e9lulas contra la oxidaci\u00f3n indeseable.<br \/>\n*Reducir el cansancio y la fatiga.<\/p>\n<p>&nbsp;<\/p>\n<p>[\/vc_column_text][\/vc_column][\/vc_row]<\/p>\n<\/div>","protected":false},"excerpt":{"rendered":"<div class=\"page\" title=\"P\u00e1gina 16\">\n<div class=\"layoutArea\">\n<div class=\"column\">\n<p>FUENTE NATURAL DE VITAMINA C<\/p>\n<\/div>\n<\/div>\n<\/div>\n<div>\n<div class=\"page\" title=\"P\u00e1gina 17\">\n<div class=\"layoutArea\">\n<div class=\"column\">\n<p><strong>RICO EN VITAMINA C &#8211; ACCI\u00d3N ANTIOXIDANTE &#8211; REGENERADORA, DEPURATIVA Y DIUR\u00c9TICA &#8211; FORMACI\u00d3N NORMAL DE COL\u00c1GENO &#8211; ARTICULACIONES SANAS Y FLEXIBLES &#8211; PIEL SUAVE, HIDRATADA Y SANA<\/strong><\/p>\n<\/div>\n<\/div>\n<\/div>\n<\/div>\n<div class=\"page\" title=\"P\u00e1gina 17\">\n<div class=\"layoutArea\">\n<div class=\"column\">\n<p>RICO EN VITAMINA C &#8211; <strong>SISTEMA INMUNITARIO*<\/strong><br \/>\nOMEGA 3-6-9 &#8211; <strong>\u00c1CIDOS GRASOS ESENCIALES*<\/strong>.<\/p>\n<\/div>\n<\/div>\n<\/div>\n<div class=\"page\" title=\"P\u00e1gina 17\">\n<div class=\"layoutArea\">\n<div class=\"column\">\n<p>100% ECOL\u00d3GICO, CRUDO, NO TRANSG\u00c9NICO, SIN GLUTEN, PALEO, CETO, VEGANO<\/p>\n<\/div>\n<\/div>\n<\/div>\n<p><img loading=\"lazy\" decoding=\"async\" class=\"alignnone wp-image-10327\" src=\"https:\/\/pharmabiz.pt\/wp-content\/uploads\/2024\/03\/BIO-Icone-300x291.png\" alt=\"\" width=\"77\" height=\"75\" srcset=\"https:\/\/pharmabiz.pt\/wp-content\/uploads\/2024\/03\/BIO-Icone-300x291.png 300w, https:\/\/pharmabiz.pt\/wp-content\/uploads\/2024\/03\/BIO-Icone-1024x994.png 1024w, https:\/\/pharmabiz.pt\/wp-content\/uploads\/2024\/03\/BIO-Icone-768x746.png 768w, https:\/\/pharmabiz.pt\/wp-content\/uploads\/2024\/03\/BIO-Icone-1536x1491.png 1536w, https:\/\/pharmabiz.pt\/wp-content\/uploads\/2024\/03\/BIO-Icone-1200x1165.png 1200w, https:\/\/pharmabiz.pt\/wp-content\/uploads\/2024\/03\/BIO-Icone-45x45.png 45w, https:\/\/pharmabiz.pt\/wp-content\/uploads\/2024\/03\/BIO-Icone-600x582.png 600w, https:\/\/pharmabiz.pt\/wp-content\/uploads\/2024\/03\/BIO-Icone.png 1814w\" sizes=\"auto, (max-width: 77px) 100vw, 77px\" \/> <img loading=\"lazy\" decoding=\"async\" class=\"alignnone wp-image-10354\" src=\"https:\/\/pharmabiz.pt\/wp-content\/uploads\/2024\/03\/PLANT-BASED-Icone-300x290.png\" alt=\"\" width=\"78\" height=\"75\" srcset=\"https:\/\/pharmabiz.pt\/wp-content\/uploads\/2024\/03\/PLANT-BASED-Icone-300x290.png 300w, https:\/\/pharmabiz.pt\/wp-content\/uploads\/2024\/03\/PLANT-BASED-Icone-1024x991.png 1024w, https:\/\/pharmabiz.pt\/wp-content\/uploads\/2024\/03\/PLANT-BASED-Icone-768x743.png 768w, https:\/\/pharmabiz.pt\/wp-content\/uploads\/2024\/03\/PLANT-BASED-Icone-1536x1486.png 1536w, https:\/\/pharmabiz.pt\/wp-content\/uploads\/2024\/03\/PLANT-BASED-Icone-1200x1161.png 1200w, https:\/\/pharmabiz.pt\/wp-content\/uploads\/2024\/03\/PLANT-BASED-Icone-600x581.png 600w, https:\/\/pharmabiz.pt\/wp-content\/uploads\/2024\/03\/PLANT-BASED-Icone.png 1886w\" sizes=\"auto, (max-width: 78px) 100vw, 78px\" \/> <img loading=\"lazy\" decoding=\"async\" class=\"alignnone wp-image-10357\" src=\"https:\/\/pharmabiz.pt\/wp-content\/uploads\/2024\/03\/RAW-icone-300x302.png\" alt=\"\" width=\"74\" height=\"75\" srcset=\"https:\/\/pharmabiz.pt\/wp-content\/uploads\/2024\/03\/RAW-icone-300x302.png 300w, https:\/\/pharmabiz.pt\/wp-content\/uploads\/2024\/03\/RAW-icone-1017x1024.png 1017w, https:\/\/pharmabiz.pt\/wp-content\/uploads\/2024\/03\/RAW-icone-150x150.png 150w, https:\/\/pharmabiz.pt\/wp-content\/uploads\/2024\/03\/RAW-icone-768x773.png 768w, https:\/\/pharmabiz.pt\/wp-content\/uploads\/2024\/03\/RAW-icone-1525x1536.png 1525w, https:\/\/pharmabiz.pt\/wp-content\/uploads\/2024\/03\/RAW-icone-1200x1208.png 1200w, https:\/\/pharmabiz.pt\/wp-content\/uploads\/2024\/03\/RAW-icone-45x45.png 45w, https:\/\/pharmabiz.pt\/wp-content\/uploads\/2024\/03\/RAW-icone-600x604.png 600w, https:\/\/pharmabiz.pt\/wp-content\/uploads\/2024\/03\/RAW-icone-100x100.png 100w, https:\/\/pharmabiz.pt\/wp-content\/uploads\/2024\/03\/RAW-icone.png 1737w\" sizes=\"auto, (max-width: 74px) 100vw, 74px\" \/> <img loading=\"lazy\" decoding=\"async\" class=\"alignnone wp-image-10336\" src=\"https:\/\/pharmabiz.pt\/wp-content\/uploads\/2024\/03\/GMO-FREE-Icone-300x299.png\" alt=\"\" width=\"75\" height=\"75\" srcset=\"https:\/\/pharmabiz.pt\/wp-content\/uploads\/2024\/03\/GMO-FREE-Icone-300x299.png 300w, https:\/\/pharmabiz.pt\/wp-content\/uploads\/2024\/03\/GMO-FREE-Icone-1024x1021.png 1024w, https:\/\/pharmabiz.pt\/wp-content\/uploads\/2024\/03\/GMO-FREE-Icone-150x150.png 150w, https:\/\/pharmabiz.pt\/wp-content\/uploads\/2024\/03\/GMO-FREE-Icone-768x765.png 768w, https:\/\/pharmabiz.pt\/wp-content\/uploads\/2024\/03\/GMO-FREE-Icone-1536x1531.png 1536w, https:\/\/pharmabiz.pt\/wp-content\/uploads\/2024\/03\/GMO-FREE-Icone-1200x1196.png 1200w, https:\/\/pharmabiz.pt\/wp-content\/uploads\/2024\/03\/GMO-FREE-Icone-45x45.png 45w, https:\/\/pharmabiz.pt\/wp-content\/uploads\/2024\/03\/GMO-FREE-Icone-600x598.png 600w, https:\/\/pharmabiz.pt\/wp-content\/uploads\/2024\/03\/GMO-FREE-Icone-100x100.png 100w, https:\/\/pharmabiz.pt\/wp-content\/uploads\/2024\/03\/GMO-FREE-Icone.png 1833w\" sizes=\"auto, (max-width: 75px) 100vw, 75px\" \/> <img loading=\"lazy\" decoding=\"async\" class=\"alignnone wp-image-10333\" src=\"https:\/\/pharmabiz.pt\/wp-content\/uploads\/2024\/03\/GLUTEN-FREE-Icone-300x305.png\" alt=\"\" width=\"74\" height=\"75\" srcset=\"https:\/\/pharmabiz.pt\/wp-content\/uploads\/2024\/03\/GLUTEN-FREE-Icone-300x305.png 300w, https:\/\/pharmabiz.pt\/wp-content\/uploads\/2024\/03\/GLUTEN-FREE-Icone-1007x1024.png 1007w, https:\/\/pharmabiz.pt\/wp-content\/uploads\/2024\/03\/GLUTEN-FREE-Icone-150x150.png 150w, https:\/\/pharmabiz.pt\/wp-content\/uploads\/2024\/03\/GLUTEN-FREE-Icone-768x781.png 768w, https:\/\/pharmabiz.pt\/wp-content\/uploads\/2024\/03\/GLUTEN-FREE-Icone-1510x1536.png 1510w, https:\/\/pharmabiz.pt\/wp-content\/uploads\/2024\/03\/GLUTEN-FREE-Icone-1200x1221.png 1200w, https:\/\/pharmabiz.pt\/wp-content\/uploads\/2024\/03\/GLUTEN-FREE-Icone-45x45.png 45w, https:\/\/pharmabiz.pt\/wp-content\/uploads\/2024\/03\/GLUTEN-FREE-Icone-600x610.png 600w, https:\/\/pharmabiz.pt\/wp-content\/uploads\/2024\/03\/GLUTEN-FREE-Icone-100x100.png 100w, https:\/\/pharmabiz.pt\/wp-content\/uploads\/2024\/03\/GLUTEN-FREE-Icone.png 1796w\" sizes=\"auto, (max-width: 74px) 100vw, 74px\" \/> <img loading=\"lazy\" decoding=\"async\" class=\"alignnone wp-image-10351\" src=\"https:\/\/pharmabiz.pt\/wp-content\/uploads\/2024\/03\/PALEO-Icone-300x301.png\" alt=\"\" width=\"75\" height=\"75\" srcset=\"https:\/\/pharmabiz.pt\/wp-content\/uploads\/2024\/03\/PALEO-Icone-300x301.png 300w, https:\/\/pharmabiz.pt\/wp-content\/uploads\/2024\/03\/PALEO-Icone-1022x1024.png 1022w, https:\/\/pharmabiz.pt\/wp-content\/uploads\/2024\/03\/PALEO-Icone-150x150.png 150w, https:\/\/pharmabiz.pt\/wp-content\/uploads\/2024\/03\/PALEO-Icone-768x769.png 768w, https:\/\/pharmabiz.pt\/wp-content\/uploads\/2024\/03\/PALEO-Icone-1533x1536.png 1533w, https:\/\/pharmabiz.pt\/wp-content\/uploads\/2024\/03\/PALEO-Icone-1200x1202.png 1200w, https:\/\/pharmabiz.pt\/wp-content\/uploads\/2024\/03\/PALEO-Icone-45x45.png 45w, https:\/\/pharmabiz.pt\/wp-content\/uploads\/2024\/03\/PALEO-Icone-600x601.png 600w, https:\/\/pharmabiz.pt\/wp-content\/uploads\/2024\/03\/PALEO-Icone-100x100.png 100w, https:\/\/pharmabiz.pt\/wp-content\/uploads\/2024\/03\/PALEO-Icone.png 1782w\" sizes=\"auto, (max-width: 75px) 100vw, 75px\" \/> <img loading=\"lazy\" decoding=\"async\" class=\"alignnone wp-image-10339\" src=\"https:\/\/pharmabiz.pt\/wp-content\/uploads\/2024\/03\/KETO.Icone_-300x300.png\" alt=\"\" width=\"75\" height=\"75\" srcset=\"https:\/\/pharmabiz.pt\/wp-content\/uploads\/2024\/03\/KETO.Icone_-300x300.png 300w, https:\/\/pharmabiz.pt\/wp-content\/uploads\/2024\/03\/KETO.Icone_-1024x1022.png 1024w, https:\/\/pharmabiz.pt\/wp-content\/uploads\/2024\/03\/KETO.Icone_-150x150.png 150w, https:\/\/pharmabiz.pt\/wp-content\/uploads\/2024\/03\/KETO.Icone_-768x767.png 768w, https:\/\/pharmabiz.pt\/wp-content\/uploads\/2024\/03\/KETO.Icone_-1536x1533.png 1536w, https:\/\/pharmabiz.pt\/wp-content\/uploads\/2024\/03\/KETO.Icone_-1200x1198.png 1200w, https:\/\/pharmabiz.pt\/wp-content\/uploads\/2024\/03\/KETO.Icone_-45x45.png 45w, https:\/\/pharmabiz.pt\/wp-content\/uploads\/2024\/03\/KETO.Icone_-600x599.png 600w, https:\/\/pharmabiz.pt\/wp-content\/uploads\/2024\/03\/KETO.Icone_-100x100.png 100w, https:\/\/pharmabiz.pt\/wp-content\/uploads\/2024\/03\/KETO.Icone_.png 1805w\" sizes=\"auto, (max-width: 75px) 100vw, 75px\" \/> <img loading=\"lazy\" decoding=\"async\" class=\"alignnone wp-image-10360\" src=\"https:\/\/pharmabiz.pt\/wp-content\/uploads\/2024\/03\/VEGAN-Icone-300x308.png\" alt=\"\" width=\"73\" height=\"75\" srcset=\"https:\/\/pharmabiz.pt\/wp-content\/uploads\/2024\/03\/VEGAN-Icone-300x308.png 300w, https:\/\/pharmabiz.pt\/wp-content\/uploads\/2024\/03\/VEGAN-Icone-996x1024.png 996w, https:\/\/pharmabiz.pt\/wp-content\/uploads\/2024\/03\/VEGAN-Icone-768x790.png 768w, https:\/\/pharmabiz.pt\/wp-content\/uploads\/2024\/03\/VEGAN-Icone-1494x1536.png 1494w, https:\/\/pharmabiz.pt\/wp-content\/uploads\/2024\/03\/VEGAN-Icone-1200x1234.png 1200w, https:\/\/pharmabiz.pt\/wp-content\/uploads\/2024\/03\/VEGAN-Icone-45x45.png 45w, https:\/\/pharmabiz.pt\/wp-content\/uploads\/2024\/03\/VEGAN-Icone-600x617.png 600w, https:\/\/pharmabiz.pt\/wp-content\/uploads\/2024\/03\/VEGAN-Icone.png 1808w\" sizes=\"auto, (max-width: 73px) 100vw, 73px\" \/><\/p>\n","protected":false},"featured_media":11121,"comment_status":"closed","ping_status":"closed","template":"","meta":{"_acf_changed":false},"product_brand":[],"product_cat":[262,139,249,140,141],"product_tag":[407,185,236,235,190,196,188,271,238,213,242,153,419],"class_list":{"0":"post-10805","1":"product","2":"type-product","3":"status-publish","4":"has-post-thumbnail","6":"product_cat-100-natural-es","7":"product_cat-alimentacion","8":"product_cat-alimentos-alcalinos-es","9":"product_cat-sin-gluten","10":"product_cat-superalimentos","11":"product_tag-anti-edad","12":"product_tag-antioxidantes","13":"product_tag-belleza-y-cuidados-personales","14":"product_tag-colesterol-y-trigliceridos","15":"product_tag-control-de-peso","16":"product_tag-deporte-y-fitness","17":"product_tag-detox-es","18":"product_tag-diabetes-es","19":"product_tag-energia-y-vitalidad-es","20":"product_tag-ojos","21":"product_tag-piel-unas-y-cabello","22":"product_tag-sistema-inmunitario","23":"product_tag-vitamina-c-es","24":"pa_marca-ox-nature-es","26":"first","27":"instock","28":"taxable","29":"shipping-taxable","30":"purchasable","31":"product-type-simple"},"acf":[],"_links":{"self":[{"href":"https:\/\/pharmabiz.pt\/es\/wp-json\/wp\/v2\/product\/10805","targetHints":{"allow":["GET"]}}],"collection":[{"href":"https:\/\/pharmabiz.pt\/es\/wp-json\/wp\/v2\/product"}],"about":[{"href":"https:\/\/pharmabiz.pt\/es\/wp-json\/wp\/v2\/types\/product"}],"replies":[{"embeddable":true,"href":"https:\/\/pharmabiz.pt\/es\/wp-json\/wp\/v2\/comments?post=10805"}],"wp:featuredmedia":[{"embeddable":true,"href":"https:\/\/pharmabiz.pt\/es\/wp-json\/wp\/v2\/media\/11121"}],"wp:attachment":[{"href":"https:\/\/pharmabiz.pt\/es\/wp-json\/wp\/v2\/media?parent=10805"}],"wp:term":[{"taxonomy":"product_brand","embeddable":true,"href":"https:\/\/pharmabiz.pt\/es\/wp-json\/wp\/v2\/product_brand?post=10805"},{"taxonomy":"product_cat","embeddable":true,"href":"https:\/\/pharmabiz.pt\/es\/wp-json\/wp\/v2\/product_cat?post=10805"},{"taxonomy":"product_tag","embeddable":true,"href":"https:\/\/pharmabiz.pt\/es\/wp-json\/wp\/v2\/product_tag?post=10805"}],"curies":[{"name":"wp","href":"https:\/\/api.w.org\/{rel}","templated":true}]}}