{"id":10857,"date":"2024-03-14T20:05:04","date_gmt":"2024-03-14T20:05:04","guid":{"rendered":"https:\/\/pharmabiz.pt\/?post_type=product&#038;p=10857"},"modified":"2024-05-08T15:04:40","modified_gmt":"2024-05-08T14:04:40","slug":"ox-maca-negra-gelatinizada-en-polvo-comercio-justo-ecologica-125g","status":"publish","type":"product","link":"https:\/\/pharmabiz.pt\/es\/producto\/ox-maca-negra-gelatinizada-en-polvo-comercio-justo-ecologica-125g\/","title":{"rendered":"OX MACA NEGRA GELATINIZADA EN POLVO, COMERCIO JUSTO, ECOL\u00d3GICA 125g"},"content":{"rendered":"<div class=\"wpb-content-wrapper\"><p>[vc_row][vc_column width=&#8221;1\/2&#8243;][vc_column_text]<img loading=\"lazy\" decoding=\"async\" class=\"alignnone wp-image-11158 size-large\" src=\"https:\/\/pharmabiz.pt\/wp-content\/uploads\/2024\/03\/Maca-Negra-Premium-2-1024x680.png\" alt=\"\" width=\"1024\" height=\"680\" srcset=\"https:\/\/pharmabiz.pt\/wp-content\/uploads\/2024\/03\/Maca-Negra-Premium-2-1024x680.png 1024w, https:\/\/pharmabiz.pt\/wp-content\/uploads\/2024\/03\/Maca-Negra-Premium-2-300x199.png 300w, https:\/\/pharmabiz.pt\/wp-content\/uploads\/2024\/03\/Maca-Negra-Premium-2-768x510.png 768w, https:\/\/pharmabiz.pt\/wp-content\/uploads\/2024\/03\/Maca-Negra-Premium-2-1200x797.png 1200w, https:\/\/pharmabiz.pt\/wp-content\/uploads\/2024\/03\/Maca-Negra-Premium-2-600x399.png 600w, https:\/\/pharmabiz.pt\/wp-content\/uploads\/2024\/03\/Maca-Negra-Premium-2.png 1228w\" sizes=\"auto, (max-width: 1024px) 100vw, 1024px\" \/><\/p>\n<div class=\"page\" title=\"P\u00e1gina 25\">\n<div class=\"layoutArea\">\n<div class=\"column\">\n<div class=\"page\" title=\"P\u00e1gina 34\">\n<div class=\"layoutArea\">\n<div class=\"column\">\n<p><strong>OX NATURE MACA NEGRA ECOL\u00d3GICA &#8220;PREMIUM&#8221; GELATINIZADA EN POLVO<\/strong><\/p>\n<p>La maca (Lepidium meyenii Walp) es un tub\u00e9rculo que crece en las altas mesetas de los Andes peruanos, por encima de los 4.000 metros, en la provincia de Jun\u00edn. La ra\u00edz de maca era un cultivo sagrado de los incas, que la tomaban para aumentar el rendimiento f\u00edsico y mental, mejorar la libido y la virilidad, equilibrar las hormonas y los estados de \u00e1nimo. La maca negra es la m\u00e1s rara y valiosa, con los niveles m\u00e1s altos de fitoqu\u00edmicos (esteroles vegetales), vitaminas, minerales y amino\u00e1cidos.<\/p>\n<p>Algunas investigaciones indican que la variedad negra tambi\u00e9n estimula la producci\u00f3n y la motilidad del esperma en los hombres cuando se toma regularmente a lo largo del tiempo.<\/p>\n<\/div>\n<\/div>\n<\/div>\n<div class=\"page\" title=\"P\u00e1gina 34\">\n<div class=\"layoutArea\">\n<div class=\"column\">\n<div class=\"page\" title=\"P\u00e1gina 34\">\n<div class=\"layoutArea\">\n<div class=\"column\">\n<p>Nuestra maca est\u00e1 gelatinizada (pulverizada a 140o durante 5 segundos) para eliminar el almid\u00f3n, mejorar su asimilaci\u00f3n y conservar sus principios activos. Mayor absorci\u00f3n por el organismo y f\u00e1cil digesti\u00f3n, mejor disoluci\u00f3n en los l\u00edquidos.<\/p>\n<\/div>\n<\/div>\n<\/div>\n<p>Algunas investigaciones indican que la variedad negra tambi\u00e9n estimula la producci\u00f3n y la motilidad del esperma en los hombres cuando se toma regularmente a lo largo del tiempo.<\/p>\n<p>Nuestra maca est\u00e1 gelatinizada (pulverizada a 140o durante 5 segundos) para eliminar el almid\u00f3n, mejorar su asimilaci\u00f3n y conservar sus principios activos. Mayor absorci\u00f3n por el organismo y f\u00e1cil digesti\u00f3n, mejor disoluci\u00f3n en los l\u00edquidos.<\/p>\n<\/div>\n<\/div>\n<\/div>\n<p><strong>Denominaci\u00f3n de venta:<\/strong><\/p>\n<div class=\"page\" title=\"P\u00e1gina 35\">\n<div class=\"layoutArea\">\n<div class=\"column\">\n<p>OX Nature Maca Negra Peruana Polvo Gelatinizado Bio 125g<\/p>\n<\/div>\n<\/div>\n<\/div>\n<\/div>\n<\/div>\n<\/div>\n<div class=\"page\" title=\"P\u00e1gina 17\">\n<div class=\"layoutArea\">\n<div class=\"column\">\n<div class=\"page\" title=\"P\u00e1gina 17\">\n<div class=\"layoutArea\">\n<div class=\"column\">\n<h4><strong>Ingredientes::<\/strong><\/h4>\n<div class=\"page\" title=\"P\u00e1gina 26\">\n<div class=\"layoutArea\">\n<div class=\"column\">\n<div class=\"page\" title=\"P\u00e1gina 35\">\n<div class=\"layoutArea\">\n<div class=\"column\">\n<p>100% Maca negra (Lepidium meyenii Walp) Polvo ecol\u00f3gico.<\/p>\n<\/div>\n<\/div>\n<\/div>\n<\/div>\n<\/div>\n<\/div>\n<\/div>\n<\/div>\n<\/div>\n<\/div>\n<\/div>\n<\/div>\n<div class=\"page\" title=\"P\u00e1gina 17\">\n<div class=\"layoutArea\">\n<div class=\"column\">\n<h4><strong>Instrucciones de uso:<\/strong><\/h4>\n<div class=\"page\" title=\"P\u00e1gina 27\">\n<div class=\"layoutArea\">\n<div class=\"column\">\n<div class=\"page\" title=\"P\u00e1gina 35\">\n<div class=\"layoutArea\">\n<div class=\"column\">\n<div class=\"page\" title=\"P\u00e1gina 35\">\n<div class=\"layoutArea\">\n<div class=\"column\">\n<p>Como parte de una dieta variada y equilibrada y un estilo de vida sano, consume 1 cucharadita (3 g) al d\u00eda. A\u00f1adir a: agua, zumos o batidos de frutas y verduras.<\/p>\n<\/div>\n<\/div>\n<\/div>\n<\/div>\n<\/div>\n<\/div>\n<\/div>\n<\/div>\n<\/div>\n<p><strong>Conservaci\u00f3n:<\/strong><\/p>\n<\/div>\n<\/div>\n<\/div>\n<p>Para mantener la integridad de este producto, cierra bien el frasco y gu\u00e1rdalo en un lugar fresco y seco, alejado del calor y de la luz solar.<\/p>\n<h4><strong>Advertencia:<\/strong><\/h4>\n<div class=\"page\" title=\"P\u00e1gina 36\">\n<div class=\"layoutArea\">\n<div class=\"column\">\n<p>Si est\u00e1s embarazada, en per\u00edodo de lactancia o tomas medicaci\u00f3n, pide consejo a tu m\u00e9dico. En caso de cualquier reacci\u00f3n adversa, interrumpe su uso y consulta a tu nutricionista o profesional sanitario.<\/p>\n<p><em><strong>*Esta declaraci\u00f3n no ha sido evaluada por la FDA (EE.UU.) ni por la EFSA &#8211; Autoridad Europea de Seguridad Alimentaria. Este producto no pretende diagnosticar, tratar, curar ni prevenir ninguna enfermedad.<\/strong><\/em><\/p>\n<\/div>\n<\/div>\n<\/div>\n<h4><strong>Peso neto:<\/strong><\/h4>\n<p>125g<\/p>\n<h4><strong>Caja de transporte:<\/strong><\/h4>\n<p>6 x 125 g<\/p>\n<h4><strong>Fuente:<\/strong><\/h4>\n<div class=\"page\" title=\"P\u00e1gina 17\">\n<div class=\"layoutArea\">\n<div class=\"column\">\n<div class=\"page\" title=\"P\u00e1gina 26\">\n<div class=\"layoutArea\">\n<div class=\"column\">\n<p>Per\u00fa<\/p>\n<\/div>\n<\/div>\n<\/div>\n<h4><strong>Distribuido por:<\/strong><\/h4>\n<\/div>\n<\/div>\n<\/div>\n<p>Pharmabiz, Lda.[\/vc_column_text][\/vc_column][vc_column width=&#8221;1\/2&#8243;]<div class=\"nflc nutrition-section std\">\t\r\n\t\t<ul class=\"nutrition-table\" itemprop=\"nutrition\" itemscope itemtype=\"http:\/\/schema.org\/NutritionInformation\">\r\n\t\t\t<li class=\"nt-header b-0\"><h2 class=\"nt-title\">Declara\u00e7\u00e3o Nutricional por 100g<\/h2><\/li><li class=\"nt-row b-0\"><span class=\"nt-label col-50\">Servings Per Container<\/span><span class=\"nt-value col-50\" itemprop=\"servingSize\">41<\/span><\/li><li class=\"nt-row sep-10 serving-size\"><span class=\"nt-label col-50\">Serving Size<\/span><span class=\"nt-value col-50\" itemprop=\"servingSize\">3g<\/span><\/li><li class=\"nt-row font-bold b-0\"><span class=\"nt-label\">Amount per serving<\/span><\/li><li class=\"nt-row font-bold calories sep-8\"><span class=\"nt-label col-70\">Calories<\/span><span class=\"nt-value col-30\" itemprop=\"servingSize\">11<\/span><\/li><li class=\"nt-head font-bold sep-4\"><span class=\"nt-label nutrient-label col-40\"><\/span><span class=\"nt-label amount-label col-30\"><\/span><span class=\"pdv-label col-30\">% Daily Value*<\/span><\/li><br \/>\n<b>Warning<\/b>:  Undefined array key \"amt\" in <b>\/var\/www\/vhosts\/pharmabiz.pt\/httpdocs\/wp-content\/plugins\/nutrition-facts-label-creator\/nflc_templates\/default.php<\/b> on line <b>137<\/b><br \/>\n<br \/>\n<b>Warning<\/b>:  Undefined array key \"unit\" in <b>\/var\/www\/vhosts\/pharmabiz.pt\/httpdocs\/wp-content\/plugins\/nutrition-facts-label-creator\/nflc_templates\/default.php<\/b> on line <b>137<\/b><br \/>\n<li><span class=\"nt-label col-40 font-bold\">VALORES M\u00c9DIOS<\/span><span class=\"nt-amount col-30\"> <\/span><\/li><br \/>\n<b>Warning<\/b>:  A non-numeric value encountered in <b>\/var\/www\/vhosts\/pharmabiz.pt\/httpdocs\/wp-content\/plugins\/nutrition-facts-label-creator\/nflc_templates\/default.php<\/b> on line <b>122<\/b><br \/>\n<br \/>\n<b>Warning<\/b>:  Undefined array key \"unit\" in <b>\/var\/www\/vhosts\/pharmabiz.pt\/httpdocs\/wp-content\/plugins\/nutrition-facts-label-creator\/nflc_templates\/default.php<\/b> on line <b>137<\/b><br \/>\n<br \/>\n<b>Warning<\/b>:  Undefined array key \"unit\" in <b>\/var\/www\/vhosts\/pharmabiz.pt\/httpdocs\/wp-content\/plugins\/nutrition-facts-label-creator\/nflc_templates\/default.php<\/b> on line <b>138<\/b><br \/>\n<li><span class=\"nt-label col-40 font-bold\">Energia kJ \/ kcal<\/span><span class=\"nt-amount col-30\">1584 kJ \/ 373 <\/span><span class=\"nt-value col-30\">18.86%<\/span><\/li><li><span class=\"nt-label col-40 font-bold\">L\u00edpidos totais<\/span><span class=\"nt-amount col-30\">1.5 g<\/span><span class=\"nt-value col-30\">2.14%<\/span><\/li><li class=\"nt-sublevel-1\"><span class=\"nt-label col-40\">.dos quais saturados<\/span><span class=\"nt-amount col-30\">0.27 g<\/span><span class=\"nt-value col-30\">1.35%<\/span><\/li><li><span class=\"nt-label col-40 font-bold\">Hidratos de Carbono<\/span><span class=\"nt-amount col-30\">76.1 g<\/span><span class=\"nt-value col-30\">29.27%<\/span><\/li><li class=\"nt-sublevel-1\"><span class=\"nt-label col-40\">.dos quais a\u00e7\u00facares<\/span><span class=\"nt-amount col-30\">35,3 g<\/span><span class=\"nt-value col-30\">38.89%<\/span><\/li><li><span class=\"nt-label col-40 font-bold\">Fibra<\/span><span class=\"nt-amount col-30\">20.7 g<\/span><span class=\"nt-value col-30\">82.8%<\/span><\/li><li><span class=\"nt-label col-40 font-bold\">Prote\u00ednas<\/span><span class=\"nt-amount col-30\">13.8 g<\/span><span class=\"nt-value col-30\">27.6%<\/span><\/li><li><span class=\"nt-label col-40 font-bold\">Sal (naturalmente presente)<\/span><span class=\"nt-amount col-30\">0.03 g<\/span><span class=\"nt-value col-30\">0.5%<\/span><\/li><br \/>\n<b>Warning<\/b>:  Undefined array key \"amt\" in <b>\/var\/www\/vhosts\/pharmabiz.pt\/httpdocs\/wp-content\/plugins\/nutrition-facts-label-creator\/nflc_templates\/default.php<\/b> on line <b>137<\/b><br \/>\n<br \/>\n<b>Warning<\/b>:  Undefined array key \"unit\" in <b>\/var\/www\/vhosts\/pharmabiz.pt\/httpdocs\/wp-content\/plugins\/nutrition-facts-label-creator\/nflc_templates\/default.php<\/b> on line <b>137<\/b><br \/>\n<li><span class=\"nt-label col-40 font-bold\">MINERAIS<\/span><span class=\"nt-amount col-30\"> <\/span><\/li><li><span class=\"nt-label col-40 font-bold\">C\u00e1lcio<\/span><span class=\"nt-amount col-30\">213 mg<\/span><span class=\"nt-value col-30\">26.63%<\/span><\/li><li><span class=\"nt-label col-40 font-bold\">F\u00f3sforo<\/span><span class=\"nt-amount col-30\">360 mg<\/span><span class=\"nt-value col-30\">51.43%<\/span><\/li><li><span class=\"nt-label col-40 font-bold\">Magn\u00e9sio<\/span><span class=\"nt-amount col-30\">85,8 mg<\/span><span class=\"nt-value col-30\">22.67%<\/span><\/li><li><span class=\"nt-label col-40 font-bold\">Ferro<\/span><span class=\"nt-amount col-30\">6.5 mg<\/span><span class=\"nt-value col-30\">46.43%<\/span><\/li><li class=\"nt-footer b-0\">*DR - Dose de Refer\u00eancia para um adulto m\u00e9dio (8400kJ \/ 2000 kcal).<br \/>\n**VRN - Valor de Refer\u00eancia do Nutriente.<br \/>\nNOTA - Os Valores Nutricionais podem variar de acordo com a sazonalidade.<\/li>\t\t<\/ul><!-- \/.nutrition-table -->\r\n\t<\/div><!-- \/.nutrition-section -->[vc_empty_space][vc_column_text]<strong>PROPIEDADES NUTRICIONALES<\/strong><\/p>\n<div class=\"page\" title=\"P\u00e1gina 26\">\n<div class=\"layoutArea\">\n<div class=\"column\">\n<div class=\"page\" title=\"P\u00e1gina 35\">\n<div class=\"layoutArea\">\n<div class=\"column\">\n<p>La maca negra es la m\u00e1s rara y valiosa, con los niveles m\u00e1s altos de fitoqu\u00edmicos (esteroles vegetales), vitaminas, minerales y amino\u00e1cidos.<\/p>\n<\/div>\n<\/div>\n<\/div>\n<\/div>\n<\/div>\n<\/div>\n<p><strong>BENEFICIOS PARA LA SALUD<\/strong><br \/>\n*Estos nutrientes contribuyen a<\/p>\n<p><strong>CALCIO<\/strong><br \/>\n*funci\u00f3n muscular normal.<\/p>\n<p><strong><br \/>\nF\u00d3SFORO<\/strong><\/p>\n<p>*el metabolismo normal productor de energ\u00eda<\/p>\n<p><strong><br \/>\nMAGNESIO<\/strong><\/p>\n<p>*una funci\u00f3n psicol\u00f3gica normal.<\/p>\n<p><strong><br \/>\nHIERRO<\/strong><\/p>\n<p>*Reduce el cansancio y la fatiga.<\/p>\n<p>&nbsp;<\/p>\n<p>[\/vc_column_text][\/vc_column][\/vc_row]<\/p>\n<\/div>","protected":false},"excerpt":{"rendered":"<div class=\"page\" title=\"P\u00e1gina 16\">\n<div class=\"layoutArea\">\n<div class=\"column\">\n<div class=\"page\" title=\"P\u00e1gina 25\">\n<div class=\"layoutArea\">\n<div class=\"column\">MEJORA DEL RENDIMIENTO SEXUAL DE LOS HOMBRES<\/div>\n<\/div>\n<\/div>\n<\/div>\n<\/div>\n<\/div>\n<div>\n<div class=\"page\" title=\"P\u00e1gina 17\">\n<div class=\"layoutArea\">\n<div class=\"column\">\n<div class=\"page\" title=\"P\u00e1gina 25\">\n<div class=\"layoutArea\">\n<div class=\"column\">\n<div class=\"page\" title=\"P\u00e1gina 34\">\n<div class=\"layoutArea\">\n<div class=\"column\">\n<div class=\"page\" title=\"P\u00e1gina 34\">\n<div class=\"layoutArea\">\n<div class=\"column\">\n<p><strong>ALIMENTO FUNCIONAL &#8211; GELATINIZADO (F\u00c1CIL DE DIGERIR) &#8211; PROPIEDADES ADAPT\u00d3GENAS &#8211; RICO EN F\u00d3SFORO Y HIERRO &#8211; FUENTE DE CALCIO Y MAGNESIO &#8211; ENERG\u00cdA, VITALIDAD Y LIBIDO &#8211; PARA AMBOS SEXOS<\/strong><\/p>\n<\/div>\n<\/div>\n<\/div>\n<\/div>\n<\/div>\n<\/div>\n<\/div>\n<\/div>\n<\/div>\n<\/div>\n<\/div>\n<\/div>\n<\/div>\n<div class=\"page\" title=\"P\u00e1gina 17\">\n<div class=\"layoutArea\">\n<div class=\"column\">\n<div class=\"page\" title=\"P\u00e1gina 26\">\n<div class=\"layoutArea\">\n<div class=\"column\">\n<div class=\"page\" title=\"P\u00e1gina 34\">\n<div class=\"layoutArea\">\n<div class=\"column\">\n<p>RICO EN F\u00d3SFORO: <strong>ENERG\u00cdA Y VITALIDAD*<\/strong>.<br \/>\nRICO EN HIERRO &#8211; <strong>CANSANCIO Y FATIGA*<\/strong><\/p>\n<\/div>\n<\/div>\n<\/div>\n<\/div>\n<\/div>\n<\/div>\n<\/div>\n<\/div>\n<\/div>\n<div class=\"page\" title=\"P\u00e1gina 17\">\n<div class=\"layoutArea\">\n<div class=\"column\">\n<p>100% ECOL\u00d3GICO, CRUDO, NO TRANSG\u00c9NICO, SIN GLUTEN, PALEO, CETO, VEGANO<\/p>\n<\/div>\n<\/div>\n<\/div>\n<p><img loading=\"lazy\" decoding=\"async\" class=\"alignnone wp-image-10327\" src=\"https:\/\/pharmabiz.pt\/wp-content\/uploads\/2024\/03\/BIO-Icone-300x291.png\" alt=\"\" width=\"77\" height=\"75\" srcset=\"https:\/\/pharmabiz.pt\/wp-content\/uploads\/2024\/03\/BIO-Icone-300x291.png 300w, https:\/\/pharmabiz.pt\/wp-content\/uploads\/2024\/03\/BIO-Icone-1024x994.png 1024w, https:\/\/pharmabiz.pt\/wp-content\/uploads\/2024\/03\/BIO-Icone-768x746.png 768w, https:\/\/pharmabiz.pt\/wp-content\/uploads\/2024\/03\/BIO-Icone-1536x1491.png 1536w, https:\/\/pharmabiz.pt\/wp-content\/uploads\/2024\/03\/BIO-Icone-1200x1165.png 1200w, https:\/\/pharmabiz.pt\/wp-content\/uploads\/2024\/03\/BIO-Icone-45x45.png 45w, https:\/\/pharmabiz.pt\/wp-content\/uploads\/2024\/03\/BIO-Icone-600x582.png 600w, https:\/\/pharmabiz.pt\/wp-content\/uploads\/2024\/03\/BIO-Icone.png 1814w\" sizes=\"auto, (max-width: 77px) 100vw, 77px\" \/> <img loading=\"lazy\" decoding=\"async\" class=\"alignnone wp-image-10354\" src=\"https:\/\/pharmabiz.pt\/wp-content\/uploads\/2024\/03\/PLANT-BASED-Icone-300x290.png\" alt=\"\" width=\"78\" height=\"75\" srcset=\"https:\/\/pharmabiz.pt\/wp-content\/uploads\/2024\/03\/PLANT-BASED-Icone-300x290.png 300w, https:\/\/pharmabiz.pt\/wp-content\/uploads\/2024\/03\/PLANT-BASED-Icone-1024x991.png 1024w, https:\/\/pharmabiz.pt\/wp-content\/uploads\/2024\/03\/PLANT-BASED-Icone-768x743.png 768w, https:\/\/pharmabiz.pt\/wp-content\/uploads\/2024\/03\/PLANT-BASED-Icone-1536x1486.png 1536w, https:\/\/pharmabiz.pt\/wp-content\/uploads\/2024\/03\/PLANT-BASED-Icone-1200x1161.png 1200w, https:\/\/pharmabiz.pt\/wp-content\/uploads\/2024\/03\/PLANT-BASED-Icone-600x581.png 600w, https:\/\/pharmabiz.pt\/wp-content\/uploads\/2024\/03\/PLANT-BASED-Icone.png 1886w\" sizes=\"auto, (max-width: 78px) 100vw, 78px\" \/> <img loading=\"lazy\" decoding=\"async\" class=\"alignnone wp-image-10357\" src=\"https:\/\/pharmabiz.pt\/wp-content\/uploads\/2024\/03\/RAW-icone-300x302.png\" alt=\"\" width=\"74\" height=\"75\" srcset=\"https:\/\/pharmabiz.pt\/wp-content\/uploads\/2024\/03\/RAW-icone-300x302.png 300w, https:\/\/pharmabiz.pt\/wp-content\/uploads\/2024\/03\/RAW-icone-1017x1024.png 1017w, https:\/\/pharmabiz.pt\/wp-content\/uploads\/2024\/03\/RAW-icone-150x150.png 150w, https:\/\/pharmabiz.pt\/wp-content\/uploads\/2024\/03\/RAW-icone-768x773.png 768w, https:\/\/pharmabiz.pt\/wp-content\/uploads\/2024\/03\/RAW-icone-1525x1536.png 1525w, https:\/\/pharmabiz.pt\/wp-content\/uploads\/2024\/03\/RAW-icone-1200x1208.png 1200w, https:\/\/pharmabiz.pt\/wp-content\/uploads\/2024\/03\/RAW-icone-45x45.png 45w, https:\/\/pharmabiz.pt\/wp-content\/uploads\/2024\/03\/RAW-icone-600x604.png 600w, https:\/\/pharmabiz.pt\/wp-content\/uploads\/2024\/03\/RAW-icone-100x100.png 100w, https:\/\/pharmabiz.pt\/wp-content\/uploads\/2024\/03\/RAW-icone.png 1737w\" sizes=\"auto, (max-width: 74px) 100vw, 74px\" \/> <img loading=\"lazy\" decoding=\"async\" class=\"alignnone wp-image-10336\" src=\"https:\/\/pharmabiz.pt\/wp-content\/uploads\/2024\/03\/GMO-FREE-Icone-300x299.png\" alt=\"\" width=\"75\" height=\"75\" srcset=\"https:\/\/pharmabiz.pt\/wp-content\/uploads\/2024\/03\/GMO-FREE-Icone-300x299.png 300w, https:\/\/pharmabiz.pt\/wp-content\/uploads\/2024\/03\/GMO-FREE-Icone-1024x1021.png 1024w, https:\/\/pharmabiz.pt\/wp-content\/uploads\/2024\/03\/GMO-FREE-Icone-150x150.png 150w, https:\/\/pharmabiz.pt\/wp-content\/uploads\/2024\/03\/GMO-FREE-Icone-768x765.png 768w, https:\/\/pharmabiz.pt\/wp-content\/uploads\/2024\/03\/GMO-FREE-Icone-1536x1531.png 1536w, https:\/\/pharmabiz.pt\/wp-content\/uploads\/2024\/03\/GMO-FREE-Icone-1200x1196.png 1200w, https:\/\/pharmabiz.pt\/wp-content\/uploads\/2024\/03\/GMO-FREE-Icone-45x45.png 45w, https:\/\/pharmabiz.pt\/wp-content\/uploads\/2024\/03\/GMO-FREE-Icone-600x598.png 600w, https:\/\/pharmabiz.pt\/wp-content\/uploads\/2024\/03\/GMO-FREE-Icone-100x100.png 100w, https:\/\/pharmabiz.pt\/wp-content\/uploads\/2024\/03\/GMO-FREE-Icone.png 1833w\" sizes=\"auto, (max-width: 75px) 100vw, 75px\" \/> <img loading=\"lazy\" decoding=\"async\" class=\"alignnone wp-image-10333\" src=\"https:\/\/pharmabiz.pt\/wp-content\/uploads\/2024\/03\/GLUTEN-FREE-Icone-300x305.png\" alt=\"\" width=\"74\" height=\"75\" srcset=\"https:\/\/pharmabiz.pt\/wp-content\/uploads\/2024\/03\/GLUTEN-FREE-Icone-300x305.png 300w, https:\/\/pharmabiz.pt\/wp-content\/uploads\/2024\/03\/GLUTEN-FREE-Icone-1007x1024.png 1007w, https:\/\/pharmabiz.pt\/wp-content\/uploads\/2024\/03\/GLUTEN-FREE-Icone-150x150.png 150w, https:\/\/pharmabiz.pt\/wp-content\/uploads\/2024\/03\/GLUTEN-FREE-Icone-768x781.png 768w, https:\/\/pharmabiz.pt\/wp-content\/uploads\/2024\/03\/GLUTEN-FREE-Icone-1510x1536.png 1510w, https:\/\/pharmabiz.pt\/wp-content\/uploads\/2024\/03\/GLUTEN-FREE-Icone-1200x1221.png 1200w, https:\/\/pharmabiz.pt\/wp-content\/uploads\/2024\/03\/GLUTEN-FREE-Icone-45x45.png 45w, https:\/\/pharmabiz.pt\/wp-content\/uploads\/2024\/03\/GLUTEN-FREE-Icone-600x610.png 600w, https:\/\/pharmabiz.pt\/wp-content\/uploads\/2024\/03\/GLUTEN-FREE-Icone-100x100.png 100w, https:\/\/pharmabiz.pt\/wp-content\/uploads\/2024\/03\/GLUTEN-FREE-Icone.png 1796w\" sizes=\"auto, (max-width: 74px) 100vw, 74px\" \/> <img loading=\"lazy\" decoding=\"async\" class=\"alignnone wp-image-10351\" src=\"https:\/\/pharmabiz.pt\/wp-content\/uploads\/2024\/03\/PALEO-Icone-300x301.png\" alt=\"\" width=\"75\" height=\"75\" srcset=\"https:\/\/pharmabiz.pt\/wp-content\/uploads\/2024\/03\/PALEO-Icone-300x301.png 300w, https:\/\/pharmabiz.pt\/wp-content\/uploads\/2024\/03\/PALEO-Icone-1022x1024.png 1022w, https:\/\/pharmabiz.pt\/wp-content\/uploads\/2024\/03\/PALEO-Icone-150x150.png 150w, https:\/\/pharmabiz.pt\/wp-content\/uploads\/2024\/03\/PALEO-Icone-768x769.png 768w, https:\/\/pharmabiz.pt\/wp-content\/uploads\/2024\/03\/PALEO-Icone-1533x1536.png 1533w, https:\/\/pharmabiz.pt\/wp-content\/uploads\/2024\/03\/PALEO-Icone-1200x1202.png 1200w, https:\/\/pharmabiz.pt\/wp-content\/uploads\/2024\/03\/PALEO-Icone-45x45.png 45w, https:\/\/pharmabiz.pt\/wp-content\/uploads\/2024\/03\/PALEO-Icone-600x601.png 600w, https:\/\/pharmabiz.pt\/wp-content\/uploads\/2024\/03\/PALEO-Icone-100x100.png 100w, https:\/\/pharmabiz.pt\/wp-content\/uploads\/2024\/03\/PALEO-Icone.png 1782w\" sizes=\"auto, (max-width: 75px) 100vw, 75px\" \/> <img loading=\"lazy\" decoding=\"async\" class=\"alignnone wp-image-10339\" src=\"https:\/\/pharmabiz.pt\/wp-content\/uploads\/2024\/03\/KETO.Icone_-300x300.png\" alt=\"\" width=\"75\" height=\"75\" srcset=\"https:\/\/pharmabiz.pt\/wp-content\/uploads\/2024\/03\/KETO.Icone_-300x300.png 300w, https:\/\/pharmabiz.pt\/wp-content\/uploads\/2024\/03\/KETO.Icone_-1024x1022.png 1024w, https:\/\/pharmabiz.pt\/wp-content\/uploads\/2024\/03\/KETO.Icone_-150x150.png 150w, https:\/\/pharmabiz.pt\/wp-content\/uploads\/2024\/03\/KETO.Icone_-768x767.png 768w, https:\/\/pharmabiz.pt\/wp-content\/uploads\/2024\/03\/KETO.Icone_-1536x1533.png 1536w, https:\/\/pharmabiz.pt\/wp-content\/uploads\/2024\/03\/KETO.Icone_-1200x1198.png 1200w, https:\/\/pharmabiz.pt\/wp-content\/uploads\/2024\/03\/KETO.Icone_-45x45.png 45w, https:\/\/pharmabiz.pt\/wp-content\/uploads\/2024\/03\/KETO.Icone_-600x599.png 600w, https:\/\/pharmabiz.pt\/wp-content\/uploads\/2024\/03\/KETO.Icone_-100x100.png 100w, https:\/\/pharmabiz.pt\/wp-content\/uploads\/2024\/03\/KETO.Icone_.png 1805w\" sizes=\"auto, (max-width: 75px) 100vw, 75px\" \/> <img loading=\"lazy\" decoding=\"async\" class=\"alignnone wp-image-10360\" src=\"https:\/\/pharmabiz.pt\/wp-content\/uploads\/2024\/03\/VEGAN-Icone-300x308.png\" alt=\"\" width=\"73\" height=\"75\" srcset=\"https:\/\/pharmabiz.pt\/wp-content\/uploads\/2024\/03\/VEGAN-Icone-300x308.png 300w, https:\/\/pharmabiz.pt\/wp-content\/uploads\/2024\/03\/VEGAN-Icone-996x1024.png 996w, https:\/\/pharmabiz.pt\/wp-content\/uploads\/2024\/03\/VEGAN-Icone-768x790.png 768w, https:\/\/pharmabiz.pt\/wp-content\/uploads\/2024\/03\/VEGAN-Icone-1494x1536.png 1494w, https:\/\/pharmabiz.pt\/wp-content\/uploads\/2024\/03\/VEGAN-Icone-1200x1234.png 1200w, https:\/\/pharmabiz.pt\/wp-content\/uploads\/2024\/03\/VEGAN-Icone-45x45.png 45w, https:\/\/pharmabiz.pt\/wp-content\/uploads\/2024\/03\/VEGAN-Icone-600x617.png 600w, https:\/\/pharmabiz.pt\/wp-content\/uploads\/2024\/03\/VEGAN-Icone.png 1808w\" sizes=\"auto, (max-width: 73px) 100vw, 73px\" \/><\/p>\n","protected":false},"featured_media":11112,"comment_status":"closed","ping_status":"closed","template":"","meta":{"_acf_changed":false},"product_brand":[],"product_cat":[262,139,249,259,255,140,141],"product_tag":[223,185,190,196,238,416,153],"class_list":{"0":"post-10857","1":"product","2":"type-product","3":"status-publish","4":"has-post-thumbnail","6":"product_cat-100-natural-es","7":"product_cat-alimentacion","8":"product_cat-alimentos-alcalinos-es","9":"product_cat-comercio-justo-es","10":"product_cat-ecologicos","11":"product_cat-sin-gluten","12":"product_cat-superalimentos","13":"product_tag-aminoacidos-esenciales","14":"product_tag-antioxidantes","15":"product_tag-control-de-peso","16":"product_tag-deporte-y-fitness","17":"product_tag-energia-y-vitalidad-es","18":"product_tag-equilibrio-hormonal-y-sexual","19":"product_tag-sistema-inmunitario","20":"pa_marca-ox-nature-es","22":"first","23":"instock","24":"taxable","25":"shipping-taxable","26":"purchasable","27":"product-type-simple"},"acf":[],"_links":{"self":[{"href":"https:\/\/pharmabiz.pt\/es\/wp-json\/wp\/v2\/product\/10857","targetHints":{"allow":["GET"]}}],"collection":[{"href":"https:\/\/pharmabiz.pt\/es\/wp-json\/wp\/v2\/product"}],"about":[{"href":"https:\/\/pharmabiz.pt\/es\/wp-json\/wp\/v2\/types\/product"}],"replies":[{"embeddable":true,"href":"https:\/\/pharmabiz.pt\/es\/wp-json\/wp\/v2\/comments?post=10857"}],"wp:featuredmedia":[{"embeddable":true,"href":"https:\/\/pharmabiz.pt\/es\/wp-json\/wp\/v2\/media\/11112"}],"wp:attachment":[{"href":"https:\/\/pharmabiz.pt\/es\/wp-json\/wp\/v2\/media?parent=10857"}],"wp:term":[{"taxonomy":"product_brand","embeddable":true,"href":"https:\/\/pharmabiz.pt\/es\/wp-json\/wp\/v2\/product_brand?post=10857"},{"taxonomy":"product_cat","embeddable":true,"href":"https:\/\/pharmabiz.pt\/es\/wp-json\/wp\/v2\/product_cat?post=10857"},{"taxonomy":"product_tag","embeddable":true,"href":"https:\/\/pharmabiz.pt\/es\/wp-json\/wp\/v2\/product_tag?post=10857"}],"curies":[{"name":"wp","href":"https:\/\/api.w.org\/{rel}","templated":true}]}}