{"id":11491,"date":"2024-03-10T23:12:22","date_gmt":"2024-03-10T23:12:22","guid":{"rendered":"https:\/\/pharmabiz.pt\/produto\/ox-carbon-activado-de-cascara-de-coco-en-polvo-125g\/"},"modified":"2024-05-08T12:34:27","modified_gmt":"2024-05-08T11:34:27","slug":"ox-carbon-activado-de-coco-en-polvo-125g","status":"publish","type":"product","link":"https:\/\/pharmabiz.pt\/es\/producto\/ox-carbon-activado-de-coco-en-polvo-125g\/","title":{"rendered":"OX CARB\u00d3N ACTIVADO DE COCO EN POLVO 125g"},"content":{"rendered":"<div class=\"wpb-content-wrapper\"><p>[vc_row][vc_column width=&#8221;1\/2&#8243;][vc_column_text]<img loading=\"lazy\" decoding=\"async\" class=\"alignnone wp-image-11192 size-large\" src=\"https:\/\/pharmabiz.pt\/wp-content\/uploads\/2024\/03\/OX-Nature.-Carvao-Ativado-1-1024x447.png\" alt=\"\" width=\"1024\" height=\"447\" srcset=\"https:\/\/pharmabiz.pt\/wp-content\/uploads\/2024\/03\/OX-Nature.-Carvao-Ativado-1-1024x447.png 1024w, https:\/\/pharmabiz.pt\/wp-content\/uploads\/2024\/03\/OX-Nature.-Carvao-Ativado-1-300x131.png 300w, https:\/\/pharmabiz.pt\/wp-content\/uploads\/2024\/03\/OX-Nature.-Carvao-Ativado-1-768x335.png 768w, https:\/\/pharmabiz.pt\/wp-content\/uploads\/2024\/03\/OX-Nature.-Carvao-Ativado-1-1536x670.png 1536w, https:\/\/pharmabiz.pt\/wp-content\/uploads\/2024\/03\/OX-Nature.-Carvao-Ativado-1-1200x524.png 1200w, https:\/\/pharmabiz.pt\/wp-content\/uploads\/2024\/03\/OX-Nature.-Carvao-Ativado-1-600x262.png 600w, https:\/\/pharmabiz.pt\/wp-content\/uploads\/2024\/03\/OX-Nature.-Carvao-Ativado-1.png 1920w\" sizes=\"auto, (max-width: 1024px) 100vw, 1024px\" \/><\/p>\n<p><strong>OX NATURE CARB\u00d3N ACTIVADO DE C\u00c1SCARA DE COCO EN POLVO<\/strong><\/p>\n<p>El carb\u00f3n activado de OX Nature es un producto 100% natural, no t\u00f3xico, no irradiado y libre de nanomateriales, producido a partir de c\u00e1scaras de coco org\u00e1nicas que han sido altamente purificadas con vapor para eliminar cualquier contaminante, para ser utilizado como ingrediente activo de grado alimentario, dando como resultado un polvo fino altamente poroso que tiene una enorme superficie para la adsorci\u00f3n\/absorci\u00f3n de sustancias t\u00f3xicas y otros productos qu\u00edmicos, y puede ayudar a purificar nuestro sistema digestivo, desinflamar y reducir la inflamaci\u00f3n.<\/p>\n<p style=\"font-weight: 400;\">El carb\u00f3n activado es una de las ayudas m\u00e1s poderosas de la naturaleza para aliviar los gases intestinales y reducir la hinchaz\u00f3n abdominal, ayudando as\u00ed a excretar sustancias t\u00f3xicas de nuestro organismo como: metales pesados, contaminantes ambientales, aditivos qu\u00edmicos presentes en alimentos, cosm\u00e9ticos o productos de limpieza, exceso de medicaci\u00f3n, pesticidas y otras toxinas perjudiciales para nuestro organismo, incluso para las mascotas, pero nunca ha estado tan de moda. Hoy podemos encontrarla como funci\u00f3n desintoxicante en forma de polvo, c\u00e1psulas, inyecciones e incluso como ingrediente de dent\u00edfricos y colutorios, entre otros.<\/p>\n<p>El carb\u00f3n activado es cada vez m\u00e1s popular en la cocina y ya se ha hecho un hueco en la gastronom\u00eda de todo el mundo. Se puede utilizar tanto en platos s\u00f3lidos como l\u00edquidos, como salsas, caldos, dulces, licores y zumos desintoxicantes.<\/p>\n<h4><strong>Denominaci\u00f3n de venta:<\/strong><\/h4>\n<p style=\"font-weight: 400;\">Carb\u00f3n activado de c\u00e1scara de coco 125 g<\/p>\n<h4><strong>Ingredientes:<\/strong><\/h4>\n<p>100% Polvo de Carb\u00f3n Activado de C\u00e1scara de Coco.<\/p>\n<h4><strong>Instrucciones de uso:<\/strong><\/h4>\n<p style=\"font-weight: 400;\">Como parte de una dieta variada y equilibrada y un estilo de vida sano, toma 1 cucharadita (3 g) de carb\u00f3n vegetal removido en un vaso de agua hasta seis veces al d\u00eda. Sigue siempre con un segundo vaso de agua. Es mejor tomarlo 1-2 horas antes o despu\u00e9s de las comidas y siempre a 2 horas de medicamentos\/suplementos importantes.<\/p>\n<p style=\"font-weight: 400;\">Tambi\u00e9n puedes utilizarlo en la boca para blanquear los dientes de forma natural (m\u00e1ximo 3 veces por semana).<\/p>\n<p style=\"font-weight: 400;\">Lattes, tortitas, helados, gofres y otras recetas g\u00f3ticas: A\u00f1ade 1-2 cucharaditas (3 g) de polvo a una gran variedad de bebidas o a tus recetas favoritas.<\/p>\n<h4><strong>Conservaci\u00f3n:<\/strong><\/h4>\n<p style=\"font-weight: 400;\">Para mantener la integridad de este producto, cierra bien el frasco y gu\u00e1rdalo en un lugar fresco y seco, alejado del calor y de la luz solar. Una vez abierto, cons\u00famelo preferentemente en un plazo de 45 d\u00edas.<\/p>\n<h4><strong>Advertencia:<\/strong><\/h4>\n<p style=\"font-weight: 400;\">Si est\u00e1s embarazada, en per\u00edodo de lactancia o tomas medicaci\u00f3n, pide consejo a tu m\u00e9dico. En caso de cualquier reacci\u00f3n adversa, interrumpe su uso y consulta a tu nutricionista o profesional sanitario.<\/p>\n<p><em><strong>*Este producto no est\u00e1 destinado a diagnosticar, tratar, curar ni prevenir ninguna enfermedad, util\u00edzalo s\u00f3lo como suplemento diet\u00e9tico.<\/strong><\/em><\/p>\n<h4><strong>Peso neto:<\/strong><\/h4>\n<p>125g<\/p>\n<h4><strong>Caja de transporte:<\/strong><\/h4>\n<p>6 x 125 g<\/p>\n<h4><strong>Fuente:<\/strong><\/h4>\n<p>Filipinas<\/p>\n<h4><strong>Distribuido por:<\/strong><\/h4>\n<p>Pharmabiz, Lda[\/vc_column_text][\/vc_column][vc_column width=&#8221;1\/2&#8243;]<div class=\"nflc nutrition-section std\">\t\r\n\t\t<ul class=\"nutrition-table\" itemprop=\"nutrition\" itemscope itemtype=\"http:\/\/schema.org\/NutritionInformation\">\r\n\t\t\t<li class=\"nt-header b-0\"><h2 class=\"nt-title\">Declara\u00e7\u00e3o Nutricional por 100g<\/h2><\/li><li class=\"nt-row b-0\"><span class=\"nt-label col-50\">Servings Per Container<\/span><span class=\"nt-value col-50\" itemprop=\"servingSize\">100<\/span><\/li><li class=\"nt-row sep-10 serving-size\"><span class=\"nt-label col-50\">Serving Size<\/span><span class=\"nt-value col-50\" itemprop=\"servingSize\">1g<\/span><\/li><li class=\"nt-row font-bold b-0\"><span class=\"nt-label\">Amount per serving<\/span><\/li><li class=\"nt-row font-bold calories sep-8\"><span class=\"nt-label col-70\">Calories<\/span><span class=\"nt-value col-30\" itemprop=\"servingSize\">0<\/span><\/li><li class=\"nt-head font-bold sep-4\"><span class=\"nt-label nutrient-label col-40\"><\/span><span class=\"nt-label amount-label col-30\"><\/span><span class=\"pdv-label col-30\">% Daily Value*<\/span><\/li><br \/>\n<b>Warning<\/b>:  Undefined array key \"amt\" in <b>\/var\/www\/vhosts\/pharmabiz.pt\/httpdocs\/wp-content\/plugins\/nutrition-facts-label-creator\/nflc_templates\/default.php<\/b> on line <b>137<\/b><br \/>\n<br \/>\n<b>Warning<\/b>:  Undefined array key \"unit\" in <b>\/var\/www\/vhosts\/pharmabiz.pt\/httpdocs\/wp-content\/plugins\/nutrition-facts-label-creator\/nflc_templates\/default.php<\/b> on line <b>137<\/b><br \/>\n<li><span class=\"nt-label col-40 font-bold\">VALORES M\u00c9DIOS<\/span><span class=\"nt-amount col-30\"> <\/span><\/li><li class=\"nt-footer b-0\">*DR - Dose de Refer\u00eancia para um adulto m\u00e9dio (8400kJ \/ 2000 kcal).<br \/>\n**VRN - Valor de Refer\u00eancia do Nutriente.<br \/>\nNOTA - Os Valores Nutricionais podem variar de acordo com a sazonalidade.<\/li>\t\t<\/ul><!-- \/.nutrition-table -->\r\n\t<\/div><!-- \/.nutrition-section -->[vc_empty_space][vc_column_text]<strong>PROPIEDADES NUTRICIONALES<\/strong><\/p>\n<p>El carb\u00f3n activado de c\u00e1scara de coco es un polvo fino muy poroso que tiene una enorme superficie para adsorber sustancias t\u00f3xicas y otras sustancias qu\u00edmicas, y puede ayudar a purificar nuestro sistema digestivo, desinflamar y reducir la inflamaci\u00f3n.<\/p>\n<p style=\"font-weight: 400;\">El carb\u00f3n activado es una de las ayudas m\u00e1s potentes de la naturaleza para aliviar los gases intestinales y reducir la hinchaz\u00f3n abdominal, ayudando as\u00ed a excretar las sustancias t\u00f3xicas del organismo.<\/p>\n<p><strong>BENEFICIOS PARA LA SALUD<\/strong><br \/>\n*Estos nutrientes contribuyen a<\/p>\n<p><strong>CARB\u00d3N ACTIVADO:<br \/>\n<\/strong>*ayuda a reducir la flatulencia excesiva despu\u00e9s de una comida, su efecto beneficioso se obtiene con 1 g que debe tomarse al menos 30 minutos antes de la comida y 1 g inmediatamente despu\u00e9s de la comida.<\/p>\n<p style=\"font-weight: 400;\"><em>*Esta declaraci\u00f3n no ha sido evaluada por la FDA (EE.UU.) ni por la EFSA &#8211; Autoridad Europea de Seguridad Alimentaria. Este producto no pretende diagnosticar, tratar, curar ni prevenir ninguna enfermedad.<\/em><\/p>\n<p>[\/vc_column_text][\/vc_column][\/vc_row]<\/p>\n<\/div>","protected":false},"excerpt":{"rendered":"<h4 style=\"font-weight: 400;\"><strong>C\u00c1SCARA DE COCO 100% PURA | DESINTOXICACI\u00d3N NATURAL<\/strong><\/h4>\n<p style=\"font-weight: 400;\"><strong>POLVO ULTRAFINO DE CALIDAD ALIMENTARIA<br \/>\nAYUDA A REDUCIR LOS GASES, LA HINCHAZ\u00d3N Y FACILITA LA DIGESTI\u00d3N<br \/>\nEFECTO DESINTOXICANTE<br \/>\nBLANQUEADOR DENTAL NATURAL<br \/>\nPUEDE UTILIZARSE EN UNA GRAN VARIEDAD DE RECETAS<\/strong><\/p>\n<p>PRODUCTO ALCALINO &#8211; <strong>pH 9,0 &#8211; 11,0<br \/>\n<\/strong>CERTIFICADO:<strong> CALIDAD ALIMENTARIA <\/strong><\/p>\n<p><strong>100% NATURAL, PURO, NO TRANSG\u00c9NICO, SIN GLUTEN, PALEO, CETO, VEGANO<\/strong><\/p>\n<p><img loading=\"lazy\" decoding=\"async\" class=\"alignnone wp-image-10348\" src=\"https:\/\/pharmabiz.pt\/wp-content\/uploads\/2024\/03\/ORGANIC-icone-300x296.png\" alt=\"\" width=\"76\" height=\"75\" srcset=\"https:\/\/pharmabiz.pt\/wp-content\/uploads\/2024\/03\/ORGANIC-icone-300x296.png 300w, https:\/\/pharmabiz.pt\/wp-content\/uploads\/2024\/03\/ORGANIC-icone-1024x1012.png 1024w, https:\/\/pharmabiz.pt\/wp-content\/uploads\/2024\/03\/ORGANIC-icone-150x150.png 150w, https:\/\/pharmabiz.pt\/wp-content\/uploads\/2024\/03\/ORGANIC-icone-768x759.png 768w, https:\/\/pharmabiz.pt\/wp-content\/uploads\/2024\/03\/ORGANIC-icone-1536x1518.png 1536w, https:\/\/pharmabiz.pt\/wp-content\/uploads\/2024\/03\/ORGANIC-icone-1200x1186.png 1200w, https:\/\/pharmabiz.pt\/wp-content\/uploads\/2024\/03\/ORGANIC-icone-45x45.png 45w, https:\/\/pharmabiz.pt\/wp-content\/uploads\/2024\/03\/ORGANIC-icone-600x593.png 600w, https:\/\/pharmabiz.pt\/wp-content\/uploads\/2024\/03\/ORGANIC-icone-100x100.png 100w, https:\/\/pharmabiz.pt\/wp-content\/uploads\/2024\/03\/ORGANIC-icone.png 1855w\" sizes=\"auto, (max-width: 76px) 100vw, 76px\" \/> <img loading=\"lazy\" decoding=\"async\" class=\"alignnone wp-image-10354\" src=\"https:\/\/pharmabiz.pt\/wp-content\/uploads\/2024\/03\/PLANT-BASED-Icone-300x290.png\" alt=\"\" width=\"78\" height=\"75\" srcset=\"https:\/\/pharmabiz.pt\/wp-content\/uploads\/2024\/03\/PLANT-BASED-Icone-300x290.png 300w, https:\/\/pharmabiz.pt\/wp-content\/uploads\/2024\/03\/PLANT-BASED-Icone-1024x991.png 1024w, https:\/\/pharmabiz.pt\/wp-content\/uploads\/2024\/03\/PLANT-BASED-Icone-768x743.png 768w, https:\/\/pharmabiz.pt\/wp-content\/uploads\/2024\/03\/PLANT-BASED-Icone-1536x1486.png 1536w, https:\/\/pharmabiz.pt\/wp-content\/uploads\/2024\/03\/PLANT-BASED-Icone-1200x1161.png 1200w, https:\/\/pharmabiz.pt\/wp-content\/uploads\/2024\/03\/PLANT-BASED-Icone-600x581.png 600w, https:\/\/pharmabiz.pt\/wp-content\/uploads\/2024\/03\/PLANT-BASED-Icone.png 1886w\" sizes=\"auto, (max-width: 78px) 100vw, 78px\" \/> <img loading=\"lazy\" decoding=\"async\" class=\"alignnone wp-image-10336\" src=\"https:\/\/pharmabiz.pt\/wp-content\/uploads\/2024\/03\/GMO-FREE-Icone-300x299.png\" alt=\"\" width=\"75\" height=\"75\" srcset=\"https:\/\/pharmabiz.pt\/wp-content\/uploads\/2024\/03\/GMO-FREE-Icone-300x299.png 300w, https:\/\/pharmabiz.pt\/wp-content\/uploads\/2024\/03\/GMO-FREE-Icone-1024x1021.png 1024w, https:\/\/pharmabiz.pt\/wp-content\/uploads\/2024\/03\/GMO-FREE-Icone-150x150.png 150w, https:\/\/pharmabiz.pt\/wp-content\/uploads\/2024\/03\/GMO-FREE-Icone-768x765.png 768w, https:\/\/pharmabiz.pt\/wp-content\/uploads\/2024\/03\/GMO-FREE-Icone-1536x1531.png 1536w, https:\/\/pharmabiz.pt\/wp-content\/uploads\/2024\/03\/GMO-FREE-Icone-1200x1196.png 1200w, https:\/\/pharmabiz.pt\/wp-content\/uploads\/2024\/03\/GMO-FREE-Icone-45x45.png 45w, https:\/\/pharmabiz.pt\/wp-content\/uploads\/2024\/03\/GMO-FREE-Icone-600x598.png 600w, https:\/\/pharmabiz.pt\/wp-content\/uploads\/2024\/03\/GMO-FREE-Icone-100x100.png 100w, https:\/\/pharmabiz.pt\/wp-content\/uploads\/2024\/03\/GMO-FREE-Icone.png 1833w\" sizes=\"auto, (max-width: 75px) 100vw, 75px\" \/> <img loading=\"lazy\" decoding=\"async\" class=\"alignnone wp-image-10333\" src=\"https:\/\/pharmabiz.pt\/wp-content\/uploads\/2024\/03\/GLUTEN-FREE-Icone-300x305.png\" alt=\"\" width=\"74\" height=\"75\" srcset=\"https:\/\/pharmabiz.pt\/wp-content\/uploads\/2024\/03\/GLUTEN-FREE-Icone-300x305.png 300w, https:\/\/pharmabiz.pt\/wp-content\/uploads\/2024\/03\/GLUTEN-FREE-Icone-1007x1024.png 1007w, https:\/\/pharmabiz.pt\/wp-content\/uploads\/2024\/03\/GLUTEN-FREE-Icone-150x150.png 150w, https:\/\/pharmabiz.pt\/wp-content\/uploads\/2024\/03\/GLUTEN-FREE-Icone-768x781.png 768w, https:\/\/pharmabiz.pt\/wp-content\/uploads\/2024\/03\/GLUTEN-FREE-Icone-1510x1536.png 1510w, https:\/\/pharmabiz.pt\/wp-content\/uploads\/2024\/03\/GLUTEN-FREE-Icone-1200x1221.png 1200w, https:\/\/pharmabiz.pt\/wp-content\/uploads\/2024\/03\/GLUTEN-FREE-Icone-45x45.png 45w, https:\/\/pharmabiz.pt\/wp-content\/uploads\/2024\/03\/GLUTEN-FREE-Icone-600x610.png 600w, https:\/\/pharmabiz.pt\/wp-content\/uploads\/2024\/03\/GLUTEN-FREE-Icone-100x100.png 100w, https:\/\/pharmabiz.pt\/wp-content\/uploads\/2024\/03\/GLUTEN-FREE-Icone.png 1796w\" sizes=\"auto, (max-width: 74px) 100vw, 74px\" \/> <img loading=\"lazy\" decoding=\"async\" class=\"alignnone wp-image-10351\" src=\"https:\/\/pharmabiz.pt\/wp-content\/uploads\/2024\/03\/PALEO-Icone-300x301.png\" alt=\"\" width=\"75\" height=\"75\" srcset=\"https:\/\/pharmabiz.pt\/wp-content\/uploads\/2024\/03\/PALEO-Icone-300x301.png 300w, https:\/\/pharmabiz.pt\/wp-content\/uploads\/2024\/03\/PALEO-Icone-1022x1024.png 1022w, https:\/\/pharmabiz.pt\/wp-content\/uploads\/2024\/03\/PALEO-Icone-150x150.png 150w, https:\/\/pharmabiz.pt\/wp-content\/uploads\/2024\/03\/PALEO-Icone-768x769.png 768w, https:\/\/pharmabiz.pt\/wp-content\/uploads\/2024\/03\/PALEO-Icone-1533x1536.png 1533w, https:\/\/pharmabiz.pt\/wp-content\/uploads\/2024\/03\/PALEO-Icone-1200x1202.png 1200w, https:\/\/pharmabiz.pt\/wp-content\/uploads\/2024\/03\/PALEO-Icone-45x45.png 45w, https:\/\/pharmabiz.pt\/wp-content\/uploads\/2024\/03\/PALEO-Icone-600x601.png 600w, https:\/\/pharmabiz.pt\/wp-content\/uploads\/2024\/03\/PALEO-Icone-100x100.png 100w, https:\/\/pharmabiz.pt\/wp-content\/uploads\/2024\/03\/PALEO-Icone.png 1782w\" sizes=\"auto, (max-width: 75px) 100vw, 75px\" \/> <img loading=\"lazy\" decoding=\"async\" class=\"alignnone wp-image-10339\" src=\"https:\/\/pharmabiz.pt\/wp-content\/uploads\/2024\/03\/KETO.Icone_-300x300.png\" alt=\"\" width=\"75\" height=\"75\" srcset=\"https:\/\/pharmabiz.pt\/wp-content\/uploads\/2024\/03\/KETO.Icone_-300x300.png 300w, https:\/\/pharmabiz.pt\/wp-content\/uploads\/2024\/03\/KETO.Icone_-1024x1022.png 1024w, https:\/\/pharmabiz.pt\/wp-content\/uploads\/2024\/03\/KETO.Icone_-150x150.png 150w, https:\/\/pharmabiz.pt\/wp-content\/uploads\/2024\/03\/KETO.Icone_-768x767.png 768w, https:\/\/pharmabiz.pt\/wp-content\/uploads\/2024\/03\/KETO.Icone_-1536x1533.png 1536w, https:\/\/pharmabiz.pt\/wp-content\/uploads\/2024\/03\/KETO.Icone_-1200x1198.png 1200w, https:\/\/pharmabiz.pt\/wp-content\/uploads\/2024\/03\/KETO.Icone_-45x45.png 45w, https:\/\/pharmabiz.pt\/wp-content\/uploads\/2024\/03\/KETO.Icone_-600x599.png 600w, https:\/\/pharmabiz.pt\/wp-content\/uploads\/2024\/03\/KETO.Icone_-100x100.png 100w, https:\/\/pharmabiz.pt\/wp-content\/uploads\/2024\/03\/KETO.Icone_.png 1805w\" sizes=\"auto, (max-width: 75px) 100vw, 75px\" \/> <img loading=\"lazy\" decoding=\"async\" class=\"alignnone wp-image-10360\" src=\"https:\/\/pharmabiz.pt\/wp-content\/uploads\/2024\/03\/VEGAN-Icone-300x308.png\" alt=\"\" width=\"73\" height=\"75\" srcset=\"https:\/\/pharmabiz.pt\/wp-content\/uploads\/2024\/03\/VEGAN-Icone-300x308.png 300w, https:\/\/pharmabiz.pt\/wp-content\/uploads\/2024\/03\/VEGAN-Icone-996x1024.png 996w, https:\/\/pharmabiz.pt\/wp-content\/uploads\/2024\/03\/VEGAN-Icone-768x790.png 768w, https:\/\/pharmabiz.pt\/wp-content\/uploads\/2024\/03\/VEGAN-Icone-1494x1536.png 1494w, https:\/\/pharmabiz.pt\/wp-content\/uploads\/2024\/03\/VEGAN-Icone-1200x1234.png 1200w, https:\/\/pharmabiz.pt\/wp-content\/uploads\/2024\/03\/VEGAN-Icone-45x45.png 45w, https:\/\/pharmabiz.pt\/wp-content\/uploads\/2024\/03\/VEGAN-Icone-600x617.png 600w, https:\/\/pharmabiz.pt\/wp-content\/uploads\/2024\/03\/VEGAN-Icone.png 1808w\" sizes=\"auto, (max-width: 73px) 100vw, 73px\" \/><\/p>\n","protected":false},"featured_media":11136,"comment_status":"closed","ping_status":"closed","template":"","meta":{"_acf_changed":false},"product_brand":[],"product_cat":[262,139,249,140],"product_tag":[407,236,235,190,206,196,188,271,238,242,153],"class_list":{"0":"post-11491","1":"product","2":"type-product","3":"status-publish","4":"has-post-thumbnail","6":"product_cat-100-natural-es","7":"product_cat-alimentacion","8":"product_cat-alimentos-alcalinos-es","9":"product_cat-sin-gluten","10":"product_tag-anti-edad","11":"product_tag-belleza-y-cuidados-personales","12":"product_tag-colesterol-y-trigliceridos","13":"product_tag-control-de-peso","14":"product_tag-corazon","15":"product_tag-deporte-y-fitness","16":"product_tag-detox-es","17":"product_tag-diabetes-es","18":"product_tag-energia-y-vitalidad-es","19":"product_tag-piel-unas-y-cabello","20":"product_tag-sistema-inmunitario","21":"pa_marca-ox-nature-es","23":"first","24":"instock","25":"taxable","26":"shipping-taxable","27":"purchasable","28":"product-type-simple"},"acf":[],"_links":{"self":[{"href":"https:\/\/pharmabiz.pt\/es\/wp-json\/wp\/v2\/product\/11491","targetHints":{"allow":["GET"]}}],"collection":[{"href":"https:\/\/pharmabiz.pt\/es\/wp-json\/wp\/v2\/product"}],"about":[{"href":"https:\/\/pharmabiz.pt\/es\/wp-json\/wp\/v2\/types\/product"}],"replies":[{"embeddable":true,"href":"https:\/\/pharmabiz.pt\/es\/wp-json\/wp\/v2\/comments?post=11491"}],"wp:featuredmedia":[{"embeddable":true,"href":"https:\/\/pharmabiz.pt\/es\/wp-json\/wp\/v2\/media\/11136"}],"wp:attachment":[{"href":"https:\/\/pharmabiz.pt\/es\/wp-json\/wp\/v2\/media?parent=11491"}],"wp:term":[{"taxonomy":"product_brand","embeddable":true,"href":"https:\/\/pharmabiz.pt\/es\/wp-json\/wp\/v2\/product_brand?post=11491"},{"taxonomy":"product_cat","embeddable":true,"href":"https:\/\/pharmabiz.pt\/es\/wp-json\/wp\/v2\/product_cat?post=11491"},{"taxonomy":"product_tag","embeddable":true,"href":"https:\/\/pharmabiz.pt\/es\/wp-json\/wp\/v2\/product_tag?post=11491"}],"curies":[{"name":"wp","href":"https:\/\/api.w.org\/{rel}","templated":true}]}}