{"id":11494,"date":"2022-03-16T22:52:20","date_gmt":"2022-03-16T22:52:20","guid":{"rendered":"https:\/\/pharmabiz.pt\/produto\/alara-muesli-com-superfrutos-bio-500g\/"},"modified":"2024-05-08T15:07:20","modified_gmt":"2024-05-08T14:07:20","slug":"muesli-crujiente-con-superfrutas-ecologico-500g","status":"publish","type":"product","link":"https:\/\/pharmabiz.pt\/es\/producto\/muesli-crujiente-con-superfrutas-ecologico-500g\/","title":{"rendered":"MUESLI CRUJIENTE CON SUPERFRUTAS, ECOL\u00d3GICO 500g"},"content":{"rendered":"<div class=\"wpb-content-wrapper\"><p>[vc_row][vc_column width=&#8221;1\/2&#8243;][vc_column_text]<strong>MUESLI ECOL\u00d3GICO CRUJIENTE CON SUPERFRUTAS<\/strong><\/p>\n<p>Una mezcla crujiente y maravillosamente equilibrada.<\/p>\n<p>\u00bfQu\u00e9 crees que es un desayuno perfecto? \u00bfSer delicioso, sano y mantenerte alerta y sin hambre hasta la hora de comer, sin az\u00facar, ecol\u00f3gico, sin pl\u00e1stico y quiz\u00e1 incluso con un extra de superalimentos? Si es as\u00ed, \u00a1no busques m\u00e1s!<\/p>\n<p>Para crear el desayuno perfecto, empezamos con avena integral y cebada.<\/p>\n<p>Las hemos mezclado con una amplia gama de potentes superfrutas, cada una con sus propios beneficios nutricionales, todas repletas de antioxidantes, vitaminas y minerales.<\/p>\n<p>Ayuda a tu cuerpo, cerebro y piel a estar sanos y radiantes proporcion\u00e1ndoles una nutrici\u00f3n vital para un estilo de vida activo.<\/p>\n<h4><strong>Denominaci\u00f3n de venta:<\/strong><\/h4>\n<p>Muesli crujiente con superfrutas 500 g<\/p>\n<h4><strong>Ingredientes 100% ecol\u00f3gicos<\/strong>:<\/h4>\n<p>Copos integrales de <strong>avena<\/strong> (23%), Copos integrales de <strong>cebada<\/strong> (19%), Copos de <strong>trigo<\/strong> Harina integral tostada (19%), pasas sultanas (11,5%), granola roja (avena, n\u00e9ctar de flor de coco, copos de arroz, coco en polvo, remolacha en polvo, baobab en polvo, linaza molida, zumo de manzana) (11%), semillas de girasol (4%), d\u00e1tiles troceados (4%), albaricoques troceados (4%), moras (3%), chips de coco tostado (2,5%), ar\u00e1ndanos rojos (1,5%), camu camu (1%). 5%), Ar\u00e1ndanos (endulzados con zumo de manzana) (2%), Bayas de Goji (1,5%), Camu Camu (1%)<\/p>\n<h4><strong>Informaci\u00f3n sobre al\u00e9rgenos:<\/strong><\/h4>\n<p>Para los al\u00e9rgenos, incluidos los cereales que contienen gluten, ver los ingredientes en <strong>negrita<\/strong>.<\/p>\n<p>Consulta la informaci\u00f3n en <strong>negrita<\/strong>. Producido en un entorno en el que puede haber frutos de c\u00e1scara, cacahuetes, soja, SO2 y semillas de s\u00e9samo.<\/p>\n<h4><strong>Instrucciones de uso\/Preparaci\u00f3n:<\/strong><\/h4>\n<p>Para un desayuno delicioso, a\u00f1ade la leche de tu elecci\u00f3n, zumo o yogur a 40 g de este muesli.<\/p>\n<h4><strong>Conservaci\u00f3n:<\/strong><\/h4>\n<p>Gu\u00e1rdalo en un lugar fresco y seco, alejado de la luz solar.<\/p>\n<h4><strong>Presentaci\u00f3n:<\/strong><\/h4>\n<p>Envases de cart\u00f3n con film compostable. Esta l\u00e1mina est\u00e1 fabricada con recursos renovables, fibras vegetales y es totalmente compostable y no t\u00f3xica para el medio ambiente. Es tan duradero como los envases de pl\u00e1stico normales, pero se degrada f\u00e1cilmente en el compostaje dom\u00e9stico. Sin pl\u00e1stico.<\/p>\n<h4><strong>Peso neto:<\/strong><\/h4>\n<p>500g<\/p>\n<h4><strong>Caja de transporte:<\/strong><\/h4>\n<p>6 x 500 g<\/p>\n<h4><strong>Fuente:<\/strong><\/h4>\n<p>Reino Unido.<\/p>\n<h4><strong>Distribuido por:<\/strong><\/h4>\n<p>Pharmabiz, Lda.[\/vc_column_text][\/vc_column][vc_column width=&#8221;1\/2&#8243;]<div class=\"nflc nutrition-section std\">\t\r\n\t\t<ul class=\"nutrition-table\" itemprop=\"nutrition\" itemscope itemtype=\"http:\/\/schema.org\/NutritionInformation\">\r\n\t\t\t<li class=\"nt-header b-0\"><h2 class=\"nt-title\">Declara\u00e7\u00e3o Nutricional por 100g<\/h2><\/li><li class=\"nt-row b-0\"><span class=\"nt-label col-50\">Servings Per Container<\/span><span class=\"nt-value col-50\" itemprop=\"servingSize\">13<\/span><\/li><li class=\"nt-row sep-10 serving-size\"><span class=\"nt-label col-50\">Serving Size<\/span><span class=\"nt-value col-50\" itemprop=\"servingSize\">40g<\/span><\/li><li class=\"nt-row font-bold b-0\"><span class=\"nt-label\">Amount per serving<\/span><\/li><li class=\"nt-row font-bold calories sep-8\"><span class=\"nt-label col-70\">Calories<\/span><span class=\"nt-value col-30\" itemprop=\"servingSize\">150<\/span><\/li><li class=\"nt-head font-bold sep-4\"><span class=\"nt-label nutrient-label col-40\"><\/span><span class=\"nt-label amount-label col-30\"><\/span><span class=\"pdv-label col-30\">% Daily Value*<\/span><\/li><br \/>\n<b>Warning<\/b>:  Undefined array key \"amt\" in <b>\/var\/www\/vhosts\/pharmabiz.pt\/httpdocs\/wp-content\/plugins\/nutrition-facts-label-creator\/nflc_templates\/default.php<\/b> on line <b>137<\/b><br \/>\n<br \/>\n<b>Warning<\/b>:  Undefined array key \"unit\" in <b>\/var\/www\/vhosts\/pharmabiz.pt\/httpdocs\/wp-content\/plugins\/nutrition-facts-label-creator\/nflc_templates\/default.php<\/b> on line <b>137<\/b><br \/>\n<li><span class=\"nt-label col-40 font-bold\">VALORES M\u00c9DIOS<\/span><span class=\"nt-amount col-30\"> <\/span><\/li><br \/>\n<b>Warning<\/b>:  A non-numeric value encountered in <b>\/var\/www\/vhosts\/pharmabiz.pt\/httpdocs\/wp-content\/plugins\/nutrition-facts-label-creator\/nflc_templates\/default.php<\/b> on line <b>122<\/b><br \/>\n<br \/>\n<b>Warning<\/b>:  Undefined array key \"unit\" in <b>\/var\/www\/vhosts\/pharmabiz.pt\/httpdocs\/wp-content\/plugins\/nutrition-facts-label-creator\/nflc_templates\/default.php<\/b> on line <b>137<\/b><br \/>\n<br \/>\n<b>Warning<\/b>:  Undefined array key \"unit\" in <b>\/var\/www\/vhosts\/pharmabiz.pt\/httpdocs\/wp-content\/plugins\/nutrition-facts-label-creator\/nflc_templates\/default.php<\/b> on line <b>138<\/b><br \/>\n<li><span class=\"nt-label col-40 font-bold\">Energia kJ \/ kcal<\/span><span class=\"nt-amount col-30\">1572 \/ 375 <\/span><span class=\"nt-value col-30\">18.71%<\/span><\/li><li><span class=\"nt-label col-40 font-bold\">L\u00edpidos totais<\/span><span class=\"nt-amount col-30\">7 g<\/span><span class=\"nt-value col-30\">10%<\/span><\/li><li class=\"nt-sublevel-1\"><span class=\"nt-label col-40\">.dos quais saturados<\/span><span class=\"nt-amount col-30\">2.4 g<\/span><span class=\"nt-value col-30\">12%<\/span><\/li><li><span class=\"nt-label col-40 font-bold\">Hidratos de Carbono<\/span><span class=\"nt-amount col-30\">64.8 g<\/span><span class=\"nt-value col-30\">24.92%<\/span><\/li><li class=\"nt-sublevel-1\"><span class=\"nt-label col-40\">.dos quais a\u00e7\u00facares<\/span><span class=\"nt-amount col-30\">18 g<\/span><span class=\"nt-value col-30\">20%<\/span><\/li><li><span class=\"nt-label col-40 font-bold\">Fibra<\/span><span class=\"nt-amount col-30\">8.7 g<\/span><span class=\"nt-value col-30\">34.8%<\/span><\/li><li><span class=\"nt-label col-40 font-bold\">Prote\u00ednas<\/span><span class=\"nt-amount col-30\">9 g<\/span><span class=\"nt-value col-30\">18%<\/span><\/li><li><span class=\"nt-label col-40 font-bold\">Sal<\/span><span class=\"nt-amount col-30\">0.06 g<\/span><span class=\"nt-value col-30\">1%<\/span><\/li><li class=\"nt-footer b-0\">*DR - Dose de Refer\u00eancia para um adulto m\u00e9dio (8400kJ \/ 2000 kcal). **VRN - Valor de Refer\u00eancia do Nutriente. NOTA - Os Valores Nutricionais podem variar de acordo com a sazonalidade.<\/li>\t\t<\/ul><!-- \/.nutrition-table -->\r\n\t<\/div><!-- \/.nutrition-section -->[\/vc_column][\/vc_row]<\/p>\n<\/div>","protected":false},"excerpt":{"rendered":"<p>MUESLI CRUJIENTE CON SUPERFRUTAS &#8211; APOYA A LOS AGRICULTORES LOCALES &#8211; RICO EN VITAMINA C &#8211; RICO EN FIBRA &#8211; SIN AZ\u00daCAR A\u00d1ADIDO &#8211; SIN SAL A\u00d1ADIDA &#8211; DIETA SANA &#8211; CONTIENE CEREALES INTEGRALES &#8211; APTO PARA VEGANOS &#8211; FILM COMPOSTABLE (SIN PL\u00c1STICO) &#8211; CARBONO NETO CERO &#8211; LA MARCA DE CEREALES M\u00c1S SOSTENIBLE DEL PLANETA<\/p>\n<p><img loading=\"lazy\" decoding=\"async\" class=\"alignnone wp-image-6085\" src=\"https:\/\/pharmabiz.pt\/wp-content\/uploads\/2020\/05\/Soil_Association_symbol-1016x1024-1.jpg\" alt=\"\" width=\"74\" height=\"75\" srcset=\"https:\/\/pharmabiz.pt\/wp-content\/uploads\/2020\/05\/Soil_Association_symbol-1016x1024-1.jpg 300w, https:\/\/pharmabiz.pt\/wp-content\/uploads\/2020\/05\/Soil_Association_symbol-1016x1024-1.jpg 150w, https:\/\/pharmabiz.pt\/wp-content\/uploads\/2020\/05\/Soil_Association_symbol-1016x1024-1.jpg 768w, https:\/\/pharmabiz.pt\/wp-content\/uploads\/2020\/05\/Soil_Association_symbol-1016x1024-1.jpg 45w, https:\/\/pharmabiz.pt\/wp-content\/uploads\/2020\/05\/Soil_Association_symbol-1016x1024-1.jpg 600w, https:\/\/pharmabiz.pt\/wp-content\/uploads\/2020\/05\/Soil_Association_symbol-1016x1024-1.jpg 100w, https:\/\/pharmabiz.pt\/wp-content\/uploads\/2020\/05\/Soil_Association_symbol-1016x1024-1.jpg 844w\" sizes=\"auto, (max-width: 74px) 100vw, 74px\" \/> <img loading=\"lazy\" decoding=\"async\" class=\"alignnone wp-image-10327\" src=\"https:\/\/pharmabiz.pt\/wp-content\/uploads\/2024\/03\/BIO-Icone-300x291.png\" alt=\"\" width=\"77\" height=\"75\" srcset=\"https:\/\/pharmabiz.pt\/wp-content\/uploads\/2024\/03\/BIO-Icone-300x291.png 300w, https:\/\/pharmabiz.pt\/wp-content\/uploads\/2024\/03\/BIO-Icone-1024x994.png 1024w, https:\/\/pharmabiz.pt\/wp-content\/uploads\/2024\/03\/BIO-Icone-768x746.png 768w, https:\/\/pharmabiz.pt\/wp-content\/uploads\/2024\/03\/BIO-Icone-1536x1491.png 1536w, https:\/\/pharmabiz.pt\/wp-content\/uploads\/2024\/03\/BIO-Icone-1200x1165.png 1200w, https:\/\/pharmabiz.pt\/wp-content\/uploads\/2024\/03\/BIO-Icone-45x45.png 45w, https:\/\/pharmabiz.pt\/wp-content\/uploads\/2024\/03\/BIO-Icone-600x582.png 600w, https:\/\/pharmabiz.pt\/wp-content\/uploads\/2024\/03\/BIO-Icone.png 1814w\" sizes=\"auto, (max-width: 77px) 100vw, 77px\" \/> <img loading=\"lazy\" decoding=\"async\" class=\"alignnone wp-image-10354\" src=\"https:\/\/pharmabiz.pt\/wp-content\/uploads\/2024\/03\/PLANT-BASED-Icone-300x290.png\" alt=\"\" width=\"78\" height=\"75\" srcset=\"https:\/\/pharmabiz.pt\/wp-content\/uploads\/2024\/03\/PLANT-BASED-Icone-300x290.png 300w, https:\/\/pharmabiz.pt\/wp-content\/uploads\/2024\/03\/PLANT-BASED-Icone-1024x991.png 1024w, https:\/\/pharmabiz.pt\/wp-content\/uploads\/2024\/03\/PLANT-BASED-Icone-768x743.png 768w, https:\/\/pharmabiz.pt\/wp-content\/uploads\/2024\/03\/PLANT-BASED-Icone-1536x1486.png 1536w, https:\/\/pharmabiz.pt\/wp-content\/uploads\/2024\/03\/PLANT-BASED-Icone-1200x1161.png 1200w, https:\/\/pharmabiz.pt\/wp-content\/uploads\/2024\/03\/PLANT-BASED-Icone-600x581.png 600w, https:\/\/pharmabiz.pt\/wp-content\/uploads\/2024\/03\/PLANT-BASED-Icone.png 1886w\" sizes=\"auto, (max-width: 78px) 100vw, 78px\" \/> <img loading=\"lazy\" decoding=\"async\" class=\"alignnone wp-image-10357\" src=\"https:\/\/pharmabiz.pt\/wp-content\/uploads\/2024\/03\/RAW-icone-300x302.png\" alt=\"\" width=\"74\" height=\"75\" srcset=\"https:\/\/pharmabiz.pt\/wp-content\/uploads\/2024\/03\/RAW-icone-300x302.png 300w, https:\/\/pharmabiz.pt\/wp-content\/uploads\/2024\/03\/RAW-icone-1017x1024.png 1017w, https:\/\/pharmabiz.pt\/wp-content\/uploads\/2024\/03\/RAW-icone-150x150.png 150w, https:\/\/pharmabiz.pt\/wp-content\/uploads\/2024\/03\/RAW-icone-768x773.png 768w, https:\/\/pharmabiz.pt\/wp-content\/uploads\/2024\/03\/RAW-icone-1525x1536.png 1525w, https:\/\/pharmabiz.pt\/wp-content\/uploads\/2024\/03\/RAW-icone-1200x1208.png 1200w, https:\/\/pharmabiz.pt\/wp-content\/uploads\/2024\/03\/RAW-icone-45x45.png 45w, https:\/\/pharmabiz.pt\/wp-content\/uploads\/2024\/03\/RAW-icone-600x604.png 600w, https:\/\/pharmabiz.pt\/wp-content\/uploads\/2024\/03\/RAW-icone-100x100.png 100w, https:\/\/pharmabiz.pt\/wp-content\/uploads\/2024\/03\/RAW-icone.png 1737w\" sizes=\"auto, (max-width: 74px) 100vw, 74px\" \/> <img loading=\"lazy\" decoding=\"async\" class=\"alignnone wp-image-10336\" src=\"https:\/\/pharmabiz.pt\/wp-content\/uploads\/2024\/03\/GMO-FREE-Icone-300x299.png\" alt=\"\" width=\"75\" height=\"75\" srcset=\"https:\/\/pharmabiz.pt\/wp-content\/uploads\/2024\/03\/GMO-FREE-Icone-300x299.png 300w, https:\/\/pharmabiz.pt\/wp-content\/uploads\/2024\/03\/GMO-FREE-Icone-1024x1021.png 1024w, https:\/\/pharmabiz.pt\/wp-content\/uploads\/2024\/03\/GMO-FREE-Icone-150x150.png 150w, https:\/\/pharmabiz.pt\/wp-content\/uploads\/2024\/03\/GMO-FREE-Icone-768x765.png 768w, https:\/\/pharmabiz.pt\/wp-content\/uploads\/2024\/03\/GMO-FREE-Icone-1536x1531.png 1536w, https:\/\/pharmabiz.pt\/wp-content\/uploads\/2024\/03\/GMO-FREE-Icone-1200x1196.png 1200w, https:\/\/pharmabiz.pt\/wp-content\/uploads\/2024\/03\/GMO-FREE-Icone-45x45.png 45w, https:\/\/pharmabiz.pt\/wp-content\/uploads\/2024\/03\/GMO-FREE-Icone-600x598.png 600w, https:\/\/pharmabiz.pt\/wp-content\/uploads\/2024\/03\/GMO-FREE-Icone-100x100.png 100w, https:\/\/pharmabiz.pt\/wp-content\/uploads\/2024\/03\/GMO-FREE-Icone.png 1833w\" sizes=\"auto, (max-width: 75px) 100vw, 75px\" \/> <img loading=\"lazy\" decoding=\"async\" class=\"alignnone wp-image-10399\" src=\"https:\/\/pharmabiz.pt\/wp-content\/uploads\/2024\/03\/No-Add-Sugar-Icone-300x288.png\" alt=\"\" width=\"78\" height=\"75\" srcset=\"https:\/\/pharmabiz.pt\/wp-content\/uploads\/2024\/03\/No-Add-Sugar-Icone-300x288.png 300w, https:\/\/pharmabiz.pt\/wp-content\/uploads\/2024\/03\/No-Add-Sugar-Icone-1024x984.png 1024w, https:\/\/pharmabiz.pt\/wp-content\/uploads\/2024\/03\/No-Add-Sugar-Icone-768x738.png 768w, https:\/\/pharmabiz.pt\/wp-content\/uploads\/2024\/03\/No-Add-Sugar-Icone-1536x1476.png 1536w, https:\/\/pharmabiz.pt\/wp-content\/uploads\/2024\/03\/No-Add-Sugar-Icone-1200x1153.png 1200w, https:\/\/pharmabiz.pt\/wp-content\/uploads\/2024\/03\/No-Add-Sugar-Icone-600x576.png 600w, https:\/\/pharmabiz.pt\/wp-content\/uploads\/2024\/03\/No-Add-Sugar-Icone.png 1905w\" sizes=\"auto, (max-width: 78px) 100vw, 78px\" \/> <img loading=\"lazy\" decoding=\"async\" class=\"alignnone wp-image-10375\" src=\"https:\/\/pharmabiz.pt\/wp-content\/uploads\/2024\/03\/No-Added-Salt-Icone-300x295.png\" alt=\"\" width=\"76\" height=\"75\" srcset=\"https:\/\/pharmabiz.pt\/wp-content\/uploads\/2024\/03\/No-Added-Salt-Icone-300x295.png 300w, https:\/\/pharmabiz.pt\/wp-content\/uploads\/2024\/03\/No-Added-Salt-Icone-1024x1007.png 1024w, https:\/\/pharmabiz.pt\/wp-content\/uploads\/2024\/03\/No-Added-Salt-Icone-150x150.png 150w, https:\/\/pharmabiz.pt\/wp-content\/uploads\/2024\/03\/No-Added-Salt-Icone-768x755.png 768w, https:\/\/pharmabiz.pt\/wp-content\/uploads\/2024\/03\/No-Added-Salt-Icone-1536x1510.png 1536w, https:\/\/pharmabiz.pt\/wp-content\/uploads\/2024\/03\/No-Added-Salt-Icone-1200x1180.png 1200w, https:\/\/pharmabiz.pt\/wp-content\/uploads\/2024\/03\/No-Added-Salt-Icone-45x45.png 45w, https:\/\/pharmabiz.pt\/wp-content\/uploads\/2024\/03\/No-Added-Salt-Icone-600x590.png 600w, https:\/\/pharmabiz.pt\/wp-content\/uploads\/2024\/03\/No-Added-Salt-Icone-100x100.png 100w, https:\/\/pharmabiz.pt\/wp-content\/uploads\/2024\/03\/No-Added-Salt-Icone.png 1800w\" sizes=\"auto, (max-width: 76px) 100vw, 76px\" \/> <img loading=\"lazy\" decoding=\"async\" class=\"alignnone wp-image-10360\" src=\"https:\/\/pharmabiz.pt\/wp-content\/uploads\/2024\/03\/VEGAN-Icone-300x308.png\" alt=\"\" width=\"73\" height=\"75\" srcset=\"https:\/\/pharmabiz.pt\/wp-content\/uploads\/2024\/03\/VEGAN-Icone-300x308.png 300w, https:\/\/pharmabiz.pt\/wp-content\/uploads\/2024\/03\/VEGAN-Icone-996x1024.png 996w, https:\/\/pharmabiz.pt\/wp-content\/uploads\/2024\/03\/VEGAN-Icone-768x790.png 768w, https:\/\/pharmabiz.pt\/wp-content\/uploads\/2024\/03\/VEGAN-Icone-1494x1536.png 1494w, https:\/\/pharmabiz.pt\/wp-content\/uploads\/2024\/03\/VEGAN-Icone-1200x1234.png 1200w, https:\/\/pharmabiz.pt\/wp-content\/uploads\/2024\/03\/VEGAN-Icone-45x45.png 45w, https:\/\/pharmabiz.pt\/wp-content\/uploads\/2024\/03\/VEGAN-Icone-600x617.png 600w, https:\/\/pharmabiz.pt\/wp-content\/uploads\/2024\/03\/VEGAN-Icone.png 1808w\" sizes=\"auto, (max-width: 73px) 100vw, 73px\" \/><\/p>\n","protected":false},"featured_media":9451,"comment_status":"open","ping_status":"closed","template":"","meta":{"_acf_changed":false},"product_brand":[],"product_cat":[139,265,151,181,255,386,268,140,252,274,141],"product_tag":[235,190,206,196,271,238],"class_list":{"0":"post-11494","1":"product","2":"type-product","3":"status-publish","4":"has-post-thumbnail","6":"product_cat-alimentacion","7":"product_cat-avena","8":"product_cat-cereales-muesli-y-granolas","9":"product_cat-coco-es","10":"product_cat-ecologicos","11":"product_cat-fibra-dietetica","12":"product_cat-sin-azucar-anadido","13":"product_cat-sin-gluten","14":"product_cat-sin-lactosa","15":"product_cat-sin-sal-anadida","16":"product_cat-superalimentos","17":"product_tag-colesterol-y-trigliceridos","18":"product_tag-control-de-peso","19":"product_tag-corazon","20":"product_tag-deporte-y-fitness","21":"product_tag-diabetes-es","22":"product_tag-energia-y-vitalidad-es","23":"pa_marca-alara-es","25":"first","26":"onbackorder","27":"taxable","28":"shipping-taxable","29":"purchasable","30":"product-type-simple"},"acf":[],"_links":{"self":[{"href":"https:\/\/pharmabiz.pt\/es\/wp-json\/wp\/v2\/product\/11494","targetHints":{"allow":["GET"]}}],"collection":[{"href":"https:\/\/pharmabiz.pt\/es\/wp-json\/wp\/v2\/product"}],"about":[{"href":"https:\/\/pharmabiz.pt\/es\/wp-json\/wp\/v2\/types\/product"}],"replies":[{"embeddable":true,"href":"https:\/\/pharmabiz.pt\/es\/wp-json\/wp\/v2\/comments?post=11494"}],"wp:featuredmedia":[{"embeddable":true,"href":"https:\/\/pharmabiz.pt\/es\/wp-json\/wp\/v2\/media\/9451"}],"wp:attachment":[{"href":"https:\/\/pharmabiz.pt\/es\/wp-json\/wp\/v2\/media?parent=11494"}],"wp:term":[{"taxonomy":"product_brand","embeddable":true,"href":"https:\/\/pharmabiz.pt\/es\/wp-json\/wp\/v2\/product_brand?post=11494"},{"taxonomy":"product_cat","embeddable":true,"href":"https:\/\/pharmabiz.pt\/es\/wp-json\/wp\/v2\/product_cat?post=11494"},{"taxonomy":"product_tag","embeddable":true,"href":"https:\/\/pharmabiz.pt\/es\/wp-json\/wp\/v2\/product_tag?post=11494"}],"curies":[{"name":"wp","href":"https:\/\/api.w.org\/{rel}","templated":true}]}}