{"id":11499,"date":"2022-03-16T21:13:48","date_gmt":"2022-03-16T21:13:48","guid":{"rendered":"https:\/\/pharmabiz.pt\/produto\/alara-muesli-bircher-com-maca-e-canela-bio-650g\/"},"modified":"2024-05-08T15:16:03","modified_gmt":"2024-05-08T14:16:03","slug":"alara-muesli-bircher-con-manzana-y-canela-ecologico-650g","status":"publish","type":"product","link":"https:\/\/pharmabiz.pt\/es\/producto\/alara-muesli-bircher-con-manzana-y-canela-ecologico-650g\/","title":{"rendered":"ALARA MUESLI BIRCHER CON MANZANA Y CANELA, ECOL\u00d3GICO 650g"},"content":{"rendered":"<div class=\"wpb-content-wrapper\"><p>[vc_row][vc_column width=&#8221;1\/2&#8243;][vc_column_text]<strong>ALARA MUESLI ECOL\u00d3GICO BIRCHER CON MANZANA Y CANELA<\/strong><\/p>\n<p>Un brebaje cremoso con jugosas manzanas y un toque de canela.<\/p>\n<p>Nuestra famosa receta es una adaptaci\u00f3n de la receta original de Maximillian Bircher-Benner, m\u00e9dico y nutricionista suizo. Hemos combinado una selecci\u00f3n de los mejores ingredientes ecol\u00f3gicos en nuestro Muesli Bircher para crear una receta nutricionalmente equilibrada y un desayuno vers\u00e1til y maravillosamente delicioso.<\/p>\n<p>Nuestra cremosa avena integral ecol\u00f3gica, cultivada en Gran Breta\u00f1a, se mezcla con deliciosas manzanas dulces y jugosas pasas sultanas, semillas de girasol para dar textura y un impulso de nutrici\u00f3n, espolvoreadas con deliciosa canela de Ceil\u00e1n aut\u00e9ntica.<\/p>\n<h4><strong>Denominaci\u00f3n de venta:\u00a0<\/strong><\/h4>\n<p>ALARA Muesli Ecol\u00f3gico Bircher con Manzana y Canela 650g<\/p>\n<h4><strong>Ingredientes 100% ecol\u00f3gicos<\/strong>:<\/h4>\n<p>Copos de <strong>avena<\/strong> integral (79%), pasas (14%), semillas de girasol (4%), trozos de manzana (3%), canela de Ceil\u00e1n en polvo (&lt;1%)<\/p>\n<h4><strong>Informaci\u00f3n sobre al\u00e9rgenos:<\/strong><\/h4>\n<p>Para los al\u00e9rgenos, incluidos los cereales que contienen gluten, ver los ingredientes en <strong>negrita<\/strong>.<\/p>\n<p>Consulta la informaci\u00f3n en <strong>negrita<\/strong>. Producido en un entorno en el que puede haber frutos de c\u00e1scara, cacahuetes, soja, SO2 y semillas de s\u00e9samo.<\/p>\n<h4><strong>Instrucciones de uso\/Preparaci\u00f3n:<\/strong><\/h4>\n<p>Nuestro muesli Bircher est\u00e1 delicioso remojado en zumo de manzana natural durante unos minutos (o toda la noche en la nevera) y servido con yogur. Pon 3 cucharadas o 40 g de Bircher en un cuenco, a\u00f1ade 60 ml de zumo de manzana y una cucharada de yogur. T\u00e1palo y d\u00e9jalo en remojo toda la noche en el frigor\u00edfico. Tambi\u00e9n puedes servirlo con la leche que prefieras. Prepara tambi\u00e9n unas deliciosas gachas: c\u00fabrelas con la leche que prefieras y cu\u00e9celas en el microondas o en la placa (removiendo constantemente) hasta que est\u00e9n calientes.<\/p>\n<h4><strong>Conservaci\u00f3n:<\/strong><\/h4>\n<p>Gu\u00e1rdalo en un lugar fresco y seco, alejado de la luz solar.<\/p>\n<h4><strong>Presentaci\u00f3n:<\/strong><\/h4>\n<p>Envases de cart\u00f3n con film compostable. Esta l\u00e1mina est\u00e1 fabricada con recursos renovables, fibras vegetales y es totalmente compostable y no t\u00f3xica para el medio ambiente. Es tan duradero como los envases de pl\u00e1stico normales, pero se degrada f\u00e1cilmente en el compostaje dom\u00e9stico. Sin pl\u00e1stico.<\/p>\n<h4><strong>Peso neto:<\/strong><\/h4>\n<p>650g<\/p>\n<h4><strong>Caja de transporte:<\/strong><\/h4>\n<p>6 x 650 g<\/p>\n<h4><strong>Fuente:<\/strong><\/h4>\n<p>Reino Unido.<\/p>\n<h4><strong>Distribuido por:<\/strong><\/h4>\n<p>Pharmabiz, Lda.[\/vc_column_text][\/vc_column][vc_column width=&#8221;1\/2&#8243;]<div class=\"nflc nutrition-section std\">\t\r\n\t\t<ul class=\"nutrition-table\" itemprop=\"nutrition\" itemscope itemtype=\"http:\/\/schema.org\/NutritionInformation\">\r\n\t\t\t<li class=\"nt-header b-0\"><h2 class=\"nt-title\">Declaraci\u00f3n Nutricional por 100g<\/h2><\/li><li class=\"nt-row b-0\"><span class=\"nt-label col-50\">Servings Per Container<\/span><span class=\"nt-value col-50\" itemprop=\"servingSize\">16<\/span><\/li><li class=\"nt-row sep-10 serving-size\"><span class=\"nt-label col-50\">Serving Size<\/span><span class=\"nt-value col-50\" itemprop=\"servingSize\">40g<\/span><\/li><li class=\"nt-row font-bold b-0\"><span class=\"nt-label\">Amount per serving<\/span><\/li><li class=\"nt-row font-bold calories sep-8\"><span class=\"nt-label col-70\">Calories<\/span><span class=\"nt-value col-30\" itemprop=\"servingSize\">156<\/span><\/li><li class=\"nt-head font-bold sep-4\"><span class=\"nt-label nutrient-label col-40\"><\/span><span class=\"nt-label amount-label col-30\"><\/span><span class=\"pdv-label col-30\">% Daily Value*<\/span><\/li><br \/>\n<b>Warning<\/b>:  Undefined array key \"amt\" in <b>\/var\/www\/vhosts\/pharmabiz.pt\/httpdocs\/wp-content\/plugins\/nutrition-facts-label-creator\/nflc_templates\/default.php<\/b> on line <b>137<\/b><br \/>\n<br \/>\n<b>Warning<\/b>:  Undefined array key \"unit\" in <b>\/var\/www\/vhosts\/pharmabiz.pt\/httpdocs\/wp-content\/plugins\/nutrition-facts-label-creator\/nflc_templates\/default.php<\/b> on line <b>137<\/b><br \/>\n<li><span class=\"nt-label col-40 font-bold\">VALORES M\u00c9DIOS<\/span><span class=\"nt-amount col-30\"> <\/span><\/li><br \/>\n<b>Warning<\/b>:  A non-numeric value encountered in <b>\/var\/www\/vhosts\/pharmabiz.pt\/httpdocs\/wp-content\/plugins\/nutrition-facts-label-creator\/nflc_templates\/default.php<\/b> on line <b>122<\/b><br \/>\n<br \/>\n<b>Warning<\/b>:  Undefined array key \"unit\" in <b>\/var\/www\/vhosts\/pharmabiz.pt\/httpdocs\/wp-content\/plugins\/nutrition-facts-label-creator\/nflc_templates\/default.php<\/b> on line <b>137<\/b><br \/>\n<br \/>\n<b>Warning<\/b>:  Undefined array key \"unit\" in <b>\/var\/www\/vhosts\/pharmabiz.pt\/httpdocs\/wp-content\/plugins\/nutrition-facts-label-creator\/nflc_templates\/default.php<\/b> on line <b>138<\/b><br \/>\n<li><span class=\"nt-label col-40 font-bold\">Energia kJ \/ kcal<\/span><span class=\"nt-amount col-30\">1649 \/ 391 <\/span><span class=\"nt-value col-30\">19.63%<\/span><\/li><li><span class=\"nt-label col-40 font-bold\">L\u00edpidos totais<\/span><span class=\"nt-amount col-30\">5 7<\/span><span class=\"nt-value col-30\">7.14%<\/span><\/li><li class=\"nt-sublevel-1\"><span class=\"nt-label col-40\">.dos quais saturados<\/span><span class=\"nt-amount col-30\">1 g<\/span><span class=\"nt-value col-30\">5%<\/span><\/li><li><span class=\"nt-label col-40 font-bold\">Hidratos de Carbono<\/span><span class=\"nt-amount col-30\">66.8 g<\/span><span class=\"nt-value col-30\">25.69%<\/span><\/li><li class=\"nt-sublevel-1\"><span class=\"nt-label col-40\">.dos quais a\u00e7\u00facares<\/span><span class=\"nt-amount col-30\">11.2 g<\/span><span class=\"nt-value col-30\">12.44%<\/span><\/li><li><span class=\"nt-label col-40 font-bold\">Fibra<\/span><span class=\"nt-amount col-30\">9 g<\/span><span class=\"nt-value col-30\">36%<\/span><\/li><li><span class=\"nt-label col-40 font-bold\">Prote\u00ednas<\/span><span class=\"nt-amount col-30\">10.7 g<\/span><span class=\"nt-value col-30\">21.4%<\/span><\/li><li><span class=\"nt-label col-40 font-bold\">Sal<\/span><span class=\"nt-amount col-30\">0.02 g<\/span><span class=\"nt-value col-30\">0.33%<\/span><\/li><li class=\"nt-footer b-0\">*DR - Dose de Refer\u00eancia para um adulto m\u00e9dio (8400kJ \/ 2000 kcal). **VRN - Valor de Refer\u00eancia do Nutriente. NOTA - Os Valores Nutricionais podem variar de acordo com a sazonalidade.<\/li>\t\t<\/ul><!-- \/.nutrition-table -->\r\n\t<\/div><!-- \/.nutrition-section -->[\/vc_column][\/vc_row]<\/p>\n<\/div>","protected":false},"excerpt":{"rendered":"<p>BIRCHER MUESLI CON MANZANA Y CANELA &#8211; ALTO CONTENIDO EN FIBRA &#8211; SIN AZ\u00daCARES A\u00d1ADIDOS &#8211; SIN SAL A\u00d1ADIDA &#8211; FUENTE DE BETAGLUCANOS &#8211; CONTIENE CEREALES INTEGRALES &#8211; ALTO CONTENIDO EN MANGANESO &#8211; APTO PARA VEGANOS &#8211; FILM COMPOSTABLE (SIN PL\u00c1STICO) &#8211; CARBONO NETO CERO &#8211; LA MARCA DE CEREALES M\u00c1S SOSTENIBLE DEL PLANETA<\/p>\n<p><img loading=\"lazy\" decoding=\"async\" class=\"alignnone wp-image-6085\" src=\"https:\/\/pharmabiz.pt\/wp-content\/uploads\/2020\/05\/Soil_Association_symbol-1016x1024-1.jpg\" alt=\"\" width=\"74\" height=\"75\" srcset=\"https:\/\/pharmabiz.pt\/wp-content\/uploads\/2020\/05\/Soil_Association_symbol-1016x1024-1.jpg 300w, https:\/\/pharmabiz.pt\/wp-content\/uploads\/2020\/05\/Soil_Association_symbol-1016x1024-1.jpg 150w, https:\/\/pharmabiz.pt\/wp-content\/uploads\/2020\/05\/Soil_Association_symbol-1016x1024-1.jpg 768w, https:\/\/pharmabiz.pt\/wp-content\/uploads\/2020\/05\/Soil_Association_symbol-1016x1024-1.jpg 45w, https:\/\/pharmabiz.pt\/wp-content\/uploads\/2020\/05\/Soil_Association_symbol-1016x1024-1.jpg 600w, https:\/\/pharmabiz.pt\/wp-content\/uploads\/2020\/05\/Soil_Association_symbol-1016x1024-1.jpg 100w, https:\/\/pharmabiz.pt\/wp-content\/uploads\/2020\/05\/Soil_Association_symbol-1016x1024-1.jpg 844w\" sizes=\"auto, (max-width: 74px) 100vw, 74px\" \/> <img loading=\"lazy\" decoding=\"async\" class=\"alignnone wp-image-10327\" src=\"https:\/\/pharmabiz.pt\/wp-content\/uploads\/2024\/03\/BIO-Icone-300x291.png\" alt=\"\" width=\"77\" height=\"75\" srcset=\"https:\/\/pharmabiz.pt\/wp-content\/uploads\/2024\/03\/BIO-Icone-300x291.png 300w, https:\/\/pharmabiz.pt\/wp-content\/uploads\/2024\/03\/BIO-Icone-1024x994.png 1024w, https:\/\/pharmabiz.pt\/wp-content\/uploads\/2024\/03\/BIO-Icone-768x746.png 768w, https:\/\/pharmabiz.pt\/wp-content\/uploads\/2024\/03\/BIO-Icone-1536x1491.png 1536w, https:\/\/pharmabiz.pt\/wp-content\/uploads\/2024\/03\/BIO-Icone-1200x1165.png 1200w, https:\/\/pharmabiz.pt\/wp-content\/uploads\/2024\/03\/BIO-Icone-45x45.png 45w, https:\/\/pharmabiz.pt\/wp-content\/uploads\/2024\/03\/BIO-Icone-600x582.png 600w, https:\/\/pharmabiz.pt\/wp-content\/uploads\/2024\/03\/BIO-Icone.png 1814w\" sizes=\"auto, (max-width: 77px) 100vw, 77px\" \/> <img loading=\"lazy\" decoding=\"async\" class=\"alignnone wp-image-10354\" src=\"https:\/\/pharmabiz.pt\/wp-content\/uploads\/2024\/03\/PLANT-BASED-Icone-300x290.png\" alt=\"\" width=\"78\" height=\"75\" srcset=\"https:\/\/pharmabiz.pt\/wp-content\/uploads\/2024\/03\/PLANT-BASED-Icone-300x290.png 300w, https:\/\/pharmabiz.pt\/wp-content\/uploads\/2024\/03\/PLANT-BASED-Icone-1024x991.png 1024w, https:\/\/pharmabiz.pt\/wp-content\/uploads\/2024\/03\/PLANT-BASED-Icone-768x743.png 768w, https:\/\/pharmabiz.pt\/wp-content\/uploads\/2024\/03\/PLANT-BASED-Icone-1536x1486.png 1536w, https:\/\/pharmabiz.pt\/wp-content\/uploads\/2024\/03\/PLANT-BASED-Icone-1200x1161.png 1200w, https:\/\/pharmabiz.pt\/wp-content\/uploads\/2024\/03\/PLANT-BASED-Icone-600x581.png 600w, https:\/\/pharmabiz.pt\/wp-content\/uploads\/2024\/03\/PLANT-BASED-Icone.png 1886w\" sizes=\"auto, (max-width: 78px) 100vw, 78px\" \/> <img loading=\"lazy\" decoding=\"async\" class=\"alignnone wp-image-10357\" src=\"https:\/\/pharmabiz.pt\/wp-content\/uploads\/2024\/03\/RAW-icone-300x302.png\" alt=\"\" width=\"74\" height=\"75\" srcset=\"https:\/\/pharmabiz.pt\/wp-content\/uploads\/2024\/03\/RAW-icone-300x302.png 300w, https:\/\/pharmabiz.pt\/wp-content\/uploads\/2024\/03\/RAW-icone-1017x1024.png 1017w, https:\/\/pharmabiz.pt\/wp-content\/uploads\/2024\/03\/RAW-icone-150x150.png 150w, https:\/\/pharmabiz.pt\/wp-content\/uploads\/2024\/03\/RAW-icone-768x773.png 768w, https:\/\/pharmabiz.pt\/wp-content\/uploads\/2024\/03\/RAW-icone-1525x1536.png 1525w, https:\/\/pharmabiz.pt\/wp-content\/uploads\/2024\/03\/RAW-icone-1200x1208.png 1200w, https:\/\/pharmabiz.pt\/wp-content\/uploads\/2024\/03\/RAW-icone-45x45.png 45w, https:\/\/pharmabiz.pt\/wp-content\/uploads\/2024\/03\/RAW-icone-600x604.png 600w, https:\/\/pharmabiz.pt\/wp-content\/uploads\/2024\/03\/RAW-icone-100x100.png 100w, https:\/\/pharmabiz.pt\/wp-content\/uploads\/2024\/03\/RAW-icone.png 1737w\" sizes=\"auto, (max-width: 74px) 100vw, 74px\" \/> <img loading=\"lazy\" decoding=\"async\" class=\"alignnone wp-image-10336\" src=\"https:\/\/pharmabiz.pt\/wp-content\/uploads\/2024\/03\/GMO-FREE-Icone-300x299.png\" alt=\"\" width=\"75\" height=\"75\" srcset=\"https:\/\/pharmabiz.pt\/wp-content\/uploads\/2024\/03\/GMO-FREE-Icone-300x299.png 300w, https:\/\/pharmabiz.pt\/wp-content\/uploads\/2024\/03\/GMO-FREE-Icone-1024x1021.png 1024w, https:\/\/pharmabiz.pt\/wp-content\/uploads\/2024\/03\/GMO-FREE-Icone-150x150.png 150w, https:\/\/pharmabiz.pt\/wp-content\/uploads\/2024\/03\/GMO-FREE-Icone-768x765.png 768w, https:\/\/pharmabiz.pt\/wp-content\/uploads\/2024\/03\/GMO-FREE-Icone-1536x1531.png 1536w, https:\/\/pharmabiz.pt\/wp-content\/uploads\/2024\/03\/GMO-FREE-Icone-1200x1196.png 1200w, https:\/\/pharmabiz.pt\/wp-content\/uploads\/2024\/03\/GMO-FREE-Icone-45x45.png 45w, https:\/\/pharmabiz.pt\/wp-content\/uploads\/2024\/03\/GMO-FREE-Icone-600x598.png 600w, https:\/\/pharmabiz.pt\/wp-content\/uploads\/2024\/03\/GMO-FREE-Icone-100x100.png 100w, https:\/\/pharmabiz.pt\/wp-content\/uploads\/2024\/03\/GMO-FREE-Icone.png 1833w\" sizes=\"auto, (max-width: 75px) 100vw, 75px\" \/> <img loading=\"lazy\" decoding=\"async\" class=\"alignnone wp-image-10399\" src=\"https:\/\/pharmabiz.pt\/wp-content\/uploads\/2024\/03\/No-Add-Sugar-Icone-300x288.png\" alt=\"\" width=\"78\" height=\"75\" srcset=\"https:\/\/pharmabiz.pt\/wp-content\/uploads\/2024\/03\/No-Add-Sugar-Icone-300x288.png 300w, https:\/\/pharmabiz.pt\/wp-content\/uploads\/2024\/03\/No-Add-Sugar-Icone-1024x984.png 1024w, https:\/\/pharmabiz.pt\/wp-content\/uploads\/2024\/03\/No-Add-Sugar-Icone-768x738.png 768w, https:\/\/pharmabiz.pt\/wp-content\/uploads\/2024\/03\/No-Add-Sugar-Icone-1536x1476.png 1536w, https:\/\/pharmabiz.pt\/wp-content\/uploads\/2024\/03\/No-Add-Sugar-Icone-1200x1153.png 1200w, https:\/\/pharmabiz.pt\/wp-content\/uploads\/2024\/03\/No-Add-Sugar-Icone-600x576.png 600w, https:\/\/pharmabiz.pt\/wp-content\/uploads\/2024\/03\/No-Add-Sugar-Icone.png 1905w\" sizes=\"auto, (max-width: 78px) 100vw, 78px\" \/> <img loading=\"lazy\" decoding=\"async\" class=\"alignnone wp-image-10375\" src=\"https:\/\/pharmabiz.pt\/wp-content\/uploads\/2024\/03\/No-Added-Salt-Icone-300x295.png\" alt=\"\" width=\"76\" height=\"75\" srcset=\"https:\/\/pharmabiz.pt\/wp-content\/uploads\/2024\/03\/No-Added-Salt-Icone-300x295.png 300w, https:\/\/pharmabiz.pt\/wp-content\/uploads\/2024\/03\/No-Added-Salt-Icone-1024x1007.png 1024w, https:\/\/pharmabiz.pt\/wp-content\/uploads\/2024\/03\/No-Added-Salt-Icone-150x150.png 150w, https:\/\/pharmabiz.pt\/wp-content\/uploads\/2024\/03\/No-Added-Salt-Icone-768x755.png 768w, https:\/\/pharmabiz.pt\/wp-content\/uploads\/2024\/03\/No-Added-Salt-Icone-1536x1510.png 1536w, https:\/\/pharmabiz.pt\/wp-content\/uploads\/2024\/03\/No-Added-Salt-Icone-1200x1180.png 1200w, https:\/\/pharmabiz.pt\/wp-content\/uploads\/2024\/03\/No-Added-Salt-Icone-45x45.png 45w, https:\/\/pharmabiz.pt\/wp-content\/uploads\/2024\/03\/No-Added-Salt-Icone-600x590.png 600w, https:\/\/pharmabiz.pt\/wp-content\/uploads\/2024\/03\/No-Added-Salt-Icone-100x100.png 100w, https:\/\/pharmabiz.pt\/wp-content\/uploads\/2024\/03\/No-Added-Salt-Icone.png 1800w\" sizes=\"auto, (max-width: 76px) 100vw, 76px\" \/> <img loading=\"lazy\" decoding=\"async\" class=\"alignnone wp-image-10360\" src=\"https:\/\/pharmabiz.pt\/wp-content\/uploads\/2024\/03\/VEGAN-Icone-300x308.png\" alt=\"\" width=\"73\" height=\"75\" srcset=\"https:\/\/pharmabiz.pt\/wp-content\/uploads\/2024\/03\/VEGAN-Icone-300x308.png 300w, https:\/\/pharmabiz.pt\/wp-content\/uploads\/2024\/03\/VEGAN-Icone-996x1024.png 996w, https:\/\/pharmabiz.pt\/wp-content\/uploads\/2024\/03\/VEGAN-Icone-768x790.png 768w, https:\/\/pharmabiz.pt\/wp-content\/uploads\/2024\/03\/VEGAN-Icone-1494x1536.png 1494w, https:\/\/pharmabiz.pt\/wp-content\/uploads\/2024\/03\/VEGAN-Icone-1200x1234.png 1200w, https:\/\/pharmabiz.pt\/wp-content\/uploads\/2024\/03\/VEGAN-Icone-45x45.png 45w, https:\/\/pharmabiz.pt\/wp-content\/uploads\/2024\/03\/VEGAN-Icone-600x617.png 600w, https:\/\/pharmabiz.pt\/wp-content\/uploads\/2024\/03\/VEGAN-Icone.png 1808w\" sizes=\"auto, (max-width: 73px) 100vw, 73px\" \/><\/p>\n","protected":false},"featured_media":9431,"comment_status":"open","ping_status":"closed","template":"","meta":{"_acf_changed":false},"product_brand":[],"product_cat":[139,265,151,255,173,268,252,274],"product_tag":[235,190,206,196,271,238],"class_list":{"0":"post-11499","1":"product","2":"type-product","3":"status-publish","4":"has-post-thumbnail","6":"product_cat-alimentacion","7":"product_cat-avena","8":"product_cat-cereales-muesli-y-granolas","9":"product_cat-ecologicos","10":"product_cat-nueces-y-semillas","11":"product_cat-sin-azucar-anadido","12":"product_cat-sin-lactosa","13":"product_cat-sin-sal-anadida","14":"product_tag-colesterol-y-trigliceridos","15":"product_tag-control-de-peso","16":"product_tag-corazon","17":"product_tag-deporte-y-fitness","18":"product_tag-diabetes-es","19":"product_tag-energia-y-vitalidad-es","20":"pa_marca-alara-es","22":"first","23":"outofstock","24":"taxable","25":"shipping-taxable","26":"purchasable","27":"product-type-simple"},"acf":[],"_links":{"self":[{"href":"https:\/\/pharmabiz.pt\/es\/wp-json\/wp\/v2\/product\/11499","targetHints":{"allow":["GET"]}}],"collection":[{"href":"https:\/\/pharmabiz.pt\/es\/wp-json\/wp\/v2\/product"}],"about":[{"href":"https:\/\/pharmabiz.pt\/es\/wp-json\/wp\/v2\/types\/product"}],"replies":[{"embeddable":true,"href":"https:\/\/pharmabiz.pt\/es\/wp-json\/wp\/v2\/comments?post=11499"}],"wp:featuredmedia":[{"embeddable":true,"href":"https:\/\/pharmabiz.pt\/es\/wp-json\/wp\/v2\/media\/9431"}],"wp:attachment":[{"href":"https:\/\/pharmabiz.pt\/es\/wp-json\/wp\/v2\/media?parent=11499"}],"wp:term":[{"taxonomy":"product_brand","embeddable":true,"href":"https:\/\/pharmabiz.pt\/es\/wp-json\/wp\/v2\/product_brand?post=11499"},{"taxonomy":"product_cat","embeddable":true,"href":"https:\/\/pharmabiz.pt\/es\/wp-json\/wp\/v2\/product_cat?post=11499"},{"taxonomy":"product_tag","embeddable":true,"href":"https:\/\/pharmabiz.pt\/es\/wp-json\/wp\/v2\/product_tag?post=11499"}],"curies":[{"name":"wp","href":"https:\/\/api.w.org\/{rel}","templated":true}]}}