{"id":3671,"date":"2019-06-28T18:25:17","date_gmt":"2019-06-28T18:25:17","guid":{"rendered":"https:\/\/pharmabiz.pt\/produto\/100-pure-artisan-tavira-fleur-de-sel-premium-atlantic-sea-salt-great-taste-awards-2018-150g\/"},"modified":"2024-05-08T13:22:35","modified_gmt":"2024-05-08T12:22:35","slug":"ox-tavira-flor-de-sal-artesanal-pura-del-atlantico-premio-great-taste-2018-150g","status":"publish","type":"product","link":"https:\/\/pharmabiz.pt\/es\/producto\/ox-tavira-flor-de-sal-artesanal-pura-del-atlantico-premio-great-taste-2018-150g\/","title":{"rendered":"OX TAVIRA FLOR DE SAL ARTESANAL DEL ATL\u00c1NTICO, PREMIO GREAT TASTE 2018 150g"},"content":{"rendered":"<div class=\"wpb-content-wrapper\"><p>[vc_row][vc_column width=&#8221;1\/2&#8243;][vc_column_text]<\/p>\n<div id=\"description\" class=\"panel entry-content\">\n<p><img loading=\"lazy\" decoding=\"async\" class=\"alignnone wp-image-11217 size-large\" src=\"https:\/\/pharmabiz.pt\/wp-content\/uploads\/2019\/06\/Minas-de-Sal-Tavira_Foto-aerea-1-1024x768.jpg\" alt=\"\" width=\"1024\" height=\"768\" srcset=\"https:\/\/pharmabiz.pt\/wp-content\/uploads\/2019\/06\/Minas-de-Sal-Tavira_Foto-aerea-1-1024x768.jpg 1024w, https:\/\/pharmabiz.pt\/wp-content\/uploads\/2019\/06\/Minas-de-Sal-Tavira_Foto-aerea-1-300x225.jpg 300w, https:\/\/pharmabiz.pt\/wp-content\/uploads\/2019\/06\/Minas-de-Sal-Tavira_Foto-aerea-1-768x576.jpg 768w, https:\/\/pharmabiz.pt\/wp-content\/uploads\/2019\/06\/Minas-de-Sal-Tavira_Foto-aerea-1-600x450.jpg 600w, https:\/\/pharmabiz.pt\/wp-content\/uploads\/2019\/06\/Minas-de-Sal-Tavira_Foto-aerea-1.jpg 1198w\" sizes=\"auto, (max-width: 1024px) 100vw, 1024px\" \/><\/p>\n<p><strong>OX NATURE TAVIRA FLOR DE SAL ARTESANAL DEL ATL\u00c1NTICO | GOURMET | pH 8,3 | PREMIO &#8220;GREAT TASTE 2018&#8221;<\/strong><\/p>\n<p>Son cristales de sal pura que se forman en la superficie del agua de mar por cristalizaci\u00f3n. Nuestra flor de sal se cosecha a mano e in natura, conservando los m\u00e1s de 80 minerales y oligoelementos del agua de mar, en salinas de arcilla, situadas en el Parque Natural de Ria Formosa, en el Algarve, Portugal, utilizando los recursos h\u00eddricos naturales del mar (Oc\u00e9ano Atl\u00e1ntico), el suelo y la energ\u00eda solar y e\u00f3lica.<\/p>\n<div class=\"page\" title=\"P\u00e1gina 1\">\n<div class=\"layoutArea\">\n<div class=\"column\">\n<p>Nuestra Flor de Sal se selecciona de las salinas &#8220;Rui Sime\u00e3o Tavira&#8221;, \u00a1una producci\u00f3n artesanal con m\u00e1s de 100 a\u00f1os de tradici\u00f3n!<\/p>\n<p><strong>100% natural, sin impurezas ni aditivos&#8230; \u00a1de primera calidad!<\/strong><\/p>\n<\/div>\n<\/div>\n<\/div>\n<p>Nuestra Flor de Sal Artesanal del Oc\u00e9ano Atl\u00e1ntico es un producto 100% natural, altamente alcalino, con un pH de 8,3, sin aditivos, de calidad superior y sabor delicado, <strong>galardonado con el premio &#8220;Great Taste 2018<\/strong>&#8221; por su alta calidad, sabor y delicadeza sin igual. Considerada por los expertos internacionales del sector gourmet como una de las mejores Fleur de Sel del mundo.<\/p>\n<\/div>\n<div id=\"description\" class=\"panel entry-content\">\n<h4><strong>Denominaci\u00f3n de venta:<\/strong><\/h4>\n<p>OX Nature Tavira Pura Flor de Sal Atl\u00e1ntica<\/p>\n<h4><strong>Ingredientes:<\/strong><\/h4>\n<p>Flor de sal 100% natural<\/p>\n<h4><strong>Instrucciones de uso:<\/strong><\/h4>\n<p>Cons\u00famelo como parte de una dieta variada y equilibrada y un estilo de vida sano. La Flor de Sal OX Nature tiene un sabor exquisito e incomparable que realza el gusto natural de los alimentos. Debe utilizarse despu\u00e9s de terminar cualquier plato.<\/p>\n<h4><strong>Conservaci\u00f3n:<\/strong><\/h4>\n<p>Para mantener la integridad de este producto, cierra bien el envase y gu\u00e1rdalo en un lugar fresco y seco, alejado del calor y de la luz solar.<\/p>\n<h4><strong>Advertencia:<\/strong><\/h4>\n<p>La flor de sal no debe utilizarse como sustituto de una dieta variada y equilibrada y de un estilo de vida sano. Si est\u00e1s embarazada, en per\u00edodo de lactancia o tomas medicaci\u00f3n, pide consejo a tu m\u00e9dico. En caso de cualquier reacci\u00f3n adversa, interrumpe su uso y consulta a tu m\u00e9dico o nutricionista.<\/p>\n<p><em><strong>*Este producto no est\u00e1 destinado a diagnosticar, tratar, curar ni prevenir ninguna enfermedad, util\u00edzalo s\u00f3lo como suplemento diet\u00e9tico.<\/strong><\/em><\/p>\n<h4><strong>Peso neto:<\/strong><\/h4>\n<p>150g<\/p>\n<h4><strong>Caja de transporte:<\/strong><\/h4>\n<p>12 x150g<\/p>\n<h4><strong>Fuente:<\/strong><\/h4>\n<p>Portugal (Tavira)<\/p>\n<h4><strong>Distribuido por:<\/strong><\/h4>\n<p>Pharmabiz, Lda.<\/p>\n<p>&nbsp;<\/p>\n<\/div>\n<p>[\/vc_column_text][\/vc_column][vc_column width=&#8221;1\/2&#8243;]<div class=\"nflc nutrition-section std\">\t\r\n\t\t<ul class=\"nutrition-table\" itemprop=\"nutrition\" itemscope itemtype=\"http:\/\/schema.org\/NutritionInformation\">\r\n\t\t\t<li class=\"nt-header b-0\"><h2 class=\"nt-title\">Declara\u00e7\u00e3o Nutricional por 100g<\/h2><\/li><li class=\"nt-row font-bold b-0\"><span class=\"nt-label\">Amount per serving<\/span><\/li><li class=\"nt-row font-bold calories sep-8\"><span class=\"nt-label col-70\">Calories<\/span><span class=\"nt-value col-30\" itemprop=\"servingSize\">0<\/span><\/li><li class=\"nt-head font-bold sep-4\"><span class=\"nt-label nutrient-label col-40\"><\/span><span class=\"nt-label amount-label col-30\"><\/span><span class=\"pdv-label col-30\">% Daily Value*<\/span><\/li><br \/>\n<b>Warning<\/b>:  Undefined array key \"amt\" in <b>\/var\/www\/vhosts\/pharmabiz.pt\/httpdocs\/wp-content\/plugins\/nutrition-facts-label-creator\/nflc_templates\/default.php<\/b> on line <b>137<\/b><br \/>\n<br \/>\n<b>Warning<\/b>:  Undefined array key \"unit\" in <b>\/var\/www\/vhosts\/pharmabiz.pt\/httpdocs\/wp-content\/plugins\/nutrition-facts-label-creator\/nflc_templates\/default.php<\/b> on line <b>137<\/b><br \/>\n<li><span class=\"nt-label col-40 font-bold\">VALORES M\u00c9DIOS<\/span><span class=\"nt-amount col-30\"> <\/span><\/li><br \/>\n<b>Warning<\/b>:  A non-numeric value encountered in <b>\/var\/www\/vhosts\/pharmabiz.pt\/httpdocs\/wp-content\/plugins\/nutrition-facts-label-creator\/nflc_templates\/default.php<\/b> on line <b>122<\/b><br \/>\n<br \/>\n<b>Warning<\/b>:  Undefined array key \"unit\" in <b>\/var\/www\/vhosts\/pharmabiz.pt\/httpdocs\/wp-content\/plugins\/nutrition-facts-label-creator\/nflc_templates\/default.php<\/b> on line <b>137<\/b><br \/>\n<br \/>\n<b>Warning<\/b>:  Undefined array key \"unit\" in <b>\/var\/www\/vhosts\/pharmabiz.pt\/httpdocs\/wp-content\/plugins\/nutrition-facts-label-creator\/nflc_templates\/default.php<\/b> on line <b>138<\/b><br \/>\n<li><span class=\"nt-label col-40 font-bold\">Energia kJ \/ kcal<\/span><span class=\"nt-amount col-30\">0.0 <\/span><span class=\"nt-value col-30\">0%<\/span><\/li><li><span class=\"nt-label col-40 font-bold\">L\u00edpidos totais<\/span><span class=\"nt-amount col-30\">0.0 g<\/span><span class=\"nt-value col-30\">0%<\/span><\/li><li class=\"nt-sublevel-1\"><span class=\"nt-label col-40\">.dos quais saturados<\/span><span class=\"nt-amount col-30\">0.0 g<\/span><span class=\"nt-value col-30\">0%<\/span><\/li><li><span class=\"nt-label col-40 font-bold\">Hidratos de Carbono<\/span><span class=\"nt-amount col-30\">0.0 g<\/span><span class=\"nt-value col-30\">0%<\/span><\/li><li class=\"nt-sublevel-1\"><span class=\"nt-label col-40\">.dos quais a\u00e7\u00facares<\/span><span class=\"nt-amount col-30\">0.0 g<\/span><span class=\"nt-value col-30\">0%<\/span><\/li><li><span class=\"nt-label col-40 font-bold\">Prote\u00ednas<\/span><span class=\"nt-amount col-30\">0.0 g<\/span><span class=\"nt-value col-30\">0%<\/span><\/li><li><span class=\"nt-label col-40 font-bold\">Sal (naturalmente presente)<\/span><span class=\"nt-amount col-30\">96 g<\/span><span class=\"nt-value col-30\"><b>1600%<\/b><\/span><\/li><br \/>\n<b>Warning<\/b>:  Undefined array key \"amt\" in <b>\/var\/www\/vhosts\/pharmabiz.pt\/httpdocs\/wp-content\/plugins\/nutrition-facts-label-creator\/nflc_templates\/default.php<\/b> on line <b>137<\/b><br \/>\n<br \/>\n<b>Warning<\/b>:  Undefined array key \"unit\" in <b>\/var\/www\/vhosts\/pharmabiz.pt\/httpdocs\/wp-content\/plugins\/nutrition-facts-label-creator\/nflc_templates\/default.php<\/b> on line <b>137<\/b><br \/>\n<li><span class=\"nt-label col-40 font-bold\">MINERAIS<\/span><span class=\"nt-amount col-30\"> <\/span><\/li><li><span class=\"nt-label col-40 font-bold\">C\u00e1lcio<\/span><span class=\"nt-amount col-30\">87 mg<\/span><span class=\"nt-value col-30\">10.88%<\/span><\/li><li><span class=\"nt-label col-40 font-bold\">Magn\u00e9sio<\/span><span class=\"nt-amount col-30\">930 mg<\/span><span class=\"nt-value col-30\"><b>248%<\/b><\/span><\/li><li><span class=\"nt-label col-40 font-bold\">Iodo<\/span><span class=\"nt-amount col-30\">43 \u03bcg<\/span><span class=\"nt-value col-30\">28.67%<\/span><\/li><br \/>\n<b>Warning<\/b>:  Undefined array key \"amt\" in <b>\/var\/www\/vhosts\/pharmabiz.pt\/httpdocs\/wp-content\/plugins\/nutrition-facts-label-creator\/nflc_templates\/default.php<\/b> on line <b>137<\/b><br \/>\n<br \/>\n<b>Warning<\/b>:  Undefined array key \"unit\" in <b>\/var\/www\/vhosts\/pharmabiz.pt\/httpdocs\/wp-content\/plugins\/nutrition-facts-label-creator\/nflc_templates\/default.php<\/b> on line <b>137<\/b><br \/>\n<li><span class=\"nt-label col-40 font-bold\">OUTROS<\/span><span class=\"nt-amount col-30\"> <\/span><\/li><br \/>\n<b>Warning<\/b>:  Undefined array key \"unit\" in <b>\/var\/www\/vhosts\/pharmabiz.pt\/httpdocs\/wp-content\/plugins\/nutrition-facts-label-creator\/nflc_templates\/default.php<\/b> on line <b>137<\/b><br \/>\n<li><span class=\"nt-label col-40 font-bold\">Cloreto de S\u00f3dio (NaCI)<\/span><span class=\"nt-amount col-30\">95,7% <\/span><\/li><br \/>\n<b>Warning<\/b>:  Undefined array key \"unit\" in <b>\/var\/www\/vhosts\/pharmabiz.pt\/httpdocs\/wp-content\/plugins\/nutrition-facts-label-creator\/nflc_templates\/default.php<\/b> on line <b>137<\/b><br \/>\n<li><span class=\"nt-label col-40 font-bold\">Total de S\u00f3dio (Na)<\/span><span class=\"nt-amount col-30\">31,2% <\/span><\/li><br \/>\n<b>Warning<\/b>:  Undefined array key \"unit\" in <b>\/var\/www\/vhosts\/pharmabiz.pt\/httpdocs\/wp-content\/plugins\/nutrition-facts-label-creator\/nflc_templates\/default.php<\/b> on line <b>137<\/b><br \/>\n<li><span class=\"nt-label col-40 font-bold\">pH (Solu\u00e7\u00e3o sat\u00e3urada de NaCI) Escala de Sorensen <\/span><span class=\"nt-amount col-30\">8.3 <\/span><\/li><li class=\"nt-footer b-0\">*DR - Dose de Refer\u00eancia para um adulto m\u00e9dio (8400kJ \/ 2000 kcal).<br \/>\n**VRN - Valor de Refer\u00eancia do Nutriente.<br \/>\nNOTA - Os Valores Nutricionais podem variar de acordo com a sazonalidade.<\/li>\t\t<\/ul><!-- \/.nutrition-table -->\r\n\t<\/div><!-- \/.nutrition-section -->[vc_empty_space][vc_column_text]<strong>PROPIEDADES NUTRICIONALES<\/strong><\/p>\n<p>La Flor de Sal OX Nature es rica en minerales y oligoelementos, cloruro s\u00f3dico, potasio, calcio, magnesio, hierro, zinc, cobre y manganeso, esenciales para la vida.<\/p>\n<p>El sodio es un mineral muy importante para el organismo y uno de los electrolitos esenciales para el equilibrio del pH sangu\u00edneo, los impulsos nerviosos y la contracci\u00f3n muscular, regulando la cantidad de l\u00edquido dentro y fuera de nuestras c\u00e9lulas, manteni\u00e9ndonos hidratados.<\/p>\n<p><strong>BENEFICIOS PARA LA SALUD<br \/>\n<\/strong>*Estos nutrientes contribuyen a<\/p>\n<p><strong>MAGNESIO<br \/>\n<\/strong>*Reduce el cansancio y la fatiga.<br \/>\n*Funci\u00f3n muscular normal y mantenimiento de los huesos normales.<br \/>\n*la s\u00edntesis normal de prote\u00ednas.<\/p>\n<p><strong>YODO<br \/>\n<\/strong>*Metabolismo normal productor de energ\u00eda.<br \/>\n*mantener la piel normal.<br \/>\n*La producci\u00f3n normal de hormonas tiroideas y el funcionamiento normal del tiroides.<\/p>\n<p>&nbsp;<\/p>\n<p><img loading=\"lazy\" decoding=\"async\" class=\"alignnone wp-image-11224 size-large\" src=\"https:\/\/pharmabiz.pt\/wp-content\/uploads\/2019\/06\/Salinas-Tavira-OX-Nature-1024x576.png\" alt=\"\" width=\"1024\" height=\"576\" srcset=\"https:\/\/pharmabiz.pt\/wp-content\/uploads\/2019\/06\/Salinas-Tavira-OX-Nature-1024x576.png 1024w, https:\/\/pharmabiz.pt\/wp-content\/uploads\/2019\/06\/Salinas-Tavira-OX-Nature-300x169.png 300w, https:\/\/pharmabiz.pt\/wp-content\/uploads\/2019\/06\/Salinas-Tavira-OX-Nature-768x432.png 768w, https:\/\/pharmabiz.pt\/wp-content\/uploads\/2019\/06\/Salinas-Tavira-OX-Nature-600x338.png 600w, https:\/\/pharmabiz.pt\/wp-content\/uploads\/2019\/06\/Salinas-Tavira-OX-Nature.png 1152w\" sizes=\"auto, (max-width: 1024px) 100vw, 1024px\" \/>[\/vc_column_text][\/vc_column][\/vc_row]<\/p>\n<\/div>","protected":false},"excerpt":{"rendered":"<div class=\"woocommerce-product-details__short-description\">\n<p style=\"font-weight: 400;\">100% PURA | FLOR DE SAL MARINA GOURMET<\/p>\n<p style=\"font-weight: 400;\"><strong>SAL DEL MAR ATL\u00c1NTICO &#8211; ALIMENTO FUNCIONAL Y ALCALINO (pH 8,3) &#8211; 100% NATURAL Y SIN ADITIVOS &#8211; SIN REFINAR &#8211; MINERALES ESENCIALES Y OLIGOELEMENTOS &#8211; GOURMET &#8211; SABOR \u00daNICO<\/strong><\/p>\n<p>RICO EN MAGNESIO: <strong>ENERG\u00cdA Y VITALIDAD*<\/strong>.<br \/>\nFUENTE DE YODO &#8211; <strong>PIEL Y TIROIDES<\/strong><\/p>\n<p>100% NATURAL, PURO, CRUDO, NO MODIFICADO GEN\u00c9TICAMENTE, SIN REFINAR, SIN GLUTEN, PALEO, CETO, VEGANO<\/p>\n<p><img loading=\"lazy\" decoding=\"async\" class=\"alignnone wp-image-10348\" src=\"https:\/\/pharmabiz.pt\/wp-content\/uploads\/2024\/03\/ORGANIC-icone-300x296.png\" alt=\"\" width=\"76\" height=\"75\" srcset=\"https:\/\/pharmabiz.pt\/wp-content\/uploads\/2024\/03\/ORGANIC-icone-300x296.png 300w, https:\/\/pharmabiz.pt\/wp-content\/uploads\/2024\/03\/ORGANIC-icone-1024x1012.png 1024w, https:\/\/pharmabiz.pt\/wp-content\/uploads\/2024\/03\/ORGANIC-icone-150x150.png 150w, https:\/\/pharmabiz.pt\/wp-content\/uploads\/2024\/03\/ORGANIC-icone-768x759.png 768w, https:\/\/pharmabiz.pt\/wp-content\/uploads\/2024\/03\/ORGANIC-icone-1536x1518.png 1536w, https:\/\/pharmabiz.pt\/wp-content\/uploads\/2024\/03\/ORGANIC-icone-1200x1186.png 1200w, https:\/\/pharmabiz.pt\/wp-content\/uploads\/2024\/03\/ORGANIC-icone-45x45.png 45w, https:\/\/pharmabiz.pt\/wp-content\/uploads\/2024\/03\/ORGANIC-icone-600x593.png 600w, https:\/\/pharmabiz.pt\/wp-content\/uploads\/2024\/03\/ORGANIC-icone-100x100.png 100w, https:\/\/pharmabiz.pt\/wp-content\/uploads\/2024\/03\/ORGANIC-icone.png 1855w\" sizes=\"auto, (max-width: 76px) 100vw, 76px\" \/> <img loading=\"lazy\" decoding=\"async\" class=\"alignnone wp-image-10357\" src=\"https:\/\/pharmabiz.pt\/wp-content\/uploads\/2024\/03\/RAW-icone-300x302.png\" alt=\"\" width=\"74\" height=\"75\" srcset=\"https:\/\/pharmabiz.pt\/wp-content\/uploads\/2024\/03\/RAW-icone-300x302.png 300w, https:\/\/pharmabiz.pt\/wp-content\/uploads\/2024\/03\/RAW-icone-1017x1024.png 1017w, https:\/\/pharmabiz.pt\/wp-content\/uploads\/2024\/03\/RAW-icone-150x150.png 150w, https:\/\/pharmabiz.pt\/wp-content\/uploads\/2024\/03\/RAW-icone-768x773.png 768w, https:\/\/pharmabiz.pt\/wp-content\/uploads\/2024\/03\/RAW-icone-1525x1536.png 1525w, https:\/\/pharmabiz.pt\/wp-content\/uploads\/2024\/03\/RAW-icone-1200x1208.png 1200w, https:\/\/pharmabiz.pt\/wp-content\/uploads\/2024\/03\/RAW-icone-45x45.png 45w, https:\/\/pharmabiz.pt\/wp-content\/uploads\/2024\/03\/RAW-icone-600x604.png 600w, https:\/\/pharmabiz.pt\/wp-content\/uploads\/2024\/03\/RAW-icone-100x100.png 100w, https:\/\/pharmabiz.pt\/wp-content\/uploads\/2024\/03\/RAW-icone.png 1737w\" sizes=\"auto, (max-width: 74px) 100vw, 74px\" \/> <img loading=\"lazy\" decoding=\"async\" class=\"alignnone wp-image-10336\" src=\"https:\/\/pharmabiz.pt\/wp-content\/uploads\/2024\/03\/GMO-FREE-Icone-300x299.png\" alt=\"\" width=\"75\" height=\"75\" srcset=\"https:\/\/pharmabiz.pt\/wp-content\/uploads\/2024\/03\/GMO-FREE-Icone-300x299.png 300w, https:\/\/pharmabiz.pt\/wp-content\/uploads\/2024\/03\/GMO-FREE-Icone-1024x1021.png 1024w, https:\/\/pharmabiz.pt\/wp-content\/uploads\/2024\/03\/GMO-FREE-Icone-150x150.png 150w, https:\/\/pharmabiz.pt\/wp-content\/uploads\/2024\/03\/GMO-FREE-Icone-768x765.png 768w, https:\/\/pharmabiz.pt\/wp-content\/uploads\/2024\/03\/GMO-FREE-Icone-1536x1531.png 1536w, https:\/\/pharmabiz.pt\/wp-content\/uploads\/2024\/03\/GMO-FREE-Icone-1200x1196.png 1200w, https:\/\/pharmabiz.pt\/wp-content\/uploads\/2024\/03\/GMO-FREE-Icone-45x45.png 45w, https:\/\/pharmabiz.pt\/wp-content\/uploads\/2024\/03\/GMO-FREE-Icone-600x598.png 600w, https:\/\/pharmabiz.pt\/wp-content\/uploads\/2024\/03\/GMO-FREE-Icone-100x100.png 100w, https:\/\/pharmabiz.pt\/wp-content\/uploads\/2024\/03\/GMO-FREE-Icone.png 1833w\" sizes=\"auto, (max-width: 75px) 100vw, 75px\" \/> <img loading=\"lazy\" decoding=\"async\" class=\"alignnone wp-image-10333\" src=\"https:\/\/pharmabiz.pt\/wp-content\/uploads\/2024\/03\/GLUTEN-FREE-Icone-300x305.png\" alt=\"\" width=\"74\" height=\"75\" srcset=\"https:\/\/pharmabiz.pt\/wp-content\/uploads\/2024\/03\/GLUTEN-FREE-Icone-300x305.png 300w, https:\/\/pharmabiz.pt\/wp-content\/uploads\/2024\/03\/GLUTEN-FREE-Icone-1007x1024.png 1007w, https:\/\/pharmabiz.pt\/wp-content\/uploads\/2024\/03\/GLUTEN-FREE-Icone-150x150.png 150w, https:\/\/pharmabiz.pt\/wp-content\/uploads\/2024\/03\/GLUTEN-FREE-Icone-768x781.png 768w, https:\/\/pharmabiz.pt\/wp-content\/uploads\/2024\/03\/GLUTEN-FREE-Icone-1510x1536.png 1510w, https:\/\/pharmabiz.pt\/wp-content\/uploads\/2024\/03\/GLUTEN-FREE-Icone-1200x1221.png 1200w, https:\/\/pharmabiz.pt\/wp-content\/uploads\/2024\/03\/GLUTEN-FREE-Icone-45x45.png 45w, https:\/\/pharmabiz.pt\/wp-content\/uploads\/2024\/03\/GLUTEN-FREE-Icone-600x610.png 600w, https:\/\/pharmabiz.pt\/wp-content\/uploads\/2024\/03\/GLUTEN-FREE-Icone-100x100.png 100w, https:\/\/pharmabiz.pt\/wp-content\/uploads\/2024\/03\/GLUTEN-FREE-Icone.png 1796w\" sizes=\"auto, (max-width: 74px) 100vw, 74px\" \/> <img loading=\"lazy\" decoding=\"async\" class=\"alignnone wp-image-10351\" src=\"https:\/\/pharmabiz.pt\/wp-content\/uploads\/2024\/03\/PALEO-Icone-300x301.png\" alt=\"\" width=\"75\" height=\"75\" srcset=\"https:\/\/pharmabiz.pt\/wp-content\/uploads\/2024\/03\/PALEO-Icone-300x301.png 300w, https:\/\/pharmabiz.pt\/wp-content\/uploads\/2024\/03\/PALEO-Icone-1022x1024.png 1022w, https:\/\/pharmabiz.pt\/wp-content\/uploads\/2024\/03\/PALEO-Icone-150x150.png 150w, https:\/\/pharmabiz.pt\/wp-content\/uploads\/2024\/03\/PALEO-Icone-768x769.png 768w, https:\/\/pharmabiz.pt\/wp-content\/uploads\/2024\/03\/PALEO-Icone-1533x1536.png 1533w, https:\/\/pharmabiz.pt\/wp-content\/uploads\/2024\/03\/PALEO-Icone-1200x1202.png 1200w, https:\/\/pharmabiz.pt\/wp-content\/uploads\/2024\/03\/PALEO-Icone-45x45.png 45w, https:\/\/pharmabiz.pt\/wp-content\/uploads\/2024\/03\/PALEO-Icone-600x601.png 600w, https:\/\/pharmabiz.pt\/wp-content\/uploads\/2024\/03\/PALEO-Icone-100x100.png 100w, https:\/\/pharmabiz.pt\/wp-content\/uploads\/2024\/03\/PALEO-Icone.png 1782w\" sizes=\"auto, (max-width: 75px) 100vw, 75px\" \/> <img loading=\"lazy\" decoding=\"async\" class=\"alignnone wp-image-10339\" src=\"https:\/\/pharmabiz.pt\/wp-content\/uploads\/2024\/03\/KETO.Icone_-300x300.png\" alt=\"\" width=\"75\" height=\"75\" srcset=\"https:\/\/pharmabiz.pt\/wp-content\/uploads\/2024\/03\/KETO.Icone_-300x300.png 300w, https:\/\/pharmabiz.pt\/wp-content\/uploads\/2024\/03\/KETO.Icone_-1024x1022.png 1024w, https:\/\/pharmabiz.pt\/wp-content\/uploads\/2024\/03\/KETO.Icone_-150x150.png 150w, https:\/\/pharmabiz.pt\/wp-content\/uploads\/2024\/03\/KETO.Icone_-768x767.png 768w, https:\/\/pharmabiz.pt\/wp-content\/uploads\/2024\/03\/KETO.Icone_-1536x1533.png 1536w, https:\/\/pharmabiz.pt\/wp-content\/uploads\/2024\/03\/KETO.Icone_-1200x1198.png 1200w, https:\/\/pharmabiz.pt\/wp-content\/uploads\/2024\/03\/KETO.Icone_-45x45.png 45w, https:\/\/pharmabiz.pt\/wp-content\/uploads\/2024\/03\/KETO.Icone_-600x599.png 600w, https:\/\/pharmabiz.pt\/wp-content\/uploads\/2024\/03\/KETO.Icone_-100x100.png 100w, https:\/\/pharmabiz.pt\/wp-content\/uploads\/2024\/03\/KETO.Icone_.png 1805w\" sizes=\"auto, (max-width: 75px) 100vw, 75px\" \/> <img loading=\"lazy\" decoding=\"async\" class=\"alignnone wp-image-10360\" src=\"https:\/\/pharmabiz.pt\/wp-content\/uploads\/2024\/03\/VEGAN-Icone-300x308.png\" alt=\"\" width=\"73\" height=\"75\" srcset=\"https:\/\/pharmabiz.pt\/wp-content\/uploads\/2024\/03\/VEGAN-Icone-300x308.png 300w, https:\/\/pharmabiz.pt\/wp-content\/uploads\/2024\/03\/VEGAN-Icone-996x1024.png 996w, https:\/\/pharmabiz.pt\/wp-content\/uploads\/2024\/03\/VEGAN-Icone-768x790.png 768w, https:\/\/pharmabiz.pt\/wp-content\/uploads\/2024\/03\/VEGAN-Icone-1494x1536.png 1494w, https:\/\/pharmabiz.pt\/wp-content\/uploads\/2024\/03\/VEGAN-Icone-1200x1234.png 1200w, https:\/\/pharmabiz.pt\/wp-content\/uploads\/2024\/03\/VEGAN-Icone-45x45.png 45w, https:\/\/pharmabiz.pt\/wp-content\/uploads\/2024\/03\/VEGAN-Icone-600x617.png 600w, https:\/\/pharmabiz.pt\/wp-content\/uploads\/2024\/03\/VEGAN-Icone.png 1808w\" sizes=\"auto, (max-width: 73px) 100vw, 73px\" \/><\/p>\n<p>&nbsp;<\/p>\n<\/div>\n","protected":false},"featured_media":11133,"comment_status":"open","ping_status":"closed","template":"","meta":{"_acf_changed":false},"product_brand":[],"product_cat":[262,139,140,141],"product_tag":[407,196,238,416,199,422,242,410],"class_list":{"0":"post-3671","1":"product","2":"type-product","3":"status-publish","4":"has-post-thumbnail","6":"product_cat-100-natural-es","7":"product_cat-alimentacion","8":"product_cat-sin-gluten","9":"product_cat-superalimentos","10":"product_tag-anti-edad","11":"product_tag-deporte-y-fitness","12":"product_tag-energia-y-vitalidad-es","13":"product_tag-equilibrio-hormonal-y-sexual","14":"product_tag-huesos-y-articulaciones","15":"product_tag-magnesio-es","16":"product_tag-piel-unas-y-cabello","17":"product_tag-yodo","18":"pa_marca-ox-nature-es","20":"first","21":"instock","22":"featured","23":"taxable","24":"shipping-taxable","25":"purchasable","26":"product-type-simple"},"acf":[],"_links":{"self":[{"href":"https:\/\/pharmabiz.pt\/es\/wp-json\/wp\/v2\/product\/3671","targetHints":{"allow":["GET"]}}],"collection":[{"href":"https:\/\/pharmabiz.pt\/es\/wp-json\/wp\/v2\/product"}],"about":[{"href":"https:\/\/pharmabiz.pt\/es\/wp-json\/wp\/v2\/types\/product"}],"replies":[{"embeddable":true,"href":"https:\/\/pharmabiz.pt\/es\/wp-json\/wp\/v2\/comments?post=3671"}],"wp:featuredmedia":[{"embeddable":true,"href":"https:\/\/pharmabiz.pt\/es\/wp-json\/wp\/v2\/media\/11133"}],"wp:attachment":[{"href":"https:\/\/pharmabiz.pt\/es\/wp-json\/wp\/v2\/media?parent=3671"}],"wp:term":[{"taxonomy":"product_brand","embeddable":true,"href":"https:\/\/pharmabiz.pt\/es\/wp-json\/wp\/v2\/product_brand?post=3671"},{"taxonomy":"product_cat","embeddable":true,"href":"https:\/\/pharmabiz.pt\/es\/wp-json\/wp\/v2\/product_cat?post=3671"},{"taxonomy":"product_tag","embeddable":true,"href":"https:\/\/pharmabiz.pt\/es\/wp-json\/wp\/v2\/product_tag?post=3671"}],"curies":[{"name":"wp","href":"https:\/\/api.w.org\/{rel}","templated":true}]}}