{"id":3792,"date":"2018-12-02T11:54:44","date_gmt":"2018-12-02T11:54:44","guid":{"rendered":"https:\/\/pharmabiz.pt\/produto\/alara-muesli-com-cereais-ancestrais-biologico-embalagem-450-g\/"},"modified":"2024-05-08T16:00:34","modified_gmt":"2024-05-08T15:00:34","slug":"alara-muesli-con-cereales-antiguos-ecologico-450g","status":"publish","type":"product","link":"https:\/\/pharmabiz.pt\/es\/producto\/alara-muesli-con-cereales-antiguos-ecologico-450g\/","title":{"rendered":"ALARA MUESLI CON CEREALES ANTIGUOS, ECOL\u00d3GICO 450g"},"content":{"rendered":"<div class=\"wpb-content-wrapper\"><p>[vc_row][vc_column width=&#8221;1\/2&#8243;][vc_column_text]<strong>ALARA MUESLI ECOL\u00d3GICO CON CEREALES ANTIGUOS<\/strong><\/p>\n<p>Una saludable mezcla de cereales ancestrales ecol\u00f3gicos, repleta de fruta, semillas y frutos secos<\/p>\n<p>Una deliciosa mezcla de cereales ancestrales: espelta, amaranto, centeno y avena con deliciosas frutas: manzanas, albaricoques, anacardos y semillas.<\/p>\n<p>El amaranto fue cultivado por los aztecas y posteriormente prohibido por los invasores conquistadores. Una cabeza de semilla puede pesar hasta 1 kg y contener millones de semillas, fuente de prote\u00ednas y ricas en minerales.<\/p>\n<p>El centeno y la avena se mencionan en las escrituras como cultivos ancestrales. Son una buena fuente de fibra y formaban parte importante de la dieta europea en la \u00e9poca medieval.<\/p>\n<p>La espelta se cultivaba mucho en la \u00e9poca egipcia. Los romanos alimentaban con ella a sus ej\u00e9rcitos y los griegos la aceptaban como regalo de la diosa Dem\u00e9ter. En comparaci\u00f3n con el trigo moderno, la espelta tiene m\u00e1s prote\u00ednas y un espectro nutricional muy superior.<\/p>\n<h4><strong>Denominaci\u00f3n de venta:<\/strong><\/h4>\n<p>Alara Muesli Ecol\u00f3gico com Cereales Antiguos 450g<\/p>\n<h4><strong>Ingredientes:<\/strong><\/h4>\n<p>Copos de AVENA Jumbo (26%), Copos de CENTENO Integral (15%), Pasas Sultanas (13%), Semillas de Girasol (13%), Semillas de Lino (7%), D\u00e1tiles Troceados (7%), Copos integrales de ESPELTA (4%), Albaricoques troceados (4%), Trigo sarraceno crudo (3%), Amaranto inflado (3%), Semillas de calabaza (2%), NUECES CASHE (1,5%), Trozos de manzana (1,5%).<\/p>\n<h4><strong>Informaci\u00f3n sobre al\u00e9rgenos:<\/strong><\/h4>\n<p>Consulta la informaci\u00f3n en <strong>negrita<\/strong>. Producido en un entorno en el que puede haber frutos de c\u00e1scara, cacahuetes, soja, SO2 y semillas de s\u00e9samo.<\/p>\n<h4><strong>Instrucciones de uso\/Preparaci\u00f3n:<\/strong><\/h4>\n<p>Para un delicioso desayuno, a\u00f1\u00e1delo a la leche, el zumo o el yogur de tu elecci\u00f3n.<\/p>\n<h4><strong>Conservaci\u00f3n:<\/strong><\/h4>\n<p>Gu\u00e1rdalo en un lugar fresco y seco, alejado de la luz solar.<\/p>\n<h4><strong>Presentaci\u00f3n:<\/strong><\/h4>\n<p>Envases de cart\u00f3n con film compostable. Esta l\u00e1mina est\u00e1 fabricada con recursos renovables, fibras vegetales y es totalmente compostable y no t\u00f3xica para el medio ambiente. Es tan duradero como los envases de pl\u00e1stico normales, pero se degrada f\u00e1cilmente en el compostaje dom\u00e9stico. Sin pl\u00e1stico.<\/p>\n<h4><strong>Peso neto:<\/strong><\/h4>\n<p>450g<\/p>\n<h4><strong>Caja de transporte:<\/strong><\/h4>\n<p>6 uds. x 450g<\/p>\n<h4><strong>Fuente:<\/strong><\/h4>\n<p>Reino Unido.<\/p>\n<h4><strong>Distribuido por:<\/strong><\/h4>\n<p>Pharmabiz, Lda.[\/vc_column_text][\/vc_column][vc_column width=&#8221;1\/2&#8243;]<div class=\"nflc nutrition-section std\">\t\r\n\t\t<ul class=\"nutrition-table\" itemprop=\"nutrition\" itemscope itemtype=\"http:\/\/schema.org\/NutritionInformation\">\r\n\t\t\t<li class=\"nt-header b-0\"><h2 class=\"nt-title\">Declara\u00e7\u00e3o Nutricional 100g<\/h2><\/li><li class=\"nt-row b-0\"><span class=\"nt-label col-50\">Servings Per Container<\/span><span class=\"nt-value col-50\" itemprop=\"servingSize\">11<\/span><\/li><li class=\"nt-row sep-10 serving-size\"><span class=\"nt-label col-50\">Serving Size<\/span><span class=\"nt-value col-50\" itemprop=\"servingSize\">40g<\/span><\/li><li class=\"nt-row font-bold b-0\"><span class=\"nt-label\">Amount per serving<\/span><\/li><li class=\"nt-row font-bold calories sep-8\"><span class=\"nt-label col-70\">Calories<\/span><span class=\"nt-value col-30\" itemprop=\"servingSize\">180<\/span><\/li><li class=\"nt-head font-bold sep-4\"><span class=\"nt-label nutrient-label col-40\"><\/span><span class=\"nt-label amount-label col-30\"><\/span><span class=\"pdv-label col-30\">% Daily Value*<\/span><\/li><br \/>\n<b>Warning<\/b>:  Undefined array key \"amt\" in <b>\/var\/www\/vhosts\/pharmabiz.pt\/httpdocs\/wp-content\/plugins\/nutrition-facts-label-creator\/nflc_templates\/default.php<\/b> on line <b>137<\/b><br \/>\n<br \/>\n<b>Warning<\/b>:  Undefined array key \"unit\" in <b>\/var\/www\/vhosts\/pharmabiz.pt\/httpdocs\/wp-content\/plugins\/nutrition-facts-label-creator\/nflc_templates\/default.php<\/b> on line <b>137<\/b><br \/>\n<li><span class=\"nt-label col-40 font-bold\">VALORES M\u00c9DIOS<\/span><span class=\"nt-amount col-30\"> <\/span><\/li><li><span class=\"nt-label col-40 font-bold\">L\u00edpidos totais<\/span><span class=\"nt-amount col-30\">12.9 g<\/span><span class=\"nt-value col-30\">18.43%<\/span><\/li><li class=\"nt-sublevel-1\"><span class=\"nt-label col-40\">.dos quais saturados<\/span><span class=\"nt-amount col-30\">10.5 g<\/span><span class=\"nt-value col-30\">52.5%<\/span><\/li><li class=\"nt-sublevel-1\"><span class=\"nt-label col-40\">.dos quais monoinsaturados<\/span><span class=\"nt-amount col-30\">3.1 g<\/span><\/li><li class=\"nt-sublevel-1\"><span class=\"nt-label col-40\">.dos quais poliinsaturados (\u00d3mega 3)<\/span><span class=\"nt-amount col-30\">7.4 g<\/span><\/li><li><span class=\"nt-label col-40 font-bold\">Hidratos de Carbono<\/span><span class=\"nt-amount col-30\">59.4 g<\/span><span class=\"nt-value col-30\">22.85%<\/span><\/li><li class=\"nt-sublevel-1\"><span class=\"nt-label col-40\">.dos quais a\u00e7\u00facares<\/span><span class=\"nt-amount col-30\">17.6 g<\/span><span class=\"nt-value col-30\">19.56%<\/span><\/li><li><span class=\"nt-label col-40 font-bold\">Fibra<\/span><span class=\"nt-amount col-30\">10.5 g<\/span><span class=\"nt-value col-30\">42%<\/span><\/li><li><span class=\"nt-label col-40 font-bold\">Prote\u00ednas<\/span><span class=\"nt-amount col-30\">11.6 g<\/span><span class=\"nt-value col-30\">23.2%<\/span><\/li><li><span class=\"nt-label col-40 font-bold\">Sal (naturalmente presente)<\/span><span class=\"nt-amount col-30\">0.3 g<\/span><span class=\"nt-value col-30\">5%<\/span><\/li><li class=\"nt-footer b-0\">*DR - Dose de Refer\u00eancia para um adulto m\u00e9dio (8400kJ \/ 2000 kcal). **VRN - Valor de Refer\u00eancia do Nutriente. NOTA - Os Valores Nutricionais podem variar de acordo com a sazonalidade.<\/li>\t\t<\/ul><!-- \/.nutrition-table -->\r\n\t<\/div><!-- \/.nutrition-section -->[\/vc_column][\/vc_row]<\/p>\n<\/div>","protected":false},"excerpt":{"rendered":"<p>25% DE FRUTAS E 22% DE SEMENTES \u00b7 BIOL\u00d3GICO \u00b7 CONT\u00c9M GR\u00c3OS INTEGRAIS \u00b7 RICO EM FIBRA \u00b7 SEM A\u00c7\u00daCAR ADICIONADO \u00b7 SEM SAL ADICIONADO \u00b7 ADEQUADO PARA VEGANS \u00b7 FILME COMPOST\u00c1VEL (ISENTO DE PL\u00c1STICO) \u00b7 CARBONO ZERO (NET ZERO CARBON) \u00b7 A MARCA DE CEREAIS MAIS SUSTENT\u00c1VEL DO PLANETA<\/p>\n<p><img loading=\"lazy\" decoding=\"async\" class=\"alignnone wp-image-6085\" src=\"https:\/\/pharmabiz.pt\/wp-content\/uploads\/2020\/05\/Soil_Association_symbol-1016x1024-1.jpg\" alt=\"\" width=\"74\" height=\"75\" srcset=\"https:\/\/pharmabiz.pt\/wp-content\/uploads\/2020\/05\/Soil_Association_symbol-1016x1024-1.jpg 300w, https:\/\/pharmabiz.pt\/wp-content\/uploads\/2020\/05\/Soil_Association_symbol-1016x1024-1.jpg 150w, https:\/\/pharmabiz.pt\/wp-content\/uploads\/2020\/05\/Soil_Association_symbol-1016x1024-1.jpg 768w, https:\/\/pharmabiz.pt\/wp-content\/uploads\/2020\/05\/Soil_Association_symbol-1016x1024-1.jpg 45w, https:\/\/pharmabiz.pt\/wp-content\/uploads\/2020\/05\/Soil_Association_symbol-1016x1024-1.jpg 600w, https:\/\/pharmabiz.pt\/wp-content\/uploads\/2020\/05\/Soil_Association_symbol-1016x1024-1.jpg 100w, https:\/\/pharmabiz.pt\/wp-content\/uploads\/2020\/05\/Soil_Association_symbol-1016x1024-1.jpg 844w\" sizes=\"auto, (max-width: 74px) 100vw, 74px\" \/> <img loading=\"lazy\" decoding=\"async\" class=\"alignnone wp-image-10327\" src=\"https:\/\/pharmabiz.pt\/wp-content\/uploads\/2024\/03\/BIO-Icone-300x291.png\" alt=\"\" width=\"77\" height=\"75\" srcset=\"https:\/\/pharmabiz.pt\/wp-content\/uploads\/2024\/03\/BIO-Icone-300x291.png 300w, https:\/\/pharmabiz.pt\/wp-content\/uploads\/2024\/03\/BIO-Icone-1024x994.png 1024w, https:\/\/pharmabiz.pt\/wp-content\/uploads\/2024\/03\/BIO-Icone-768x746.png 768w, https:\/\/pharmabiz.pt\/wp-content\/uploads\/2024\/03\/BIO-Icone-1536x1491.png 1536w, https:\/\/pharmabiz.pt\/wp-content\/uploads\/2024\/03\/BIO-Icone-1200x1165.png 1200w, https:\/\/pharmabiz.pt\/wp-content\/uploads\/2024\/03\/BIO-Icone-45x45.png 45w, https:\/\/pharmabiz.pt\/wp-content\/uploads\/2024\/03\/BIO-Icone-600x582.png 600w, https:\/\/pharmabiz.pt\/wp-content\/uploads\/2024\/03\/BIO-Icone.png 1814w\" sizes=\"auto, (max-width: 77px) 100vw, 77px\" \/> <img loading=\"lazy\" decoding=\"async\" class=\"alignnone wp-image-10354\" src=\"https:\/\/pharmabiz.pt\/wp-content\/uploads\/2024\/03\/PLANT-BASED-Icone-300x290.png\" alt=\"\" width=\"78\" height=\"75\" srcset=\"https:\/\/pharmabiz.pt\/wp-content\/uploads\/2024\/03\/PLANT-BASED-Icone-300x290.png 300w, https:\/\/pharmabiz.pt\/wp-content\/uploads\/2024\/03\/PLANT-BASED-Icone-1024x991.png 1024w, https:\/\/pharmabiz.pt\/wp-content\/uploads\/2024\/03\/PLANT-BASED-Icone-768x743.png 768w, https:\/\/pharmabiz.pt\/wp-content\/uploads\/2024\/03\/PLANT-BASED-Icone-1536x1486.png 1536w, https:\/\/pharmabiz.pt\/wp-content\/uploads\/2024\/03\/PLANT-BASED-Icone-1200x1161.png 1200w, https:\/\/pharmabiz.pt\/wp-content\/uploads\/2024\/03\/PLANT-BASED-Icone-600x581.png 600w, https:\/\/pharmabiz.pt\/wp-content\/uploads\/2024\/03\/PLANT-BASED-Icone.png 1886w\" sizes=\"auto, (max-width: 78px) 100vw, 78px\" \/> <img loading=\"lazy\" decoding=\"async\" class=\"alignnone wp-image-10357\" src=\"https:\/\/pharmabiz.pt\/wp-content\/uploads\/2024\/03\/RAW-icone-300x302.png\" alt=\"\" width=\"74\" height=\"75\" srcset=\"https:\/\/pharmabiz.pt\/wp-content\/uploads\/2024\/03\/RAW-icone-300x302.png 300w, https:\/\/pharmabiz.pt\/wp-content\/uploads\/2024\/03\/RAW-icone-1017x1024.png 1017w, https:\/\/pharmabiz.pt\/wp-content\/uploads\/2024\/03\/RAW-icone-150x150.png 150w, https:\/\/pharmabiz.pt\/wp-content\/uploads\/2024\/03\/RAW-icone-768x773.png 768w, https:\/\/pharmabiz.pt\/wp-content\/uploads\/2024\/03\/RAW-icone-1525x1536.png 1525w, https:\/\/pharmabiz.pt\/wp-content\/uploads\/2024\/03\/RAW-icone-1200x1208.png 1200w, https:\/\/pharmabiz.pt\/wp-content\/uploads\/2024\/03\/RAW-icone-45x45.png 45w, https:\/\/pharmabiz.pt\/wp-content\/uploads\/2024\/03\/RAW-icone-600x604.png 600w, https:\/\/pharmabiz.pt\/wp-content\/uploads\/2024\/03\/RAW-icone-100x100.png 100w, https:\/\/pharmabiz.pt\/wp-content\/uploads\/2024\/03\/RAW-icone.png 1737w\" sizes=\"auto, (max-width: 74px) 100vw, 74px\" \/> <img loading=\"lazy\" decoding=\"async\" class=\"alignnone wp-image-10336\" src=\"https:\/\/pharmabiz.pt\/wp-content\/uploads\/2024\/03\/GMO-FREE-Icone-300x299.png\" alt=\"\" width=\"75\" height=\"75\" srcset=\"https:\/\/pharmabiz.pt\/wp-content\/uploads\/2024\/03\/GMO-FREE-Icone-300x299.png 300w, https:\/\/pharmabiz.pt\/wp-content\/uploads\/2024\/03\/GMO-FREE-Icone-1024x1021.png 1024w, https:\/\/pharmabiz.pt\/wp-content\/uploads\/2024\/03\/GMO-FREE-Icone-150x150.png 150w, https:\/\/pharmabiz.pt\/wp-content\/uploads\/2024\/03\/GMO-FREE-Icone-768x765.png 768w, https:\/\/pharmabiz.pt\/wp-content\/uploads\/2024\/03\/GMO-FREE-Icone-1536x1531.png 1536w, https:\/\/pharmabiz.pt\/wp-content\/uploads\/2024\/03\/GMO-FREE-Icone-1200x1196.png 1200w, https:\/\/pharmabiz.pt\/wp-content\/uploads\/2024\/03\/GMO-FREE-Icone-45x45.png 45w, https:\/\/pharmabiz.pt\/wp-content\/uploads\/2024\/03\/GMO-FREE-Icone-600x598.png 600w, https:\/\/pharmabiz.pt\/wp-content\/uploads\/2024\/03\/GMO-FREE-Icone-100x100.png 100w, https:\/\/pharmabiz.pt\/wp-content\/uploads\/2024\/03\/GMO-FREE-Icone.png 1833w\" sizes=\"auto, (max-width: 75px) 100vw, 75px\" \/> <img loading=\"lazy\" decoding=\"async\" class=\"alignnone wp-image-10399\" src=\"https:\/\/pharmabiz.pt\/wp-content\/uploads\/2024\/03\/No-Add-Sugar-Icone-300x288.png\" alt=\"\" width=\"78\" height=\"75\" srcset=\"https:\/\/pharmabiz.pt\/wp-content\/uploads\/2024\/03\/No-Add-Sugar-Icone-300x288.png 300w, https:\/\/pharmabiz.pt\/wp-content\/uploads\/2024\/03\/No-Add-Sugar-Icone-1024x984.png 1024w, https:\/\/pharmabiz.pt\/wp-content\/uploads\/2024\/03\/No-Add-Sugar-Icone-768x738.png 768w, https:\/\/pharmabiz.pt\/wp-content\/uploads\/2024\/03\/No-Add-Sugar-Icone-1536x1476.png 1536w, https:\/\/pharmabiz.pt\/wp-content\/uploads\/2024\/03\/No-Add-Sugar-Icone-1200x1153.png 1200w, https:\/\/pharmabiz.pt\/wp-content\/uploads\/2024\/03\/No-Add-Sugar-Icone-600x576.png 600w, https:\/\/pharmabiz.pt\/wp-content\/uploads\/2024\/03\/No-Add-Sugar-Icone.png 1905w\" sizes=\"auto, (max-width: 78px) 100vw, 78px\" \/> <img loading=\"lazy\" decoding=\"async\" class=\"alignnone wp-image-10375\" src=\"https:\/\/pharmabiz.pt\/wp-content\/uploads\/2024\/03\/No-Added-Salt-Icone-300x295.png\" alt=\"\" width=\"76\" height=\"75\" srcset=\"https:\/\/pharmabiz.pt\/wp-content\/uploads\/2024\/03\/No-Added-Salt-Icone-300x295.png 300w, https:\/\/pharmabiz.pt\/wp-content\/uploads\/2024\/03\/No-Added-Salt-Icone-1024x1007.png 1024w, https:\/\/pharmabiz.pt\/wp-content\/uploads\/2024\/03\/No-Added-Salt-Icone-150x150.png 150w, https:\/\/pharmabiz.pt\/wp-content\/uploads\/2024\/03\/No-Added-Salt-Icone-768x755.png 768w, https:\/\/pharmabiz.pt\/wp-content\/uploads\/2024\/03\/No-Added-Salt-Icone-1536x1510.png 1536w, https:\/\/pharmabiz.pt\/wp-content\/uploads\/2024\/03\/No-Added-Salt-Icone-1200x1180.png 1200w, https:\/\/pharmabiz.pt\/wp-content\/uploads\/2024\/03\/No-Added-Salt-Icone-45x45.png 45w, https:\/\/pharmabiz.pt\/wp-content\/uploads\/2024\/03\/No-Added-Salt-Icone-600x590.png 600w, https:\/\/pharmabiz.pt\/wp-content\/uploads\/2024\/03\/No-Added-Salt-Icone-100x100.png 100w, https:\/\/pharmabiz.pt\/wp-content\/uploads\/2024\/03\/No-Added-Salt-Icone.png 1800w\" sizes=\"auto, (max-width: 76px) 100vw, 76px\" \/> <img loading=\"lazy\" decoding=\"async\" class=\"alignnone wp-image-10360\" src=\"https:\/\/pharmabiz.pt\/wp-content\/uploads\/2024\/03\/VEGAN-Icone-300x308.png\" alt=\"\" width=\"73\" height=\"75\" srcset=\"https:\/\/pharmabiz.pt\/wp-content\/uploads\/2024\/03\/VEGAN-Icone-300x308.png 300w, https:\/\/pharmabiz.pt\/wp-content\/uploads\/2024\/03\/VEGAN-Icone-996x1024.png 996w, https:\/\/pharmabiz.pt\/wp-content\/uploads\/2024\/03\/VEGAN-Icone-768x790.png 768w, https:\/\/pharmabiz.pt\/wp-content\/uploads\/2024\/03\/VEGAN-Icone-1494x1536.png 1494w, https:\/\/pharmabiz.pt\/wp-content\/uploads\/2024\/03\/VEGAN-Icone-1200x1234.png 1200w, https:\/\/pharmabiz.pt\/wp-content\/uploads\/2024\/03\/VEGAN-Icone-45x45.png 45w, https:\/\/pharmabiz.pt\/wp-content\/uploads\/2024\/03\/VEGAN-Icone-600x617.png 600w, https:\/\/pharmabiz.pt\/wp-content\/uploads\/2024\/03\/VEGAN-Icone.png 1808w\" sizes=\"auto, (max-width: 73px) 100vw, 73px\" \/><\/p>\n","protected":false},"featured_media":9390,"comment_status":"open","ping_status":"closed","template":"","meta":{"_acf_changed":false},"product_brand":[298],"product_cat":[139,265,151,255,173,268,252,274],"product_tag":[235,190,206,196,271,238,428],"class_list":{"0":"post-3792","1":"product","2":"type-product","3":"status-publish","4":"has-post-thumbnail","6":"product_brand-alara","7":"product_cat-alimentacion","8":"product_cat-avena","9":"product_cat-cereales-muesli-y-granolas","10":"product_cat-ecologicos","11":"product_cat-nueces-y-semillas","12":"product_cat-sin-azucar-anadido","13":"product_cat-sin-lactosa","14":"product_cat-sin-sal-anadida","15":"product_tag-colesterol-y-trigliceridos","16":"product_tag-control-de-peso","17":"product_tag-corazon","18":"product_tag-deporte-y-fitness","19":"product_tag-diabetes-es","20":"product_tag-energia-y-vitalidad-es","21":"product_tag-omega-3-es","22":"pa_marca-alara-es","24":"first","25":"onbackorder","26":"taxable","27":"shipping-taxable","28":"purchasable","29":"product-type-simple"},"acf":[],"_links":{"self":[{"href":"https:\/\/pharmabiz.pt\/es\/wp-json\/wp\/v2\/product\/3792","targetHints":{"allow":["GET"]}}],"collection":[{"href":"https:\/\/pharmabiz.pt\/es\/wp-json\/wp\/v2\/product"}],"about":[{"href":"https:\/\/pharmabiz.pt\/es\/wp-json\/wp\/v2\/types\/product"}],"replies":[{"embeddable":true,"href":"https:\/\/pharmabiz.pt\/es\/wp-json\/wp\/v2\/comments?post=3792"}],"wp:featuredmedia":[{"embeddable":true,"href":"https:\/\/pharmabiz.pt\/es\/wp-json\/wp\/v2\/media\/9390"}],"wp:attachment":[{"href":"https:\/\/pharmabiz.pt\/es\/wp-json\/wp\/v2\/media?parent=3792"}],"wp:term":[{"taxonomy":"product_brand","embeddable":true,"href":"https:\/\/pharmabiz.pt\/es\/wp-json\/wp\/v2\/product_brand?post=3792"},{"taxonomy":"product_cat","embeddable":true,"href":"https:\/\/pharmabiz.pt\/es\/wp-json\/wp\/v2\/product_cat?post=3792"},{"taxonomy":"product_tag","embeddable":true,"href":"https:\/\/pharmabiz.pt\/es\/wp-json\/wp\/v2\/product_tag?post=3792"}],"curies":[{"name":"wp","href":"https:\/\/api.w.org\/{rel}","templated":true}]}}