{"id":3849,"date":"2015-10-10T16:40:04","date_gmt":"2015-10-10T15:40:04","guid":{"rendered":"https:\/\/pharmabiz.pt\/produto\/cacau-cru-po\/"},"modified":"2024-05-08T13:31:11","modified_gmt":"2024-05-08T12:31:11","slug":"ox-cacao-criollo-crudo-en-polvo-comercio-justo-ecologico-premio-great-taste-2018-125g","status":"publish","type":"product","link":"https:\/\/pharmabiz.pt\/es\/producto\/ox-cacao-criollo-crudo-en-polvo-comercio-justo-ecologico-premio-great-taste-2018-125g\/","title":{"rendered":"OX CACAO CRIOLLO CRUDO EN POLVO, COMERCIO JUSTO, ECOL\u00d3GICO, PREMIO GREAT TASTE 2018 125g"},"content":{"rendered":"<div class=\"wpb-content-wrapper\"><p>[vc_row][vc_column width=&#8221;1\/2&#8243;][vc_column_text]<img loading=\"lazy\" decoding=\"async\" class=\"alignnone wp-image-10557 size-full\" src=\"https:\/\/pharmabiz.pt\/wp-content\/uploads\/2015\/10\/Feijoes-e-graos-de-Cacau-1.jpg\" alt=\"\" width=\"902\" height=\"600\" srcset=\"https:\/\/pharmabiz.pt\/wp-content\/uploads\/2015\/10\/Feijoes-e-graos-de-Cacau-1.jpg 902w, https:\/\/pharmabiz.pt\/wp-content\/uploads\/2015\/10\/Feijoes-e-graos-de-Cacau-1-300x200.jpg 300w, https:\/\/pharmabiz.pt\/wp-content\/uploads\/2015\/10\/Feijoes-e-graos-de-Cacau-1-768x511.jpg 768w, https:\/\/pharmabiz.pt\/wp-content\/uploads\/2015\/10\/Feijoes-e-graos-de-Cacau-1-600x399.jpg 600w\" sizes=\"auto, (max-width: 902px) 100vw, 902px\" \/><\/p>\n<p><strong>OX NATURE PREMIUM CACAO CRIOLLO CRUDO EN POLVO, ECOL\u00d3GICO | PREMIO GREAT TASTE 2018\u00a0<\/strong><\/p>\n<p>El \u00e1rbol del cacao es una peque\u00f1a planta perenne llamada <em>&#8220;Theobroma cacao<\/em>&#8220;, que crece en climas tropicales, principalmente en Sudam\u00e9rica. La fruta era muy apreciada entre los pueblos maya y azteca y los espa\u00f1oles la trajeron a Europa. Estos pueblos precolombinos utilizaban el cacao para producir una bebida que era una gran fuente de energ\u00eda.<\/p>\n<p>Nuestras habas de cacao crudo proceden de la variedad Criollo, a la que se suele llamar la Reina del Cacao por la gran calidad de sus habas. Las vainas del fruto del cacao se cultivan ecol\u00f3gicamente en Per\u00fa, donde se cosechan a mano. Despu\u00e9s se selecciona el cacao y se fermenta para reducir su sabor amargo. Despu\u00e9s se lavan las habas de cacao en agua natural, se pelan, se descascarillan y se desmenuzan para hacer pasta de cacao. La grasa de esta pasta se extrae de la parte s\u00f3lida y \u00e9sta se deshidrata y se convierte en cacao en polvo. El cacao en polvo contiene menos grasa y m\u00e1s fibra que las jud\u00edas. El proceso de producci\u00f3n conserva una parte importante del valor nutritivo del grano y no contiene ning\u00fan aditivo.<\/p>\n<p>Nuestro cacao se produce a partir de frutos seleccionados de la variedad Criollo, que representa menos del 10% de la producci\u00f3n mundial de cacao y es famosa por su alta calidad y sabor caracter\u00edstico. Nuestro cacao se procesa a bajas temperaturas (&lt;40\u00ba) y se prensa en fr\u00edo para obtener un polvo de cacao puro, no alcalinizado y rico en nutrientes.<\/p>\n<h4><strong>Denominaci\u00f3n de venta:<\/strong><\/h4>\n<p>Cacao Crudo Ecol\u00f3gico Criollo en Polvo<\/p>\n<h4><strong>Ingredientes:<\/strong><\/h4>\n<p>100% Cacao crudo <i>(<\/i>habas de <i>Theobroma cacao<\/i>) Polvo ecol\u00f3gico.<\/p>\n<h4><strong>Instrucciones de uso:<\/strong><\/h4>\n<p>Como parte de una dieta variada y equilibrada y un estilo de vida sano, consume 1 cucharada sopera al d\u00eda (10 g). El cacao en polvo es un ingrediente extremadamente vers\u00e1til que puede a\u00f1adirse a multitud de alimentos y bebidas, y en las recetas m\u00e1s diversas.<\/p>\n<h4><strong>Conservaci\u00f3n:<\/strong><\/h4>\n<p>Para mantener la integridad de este producto, cierra bien el envase y gu\u00e1rdalo en un lugar fresco y seco, alejado del calor y de la luz solar.<\/p>\n<h4><strong>Advertencia:<\/strong><\/h4>\n<p>El cacao en polvo no debe utilizarse como sustituto de una dieta variada y equilibrada y de un estilo de vida sano. Si est\u00e1s embarazada, en per\u00edodo de lactancia o tomas medicaci\u00f3n, pide consejo a tu m\u00e9dico. En caso de cualquier reacci\u00f3n adversa, interrumpe su uso y consulta a tu m\u00e9dico o nutricionista.<\/p>\n<p><em><strong>*Este producto no est\u00e1 destinado a diagnosticar, tratar, curar ni prevenir ninguna enfermedad, util\u00edzalo s\u00f3lo como suplemento diet\u00e9tico.<\/strong><\/em><\/p>\n<h4><strong>Peso neto:<\/strong><\/h4>\n<p>125g<\/p>\n<h4><strong>Caja de transporte:<\/strong><\/h4>\n<p>12 x 125 g<\/p>\n<h4><strong>Fuente:<\/strong><\/h4>\n<p>Per\u00fa<\/p>\n<h4><strong>Distribuido por:<\/strong><\/h4>\n<p>Pharmabiz, Lda.[\/vc_column_text][\/vc_column][vc_column width=&#8221;1\/2&#8243;]<div class=\"nflc nutrition-section std\">\t\r\n\t\t<ul class=\"nutrition-table\" itemprop=\"nutrition\" itemscope itemtype=\"http:\/\/schema.org\/NutritionInformation\">\r\n\t\t\t<li class=\"nt-header b-0\"><h2 class=\"nt-title\">Declara\u00e7\u00e3o Nutricional por 100g<\/h2><\/li><li class=\"nt-row b-0\"><span class=\"nt-label col-50\">Servings Per Container<\/span><span class=\"nt-value col-50\" itemprop=\"servingSize\">12<\/span><\/li><li class=\"nt-row sep-10 serving-size\"><span class=\"nt-label col-50\">Serving Size<\/span><span class=\"nt-value col-50\" itemprop=\"servingSize\">10g<\/span><\/li><li class=\"nt-row font-bold b-0\"><span class=\"nt-label\">Amount per serving<\/span><\/li><li class=\"nt-row font-bold calories sep-8\"><span class=\"nt-label col-70\">Calories<\/span><span class=\"nt-value col-30\" itemprop=\"servingSize\">10<\/span><\/li><li class=\"nt-head font-bold sep-4\"><span class=\"nt-label nutrient-label col-40\"><\/span><span class=\"nt-label amount-label col-30\"><\/span><span class=\"pdv-label col-30\">% Daily Value*<\/span><\/li><br \/>\n<b>Warning<\/b>:  Undefined array key \"amt\" in <b>\/var\/www\/vhosts\/pharmabiz.pt\/httpdocs\/wp-content\/plugins\/nutrition-facts-label-creator\/nflc_templates\/default.php<\/b> on line <b>137<\/b><br \/>\n<br \/>\n<b>Warning<\/b>:  Undefined array key \"unit\" in <b>\/var\/www\/vhosts\/pharmabiz.pt\/httpdocs\/wp-content\/plugins\/nutrition-facts-label-creator\/nflc_templates\/default.php<\/b> on line <b>137<\/b><br \/>\n<li><span class=\"nt-label col-40 font-bold\">VALORES M\u00c9DIOS<\/span><span class=\"nt-amount col-30\"> <\/span><\/li><br \/>\n<b>Warning<\/b>:  A non-numeric value encountered in <b>\/var\/www\/vhosts\/pharmabiz.pt\/httpdocs\/wp-content\/plugins\/nutrition-facts-label-creator\/nflc_templates\/default.php<\/b> on line <b>122<\/b><br \/>\n<br \/>\n<b>Warning<\/b>:  Undefined array key \"unit\" in <b>\/var\/www\/vhosts\/pharmabiz.pt\/httpdocs\/wp-content\/plugins\/nutrition-facts-label-creator\/nflc_templates\/default.php<\/b> on line <b>137<\/b><br \/>\n<br \/>\n<b>Warning<\/b>:  Undefined array key \"unit\" in <b>\/var\/www\/vhosts\/pharmabiz.pt\/httpdocs\/wp-content\/plugins\/nutrition-facts-label-creator\/nflc_templates\/default.php<\/b> on line <b>138<\/b><br \/>\n<li><span class=\"nt-label col-40 font-bold\">Energia kJ \/ kcal<\/span><span class=\"nt-amount col-30\">1889 \/ 450  <\/span><span class=\"nt-value col-30\">22.49%<\/span><\/li><li><span class=\"nt-label col-40 font-bold\">L\u00edpidos totais<\/span><span class=\"nt-amount col-30\">18 g<\/span><span class=\"nt-value col-30\">25.71%<\/span><\/li><li class=\"nt-sublevel-1\"><span class=\"nt-label col-40\">.dos quais saturados<\/span><span class=\"nt-amount col-30\">11 g<\/span><span class=\"nt-value col-30\">55%<\/span><\/li><li><span class=\"nt-label col-40 font-bold\">Hidratos de Carbono<\/span><span class=\"nt-amount col-30\">47 g<\/span><span class=\"nt-value col-30\">18.08%<\/span><\/li><li class=\"nt-sublevel-1\"><span class=\"nt-label col-40\">.dos quais a\u00e7\u00facares<\/span><span class=\"nt-amount col-30\">2.0 g<\/span><span class=\"nt-value col-30\">2.22%<\/span><\/li><li><span class=\"nt-label col-40 font-bold\">Prote\u00ednas<\/span><span class=\"nt-amount col-30\">26 g<\/span><span class=\"nt-value col-30\">52%<\/span><\/li><li><span class=\"nt-label col-40 font-bold\">Sal (naturalmente presente)<\/span><span class=\"nt-amount col-30\">0.03 g<\/span><span class=\"nt-value col-30\">0.5%<\/span><\/li><br \/>\n<b>Warning<\/b>:  Undefined array key \"amt\" in <b>\/var\/www\/vhosts\/pharmabiz.pt\/httpdocs\/wp-content\/plugins\/nutrition-facts-label-creator\/nflc_templates\/default.php<\/b> on line <b>137<\/b><br \/>\n<br \/>\n<b>Warning<\/b>:  Undefined array key \"unit\" in <b>\/var\/www\/vhosts\/pharmabiz.pt\/httpdocs\/wp-content\/plugins\/nutrition-facts-label-creator\/nflc_templates\/default.php<\/b> on line <b>137<\/b><br \/>\n<li><span class=\"nt-label col-40 font-bold\">MINERAIS<\/span><span class=\"nt-amount col-30\"> <\/span><\/li><li><span class=\"nt-label col-40 font-bold\">C\u00e1lcio<\/span><span class=\"nt-amount col-30\">154 mg<\/span><span class=\"nt-value col-30\">19.25%<\/span><\/li><li><span class=\"nt-label col-40 font-bold\">F\u00f3sforo<\/span><span class=\"nt-amount col-30\">930 mg<\/span><span class=\"nt-value col-30\"><b>132.86%<\/b><\/span><\/li><li><span class=\"nt-label col-40 font-bold\">Magn\u00e9sio<\/span><span class=\"nt-amount col-30\">588 mg<\/span><span class=\"nt-value col-30\"><b>156.8%<\/b><\/span><\/li><li><span class=\"nt-label col-40 font-bold\">Ferro<\/span><span class=\"nt-amount col-30\">18 mg<\/span><span class=\"nt-value col-30\"><b>128.57%<\/b><\/span><\/li><li><span class=\"nt-label col-40 font-bold\">Cobre<\/span><span class=\"nt-amount col-30\">3.8 mg<\/span><span class=\"nt-value col-30\"><b>380%<\/b><\/span><\/li><li><span class=\"nt-label col-40 font-bold\">Mangan\u00eas<\/span><span class=\"nt-amount col-30\">5.2 mg<\/span><span class=\"nt-value col-30\"><b>260%<\/b><\/span><\/li><li class=\"nt-footer b-0\">*DR - Dose de Refer\u00eancia para um adulto m\u00e9dio (8400kJ \/ 2000 kcal).<br \/>\n**VRN - Valor de Refer\u00eancia do Nutriente.<br \/>\nNOTA - Os Valores Nutricionais podem variar de acordo com a sazonalidade.<\/li>\t\t<\/ul><!-- \/.nutrition-table -->\r\n\t<\/div><!-- \/.nutrition-section -->[vc_empty_space][vc_column_text]<strong>PROPIEDADES NUTRICIONALES<\/strong><\/p>\n<p style=\"font-weight: 400;\">Las habas de cacao son conocidas como la base para hacer chocolate, pero tienen una gran densidad nutritiva, con m\u00e1s de 300 sustancias activas.<\/p>\n<p style=\"font-weight: 400;\">El Cacao Criollo OX Nature&#8217;s Raw es rico en antioxidantes, amino\u00e1cidos (tript\u00f3fano, precursor natural de la serotonina, tambi\u00e9n conocida como la &#8220;hormona de la felicidad&#8221;), flavonoides y minerales. Se considera un superalimento por su gran cantidad de nutrientes y beneficios saludables, a saber: calcio, f\u00f3sforo, magnesio, hierro, cobre y manganeso.<\/p>\n<p><strong>BENEFICIOS PARA LA SALUD<\/strong><br \/>\n*Estos nutrientes contribuyen a<\/p>\n<p><strong>CALCIO<\/strong><br \/>\n*El crecimiento y desarrollo normales de los huesos de los ni\u00f1os.<br \/>\n*mantenimiento de huesos y dientes normales.<\/p>\n<p><strong>F\u00d3SFORO<\/strong><br \/>\n*metabolismo normal productor de energ\u00eda.<\/p>\n<p><strong>MAGNESIO<\/strong><br \/>\n*Reducir el cansancio y la fatiga.<\/p>\n<p><strong>HIERRO<\/strong><br \/>\n*Funci\u00f3n cognitiva normal.<\/p>\n<p><strong>CUBIERTA<\/strong><br \/>\n*el funcionamiento normal del sistema inmunitario.<\/p>\n<p><strong>MANGAN\u00c9S<\/strong><br \/>\n*la protecci\u00f3n de las c\u00e9lulas contra la oxidaci\u00f3n indeseable.<\/p>\n<p>&nbsp;<\/p>\n<p><img loading=\"lazy\" decoding=\"async\" class=\"alignnone wp-image-11230 size-large\" src=\"https:\/\/pharmabiz.pt\/wp-content\/uploads\/2015\/10\/OX-Nature-Cacau-em-po_Great-Taste-2018-1024x399.jpg\" alt=\"\" width=\"1024\" height=\"399\" srcset=\"https:\/\/pharmabiz.pt\/wp-content\/uploads\/2015\/10\/OX-Nature-Cacau-em-po_Great-Taste-2018-1024x399.jpg 1024w, https:\/\/pharmabiz.pt\/wp-content\/uploads\/2015\/10\/OX-Nature-Cacau-em-po_Great-Taste-2018-300x117.jpg 300w, https:\/\/pharmabiz.pt\/wp-content\/uploads\/2015\/10\/OX-Nature-Cacau-em-po_Great-Taste-2018-768x299.jpg 768w, https:\/\/pharmabiz.pt\/wp-content\/uploads\/2015\/10\/OX-Nature-Cacau-em-po_Great-Taste-2018-1200x468.jpg 1200w, https:\/\/pharmabiz.pt\/wp-content\/uploads\/2015\/10\/OX-Nature-Cacau-em-po_Great-Taste-2018-600x234.jpg 600w, https:\/\/pharmabiz.pt\/wp-content\/uploads\/2015\/10\/OX-Nature-Cacau-em-po_Great-Taste-2018.jpg 1509w\" sizes=\"auto, (max-width: 1024px) 100vw, 1024px\" \/>[\/vc_column_text][\/vc_column][\/vc_row]<\/p>\n<\/div>","protected":false},"excerpt":{"rendered":"<p style=\"font-weight: 400;\">LA &#8220;COMIDA DE LOS DIOSES&#8221; MAYA<\/p>\n<p style=\"font-weight: 400;\"><strong>CACAO CRUDO &#8211; COMERCIO JUSTO &#8211; ALIMENTO FUNCIONAL &#8211; RICO EN ANTIOXIDANTES &#8211; CONTIENE FLAVONOIDES Y POLIFENOLES &#8211; RICO EN F\u00d3SFORO, MAGNESIO, HIERRO, COBRE Y MANGANESO &#8211; SIN AZ\u00daCARES A\u00d1ADIDOS &#8211; APTO PARA NI\u00d1OS &#8211; DELICIOSO, PURO Y NUTRITIVO<\/strong><\/p>\n<p>RICO EN MAGNESIO &#8211; <strong>ENERG\u00cdA Y VIGOR*<br \/>\n<\/strong>RICO EN COBRE &#8211; <strong>SISTEMA INMUNITARIO*<\/strong><\/p>\n<p><span class=\"textexposedshow\">100% ECOL\u00d3GICO, COMERCIO JUSTO, CRUDO, NO TRANSG\u00c9NICO, SIN GLUTEN, PALEO, CETO, VEGANO<\/span><\/p>\n<p><img loading=\"lazy\" decoding=\"async\" class=\"alignnone wp-image-10327\" src=\"https:\/\/pharmabiz.pt\/wp-content\/uploads\/2024\/03\/BIO-Icone-300x291.png\" alt=\"\" width=\"77\" height=\"75\" srcset=\"https:\/\/pharmabiz.pt\/wp-content\/uploads\/2024\/03\/BIO-Icone-300x291.png 300w, https:\/\/pharmabiz.pt\/wp-content\/uploads\/2024\/03\/BIO-Icone-1024x994.png 1024w, https:\/\/pharmabiz.pt\/wp-content\/uploads\/2024\/03\/BIO-Icone-768x746.png 768w, https:\/\/pharmabiz.pt\/wp-content\/uploads\/2024\/03\/BIO-Icone-1536x1491.png 1536w, https:\/\/pharmabiz.pt\/wp-content\/uploads\/2024\/03\/BIO-Icone-1200x1165.png 1200w, https:\/\/pharmabiz.pt\/wp-content\/uploads\/2024\/03\/BIO-Icone-45x45.png 45w, https:\/\/pharmabiz.pt\/wp-content\/uploads\/2024\/03\/BIO-Icone-600x582.png 600w, https:\/\/pharmabiz.pt\/wp-content\/uploads\/2024\/03\/BIO-Icone.png 1814w\" sizes=\"auto, (max-width: 77px) 100vw, 77px\" \/> <img loading=\"lazy\" decoding=\"async\" class=\"alignnone wp-image-10354\" src=\"https:\/\/pharmabiz.pt\/wp-content\/uploads\/2024\/03\/PLANT-BASED-Icone-300x290.png\" alt=\"\" width=\"78\" height=\"75\" srcset=\"https:\/\/pharmabiz.pt\/wp-content\/uploads\/2024\/03\/PLANT-BASED-Icone-300x290.png 300w, https:\/\/pharmabiz.pt\/wp-content\/uploads\/2024\/03\/PLANT-BASED-Icone-1024x991.png 1024w, https:\/\/pharmabiz.pt\/wp-content\/uploads\/2024\/03\/PLANT-BASED-Icone-768x743.png 768w, https:\/\/pharmabiz.pt\/wp-content\/uploads\/2024\/03\/PLANT-BASED-Icone-1536x1486.png 1536w, https:\/\/pharmabiz.pt\/wp-content\/uploads\/2024\/03\/PLANT-BASED-Icone-1200x1161.png 1200w, https:\/\/pharmabiz.pt\/wp-content\/uploads\/2024\/03\/PLANT-BASED-Icone-600x581.png 600w, https:\/\/pharmabiz.pt\/wp-content\/uploads\/2024\/03\/PLANT-BASED-Icone.png 1886w\" sizes=\"auto, (max-width: 78px) 100vw, 78px\" \/> <img loading=\"lazy\" decoding=\"async\" class=\"alignnone wp-image-10357\" src=\"https:\/\/pharmabiz.pt\/wp-content\/uploads\/2024\/03\/RAW-icone-300x302.png\" alt=\"\" width=\"74\" height=\"75\" srcset=\"https:\/\/pharmabiz.pt\/wp-content\/uploads\/2024\/03\/RAW-icone-300x302.png 300w, https:\/\/pharmabiz.pt\/wp-content\/uploads\/2024\/03\/RAW-icone-1017x1024.png 1017w, https:\/\/pharmabiz.pt\/wp-content\/uploads\/2024\/03\/RAW-icone-150x150.png 150w, https:\/\/pharmabiz.pt\/wp-content\/uploads\/2024\/03\/RAW-icone-768x773.png 768w, https:\/\/pharmabiz.pt\/wp-content\/uploads\/2024\/03\/RAW-icone-1525x1536.png 1525w, https:\/\/pharmabiz.pt\/wp-content\/uploads\/2024\/03\/RAW-icone-1200x1208.png 1200w, https:\/\/pharmabiz.pt\/wp-content\/uploads\/2024\/03\/RAW-icone-45x45.png 45w, https:\/\/pharmabiz.pt\/wp-content\/uploads\/2024\/03\/RAW-icone-600x604.png 600w, https:\/\/pharmabiz.pt\/wp-content\/uploads\/2024\/03\/RAW-icone-100x100.png 100w, https:\/\/pharmabiz.pt\/wp-content\/uploads\/2024\/03\/RAW-icone.png 1737w\" sizes=\"auto, (max-width: 74px) 100vw, 74px\" \/> <img loading=\"lazy\" decoding=\"async\" class=\"alignnone wp-image-10336\" src=\"https:\/\/pharmabiz.pt\/wp-content\/uploads\/2024\/03\/GMO-FREE-Icone-300x299.png\" alt=\"\" width=\"75\" height=\"75\" srcset=\"https:\/\/pharmabiz.pt\/wp-content\/uploads\/2024\/03\/GMO-FREE-Icone-300x299.png 300w, https:\/\/pharmabiz.pt\/wp-content\/uploads\/2024\/03\/GMO-FREE-Icone-1024x1021.png 1024w, https:\/\/pharmabiz.pt\/wp-content\/uploads\/2024\/03\/GMO-FREE-Icone-150x150.png 150w, https:\/\/pharmabiz.pt\/wp-content\/uploads\/2024\/03\/GMO-FREE-Icone-768x765.png 768w, https:\/\/pharmabiz.pt\/wp-content\/uploads\/2024\/03\/GMO-FREE-Icone-1536x1531.png 1536w, https:\/\/pharmabiz.pt\/wp-content\/uploads\/2024\/03\/GMO-FREE-Icone-1200x1196.png 1200w, https:\/\/pharmabiz.pt\/wp-content\/uploads\/2024\/03\/GMO-FREE-Icone-45x45.png 45w, https:\/\/pharmabiz.pt\/wp-content\/uploads\/2024\/03\/GMO-FREE-Icone-600x598.png 600w, https:\/\/pharmabiz.pt\/wp-content\/uploads\/2024\/03\/GMO-FREE-Icone-100x100.png 100w, https:\/\/pharmabiz.pt\/wp-content\/uploads\/2024\/03\/GMO-FREE-Icone.png 1833w\" sizes=\"auto, (max-width: 75px) 100vw, 75px\" \/> <img loading=\"lazy\" decoding=\"async\" class=\"alignnone wp-image-10333\" src=\"https:\/\/pharmabiz.pt\/wp-content\/uploads\/2024\/03\/GLUTEN-FREE-Icone-300x305.png\" alt=\"\" width=\"74\" height=\"75\" srcset=\"https:\/\/pharmabiz.pt\/wp-content\/uploads\/2024\/03\/GLUTEN-FREE-Icone-300x305.png 300w, https:\/\/pharmabiz.pt\/wp-content\/uploads\/2024\/03\/GLUTEN-FREE-Icone-1007x1024.png 1007w, https:\/\/pharmabiz.pt\/wp-content\/uploads\/2024\/03\/GLUTEN-FREE-Icone-150x150.png 150w, https:\/\/pharmabiz.pt\/wp-content\/uploads\/2024\/03\/GLUTEN-FREE-Icone-768x781.png 768w, https:\/\/pharmabiz.pt\/wp-content\/uploads\/2024\/03\/GLUTEN-FREE-Icone-1510x1536.png 1510w, https:\/\/pharmabiz.pt\/wp-content\/uploads\/2024\/03\/GLUTEN-FREE-Icone-1200x1221.png 1200w, https:\/\/pharmabiz.pt\/wp-content\/uploads\/2024\/03\/GLUTEN-FREE-Icone-45x45.png 45w, https:\/\/pharmabiz.pt\/wp-content\/uploads\/2024\/03\/GLUTEN-FREE-Icone-600x610.png 600w, https:\/\/pharmabiz.pt\/wp-content\/uploads\/2024\/03\/GLUTEN-FREE-Icone-100x100.png 100w, https:\/\/pharmabiz.pt\/wp-content\/uploads\/2024\/03\/GLUTEN-FREE-Icone.png 1796w\" sizes=\"auto, (max-width: 74px) 100vw, 74px\" \/> <img loading=\"lazy\" decoding=\"async\" class=\"alignnone wp-image-10351\" src=\"https:\/\/pharmabiz.pt\/wp-content\/uploads\/2024\/03\/PALEO-Icone-300x301.png\" alt=\"\" width=\"75\" height=\"75\" srcset=\"https:\/\/pharmabiz.pt\/wp-content\/uploads\/2024\/03\/PALEO-Icone-300x301.png 300w, https:\/\/pharmabiz.pt\/wp-content\/uploads\/2024\/03\/PALEO-Icone-1022x1024.png 1022w, https:\/\/pharmabiz.pt\/wp-content\/uploads\/2024\/03\/PALEO-Icone-150x150.png 150w, https:\/\/pharmabiz.pt\/wp-content\/uploads\/2024\/03\/PALEO-Icone-768x769.png 768w, https:\/\/pharmabiz.pt\/wp-content\/uploads\/2024\/03\/PALEO-Icone-1533x1536.png 1533w, https:\/\/pharmabiz.pt\/wp-content\/uploads\/2024\/03\/PALEO-Icone-1200x1202.png 1200w, https:\/\/pharmabiz.pt\/wp-content\/uploads\/2024\/03\/PALEO-Icone-45x45.png 45w, https:\/\/pharmabiz.pt\/wp-content\/uploads\/2024\/03\/PALEO-Icone-600x601.png 600w, https:\/\/pharmabiz.pt\/wp-content\/uploads\/2024\/03\/PALEO-Icone-100x100.png 100w, https:\/\/pharmabiz.pt\/wp-content\/uploads\/2024\/03\/PALEO-Icone.png 1782w\" sizes=\"auto, (max-width: 75px) 100vw, 75px\" \/> <img loading=\"lazy\" decoding=\"async\" class=\"alignnone wp-image-10339\" src=\"https:\/\/pharmabiz.pt\/wp-content\/uploads\/2024\/03\/KETO.Icone_-300x300.png\" alt=\"\" width=\"75\" height=\"75\" srcset=\"https:\/\/pharmabiz.pt\/wp-content\/uploads\/2024\/03\/KETO.Icone_-300x300.png 300w, https:\/\/pharmabiz.pt\/wp-content\/uploads\/2024\/03\/KETO.Icone_-1024x1022.png 1024w, https:\/\/pharmabiz.pt\/wp-content\/uploads\/2024\/03\/KETO.Icone_-150x150.png 150w, https:\/\/pharmabiz.pt\/wp-content\/uploads\/2024\/03\/KETO.Icone_-768x767.png 768w, https:\/\/pharmabiz.pt\/wp-content\/uploads\/2024\/03\/KETO.Icone_-1536x1533.png 1536w, https:\/\/pharmabiz.pt\/wp-content\/uploads\/2024\/03\/KETO.Icone_-1200x1198.png 1200w, https:\/\/pharmabiz.pt\/wp-content\/uploads\/2024\/03\/KETO.Icone_-45x45.png 45w, https:\/\/pharmabiz.pt\/wp-content\/uploads\/2024\/03\/KETO.Icone_-600x599.png 600w, https:\/\/pharmabiz.pt\/wp-content\/uploads\/2024\/03\/KETO.Icone_-100x100.png 100w, https:\/\/pharmabiz.pt\/wp-content\/uploads\/2024\/03\/KETO.Icone_.png 1805w\" sizes=\"auto, (max-width: 75px) 100vw, 75px\" \/> <img loading=\"lazy\" decoding=\"async\" class=\"alignnone wp-image-10360\" src=\"https:\/\/pharmabiz.pt\/wp-content\/uploads\/2024\/03\/VEGAN-Icone-300x308.png\" alt=\"\" width=\"73\" height=\"75\" srcset=\"https:\/\/pharmabiz.pt\/wp-content\/uploads\/2024\/03\/VEGAN-Icone-300x308.png 300w, https:\/\/pharmabiz.pt\/wp-content\/uploads\/2024\/03\/VEGAN-Icone-996x1024.png 996w, https:\/\/pharmabiz.pt\/wp-content\/uploads\/2024\/03\/VEGAN-Icone-768x790.png 768w, https:\/\/pharmabiz.pt\/wp-content\/uploads\/2024\/03\/VEGAN-Icone-1494x1536.png 1494w, https:\/\/pharmabiz.pt\/wp-content\/uploads\/2024\/03\/VEGAN-Icone-1200x1234.png 1200w, https:\/\/pharmabiz.pt\/wp-content\/uploads\/2024\/03\/VEGAN-Icone-45x45.png 45w, https:\/\/pharmabiz.pt\/wp-content\/uploads\/2024\/03\/VEGAN-Icone-600x617.png 600w, https:\/\/pharmabiz.pt\/wp-content\/uploads\/2024\/03\/VEGAN-Icone.png 1808w\" sizes=\"auto, (max-width: 73px) 100vw, 73px\" \/><\/p>\n","protected":false},"featured_media":11100,"comment_status":"closed","ping_status":"closed","template":"","meta":{"_acf_changed":false},"product_brand":[],"product_cat":[139,149,259,255,140,252,141],"product_tag":[407,466,185,235,206,238,199,422,209,153,203],"class_list":{"0":"post-3849","1":"product","2":"type-product","3":"status-publish","4":"has-post-thumbnail","6":"product_cat-alimentacion","7":"product_cat-cacao-y-chocolate","8":"product_cat-comercio-justo-es","9":"product_cat-ecologicos","10":"product_cat-sin-gluten","11":"product_cat-sin-lactosa","12":"product_cat-superalimentos","13":"product_tag-anti-edad","14":"product_tag-antidepresivo","15":"product_tag-antioxidantes","16":"product_tag-colesterol-y-trigliceridos","17":"product_tag-corazon","18":"product_tag-energia-y-vitalidad-es","19":"product_tag-huesos-y-articulaciones","20":"product_tag-magnesio-es","21":"product_tag-memoria-es","22":"product_tag-sistema-inmunitario","23":"product_tag-stress-es","24":"pa_marca-ox-nature-es","26":"first","27":"instock","28":"taxable","29":"shipping-taxable","30":"purchasable","31":"product-type-simple"},"acf":[],"_links":{"self":[{"href":"https:\/\/pharmabiz.pt\/es\/wp-json\/wp\/v2\/product\/3849","targetHints":{"allow":["GET"]}}],"collection":[{"href":"https:\/\/pharmabiz.pt\/es\/wp-json\/wp\/v2\/product"}],"about":[{"href":"https:\/\/pharmabiz.pt\/es\/wp-json\/wp\/v2\/types\/product"}],"replies":[{"embeddable":true,"href":"https:\/\/pharmabiz.pt\/es\/wp-json\/wp\/v2\/comments?post=3849"}],"wp:featuredmedia":[{"embeddable":true,"href":"https:\/\/pharmabiz.pt\/es\/wp-json\/wp\/v2\/media\/11100"}],"wp:attachment":[{"href":"https:\/\/pharmabiz.pt\/es\/wp-json\/wp\/v2\/media?parent=3849"}],"wp:term":[{"taxonomy":"product_brand","embeddable":true,"href":"https:\/\/pharmabiz.pt\/es\/wp-json\/wp\/v2\/product_brand?post=3849"},{"taxonomy":"product_cat","embeddable":true,"href":"https:\/\/pharmabiz.pt\/es\/wp-json\/wp\/v2\/product_cat?post=3849"},{"taxonomy":"product_tag","embeddable":true,"href":"https:\/\/pharmabiz.pt\/es\/wp-json\/wp\/v2\/product_tag?post=3849"}],"curies":[{"name":"wp","href":"https:\/\/api.w.org\/{rel}","templated":true}]}}