{"id":3854,"date":"2015-10-10T16:37:24","date_gmt":"2015-10-10T15:37:24","guid":{"rendered":"https:\/\/pharmabiz.pt\/produto\/artisan-chocolate-70-cacau-drops\/"},"modified":"2024-05-08T13:34:52","modified_gmt":"2024-05-08T12:34:52","slug":"ox-gotas-de-chocolate-negro-artesano-70-cacao-criollo-comercio-justo-ecologico-80g","status":"publish","type":"product","link":"https:\/\/pharmabiz.pt\/es\/producto\/ox-gotas-de-chocolate-negro-artesano-70-cacao-criollo-comercio-justo-ecologico-80g\/","title":{"rendered":"OX GOTAS DE CHOCOLATE NEGRO ARTESANO, 70% CACAO CRIOLLO, COMERCIO JUSTO, ECOL\u00d3GICO 80g"},"content":{"rendered":"<div class=\"wpb-content-wrapper\"><p>[vc_row][vc_column width=&#8221;1\/2&#8243;][vc_column_text]<\/p>\n<div id=\"description\" class=\"panel entry-content\">\n<p><img loading=\"lazy\" decoding=\"async\" class=\"alignnone wp-image-11234 size-large\" src=\"https:\/\/pharmabiz.pt\/wp-content\/uploads\/2015\/10\/Ingredientes-OX-Nature-Artisan-Chocolate-Drops-1024x652.jpg\" alt=\"\" width=\"1024\" height=\"652\" srcset=\"https:\/\/pharmabiz.pt\/wp-content\/uploads\/2015\/10\/Ingredientes-OX-Nature-Artisan-Chocolate-Drops-1024x652.jpg 1024w, https:\/\/pharmabiz.pt\/wp-content\/uploads\/2015\/10\/Ingredientes-OX-Nature-Artisan-Chocolate-Drops-300x191.jpg 300w, https:\/\/pharmabiz.pt\/wp-content\/uploads\/2015\/10\/Ingredientes-OX-Nature-Artisan-Chocolate-Drops-768x489.jpg 768w, https:\/\/pharmabiz.pt\/wp-content\/uploads\/2015\/10\/Ingredientes-OX-Nature-Artisan-Chocolate-Drops-600x382.jpg 600w, https:\/\/pharmabiz.pt\/wp-content\/uploads\/2015\/10\/Ingredientes-OX-Nature-Artisan-Chocolate-Drops.jpg 1064w\" sizes=\"auto, (max-width: 1024px) 100vw, 1024px\" \/><\/p>\n<div>\n<p><strong>OX NATURE GOTAS DE CHOCOLATE NEGRO ECOL\u00d3GICO ARTESANAL, 70% CACAO CRIOLLO, COMERCIO JUSTO<\/strong><\/p>\n<p>El \u00e1rbol del cacao es una peque\u00f1a planta perenne llamada Theobroma Cacao, que significa &#8220;Alimento de los Dioses&#8221;. Crece en climas tropicales, principalmente en Sudam\u00e9rica. La fruta era muy apreciada entre los pueblos maya y azteca y los espa\u00f1oles la trajeron a Europa. Estos pueblos precolombinos utilizaban el cacao para producir una bebida que era una gran fuente de energ\u00eda.<\/p>\n<p>Todos los ingredientes utilizados para elaborar nuestro chocolate son 100% ecol\u00f3gicos y el az\u00facar utilizado es az\u00facar de ca\u00f1a sin refinar de comercio justo.<\/p>\n<p>Nuestro chocolate se elabora en una Unidad de Producci\u00f3n Artesanal. Nuestro chocolate tiene forma de barquillo, redondeado en la parte superior y plano en la inferior, encajando perfectamente entre la lengua y el paladar para que pueda disfrutarse mientras se funde en la boca, permiti\u00e9ndote sentir y apreciar el verdadero sabor del chocolate.<\/p>\n<\/div>\n<h4><strong>Denominaci\u00f3n de venta:<\/strong><\/h4>\n<p>Gotas de Chocolate Artesano OX Nature 70% Cacao Criollo Bio 80g<\/p>\n<h4><strong>Ingredientes:<\/strong><\/h4>\n<p>Cacao en grano* (67%), az\u00facar de ca\u00f1a integral sin refinar* (30%) y manteca de cacao* (3%). Contenido de cacao: 70%. *Ingredientes 100% ecol\u00f3gicos.<\/p>\n<h4><strong>Instrucciones de uso:<\/strong><\/h4>\n<p>Puedes disfrutar de nuestros chocolates como tentempi\u00e9, como cacao caliente o utilizarlos en una gran variedad de creaciones culinarias.<\/p>\n<h4><strong>Conservaci\u00f3n:<\/strong><\/h4>\n<p>Para mantener la integridad de este producto, cierra bien el envase y gu\u00e1rdalo en un lugar fresco y seco, alejado del calor y de la luz solar.<\/p>\n<h4><strong>Advertencia:<\/strong><\/h4>\n<p>Las Gotas de Chocolate no deben utilizarse como sustituto de una dieta variada y equilibrada y de un estilo de vida sano. Si est\u00e1s embarazada, en per\u00edodo de lactancia o tomas medicaci\u00f3n, pide consejo a tu m\u00e9dico. En caso de cualquier reacci\u00f3n adversa, interrumpe su uso y consulta a tu m\u00e9dico o nutricionista.<\/p>\n<p><em><strong>*Este producto no est\u00e1 destinado a diagnosticar, tratar, curar ni prevenir ninguna enfermedad, util\u00edzalo s\u00f3lo como suplemento diet\u00e9tico.<\/strong><\/em><\/p>\n<h4><strong>Peso neto:<\/strong><\/h4>\n<p>80g<\/p>\n<h4><strong>Caja de transporte:<\/strong><\/h4>\n<p>12 x 80 g<\/p>\n<h4><strong>Fuente:<\/strong><\/h4>\n<p>Per\u00fa<\/p>\n<h4><strong>Distribuido por:<\/strong><\/h4>\n<p>Pharmabiz, Lda.<\/p>\n<p>&nbsp;<\/p>\n<p>&nbsp;<\/p>\n<\/div>\n<p>[\/vc_column_text][\/vc_column][vc_column width=&#8221;1\/2&#8243;]<div class=\"nflc nutrition-section std\">\t\r\n\t\t<ul class=\"nutrition-table\" itemprop=\"nutrition\" itemscope itemtype=\"http:\/\/schema.org\/NutritionInformation\">\r\n\t\t\t<li class=\"nt-header b-0\"><h2 class=\"nt-title\">Declara\u00e7\u00e3o Nutricional por 100g<\/h2><\/li><li class=\"nt-row b-0\"><span class=\"nt-label col-50\">Servings Per Container<\/span><span class=\"nt-value col-50\" itemprop=\"servingSize\">8<\/span><\/li><li class=\"nt-row sep-10 serving-size\"><span class=\"nt-label col-50\">Serving Size<\/span><span class=\"nt-value col-50\" itemprop=\"servingSize\">10g<\/span><\/li><li class=\"nt-row font-bold b-0\"><span class=\"nt-label\">Amount per serving<\/span><\/li><li class=\"nt-row font-bold calories sep-8\"><span class=\"nt-label col-70\">Calories<\/span><span class=\"nt-value col-30\" itemprop=\"servingSize\">60<\/span><\/li><li class=\"nt-head font-bold sep-4\"><span class=\"nt-label nutrient-label col-40\"><\/span><span class=\"nt-label amount-label col-30\"><\/span><span class=\"pdv-label col-30\">% Daily Value*<\/span><\/li><br \/>\n<b>Warning<\/b>:  Undefined array key \"amt\" in <b>\/var\/www\/vhosts\/pharmabiz.pt\/httpdocs\/wp-content\/plugins\/nutrition-facts-label-creator\/nflc_templates\/default.php<\/b> on line <b>137<\/b><br \/>\n<br \/>\n<b>Warning<\/b>:  Undefined array key \"unit\" in <b>\/var\/www\/vhosts\/pharmabiz.pt\/httpdocs\/wp-content\/plugins\/nutrition-facts-label-creator\/nflc_templates\/default.php<\/b> on line <b>137<\/b><br \/>\n<li><span class=\"nt-label col-40 font-bold\">VALORES M\u00c9DIOS<\/span><span class=\"nt-amount col-30\"> <\/span><\/li><br \/>\n<b>Warning<\/b>:  A non-numeric value encountered in <b>\/var\/www\/vhosts\/pharmabiz.pt\/httpdocs\/wp-content\/plugins\/nutrition-facts-label-creator\/nflc_templates\/default.php<\/b> on line <b>122<\/b><br \/>\n<br \/>\n<b>Warning<\/b>:  Undefined array key \"unit\" in <b>\/var\/www\/vhosts\/pharmabiz.pt\/httpdocs\/wp-content\/plugins\/nutrition-facts-label-creator\/nflc_templates\/default.php<\/b> on line <b>137<\/b><br \/>\n<br \/>\n<b>Warning<\/b>:  Undefined array key \"unit\" in <b>\/var\/www\/vhosts\/pharmabiz.pt\/httpdocs\/wp-content\/plugins\/nutrition-facts-label-creator\/nflc_templates\/default.php<\/b> on line <b>138<\/b><br \/>\n<li><span class=\"nt-label col-40 font-bold\">Energia kJ \/ kcal<\/span><span class=\"nt-amount col-30\">2519 \/ 606  <\/span><span class=\"nt-value col-30\">29.99%<\/span><\/li><li><span class=\"nt-label col-40 font-bold\">L\u00edpidos totais<\/span><span class=\"nt-amount col-30\">44 g<\/span><span class=\"nt-value col-30\">62.86%<\/span><\/li><li class=\"nt-sublevel-1\"><span class=\"nt-label col-40\">.dos quais saturados<\/span><span class=\"nt-amount col-30\">27 g<\/span><span class=\"nt-value col-30\"><b>135%<\/b><\/span><\/li><li><span class=\"nt-label col-40 font-bold\">Hidratos de Carbono<\/span><span class=\"nt-amount col-30\">45 g<\/span><span class=\"nt-value col-30\">17.31%<\/span><\/li><li class=\"nt-sublevel-1\"><span class=\"nt-label col-40\">.dos quais a\u00e7\u00facares<\/span><span class=\"nt-amount col-30\">27 g<\/span><span class=\"nt-value col-30\">30%<\/span><\/li><li><span class=\"nt-label col-40 font-bold\">Prote\u00ednas<\/span><span class=\"nt-amount col-30\">8.8 g<\/span><span class=\"nt-value col-30\">17.6%<\/span><\/li><li><span class=\"nt-label col-40\">Sal (naturalmente presente)<\/span><span class=\"nt-amount col-30\">0.08 g<\/span><span class=\"nt-value col-30\">1.33%<\/span><\/li><li class=\"nt-footer b-0\">*DR - Dose de Refer\u00eancia para um adulto m\u00e9dio (8400kJ \/ 2000 kcal).<br \/>\n**VRN - Valor de Refer\u00eancia do Nutriente.<br \/>\nNOTA - Os Valores Nutricionais podem variar de acordo com a sazonalidade.<\/li>\t\t<\/ul><!-- \/.nutrition-table -->\r\n\t<\/div><!-- \/.nutrition-section -->[vc_empty_space][vc_column_text]<strong>PROPIEDADES NUTRICIONALES<\/strong><\/p>\n<p>Nuestras habas de cacao crudo proceden de la variedad Criollo, a la que se suele llamar &#8220;Rey del Cacao&#8221; por la gran calidad de sus habas. Por eso, nuestro chocolate tiene un valor nutritivo superior, ya que es rico en antioxidantes, flavonoides, polifenoles, amino\u00e1cidos y minerales.<\/p>\n<p><img loading=\"lazy\" decoding=\"async\" class=\"alignnone wp-image-11238 size-large\" src=\"https:\/\/pharmabiz.pt\/wp-content\/uploads\/2015\/10\/OX-Nature-Artisan-Chocolate-Drops-Bio-1024x576.jpg\" alt=\"\" width=\"1024\" height=\"576\" srcset=\"https:\/\/pharmabiz.pt\/wp-content\/uploads\/2015\/10\/OX-Nature-Artisan-Chocolate-Drops-Bio-1024x576.jpg 1024w, https:\/\/pharmabiz.pt\/wp-content\/uploads\/2015\/10\/OX-Nature-Artisan-Chocolate-Drops-Bio-300x169.jpg 300w, https:\/\/pharmabiz.pt\/wp-content\/uploads\/2015\/10\/OX-Nature-Artisan-Chocolate-Drops-Bio-768x432.jpg 768w, https:\/\/pharmabiz.pt\/wp-content\/uploads\/2015\/10\/OX-Nature-Artisan-Chocolate-Drops-Bio-1200x675.jpg 1200w, https:\/\/pharmabiz.pt\/wp-content\/uploads\/2015\/10\/OX-Nature-Artisan-Chocolate-Drops-Bio-600x338.jpg 600w, https:\/\/pharmabiz.pt\/wp-content\/uploads\/2015\/10\/OX-Nature-Artisan-Chocolate-Drops-Bio.jpg 1344w\" sizes=\"auto, (max-width: 1024px) 100vw, 1024px\" \/>[\/vc_column_text][\/vc_column][\/vc_row]<\/p>\n<\/div>","protected":false},"excerpt":{"rendered":"<div>\n<p><strong>CHOCOLATE NEGRO ARTESANO &#8211; COMERCIO JUSTO &#8211; 70% CACAO CRIOLLO (PER\u00da) &#8211; AZ\u00daCAR DE CA\u00d1A SIN REFINAR &#8211; SIN GLUTEN NI LACTOSA &#8211; DELICIOSO, PURO Y NUTRITIVO<\/strong><b> <\/b><\/p>\n<\/div>\n<div>\n<p>INGREDIENTES 100% ECOL\u00d3GICOS<br \/>\n<strong>COMERCIO JUSTO &#8211; COMERCIO JUSTO<\/strong><\/p>\n<\/div>\n<p>100% ECOL\u00d3GICO, COMERCIO JUSTO, NO TRANSG\u00c9NICO, SIN GLUTEN NI LACTOSA, VEGANO<\/p>\n<p><img loading=\"lazy\" decoding=\"async\" class=\"alignnone wp-image-10327\" src=\"https:\/\/pharmabiz.pt\/wp-content\/uploads\/2024\/03\/BIO-Icone-300x291.png\" alt=\"\" width=\"77\" height=\"75\" srcset=\"https:\/\/pharmabiz.pt\/wp-content\/uploads\/2024\/03\/BIO-Icone-300x291.png 300w, https:\/\/pharmabiz.pt\/wp-content\/uploads\/2024\/03\/BIO-Icone-1024x994.png 1024w, https:\/\/pharmabiz.pt\/wp-content\/uploads\/2024\/03\/BIO-Icone-768x746.png 768w, https:\/\/pharmabiz.pt\/wp-content\/uploads\/2024\/03\/BIO-Icone-1536x1491.png 1536w, https:\/\/pharmabiz.pt\/wp-content\/uploads\/2024\/03\/BIO-Icone-1200x1165.png 1200w, https:\/\/pharmabiz.pt\/wp-content\/uploads\/2024\/03\/BIO-Icone-45x45.png 45w, https:\/\/pharmabiz.pt\/wp-content\/uploads\/2024\/03\/BIO-Icone-600x582.png 600w, https:\/\/pharmabiz.pt\/wp-content\/uploads\/2024\/03\/BIO-Icone.png 1814w\" sizes=\"auto, (max-width: 77px) 100vw, 77px\" \/> <img loading=\"lazy\" decoding=\"async\" class=\"alignnone wp-image-10354\" src=\"https:\/\/pharmabiz.pt\/wp-content\/uploads\/2024\/03\/PLANT-BASED-Icone-300x290.png\" alt=\"\" width=\"78\" height=\"75\" srcset=\"https:\/\/pharmabiz.pt\/wp-content\/uploads\/2024\/03\/PLANT-BASED-Icone-300x290.png 300w, https:\/\/pharmabiz.pt\/wp-content\/uploads\/2024\/03\/PLANT-BASED-Icone-1024x991.png 1024w, https:\/\/pharmabiz.pt\/wp-content\/uploads\/2024\/03\/PLANT-BASED-Icone-768x743.png 768w, https:\/\/pharmabiz.pt\/wp-content\/uploads\/2024\/03\/PLANT-BASED-Icone-1536x1486.png 1536w, https:\/\/pharmabiz.pt\/wp-content\/uploads\/2024\/03\/PLANT-BASED-Icone-1200x1161.png 1200w, https:\/\/pharmabiz.pt\/wp-content\/uploads\/2024\/03\/PLANT-BASED-Icone-600x581.png 600w, https:\/\/pharmabiz.pt\/wp-content\/uploads\/2024\/03\/PLANT-BASED-Icone.png 1886w\" sizes=\"auto, (max-width: 78px) 100vw, 78px\" \/> <img loading=\"lazy\" decoding=\"async\" class=\"alignnone wp-image-10336\" src=\"https:\/\/pharmabiz.pt\/wp-content\/uploads\/2024\/03\/GMO-FREE-Icone-300x299.png\" alt=\"\" width=\"75\" height=\"75\" srcset=\"https:\/\/pharmabiz.pt\/wp-content\/uploads\/2024\/03\/GMO-FREE-Icone-300x299.png 300w, https:\/\/pharmabiz.pt\/wp-content\/uploads\/2024\/03\/GMO-FREE-Icone-1024x1021.png 1024w, https:\/\/pharmabiz.pt\/wp-content\/uploads\/2024\/03\/GMO-FREE-Icone-150x150.png 150w, https:\/\/pharmabiz.pt\/wp-content\/uploads\/2024\/03\/GMO-FREE-Icone-768x765.png 768w, https:\/\/pharmabiz.pt\/wp-content\/uploads\/2024\/03\/GMO-FREE-Icone-1536x1531.png 1536w, https:\/\/pharmabiz.pt\/wp-content\/uploads\/2024\/03\/GMO-FREE-Icone-1200x1196.png 1200w, https:\/\/pharmabiz.pt\/wp-content\/uploads\/2024\/03\/GMO-FREE-Icone-45x45.png 45w, https:\/\/pharmabiz.pt\/wp-content\/uploads\/2024\/03\/GMO-FREE-Icone-600x598.png 600w, https:\/\/pharmabiz.pt\/wp-content\/uploads\/2024\/03\/GMO-FREE-Icone-100x100.png 100w, https:\/\/pharmabiz.pt\/wp-content\/uploads\/2024\/03\/GMO-FREE-Icone.png 1833w\" sizes=\"auto, (max-width: 75px) 100vw, 75px\" \/> <img loading=\"lazy\" decoding=\"async\" class=\"alignnone wp-image-10333\" src=\"https:\/\/pharmabiz.pt\/wp-content\/uploads\/2024\/03\/GLUTEN-FREE-Icone-300x305.png\" alt=\"\" width=\"74\" height=\"75\" srcset=\"https:\/\/pharmabiz.pt\/wp-content\/uploads\/2024\/03\/GLUTEN-FREE-Icone-300x305.png 300w, https:\/\/pharmabiz.pt\/wp-content\/uploads\/2024\/03\/GLUTEN-FREE-Icone-1007x1024.png 1007w, https:\/\/pharmabiz.pt\/wp-content\/uploads\/2024\/03\/GLUTEN-FREE-Icone-150x150.png 150w, https:\/\/pharmabiz.pt\/wp-content\/uploads\/2024\/03\/GLUTEN-FREE-Icone-768x781.png 768w, https:\/\/pharmabiz.pt\/wp-content\/uploads\/2024\/03\/GLUTEN-FREE-Icone-1510x1536.png 1510w, https:\/\/pharmabiz.pt\/wp-content\/uploads\/2024\/03\/GLUTEN-FREE-Icone-1200x1221.png 1200w, https:\/\/pharmabiz.pt\/wp-content\/uploads\/2024\/03\/GLUTEN-FREE-Icone-45x45.png 45w, https:\/\/pharmabiz.pt\/wp-content\/uploads\/2024\/03\/GLUTEN-FREE-Icone-600x610.png 600w, https:\/\/pharmabiz.pt\/wp-content\/uploads\/2024\/03\/GLUTEN-FREE-Icone-100x100.png 100w, https:\/\/pharmabiz.pt\/wp-content\/uploads\/2024\/03\/GLUTEN-FREE-Icone.png 1796w\" sizes=\"auto, (max-width: 74px) 100vw, 74px\" \/> <img loading=\"lazy\" decoding=\"async\" class=\"alignnone wp-image-10342\" src=\"https:\/\/pharmabiz.pt\/wp-content\/uploads\/2024\/03\/LACTOSE-FREE-Icone-300x309.png\" alt=\"\" width=\"73\" height=\"75\" srcset=\"https:\/\/pharmabiz.pt\/wp-content\/uploads\/2024\/03\/LACTOSE-FREE-Icone-300x309.png 300w, https:\/\/pharmabiz.pt\/wp-content\/uploads\/2024\/03\/LACTOSE-FREE-Icone-994x1024.png 994w, https:\/\/pharmabiz.pt\/wp-content\/uploads\/2024\/03\/LACTOSE-FREE-Icone-768x791.png 768w, https:\/\/pharmabiz.pt\/wp-content\/uploads\/2024\/03\/LACTOSE-FREE-Icone-1491x1536.png 1491w, https:\/\/pharmabiz.pt\/wp-content\/uploads\/2024\/03\/LACTOSE-FREE-Icone-1200x1236.png 1200w, https:\/\/pharmabiz.pt\/wp-content\/uploads\/2024\/03\/LACTOSE-FREE-Icone-45x45.png 45w, https:\/\/pharmabiz.pt\/wp-content\/uploads\/2024\/03\/LACTOSE-FREE-Icone-600x618.png 600w, https:\/\/pharmabiz.pt\/wp-content\/uploads\/2024\/03\/LACTOSE-FREE-Icone.png 1822w\" sizes=\"auto, (max-width: 73px) 100vw, 73px\" \/> <img loading=\"lazy\" decoding=\"async\" class=\"alignnone wp-image-10360\" src=\"https:\/\/pharmabiz.pt\/wp-content\/uploads\/2024\/03\/VEGAN-Icone-300x308.png\" alt=\"\" width=\"73\" height=\"75\" srcset=\"https:\/\/pharmabiz.pt\/wp-content\/uploads\/2024\/03\/VEGAN-Icone-300x308.png 300w, https:\/\/pharmabiz.pt\/wp-content\/uploads\/2024\/03\/VEGAN-Icone-996x1024.png 996w, https:\/\/pharmabiz.pt\/wp-content\/uploads\/2024\/03\/VEGAN-Icone-768x790.png 768w, https:\/\/pharmabiz.pt\/wp-content\/uploads\/2024\/03\/VEGAN-Icone-1494x1536.png 1494w, https:\/\/pharmabiz.pt\/wp-content\/uploads\/2024\/03\/VEGAN-Icone-1200x1234.png 1200w, https:\/\/pharmabiz.pt\/wp-content\/uploads\/2024\/03\/VEGAN-Icone-45x45.png 45w, https:\/\/pharmabiz.pt\/wp-content\/uploads\/2024\/03\/VEGAN-Icone-600x617.png 600w, https:\/\/pharmabiz.pt\/wp-content\/uploads\/2024\/03\/VEGAN-Icone.png 1808w\" sizes=\"auto, (max-width: 73px) 100vw, 73px\" \/><\/p>\n","protected":false},"featured_media":11103,"comment_status":"closed","ping_status":"closed","template":"","meta":{"_acf_changed":false},"product_brand":[],"product_cat":[139,145,149,259,255,252],"product_tag":[238,209,203],"class_list":{"0":"post-3854","1":"product","2":"type-product","3":"status-publish","4":"has-post-thumbnail","6":"product_cat-alimentacion","7":"product_cat-barritas-y-snacks","8":"product_cat-cacao-y-chocolate","9":"product_cat-comercio-justo-es","10":"product_cat-ecologicos","11":"product_cat-sin-lactosa","12":"product_tag-energia-y-vitalidad-es","13":"product_tag-memoria-es","14":"product_tag-stress-es","15":"pa_marca-ox-nature-es","17":"first","18":"instock","19":"taxable","20":"shipping-taxable","21":"purchasable","22":"product-type-simple"},"acf":[],"_links":{"self":[{"href":"https:\/\/pharmabiz.pt\/es\/wp-json\/wp\/v2\/product\/3854","targetHints":{"allow":["GET"]}}],"collection":[{"href":"https:\/\/pharmabiz.pt\/es\/wp-json\/wp\/v2\/product"}],"about":[{"href":"https:\/\/pharmabiz.pt\/es\/wp-json\/wp\/v2\/types\/product"}],"replies":[{"embeddable":true,"href":"https:\/\/pharmabiz.pt\/es\/wp-json\/wp\/v2\/comments?post=3854"}],"wp:featuredmedia":[{"embeddable":true,"href":"https:\/\/pharmabiz.pt\/es\/wp-json\/wp\/v2\/media\/11103"}],"wp:attachment":[{"href":"https:\/\/pharmabiz.pt\/es\/wp-json\/wp\/v2\/media?parent=3854"}],"wp:term":[{"taxonomy":"product_brand","embeddable":true,"href":"https:\/\/pharmabiz.pt\/es\/wp-json\/wp\/v2\/product_brand?post=3854"},{"taxonomy":"product_cat","embeddable":true,"href":"https:\/\/pharmabiz.pt\/es\/wp-json\/wp\/v2\/product_cat?post=3854"},{"taxonomy":"product_tag","embeddable":true,"href":"https:\/\/pharmabiz.pt\/es\/wp-json\/wp\/v2\/product_tag?post=3854"}],"curies":[{"name":"wp","href":"https:\/\/api.w.org\/{rel}","templated":true}]}}