{"id":3862,"date":"2014-08-29T16:34:21","date_gmt":"2014-08-29T15:34:21","guid":{"rendered":"https:\/\/pharmabiz.pt\/produto\/polpa-do-fruto-baobab-po\/"},"modified":"2024-05-08T13:42:33","modified_gmt":"2024-05-08T12:42:33","slug":"ox-pulpa-de-fruto-de-baobab-en-polvo-deshidratado-por-naturaleza-ecologico-100g","status":"publish","type":"product","link":"https:\/\/pharmabiz.pt\/es\/producto\/ox-pulpa-de-fruto-de-baobab-en-polvo-deshidratado-por-naturaleza-ecologico-100g\/","title":{"rendered":"OX PULPA DE FRUTO DE BAOBAB EN POLVO, DESHIDRATADO POR NATURALEZA, ECOL\u00d3GICO 100g"},"content":{"rendered":"<div class=\"wpb-content-wrapper\"><p>[vc_row][vc_column width=&#8221;1\/2&#8243;][vc_column_text]<img loading=\"lazy\" decoding=\"async\" class=\"alignnone wp-image-11246 size-large\" src=\"https:\/\/pharmabiz.pt\/wp-content\/uploads\/2014\/08\/Arvore-Baobab-1-1024x681.jpg\" alt=\"\" width=\"1024\" height=\"681\" srcset=\"https:\/\/pharmabiz.pt\/wp-content\/uploads\/2014\/08\/Arvore-Baobab-1-1024x681.jpg 1024w, https:\/\/pharmabiz.pt\/wp-content\/uploads\/2014\/08\/Arvore-Baobab-1-300x200.jpg 300w, https:\/\/pharmabiz.pt\/wp-content\/uploads\/2014\/08\/Arvore-Baobab-1-768x511.jpg 768w, https:\/\/pharmabiz.pt\/wp-content\/uploads\/2014\/08\/Arvore-Baobab-1-600x399.jpg 600w, https:\/\/pharmabiz.pt\/wp-content\/uploads\/2014\/08\/Arvore-Baobab-1.jpg 1189w\" sizes=\"auto, (max-width: 1024px) 100vw, 1024px\" \/><\/p>\n<div class=\"woocommerce-tabs\">\n<div id=\"description\" class=\"panel entry-content\">\n<p><strong>OX NATURE PULPA DE FRUTO DE BAOBAB ECOL\u00d3GICO EN POLVO | POLVO SECO NATIVO<\/strong><\/p>\n<p>Fue el primer complejo natural org\u00e1nico creado, deshidratado y estabilizado por la naturaleza, sometido \u00fanicamente a un proceso mec\u00e1nico para separar el polvo de la fruta.<\/p>\n<p>El fruto se conoce como Baobab, Mukua o Malambe y crece en el legendario \u00e1rbol africano &#8220;Imbondeiro&#8221;, apodado &#8220;\u00c1rbol de la Vida&#8221; por las tribus locales, que hac\u00edan de \u00e9l su principal fuente de alimentaci\u00f3n. Este antiguo \u00e1rbol sagrado vive entre tres y seis mil a\u00f1os y es uno de los m\u00e1s antiguos de la Tierra.<\/p>\n<p><b><\/b><strong>Denominaci\u00f3n de venta:<\/strong><\/p>\n<p>Pulpa de Fruta de Baobab Deshidratada by Nature Bio<\/p>\n<h4><strong>Ingredientes:<\/strong><\/h4>\n<p>100% Pulpa ecol\u00f3gica de baobab<em>(Adonsonia digitata<\/em>) deshidratada por la naturaleza.<\/p>\n<h4><strong>Instrucciones de uso:<\/strong><\/h4>\n<p>Como parte de una dieta variada y equilibrada y un estilo de vida sano, consume 1 cucharadita colmada (5 g) al d\u00eda. A\u00f1adir a: agua, zumos o batidos de frutas y verduras.<\/p>\n<h4><strong>Conservaci\u00f3n:<\/strong><\/h4>\n<p>Para mantener la integridad de este producto, cierra bien el envase y gu\u00e1rdalo en un lugar fresco y seco, alejado del calor y de la luz solar.<\/p>\n<h4><strong>Advertencia:<\/strong><\/h4>\n<p>El baobab no debe utilizarse como sustituto de una dieta variada y equilibrada y de un estilo de vida sano. Si est\u00e1s embarazada, en per\u00edodo de lactancia o tomas medicaci\u00f3n, pide consejo a tu m\u00e9dico. En caso de cualquier reacci\u00f3n adversa, interrumpe su uso y consulta a tu m\u00e9dico o nutricionista.<\/p>\n<p><em><strong>*Este producto no est\u00e1 destinado a diagnosticar, tratar, curar ni prevenir ninguna enfermedad, util\u00edzalo s\u00f3lo como suplemento diet\u00e9tico.<\/strong><\/em><\/p>\n<h4><strong>Peso neto:<\/strong><\/h4>\n<p>100g<\/p>\n<h4><strong>Caja de transporte:<\/strong><\/h4>\n<p>12 x 100 g<\/p>\n<h4><strong>Fuente:<\/strong><\/h4>\n<p>Senegal<\/p>\n<h4><strong>Distribuido por:<\/strong><\/h4>\n<p>Pharmabiz, Lda.<\/p>\n<\/div>\n<\/div>\n<section class=\"related products\"><\/section>\n<p>[\/vc_column_text][\/vc_column][vc_column width=&#8221;1\/2&#8243;]<div class=\"nflc nutrition-section std\">\t\r\n\t\t<ul class=\"nutrition-table\" itemprop=\"nutrition\" itemscope itemtype=\"http:\/\/schema.org\/NutritionInformation\">\r\n\t\t\t<li class=\"nt-header b-0\"><h2 class=\"nt-title\">Declara\u00e7\u00e3o Nutricional por 100g<\/h2><\/li><li class=\"nt-row b-0\"><span class=\"nt-label col-50\">Servings Per Container<\/span><span class=\"nt-value col-50\" itemprop=\"servingSize\">20<\/span><\/li><li class=\"nt-row sep-10 serving-size\"><span class=\"nt-label col-50\">Serving Size<\/span><span class=\"nt-value col-50\" itemprop=\"servingSize\">5g<\/span><\/li><li class=\"nt-row font-bold b-0\"><span class=\"nt-label\">Amount per serving<\/span><\/li><li class=\"nt-row font-bold calories sep-8\"><span class=\"nt-label col-70\">Calories<\/span><span class=\"nt-value col-30\" itemprop=\"servingSize\">14<\/span><\/li><li class=\"nt-head font-bold sep-4\"><span class=\"nt-label nutrient-label col-40\"><\/span><span class=\"nt-label amount-label col-30\"><\/span><span class=\"pdv-label col-30\">% Daily Value*<\/span><\/li><br \/>\n<b>Warning<\/b>:  Undefined array key \"amt\" in <b>\/var\/www\/vhosts\/pharmabiz.pt\/httpdocs\/wp-content\/plugins\/nutrition-facts-label-creator\/nflc_templates\/default.php<\/b> on line <b>137<\/b><br \/>\n<br \/>\n<b>Warning<\/b>:  Undefined array key \"unit\" in <b>\/var\/www\/vhosts\/pharmabiz.pt\/httpdocs\/wp-content\/plugins\/nutrition-facts-label-creator\/nflc_templates\/default.php<\/b> on line <b>137<\/b><br \/>\n<li><span class=\"nt-label col-40 font-bold\">VALORES M\u00c9DIOS<\/span><span class=\"nt-amount col-30\"> <\/span><\/li><br \/>\n<b>Warning<\/b>:  A non-numeric value encountered in <b>\/var\/www\/vhosts\/pharmabiz.pt\/httpdocs\/wp-content\/plugins\/nutrition-facts-label-creator\/nflc_templates\/default.php<\/b> on line <b>122<\/b><br \/>\n<br \/>\n<b>Warning<\/b>:  Undefined array key \"unit\" in <b>\/var\/www\/vhosts\/pharmabiz.pt\/httpdocs\/wp-content\/plugins\/nutrition-facts-label-creator\/nflc_templates\/default.php<\/b> on line <b>137<\/b><br \/>\n<br \/>\n<b>Warning<\/b>:  Undefined array key \"unit\" in <b>\/var\/www\/vhosts\/pharmabiz.pt\/httpdocs\/wp-content\/plugins\/nutrition-facts-label-creator\/nflc_templates\/default.php<\/b> on line <b>138<\/b><br \/>\n<li><span class=\"nt-label col-40 font-bold\">Energia kJ \/ kcal<\/span><span class=\"nt-amount col-30\">1142 \/ 274  <\/span><span class=\"nt-value col-30\">13.6%<\/span><\/li><li><span class=\"nt-label col-40 font-bold\">L\u00edpidos totais<\/span><span class=\"nt-amount col-30\">1 g<\/span><span class=\"nt-value col-30\">1.43%<\/span><\/li><li class=\"nt-sublevel-1\"><span class=\"nt-label col-40\">.dos quais saturados<\/span><span class=\"nt-amount col-30\">0 g<\/span><span class=\"nt-value col-30\">0%<\/span><\/li><li><span class=\"nt-label col-40 font-bold\">Hidratos de Carbono<\/span><span class=\"nt-amount col-30\">44 g<\/span><span class=\"nt-value col-30\">16.92%<\/span><\/li><li class=\"nt-sublevel-1\"><span class=\"nt-label col-40\">.dos quais a\u00e7\u00facares<\/span><span class=\"nt-amount col-30\">24 g<\/span><span class=\"nt-value col-30\">26.67%<\/span><\/li><li><span class=\"nt-label col-40 font-bold\">Fibra<\/span><span class=\"nt-amount col-30\">45 g<\/span><span class=\"nt-value col-30\"><b>180%<\/b><\/span><\/li><li class=\"nt-sublevel-1\"><span class=\"nt-label col-40\">.da qual insol\u00favel<\/span><span class=\"nt-amount col-30\">15 g<\/span><\/li><li class=\"nt-sublevel-1\"><span class=\"nt-label col-40\">.da qual sol\u00favel<\/span><span class=\"nt-amount col-30\">29 g<\/span><\/li><li><span class=\"nt-label col-40 font-bold\">Prote\u00ednas<\/span><span class=\"nt-amount col-30\">2.3 g<\/span><span class=\"nt-value col-30\">4.6%<\/span><\/li><li><span class=\"nt-label col-40 font-bold\">Sal (naturalmente presente)<\/span><span class=\"nt-amount col-30\">0.47 g<\/span><span class=\"nt-value col-30\">7.83%<\/span><\/li><br \/>\n<b>Warning<\/b>:  Undefined array key \"amt\" in <b>\/var\/www\/vhosts\/pharmabiz.pt\/httpdocs\/wp-content\/plugins\/nutrition-facts-label-creator\/nflc_templates\/default.php<\/b> on line <b>137<\/b><br \/>\n<br \/>\n<b>Warning<\/b>:  Undefined array key \"unit\" in <b>\/var\/www\/vhosts\/pharmabiz.pt\/httpdocs\/wp-content\/plugins\/nutrition-facts-label-creator\/nflc_templates\/default.php<\/b> on line <b>137<\/b><br \/>\n<li><span class=\"nt-label col-40 font-bold\">VITAMINAS<\/span><span class=\"nt-amount col-30\"> <\/span><\/li><li><span class=\"nt-label col-40 font-bold\">Vitamina C<\/span><span class=\"nt-amount col-30\">289 mg<\/span><span class=\"nt-value col-30\"><b>361.25%<\/b><\/span><\/li><li><span class=\"nt-label col-40 font-bold\">Tiamina<\/span><span class=\"nt-amount col-30\">0.43 mg<\/span><span class=\"nt-value col-30\">39.09%<\/span><\/li><li><span class=\"nt-label col-40 font-bold\">Vitamina B6<\/span><span class=\"nt-amount col-30\">0.62 mg<\/span><span class=\"nt-value col-30\">44.29%<\/span><\/li><br \/>\n<b>Warning<\/b>:  Undefined array key \"amt\" in <b>\/var\/www\/vhosts\/pharmabiz.pt\/httpdocs\/wp-content\/plugins\/nutrition-facts-label-creator\/nflc_templates\/default.php<\/b> on line <b>137<\/b><br \/>\n<br \/>\n<b>Warning<\/b>:  Undefined array key \"unit\" in <b>\/var\/www\/vhosts\/pharmabiz.pt\/httpdocs\/wp-content\/plugins\/nutrition-facts-label-creator\/nflc_templates\/default.php<\/b> on line <b>137<\/b><br \/>\n<li><span class=\"nt-label col-40 font-bold\">MINERAIS<\/span><span class=\"nt-amount col-30\"> <\/span><\/li><li><span class=\"nt-label col-40 font-bold\">Pot\u00e1ssio<\/span><span class=\"nt-amount col-30\">2160 mg<\/span><span class=\"nt-value col-30\"><b>108%<\/b><\/span><\/li><li><span class=\"nt-label col-40 font-bold\">C\u00e1lcio<\/span><span class=\"nt-amount col-30\">275  mg<\/span><span class=\"nt-value col-30\">34.38%<\/span><\/li><li><span class=\"nt-label col-40 font-bold\">Magn\u00e9sio<\/span><span class=\"nt-amount col-30\">154 mg<\/span><span class=\"nt-value col-30\">41.07%<\/span><\/li><li><span class=\"nt-label col-40 font-bold\">Mangan\u00eas<\/span><span class=\"nt-amount col-30\">0.71 mg<\/span><span class=\"nt-value col-30\">35.5%<\/span><\/li><br \/>\n<b>Warning<\/b>:  Undefined array key \"amt\" in <b>\/var\/www\/vhosts\/pharmabiz.pt\/httpdocs\/wp-content\/plugins\/nutrition-facts-label-creator\/nflc_templates\/default.php<\/b> on line <b>137<\/b><br \/>\n<br \/>\n<b>Warning<\/b>:  Undefined array key \"unit\" in <b>\/var\/www\/vhosts\/pharmabiz.pt\/httpdocs\/wp-content\/plugins\/nutrition-facts-label-creator\/nflc_templates\/default.php<\/b> on line <b>137<\/b><br \/>\n<li><span class=\"nt-label col-40 font-bold\">AMINO\u00c1CIDOS ESSENCIAIS<\/span><span class=\"nt-amount col-30\"> <\/span><\/li><li><span class=\"nt-label col-40 font-bold\">Fenilalanina<\/span><span class=\"nt-amount col-30\">4110 mg<\/span><\/li><li><span class=\"nt-label col-40 font-bold\">Isoleucina<\/span><span class=\"nt-amount col-30\">10730 mg<\/span><\/li><li><span class=\"nt-label col-40 font-bold\">Leucina<\/span><span class=\"nt-amount col-30\">8.41 mg<\/span><\/li><li><span class=\"nt-label col-40 font-bold\">Lisina<\/span><span class=\"nt-amount col-30\">14620 mg<\/span><\/li><li><span class=\"nt-label col-40 font-bold\">Metionina<\/span><span class=\"nt-amount col-30\">4920 mg<\/span><\/li><li><span class=\"nt-label col-40 font-bold\">Treonina<\/span><span class=\"nt-amount col-30\">2960  mg<\/span><\/li><li><span class=\"nt-label col-40 font-bold\">Triptofano<\/span><span class=\"nt-amount col-30\">1490 mg<\/span><\/li><li><span class=\"nt-label col-40 font-bold\">Histidina<\/span><span class=\"nt-amount col-30\">2710  mg<\/span><\/li><li><span class=\"nt-label col-40 font-bold\">Valina<\/span><span class=\"nt-amount col-30\">1620  mg<\/span><\/li><br \/>\n<b>Warning<\/b>:  Undefined array key \"amt\" in <b>\/var\/www\/vhosts\/pharmabiz.pt\/httpdocs\/wp-content\/plugins\/nutrition-facts-label-creator\/nflc_templates\/default.php<\/b> on line <b>137<\/b><br \/>\n<br \/>\n<b>Warning<\/b>:  Undefined array key \"unit\" in <b>\/var\/www\/vhosts\/pharmabiz.pt\/httpdocs\/wp-content\/plugins\/nutrition-facts-label-creator\/nflc_templates\/default.php<\/b> on line <b>137<\/b><br \/>\n<li><span class=\"nt-label col-40 font-bold\">OUTROS<\/span><span class=\"nt-amount col-30\"> <\/span><\/li><li><span class=\"nt-label col-40 font-bold\">Pectina<\/span><span class=\"nt-amount col-30\">18 g<\/span><\/li><li><span class=\"nt-label col-40 font-bold\">\u00cdndice ORAC (Capacidade de Absor\u00e7\u00e3o dos Radicais Oxigenados)<\/span><span class=\"nt-amount col-30\">19100 umol TE<\/span><\/li><li class=\"nt-footer b-0\">*DR - Dose de Refer\u00eancia para um adulto m\u00e9dio (8400kJ \/ 2000 kcal).<br \/>\n**VRN - Valor de Refer\u00eancia do Nutriente.<br \/>\nNOTA - Os Valores Nutricionais podem variar de acordo com a sazonalidade.<\/li>\t\t<\/ul><!-- \/.nutrition-table -->\r\n\t<\/div><!-- \/.nutrition-section -->[vc_empty_space][vc_column_text]<\/p>\n<div class=\"woocommerce-tabs\">\n<div id=\"description\" class=\"panel entry-content\">\n<p><strong>PROPIEDADES NUTRICIONALES<\/strong><\/p>\n<p>Contiene fibras solubles e insolubles con actividad prebi\u00f3tica, que favorecen un proceso digestivo sano y el equilibrio de la flora intestinal, adem\u00e1s de ser rico en vitamina C, calcio y manganeso.<\/p>\n<p><strong>BENEFICIOS PARA LA SALUD<\/strong><br \/>\n*Estos nutrientes contribuyen a<\/p>\n<p><strong>VITAMINA C<\/strong><br \/>\n*el funcionamiento normal del sistema inmunitario.<br \/>\n*Reducir el cansancio y la fatiga.<br \/>\n*Aumenta la absorci\u00f3n del hierro.<\/p>\n<p><strong>VITAMINA B6<\/strong><br \/>\n*la formaci\u00f3n normal de gl\u00f3bulos rojos.<\/p>\n<p><strong>CALCIO<\/strong><br \/>\n*el funcionamiento normal de las enzimas digestivas.<br \/>\n*el mantenimiento de huesos y dientes normales.<\/p>\n<p><strong>MANGAN\u00c9S<\/strong><br \/>\n*la protecci\u00f3n de las c\u00e9lulas contra la oxidaci\u00f3n indeseable.<\/p>\n<\/div>\n<\/div>\n<section class=\"related products\"><\/section>\n<section><img loading=\"lazy\" decoding=\"async\" class=\"alignnone wp-image-11255 size-full\" src=\"https:\/\/pharmabiz.pt\/wp-content\/uploads\/2014\/08\/Baobab-Fruto-Desidratado-Naturalmente.png\" alt=\"\" width=\"960\" height=\"640\" srcset=\"https:\/\/pharmabiz.pt\/wp-content\/uploads\/2014\/08\/Baobab-Fruto-Desidratado-Naturalmente.png 960w, https:\/\/pharmabiz.pt\/wp-content\/uploads\/2014\/08\/Baobab-Fruto-Desidratado-Naturalmente-300x200.png 300w, https:\/\/pharmabiz.pt\/wp-content\/uploads\/2014\/08\/Baobab-Fruto-Desidratado-Naturalmente-768x512.png 768w, https:\/\/pharmabiz.pt\/wp-content\/uploads\/2014\/08\/Baobab-Fruto-Desidratado-Naturalmente-600x400.png 600w\" sizes=\"auto, (max-width: 960px) 100vw, 960px\" \/><\/section>\n<section><\/section>\n<section><\/section>\n<p>[\/vc_column_text][\/vc_column][\/vc_row]<\/p>\n<\/div>","protected":false},"excerpt":{"rendered":"<div>\n<div>\n<p><span lang=\"EN-US\">LA ANTIGUA SUPERFRUTA AFRICANA | POLVO SECO NATIVO<\/span><\/p>\n<\/div>\n<\/div>\n<div><strong><span lang=\"EN-GB\">RICO EN ANTIOXIDANTES &#8211; RICO EN VITAMINA C Y B6 &#8211; RICO EN POTASIO, CALCIO Y MAGNESIO &#8211; CONTIENE AMINO\u00c1CIDOS ESENCIALES &#8211; PIEL FIRME Y SANA &#8211; FIBRA CON ACCI\u00d3N PREBI\u00d3TICA &#8211; ESPESANTE NATURAL &#8211; APTO PARA NI\u00d1OS<\/span><\/strong><\/div>\n<p>RICO EN VITAMINA C &#8211; <strong>APOYO INMUNITARIO*<\/strong><br \/>\nRICO EN CALCIO &#8211; <strong>SALUD DIGESTIVA Y \u00d3SEA*<\/strong>.<\/p>\n<p>100% ECOL\u00d3GICO, CRUDO, NO TRANSG\u00c9NICO, SIN GLUTEN, PALEO, CETO, VEGANO<\/p>\n<p><img loading=\"lazy\" decoding=\"async\" class=\"alignnone wp-image-10327\" src=\"https:\/\/pharmabiz.pt\/wp-content\/uploads\/2024\/03\/BIO-Icone-300x291.png\" alt=\"\" width=\"77\" height=\"75\" srcset=\"https:\/\/pharmabiz.pt\/wp-content\/uploads\/2024\/03\/BIO-Icone-300x291.png 300w, https:\/\/pharmabiz.pt\/wp-content\/uploads\/2024\/03\/BIO-Icone-1024x994.png 1024w, https:\/\/pharmabiz.pt\/wp-content\/uploads\/2024\/03\/BIO-Icone-768x746.png 768w, https:\/\/pharmabiz.pt\/wp-content\/uploads\/2024\/03\/BIO-Icone-1536x1491.png 1536w, https:\/\/pharmabiz.pt\/wp-content\/uploads\/2024\/03\/BIO-Icone-1200x1165.png 1200w, https:\/\/pharmabiz.pt\/wp-content\/uploads\/2024\/03\/BIO-Icone-45x45.png 45w, https:\/\/pharmabiz.pt\/wp-content\/uploads\/2024\/03\/BIO-Icone-600x582.png 600w, https:\/\/pharmabiz.pt\/wp-content\/uploads\/2024\/03\/BIO-Icone.png 1814w\" sizes=\"auto, (max-width: 77px) 100vw, 77px\" \/> <img loading=\"lazy\" decoding=\"async\" class=\"alignnone wp-image-10354\" src=\"https:\/\/pharmabiz.pt\/wp-content\/uploads\/2024\/03\/PLANT-BASED-Icone-300x290.png\" alt=\"\" width=\"78\" height=\"75\" srcset=\"https:\/\/pharmabiz.pt\/wp-content\/uploads\/2024\/03\/PLANT-BASED-Icone-300x290.png 300w, https:\/\/pharmabiz.pt\/wp-content\/uploads\/2024\/03\/PLANT-BASED-Icone-1024x991.png 1024w, https:\/\/pharmabiz.pt\/wp-content\/uploads\/2024\/03\/PLANT-BASED-Icone-768x743.png 768w, https:\/\/pharmabiz.pt\/wp-content\/uploads\/2024\/03\/PLANT-BASED-Icone-1536x1486.png 1536w, https:\/\/pharmabiz.pt\/wp-content\/uploads\/2024\/03\/PLANT-BASED-Icone-1200x1161.png 1200w, https:\/\/pharmabiz.pt\/wp-content\/uploads\/2024\/03\/PLANT-BASED-Icone-600x581.png 600w, https:\/\/pharmabiz.pt\/wp-content\/uploads\/2024\/03\/PLANT-BASED-Icone.png 1886w\" sizes=\"auto, (max-width: 78px) 100vw, 78px\" \/> <img loading=\"lazy\" decoding=\"async\" class=\"alignnone wp-image-10357\" src=\"https:\/\/pharmabiz.pt\/wp-content\/uploads\/2024\/03\/RAW-icone-300x302.png\" alt=\"\" width=\"74\" height=\"75\" srcset=\"https:\/\/pharmabiz.pt\/wp-content\/uploads\/2024\/03\/RAW-icone-300x302.png 300w, https:\/\/pharmabiz.pt\/wp-content\/uploads\/2024\/03\/RAW-icone-1017x1024.png 1017w, https:\/\/pharmabiz.pt\/wp-content\/uploads\/2024\/03\/RAW-icone-150x150.png 150w, https:\/\/pharmabiz.pt\/wp-content\/uploads\/2024\/03\/RAW-icone-768x773.png 768w, https:\/\/pharmabiz.pt\/wp-content\/uploads\/2024\/03\/RAW-icone-1525x1536.png 1525w, https:\/\/pharmabiz.pt\/wp-content\/uploads\/2024\/03\/RAW-icone-1200x1208.png 1200w, https:\/\/pharmabiz.pt\/wp-content\/uploads\/2024\/03\/RAW-icone-45x45.png 45w, https:\/\/pharmabiz.pt\/wp-content\/uploads\/2024\/03\/RAW-icone-600x604.png 600w, https:\/\/pharmabiz.pt\/wp-content\/uploads\/2024\/03\/RAW-icone-100x100.png 100w, https:\/\/pharmabiz.pt\/wp-content\/uploads\/2024\/03\/RAW-icone.png 1737w\" sizes=\"auto, (max-width: 74px) 100vw, 74px\" \/> <img loading=\"lazy\" decoding=\"async\" class=\"alignnone wp-image-10336\" src=\"https:\/\/pharmabiz.pt\/wp-content\/uploads\/2024\/03\/GMO-FREE-Icone-300x299.png\" alt=\"\" width=\"75\" height=\"75\" srcset=\"https:\/\/pharmabiz.pt\/wp-content\/uploads\/2024\/03\/GMO-FREE-Icone-300x299.png 300w, https:\/\/pharmabiz.pt\/wp-content\/uploads\/2024\/03\/GMO-FREE-Icone-1024x1021.png 1024w, https:\/\/pharmabiz.pt\/wp-content\/uploads\/2024\/03\/GMO-FREE-Icone-150x150.png 150w, https:\/\/pharmabiz.pt\/wp-content\/uploads\/2024\/03\/GMO-FREE-Icone-768x765.png 768w, https:\/\/pharmabiz.pt\/wp-content\/uploads\/2024\/03\/GMO-FREE-Icone-1536x1531.png 1536w, https:\/\/pharmabiz.pt\/wp-content\/uploads\/2024\/03\/GMO-FREE-Icone-1200x1196.png 1200w, https:\/\/pharmabiz.pt\/wp-content\/uploads\/2024\/03\/GMO-FREE-Icone-45x45.png 45w, https:\/\/pharmabiz.pt\/wp-content\/uploads\/2024\/03\/GMO-FREE-Icone-600x598.png 600w, https:\/\/pharmabiz.pt\/wp-content\/uploads\/2024\/03\/GMO-FREE-Icone-100x100.png 100w, https:\/\/pharmabiz.pt\/wp-content\/uploads\/2024\/03\/GMO-FREE-Icone.png 1833w\" sizes=\"auto, (max-width: 75px) 100vw, 75px\" \/> <img loading=\"lazy\" decoding=\"async\" class=\"alignnone wp-image-10333\" src=\"https:\/\/pharmabiz.pt\/wp-content\/uploads\/2024\/03\/GLUTEN-FREE-Icone-300x305.png\" alt=\"\" width=\"74\" height=\"75\" srcset=\"https:\/\/pharmabiz.pt\/wp-content\/uploads\/2024\/03\/GLUTEN-FREE-Icone-300x305.png 300w, https:\/\/pharmabiz.pt\/wp-content\/uploads\/2024\/03\/GLUTEN-FREE-Icone-1007x1024.png 1007w, https:\/\/pharmabiz.pt\/wp-content\/uploads\/2024\/03\/GLUTEN-FREE-Icone-150x150.png 150w, https:\/\/pharmabiz.pt\/wp-content\/uploads\/2024\/03\/GLUTEN-FREE-Icone-768x781.png 768w, https:\/\/pharmabiz.pt\/wp-content\/uploads\/2024\/03\/GLUTEN-FREE-Icone-1510x1536.png 1510w, https:\/\/pharmabiz.pt\/wp-content\/uploads\/2024\/03\/GLUTEN-FREE-Icone-1200x1221.png 1200w, https:\/\/pharmabiz.pt\/wp-content\/uploads\/2024\/03\/GLUTEN-FREE-Icone-45x45.png 45w, https:\/\/pharmabiz.pt\/wp-content\/uploads\/2024\/03\/GLUTEN-FREE-Icone-600x610.png 600w, https:\/\/pharmabiz.pt\/wp-content\/uploads\/2024\/03\/GLUTEN-FREE-Icone-100x100.png 100w, https:\/\/pharmabiz.pt\/wp-content\/uploads\/2024\/03\/GLUTEN-FREE-Icone.png 1796w\" sizes=\"auto, (max-width: 74px) 100vw, 74px\" \/> <img loading=\"lazy\" decoding=\"async\" class=\"alignnone wp-image-10351\" src=\"https:\/\/pharmabiz.pt\/wp-content\/uploads\/2024\/03\/PALEO-Icone-300x301.png\" alt=\"\" width=\"75\" height=\"75\" srcset=\"https:\/\/pharmabiz.pt\/wp-content\/uploads\/2024\/03\/PALEO-Icone-300x301.png 300w, https:\/\/pharmabiz.pt\/wp-content\/uploads\/2024\/03\/PALEO-Icone-1022x1024.png 1022w, https:\/\/pharmabiz.pt\/wp-content\/uploads\/2024\/03\/PALEO-Icone-150x150.png 150w, https:\/\/pharmabiz.pt\/wp-content\/uploads\/2024\/03\/PALEO-Icone-768x769.png 768w, https:\/\/pharmabiz.pt\/wp-content\/uploads\/2024\/03\/PALEO-Icone-1533x1536.png 1533w, https:\/\/pharmabiz.pt\/wp-content\/uploads\/2024\/03\/PALEO-Icone-1200x1202.png 1200w, https:\/\/pharmabiz.pt\/wp-content\/uploads\/2024\/03\/PALEO-Icone-45x45.png 45w, https:\/\/pharmabiz.pt\/wp-content\/uploads\/2024\/03\/PALEO-Icone-600x601.png 600w, https:\/\/pharmabiz.pt\/wp-content\/uploads\/2024\/03\/PALEO-Icone-100x100.png 100w, https:\/\/pharmabiz.pt\/wp-content\/uploads\/2024\/03\/PALEO-Icone.png 1782w\" sizes=\"auto, (max-width: 75px) 100vw, 75px\" \/> <img loading=\"lazy\" decoding=\"async\" class=\"alignnone wp-image-10339\" src=\"https:\/\/pharmabiz.pt\/wp-content\/uploads\/2024\/03\/KETO.Icone_-300x300.png\" alt=\"\" width=\"75\" height=\"75\" srcset=\"https:\/\/pharmabiz.pt\/wp-content\/uploads\/2024\/03\/KETO.Icone_-300x300.png 300w, https:\/\/pharmabiz.pt\/wp-content\/uploads\/2024\/03\/KETO.Icone_-1024x1022.png 1024w, https:\/\/pharmabiz.pt\/wp-content\/uploads\/2024\/03\/KETO.Icone_-150x150.png 150w, https:\/\/pharmabiz.pt\/wp-content\/uploads\/2024\/03\/KETO.Icone_-768x767.png 768w, https:\/\/pharmabiz.pt\/wp-content\/uploads\/2024\/03\/KETO.Icone_-1536x1533.png 1536w, https:\/\/pharmabiz.pt\/wp-content\/uploads\/2024\/03\/KETO.Icone_-1200x1198.png 1200w, https:\/\/pharmabiz.pt\/wp-content\/uploads\/2024\/03\/KETO.Icone_-45x45.png 45w, https:\/\/pharmabiz.pt\/wp-content\/uploads\/2024\/03\/KETO.Icone_-600x599.png 600w, https:\/\/pharmabiz.pt\/wp-content\/uploads\/2024\/03\/KETO.Icone_-100x100.png 100w, https:\/\/pharmabiz.pt\/wp-content\/uploads\/2024\/03\/KETO.Icone_.png 1805w\" sizes=\"auto, (max-width: 75px) 100vw, 75px\" \/> <img loading=\"lazy\" decoding=\"async\" class=\"alignnone wp-image-10360\" src=\"https:\/\/pharmabiz.pt\/wp-content\/uploads\/2024\/03\/VEGAN-Icone-300x308.png\" alt=\"\" width=\"73\" height=\"75\" srcset=\"https:\/\/pharmabiz.pt\/wp-content\/uploads\/2024\/03\/VEGAN-Icone-300x308.png 300w, https:\/\/pharmabiz.pt\/wp-content\/uploads\/2024\/03\/VEGAN-Icone-996x1024.png 996w, https:\/\/pharmabiz.pt\/wp-content\/uploads\/2024\/03\/VEGAN-Icone-768x790.png 768w, https:\/\/pharmabiz.pt\/wp-content\/uploads\/2024\/03\/VEGAN-Icone-1494x1536.png 1494w, https:\/\/pharmabiz.pt\/wp-content\/uploads\/2024\/03\/VEGAN-Icone-1200x1234.png 1200w, https:\/\/pharmabiz.pt\/wp-content\/uploads\/2024\/03\/VEGAN-Icone-45x45.png 45w, https:\/\/pharmabiz.pt\/wp-content\/uploads\/2024\/03\/VEGAN-Icone-600x617.png 600w, https:\/\/pharmabiz.pt\/wp-content\/uploads\/2024\/03\/VEGAN-Icone.png 1808w\" sizes=\"auto, (max-width: 73px) 100vw, 73px\" \/><\/p>\n","protected":false},"featured_media":11073,"comment_status":"closed","ping_status":"closed","template":"","meta":{"_acf_changed":false},"product_brand":[],"product_cat":[139,151,255,386,140,141],"product_tag":[223,407,185,236,235,196,271,238,422,242,239,153,434,419],"class_list":{"0":"post-3862","1":"product","2":"type-product","3":"status-publish","4":"has-post-thumbnail","6":"product_cat-alimentacion","7":"product_cat-cereales-muesli-y-granolas","8":"product_cat-ecologicos","9":"product_cat-fibra-dietetica","10":"product_cat-sin-gluten","11":"product_cat-superalimentos","12":"product_tag-aminoacidos-esenciales","13":"product_tag-anti-edad","14":"product_tag-antioxidantes","15":"product_tag-belleza-y-cuidados-personales","16":"product_tag-colesterol-y-trigliceridos","17":"product_tag-deporte-y-fitness","18":"product_tag-diabetes-es","19":"product_tag-energia-y-vitalidad-es","20":"product_tag-magnesio-es","21":"product_tag-piel-unas-y-cabello","22":"product_tag-prebioticos-y-probioticos","23":"product_tag-sistema-inmunitario","24":"product_tag-vitamina-b6-es","25":"product_tag-vitamina-c-es","26":"pa_marca-ox-nature-es","28":"first","29":"instock","30":"featured","31":"taxable","32":"shipping-taxable","33":"purchasable","34":"product-type-simple"},"acf":[],"_links":{"self":[{"href":"https:\/\/pharmabiz.pt\/es\/wp-json\/wp\/v2\/product\/3862","targetHints":{"allow":["GET"]}}],"collection":[{"href":"https:\/\/pharmabiz.pt\/es\/wp-json\/wp\/v2\/product"}],"about":[{"href":"https:\/\/pharmabiz.pt\/es\/wp-json\/wp\/v2\/types\/product"}],"replies":[{"embeddable":true,"href":"https:\/\/pharmabiz.pt\/es\/wp-json\/wp\/v2\/comments?post=3862"}],"wp:featuredmedia":[{"embeddable":true,"href":"https:\/\/pharmabiz.pt\/es\/wp-json\/wp\/v2\/media\/11073"}],"wp:attachment":[{"href":"https:\/\/pharmabiz.pt\/es\/wp-json\/wp\/v2\/media?parent=3862"}],"wp:term":[{"taxonomy":"product_brand","embeddable":true,"href":"https:\/\/pharmabiz.pt\/es\/wp-json\/wp\/v2\/product_brand?post=3862"},{"taxonomy":"product_cat","embeddable":true,"href":"https:\/\/pharmabiz.pt\/es\/wp-json\/wp\/v2\/product_cat?post=3862"},{"taxonomy":"product_tag","embeddable":true,"href":"https:\/\/pharmabiz.pt\/es\/wp-json\/wp\/v2\/product_tag?post=3862"}],"curies":[{"name":"wp","href":"https:\/\/api.w.org\/{rel}","templated":true}]}}