{"id":3895,"date":"2014-08-29T16:14:33","date_gmt":"2014-08-29T15:14:33","guid":{"rendered":"https:\/\/pharmabiz.pt\/produto\/maca-peruana-po\/"},"modified":"2024-05-08T14:07:08","modified_gmt":"2024-05-08T13:07:08","slug":"ox-maca-peruana-premium-4-raices-en-polvo-comercio-justo-ecologica-100g","status":"publish","type":"product","link":"https:\/\/pharmabiz.pt\/es\/producto\/ox-maca-peruana-premium-4-raices-en-polvo-comercio-justo-ecologica-100g\/","title":{"rendered":"OX MACA PERUANA PREMIUM 4 RA\u00cdCES EN POLVO, COM\u00c9RCIO JUSTO, ECOL\u00d3GICA 100g"},"content":{"rendered":"<div class=\"wpb-content-wrapper\"><p>[vc_row][vc_column width=&#8221;1\/2&#8243;][vc_column_text]<strong><img loading=\"lazy\" decoding=\"async\" class=\"alignnone wp-image-11287 size-large\" src=\"https:\/\/pharmabiz.pt\/wp-content\/uploads\/2014\/08\/Maca-Premium-4-Raizes_Fair-For-Life-1024x683.jpg\" alt=\"\" width=\"1024\" height=\"683\" srcset=\"https:\/\/pharmabiz.pt\/wp-content\/uploads\/2014\/08\/Maca-Premium-4-Raizes_Fair-For-Life-1024x683.jpg 1024w, https:\/\/pharmabiz.pt\/wp-content\/uploads\/2014\/08\/Maca-Premium-4-Raizes_Fair-For-Life-300x200.jpg 300w, https:\/\/pharmabiz.pt\/wp-content\/uploads\/2014\/08\/Maca-Premium-4-Raizes_Fair-For-Life-768x512.jpg 768w, https:\/\/pharmabiz.pt\/wp-content\/uploads\/2014\/08\/Maca-Premium-4-Raizes_Fair-For-Life-1200x800.jpg 1200w, https:\/\/pharmabiz.pt\/wp-content\/uploads\/2014\/08\/Maca-Premium-4-Raizes_Fair-For-Life-600x400.jpg 600w, https:\/\/pharmabiz.pt\/wp-content\/uploads\/2014\/08\/Maca-Premium-4-Raizes_Fair-For-Life.jpg 1368w\" sizes=\"auto, (max-width: 1024px) 100vw, 1024px\" \/><\/strong><\/p>\n<p><strong>OX NATURE MACA PERUANA PREMIUM 4 RA\u00cdCES ECOL\u00d3GICA EN POLVO<\/strong><\/p>\n<p>Se trata de una ra\u00edz tuberosa que se considera un alimento superior, ya que es un poderoso t\u00f3nico capaz de mejorar el rendimiento general del organismo. La planta es realmente sorprendente: crece entre 4 y 5 mil metros sobre el nivel del mar en los Andes Centrales de Per\u00fa, con temperaturas que oscilan entre los 20 y 25 grados bajo cero, seg\u00fan la hora del d\u00eda y la \u00e9poca del a\u00f1o. Sus nombres populares &#8211; &#8220;<strong>Ginseng de los Andes<\/strong>&#8221; y &#8220;<strong>Viagra de los Incas<\/strong>&#8220;- dan buena cuenta de sus propiedades. La nuestra procede de la provincia de Jun\u00edn, donde se encuentra la maca de mejor calidad del mundo.<\/p>\n<p>Adapt\u00f3geno peruano con sabor a malta y caramelo, se puede a\u00f1adir a deliciosos batidos, cacao caliente, caf\u00e9s con leche y una gran variedad de dulces y platos culinarios.<\/p>\n<h4><strong><span style=\"caret-color: #6ba539;\">Denominaci\u00f3n de venta:<\/span><\/strong><\/h4>\n<p>Maca Peruana Premium Ecol\u00f3gica en Polvo.<\/p>\n<h4><strong>Ingredientes:<\/strong><\/h4>\n<p>100% Maca (ra\u00edz, <i>Lipidium meyenii) <\/i>Ecol\u00f3gica en Polvo.<\/p>\n<h4><strong>Instrucciones de uso:<\/strong><\/h4>\n<p>Como parte de una dieta variada y equilibrada y un estilo de vida saludable, consumir 1 cucharadita colmada (5 g) al d\u00eda. A\u00f1adir a: agua, zumos o batidos de frutas y verduras.<\/p>\n<h4><strong>Conservaci\u00f3n:<\/strong><\/h4>\n<p>Para mantener la integridad de este producto, cierra bien el envase y gu\u00e1rdalo en un lugar fresco y seco, alejado del calor y de la luz solar.<\/p>\n<h4><strong>Advertencia:<\/strong><\/h4>\n<p>La maca no debe utilizarse como sustituto de una dieta variada y equilibrada y un estilo de vida sano. Si est\u00e1 embarazada, en per\u00edodo de lactancia o tomando medicamentos, consulte a su m\u00e9dico. En caso de reacci\u00f3n adversa, interrumpa su uso y consulte a su m\u00e9dico o nutricionista.<\/p>\n<p><em><strong>*Este producto no est\u00e1 destinado a diagnosticar, tratar, curar ni prevenir ninguna enfermedad, util\u00edzalo s\u00f3lo como suplemento diet\u00e9tico.<\/strong><\/em><\/p>\n<h4><strong>Peso neto:<\/strong><\/h4>\n<p>100g<\/p>\n<h4><strong>Caja de transporte:<\/strong><\/h4>\n<p>12 x 100 g<\/p>\n<h4><strong>Fuente:<\/strong><\/h4>\n<p>Per\u00fa<\/p>\n<p><strong>Distribuido por:<\/strong><\/p>\n<p>Pharmabiz, Lda.[\/vc_column_text][\/vc_column][vc_column width=&#8221;1\/2&#8243;]<div class=\"nflc nutrition-section std\">\t\r\n\t\t<ul class=\"nutrition-table\" itemprop=\"nutrition\" itemscope itemtype=\"http:\/\/schema.org\/NutritionInformation\">\r\n\t\t\t<li class=\"nt-header b-0\"><h2 class=\"nt-title\">Declara\u00e7\u00e3o Nutricional por 100g<\/h2><\/li><li class=\"nt-row font-bold b-0\"><span class=\"nt-label\">Amount per serving<\/span><\/li><li class=\"nt-row font-bold calories sep-8\"><span class=\"nt-label col-70\">Calories<\/span><span class=\"nt-value col-30\" itemprop=\"servingSize\">0<\/span><\/li><li class=\"nt-head font-bold sep-4\"><span class=\"nt-label nutrient-label col-40\"><\/span><span class=\"nt-label amount-label col-30\"><\/span><span class=\"pdv-label col-30\">% Daily Value*<\/span><\/li><br \/>\n<b>Warning<\/b>:  Undefined array key \"amt\" in <b>\/var\/www\/vhosts\/pharmabiz.pt\/httpdocs\/wp-content\/plugins\/nutrition-facts-label-creator\/nflc_templates\/default.php<\/b> on line <b>137<\/b><br \/>\n<br \/>\n<b>Warning<\/b>:  Undefined array key \"unit\" in <b>\/var\/www\/vhosts\/pharmabiz.pt\/httpdocs\/wp-content\/plugins\/nutrition-facts-label-creator\/nflc_templates\/default.php<\/b> on line <b>137<\/b><br \/>\n<li><span class=\"nt-label col-40 font-bold\">VALORES M\u00c9DIOS<\/span><span class=\"nt-amount col-30\"> <\/span><\/li><br \/>\n<b>Warning<\/b>:  A non-numeric value encountered in <b>\/var\/www\/vhosts\/pharmabiz.pt\/httpdocs\/wp-content\/plugins\/nutrition-facts-label-creator\/nflc_templates\/default.php<\/b> on line <b>122<\/b><br \/>\n<br \/>\n<b>Warning<\/b>:  Undefined array key \"unit\" in <b>\/var\/www\/vhosts\/pharmabiz.pt\/httpdocs\/wp-content\/plugins\/nutrition-facts-label-creator\/nflc_templates\/default.php<\/b> on line <b>137<\/b><br \/>\n<br \/>\n<b>Warning<\/b>:  Undefined array key \"unit\" in <b>\/var\/www\/vhosts\/pharmabiz.pt\/httpdocs\/wp-content\/plugins\/nutrition-facts-label-creator\/nflc_templates\/default.php<\/b> on line <b>138<\/b><br \/>\n<li><span class=\"nt-label col-40 font-bold\">Energia kJ \/ kcal<\/span><span class=\"nt-amount col-30\">1526 \/ 361 <\/span><span class=\"nt-value col-30\">18.17%<\/span><\/li><li><span class=\"nt-label col-40 font-bold\">L\u00edpidos totais<\/span><span class=\"nt-amount col-30\">3.6 g<\/span><span class=\"nt-value col-30\">5.14%<\/span><\/li><li class=\"nt-sublevel-1\"><span class=\"nt-label col-40\">.dos quais saturados<\/span><span class=\"nt-amount col-30\">0.0 g<\/span><span class=\"nt-value col-30\">0%<\/span><\/li><li><span class=\"nt-label col-40 font-bold\">Hidratos de Carbono<\/span><span class=\"nt-amount col-30\">64 g<\/span><span class=\"nt-value col-30\">24.62%<\/span><\/li><li class=\"nt-sublevel-1\"><span class=\"nt-label col-40\">.dos quais a\u00e7\u00facares<\/span><span class=\"nt-amount col-30\">32 g<\/span><span class=\"nt-value col-30\">35.56%<\/span><\/li><li><span class=\"nt-label col-40 font-bold\">Fibra<\/span><span class=\"nt-amount col-30\">7 g<\/span><span class=\"nt-value col-30\">28%<\/span><\/li><li><span class=\"nt-label col-40 font-bold\">Prote\u00ednas<\/span><span class=\"nt-amount col-30\">14 g<\/span><span class=\"nt-value col-30\">28%<\/span><\/li><li><span class=\"nt-label col-40 font-bold\">Sal (naturalmente presente)<\/span><span class=\"nt-amount col-30\">0.05 g<\/span><span class=\"nt-value col-30\">0.83%<\/span><\/li><br \/>\n<b>Warning<\/b>:  Undefined array key \"amt\" in <b>\/var\/www\/vhosts\/pharmabiz.pt\/httpdocs\/wp-content\/plugins\/nutrition-facts-label-creator\/nflc_templates\/default.php<\/b> on line <b>137<\/b><br \/>\n<br \/>\n<b>Warning<\/b>:  Undefined array key \"unit\" in <b>\/var\/www\/vhosts\/pharmabiz.pt\/httpdocs\/wp-content\/plugins\/nutrition-facts-label-creator\/nflc_templates\/default.php<\/b> on line <b>137<\/b><br \/>\n<li><span class=\"nt-label col-40 font-bold\">VITAMINAS<\/span><span class=\"nt-amount col-30\"> <\/span><\/li><li><span class=\"nt-label col-40 font-bold\">Vitamina C<\/span><span class=\"nt-amount col-30\">285 mg<\/span><span class=\"nt-value col-30\"><b>356.25%<\/b><\/span><\/li><li><span class=\"nt-label col-40 font-bold\">Riboflavina<\/span><span class=\"nt-amount col-30\">0.4 mg<\/span><span class=\"nt-value col-30\">28.57%<\/span><\/li><li><span class=\"nt-label col-40 font-bold\">Niacina<\/span><span class=\"nt-amount col-30\">5.7 mg<\/span><span class=\"nt-value col-30\">35.63%<\/span><\/li><li><span class=\"nt-label col-40 font-bold\">Vitamina B6<\/span><span class=\"nt-amount col-30\">1.1 mg<\/span><span class=\"nt-value col-30\">78.57%<\/span><\/li><br \/>\n<b>Warning<\/b>:  Undefined array key \"amt\" in <b>\/var\/www\/vhosts\/pharmabiz.pt\/httpdocs\/wp-content\/plugins\/nutrition-facts-label-creator\/nflc_templates\/default.php<\/b> on line <b>137<\/b><br \/>\n<br \/>\n<b>Warning<\/b>:  Undefined array key \"unit\" in <b>\/var\/www\/vhosts\/pharmabiz.pt\/httpdocs\/wp-content\/plugins\/nutrition-facts-label-creator\/nflc_templates\/default.php<\/b> on line <b>137<\/b><br \/>\n<li><span class=\"nt-label col-40 font-bold\">MINERAIS<\/span><span class=\"nt-amount col-30\"> <\/span><\/li><li><span class=\"nt-label col-40 font-bold\">Pot\u00e1ssio<\/span><span class=\"nt-amount col-30\">2000 mg<\/span><span class=\"nt-value col-30\">100%<\/span><\/li><li><span class=\"nt-label col-40 font-bold\">C\u00e1lcio<\/span><span class=\"nt-amount col-30\">250 mg<\/span><span class=\"nt-value col-30\">31.25%<\/span><\/li><li><span class=\"nt-label col-40 font-bold\">Ferro<\/span><span class=\"nt-amount col-30\">15 mg<\/span><span class=\"nt-value col-30\"><b>107.14%<\/b><\/span><\/li><li><span class=\"nt-label col-40 font-bold\">Cobre<\/span><span class=\"nt-amount col-30\">6 mg<\/span><span class=\"nt-value col-30\"><b>600%<\/b><\/span><\/li><li><span class=\"nt-label col-40 font-bold\">Mangan\u00eas<\/span><span class=\"nt-amount col-30\">0.8 mg<\/span><span class=\"nt-value col-30\">40%<\/span><\/li><li class=\"nt-footer b-0\">*DR - Dose de Refer\u00eancia para um adulto m\u00e9dio (8400kJ \/ 2000 kcal).<br \/>\n**VRN - Valor de Refer\u00eancia do Nutriente.<br \/>\nNOTA - Os Valores Nutricionais podem variar de acordo com a sazonalidade.<\/li>\t\t<\/ul><!-- \/.nutrition-table -->\r\n\t<\/div><!-- \/.nutrition-section -->[vc_empty_space][vc_column_text]<\/p>\n<h4><strong>PROPIEDADES NUTRITIVAS:<\/strong><\/h4>\n<p>Es un alimento muy rico en prote\u00ednas, vitaminas, minerales, fibra y otros nutrientes fundamentales para el buen funcionamiento de nuestro organismo.<\/p>\n<p>Tradicionalmente, se ha utilizado para proporcionar una amplia gama de beneficios saludables. Tanto hombres como mujeres han informado de un aumento significativo de la libido y el deseo sexual, mayor energ\u00eda, vigor y una sensaci\u00f3n de bienestar general. Algunas mujeres han informado de buenos resultados en el alivio de los s\u00edntomas del s\u00edndrome premenstrual (SPM) y la menopausia. Adem\u00e1s de ayudar a mejorar la fertilidad, la Maca-Andina tambi\u00e9n parece tener propiedades que estimulan la producci\u00f3n de hormonas en el organismo. Esto podr\u00eda hacerla \u00fatil en el tratamiento de deficiencias hormonales, convirti\u00e9ndola en una alternativa natural al reemplazo hormonal.<\/p>\n<p><strong>BENEFICIOS PARA LA SALUD<\/strong><br \/>\n*Estos nutrientes contribuyen a:<\/p>\n<p><strong>VITAMINA C<\/strong><br \/>\n*funcionamiento psicol\u00f3gico normal.<br \/>\n*funcionamiento normal del sistema inmunitario.<br \/>\n*la formaci\u00f3n normal de col\u00e1geno para el funcionamiento normal de las enc\u00edas, la piel y los dientes.<br \/>\n*la protecci\u00f3n de las c\u00e9lulas contra la oxidaci\u00f3n no deseada.<\/p>\n<p><strong>RIBOFLAVINE<\/strong><br \/>\n*mantenimiento normal de la piel y la visi\u00f3n.<br \/>\n*metabolismo energ\u00e9tico normal.<\/p>\n<p><strong>NIACIN<\/strong><br \/>\n*reducir el cansancio y la fatiga.<\/p>\n<p><strong>VITAMINA B6:<\/strong><br \/>\n*regulaci\u00f3n de la actividad hormonal.<\/p>\n<p><strong>POTASIO<\/strong><br \/>\n*mantener una tensi\u00f3n arterial normal.<\/p>\n<p><strong>COBRE<\/strong><br \/>\n*un metabolismo productor de energ\u00eda normal.[\/vc_column_text][\/vc_column][\/vc_row]<\/p>\n<\/div>","protected":false},"excerpt":{"rendered":"<p>SUPERALIMENTO PERUANO DE LOS ANDES<\/p>\n<p><strong>ALIMENTO FUNCIONAL &#8211; PROPIEDADES ADAPT\u00d3GENAS &#8211; RICO EN VITAMINA C, NIACINA Y B6 &#8211; RICO EN POTASIO, HIERRO, COBRE Y MANGANESO &#8211; CONTRIBUYE A LA REDUCCI\u00d3N DE LA FATIGA F\u00cdSICA Y MENTAL<\/strong><\/p>\n<p>RICO EN VITAMINA B6 &#8211; <strong>EQUILIBRIO HORMONAL*.<\/strong><br \/>\nRICO EN COBRE &#8211; <strong>ENERG\u00cdA Y VITALIDAD*.<\/strong><\/p>\n<p>100% ECOL\u00d3GICO, COMERCIO JUSTO, CRUDO, NO TRANSG\u00c9NICO, SIN GLUTEN, PALEO, VEGANO<\/p>\n<p><img loading=\"lazy\" decoding=\"async\" class=\"alignnone wp-image-10327\" src=\"https:\/\/pharmabiz.pt\/wp-content\/uploads\/2024\/03\/BIO-Icone-300x291.png\" alt=\"\" width=\"77\" height=\"75\" srcset=\"https:\/\/pharmabiz.pt\/wp-content\/uploads\/2024\/03\/BIO-Icone-300x291.png 300w, https:\/\/pharmabiz.pt\/wp-content\/uploads\/2024\/03\/BIO-Icone-1024x994.png 1024w, https:\/\/pharmabiz.pt\/wp-content\/uploads\/2024\/03\/BIO-Icone-768x746.png 768w, https:\/\/pharmabiz.pt\/wp-content\/uploads\/2024\/03\/BIO-Icone-1536x1491.png 1536w, https:\/\/pharmabiz.pt\/wp-content\/uploads\/2024\/03\/BIO-Icone-1200x1165.png 1200w, https:\/\/pharmabiz.pt\/wp-content\/uploads\/2024\/03\/BIO-Icone-45x45.png 45w, https:\/\/pharmabiz.pt\/wp-content\/uploads\/2024\/03\/BIO-Icone-600x582.png 600w, https:\/\/pharmabiz.pt\/wp-content\/uploads\/2024\/03\/BIO-Icone.png 1814w\" sizes=\"auto, (max-width: 77px) 100vw, 77px\" \/> <img loading=\"lazy\" decoding=\"async\" class=\"alignnone wp-image-10354\" src=\"https:\/\/pharmabiz.pt\/wp-content\/uploads\/2024\/03\/PLANT-BASED-Icone-300x290.png\" alt=\"\" width=\"78\" height=\"75\" srcset=\"https:\/\/pharmabiz.pt\/wp-content\/uploads\/2024\/03\/PLANT-BASED-Icone-300x290.png 300w, https:\/\/pharmabiz.pt\/wp-content\/uploads\/2024\/03\/PLANT-BASED-Icone-1024x991.png 1024w, https:\/\/pharmabiz.pt\/wp-content\/uploads\/2024\/03\/PLANT-BASED-Icone-768x743.png 768w, https:\/\/pharmabiz.pt\/wp-content\/uploads\/2024\/03\/PLANT-BASED-Icone-1536x1486.png 1536w, https:\/\/pharmabiz.pt\/wp-content\/uploads\/2024\/03\/PLANT-BASED-Icone-1200x1161.png 1200w, https:\/\/pharmabiz.pt\/wp-content\/uploads\/2024\/03\/PLANT-BASED-Icone-600x581.png 600w, https:\/\/pharmabiz.pt\/wp-content\/uploads\/2024\/03\/PLANT-BASED-Icone.png 1886w\" sizes=\"auto, (max-width: 78px) 100vw, 78px\" \/> <img loading=\"lazy\" decoding=\"async\" class=\"alignnone wp-image-10357\" src=\"https:\/\/pharmabiz.pt\/wp-content\/uploads\/2024\/03\/RAW-icone-300x302.png\" alt=\"\" width=\"74\" height=\"75\" srcset=\"https:\/\/pharmabiz.pt\/wp-content\/uploads\/2024\/03\/RAW-icone-300x302.png 300w, https:\/\/pharmabiz.pt\/wp-content\/uploads\/2024\/03\/RAW-icone-1017x1024.png 1017w, https:\/\/pharmabiz.pt\/wp-content\/uploads\/2024\/03\/RAW-icone-150x150.png 150w, https:\/\/pharmabiz.pt\/wp-content\/uploads\/2024\/03\/RAW-icone-768x773.png 768w, https:\/\/pharmabiz.pt\/wp-content\/uploads\/2024\/03\/RAW-icone-1525x1536.png 1525w, https:\/\/pharmabiz.pt\/wp-content\/uploads\/2024\/03\/RAW-icone-1200x1208.png 1200w, https:\/\/pharmabiz.pt\/wp-content\/uploads\/2024\/03\/RAW-icone-45x45.png 45w, https:\/\/pharmabiz.pt\/wp-content\/uploads\/2024\/03\/RAW-icone-600x604.png 600w, https:\/\/pharmabiz.pt\/wp-content\/uploads\/2024\/03\/RAW-icone-100x100.png 100w, https:\/\/pharmabiz.pt\/wp-content\/uploads\/2024\/03\/RAW-icone.png 1737w\" sizes=\"auto, (max-width: 74px) 100vw, 74px\" \/> <img loading=\"lazy\" decoding=\"async\" class=\"alignnone wp-image-10336\" src=\"https:\/\/pharmabiz.pt\/wp-content\/uploads\/2024\/03\/GMO-FREE-Icone-300x299.png\" alt=\"\" width=\"75\" height=\"75\" srcset=\"https:\/\/pharmabiz.pt\/wp-content\/uploads\/2024\/03\/GMO-FREE-Icone-300x299.png 300w, https:\/\/pharmabiz.pt\/wp-content\/uploads\/2024\/03\/GMO-FREE-Icone-1024x1021.png 1024w, https:\/\/pharmabiz.pt\/wp-content\/uploads\/2024\/03\/GMO-FREE-Icone-150x150.png 150w, https:\/\/pharmabiz.pt\/wp-content\/uploads\/2024\/03\/GMO-FREE-Icone-768x765.png 768w, https:\/\/pharmabiz.pt\/wp-content\/uploads\/2024\/03\/GMO-FREE-Icone-1536x1531.png 1536w, https:\/\/pharmabiz.pt\/wp-content\/uploads\/2024\/03\/GMO-FREE-Icone-1200x1196.png 1200w, https:\/\/pharmabiz.pt\/wp-content\/uploads\/2024\/03\/GMO-FREE-Icone-45x45.png 45w, https:\/\/pharmabiz.pt\/wp-content\/uploads\/2024\/03\/GMO-FREE-Icone-600x598.png 600w, https:\/\/pharmabiz.pt\/wp-content\/uploads\/2024\/03\/GMO-FREE-Icone-100x100.png 100w, https:\/\/pharmabiz.pt\/wp-content\/uploads\/2024\/03\/GMO-FREE-Icone.png 1833w\" sizes=\"auto, (max-width: 75px) 100vw, 75px\" \/> <img loading=\"lazy\" decoding=\"async\" class=\"alignnone wp-image-10333\" src=\"https:\/\/pharmabiz.pt\/wp-content\/uploads\/2024\/03\/GLUTEN-FREE-Icone-300x305.png\" alt=\"\" width=\"74\" height=\"75\" srcset=\"https:\/\/pharmabiz.pt\/wp-content\/uploads\/2024\/03\/GLUTEN-FREE-Icone-300x305.png 300w, https:\/\/pharmabiz.pt\/wp-content\/uploads\/2024\/03\/GLUTEN-FREE-Icone-1007x1024.png 1007w, https:\/\/pharmabiz.pt\/wp-content\/uploads\/2024\/03\/GLUTEN-FREE-Icone-150x150.png 150w, https:\/\/pharmabiz.pt\/wp-content\/uploads\/2024\/03\/GLUTEN-FREE-Icone-768x781.png 768w, https:\/\/pharmabiz.pt\/wp-content\/uploads\/2024\/03\/GLUTEN-FREE-Icone-1510x1536.png 1510w, https:\/\/pharmabiz.pt\/wp-content\/uploads\/2024\/03\/GLUTEN-FREE-Icone-1200x1221.png 1200w, https:\/\/pharmabiz.pt\/wp-content\/uploads\/2024\/03\/GLUTEN-FREE-Icone-45x45.png 45w, https:\/\/pharmabiz.pt\/wp-content\/uploads\/2024\/03\/GLUTEN-FREE-Icone-600x610.png 600w, https:\/\/pharmabiz.pt\/wp-content\/uploads\/2024\/03\/GLUTEN-FREE-Icone-100x100.png 100w, https:\/\/pharmabiz.pt\/wp-content\/uploads\/2024\/03\/GLUTEN-FREE-Icone.png 1796w\" sizes=\"auto, (max-width: 74px) 100vw, 74px\" \/> <img loading=\"lazy\" decoding=\"async\" class=\"alignnone wp-image-10351\" src=\"https:\/\/pharmabiz.pt\/wp-content\/uploads\/2024\/03\/PALEO-Icone-300x301.png\" alt=\"\" width=\"75\" height=\"75\" srcset=\"https:\/\/pharmabiz.pt\/wp-content\/uploads\/2024\/03\/PALEO-Icone-300x301.png 300w, https:\/\/pharmabiz.pt\/wp-content\/uploads\/2024\/03\/PALEO-Icone-1022x1024.png 1022w, https:\/\/pharmabiz.pt\/wp-content\/uploads\/2024\/03\/PALEO-Icone-150x150.png 150w, https:\/\/pharmabiz.pt\/wp-content\/uploads\/2024\/03\/PALEO-Icone-768x769.png 768w, https:\/\/pharmabiz.pt\/wp-content\/uploads\/2024\/03\/PALEO-Icone-1533x1536.png 1533w, https:\/\/pharmabiz.pt\/wp-content\/uploads\/2024\/03\/PALEO-Icone-1200x1202.png 1200w, https:\/\/pharmabiz.pt\/wp-content\/uploads\/2024\/03\/PALEO-Icone-45x45.png 45w, https:\/\/pharmabiz.pt\/wp-content\/uploads\/2024\/03\/PALEO-Icone-600x601.png 600w, https:\/\/pharmabiz.pt\/wp-content\/uploads\/2024\/03\/PALEO-Icone-100x100.png 100w, https:\/\/pharmabiz.pt\/wp-content\/uploads\/2024\/03\/PALEO-Icone.png 1782w\" sizes=\"auto, (max-width: 75px) 100vw, 75px\" \/> <img loading=\"lazy\" decoding=\"async\" class=\"alignnone wp-image-10360\" src=\"https:\/\/pharmabiz.pt\/wp-content\/uploads\/2024\/03\/VEGAN-Icone-300x308.png\" alt=\"\" width=\"73\" height=\"75\" srcset=\"https:\/\/pharmabiz.pt\/wp-content\/uploads\/2024\/03\/VEGAN-Icone-300x308.png 300w, https:\/\/pharmabiz.pt\/wp-content\/uploads\/2024\/03\/VEGAN-Icone-996x1024.png 996w, https:\/\/pharmabiz.pt\/wp-content\/uploads\/2024\/03\/VEGAN-Icone-768x790.png 768w, https:\/\/pharmabiz.pt\/wp-content\/uploads\/2024\/03\/VEGAN-Icone-1494x1536.png 1494w, https:\/\/pharmabiz.pt\/wp-content\/uploads\/2024\/03\/VEGAN-Icone-1200x1234.png 1200w, https:\/\/pharmabiz.pt\/wp-content\/uploads\/2024\/03\/VEGAN-Icone-45x45.png 45w, https:\/\/pharmabiz.pt\/wp-content\/uploads\/2024\/03\/VEGAN-Icone-600x617.png 600w, https:\/\/pharmabiz.pt\/wp-content\/uploads\/2024\/03\/VEGAN-Icone.png 1808w\" sizes=\"auto, (max-width: 73px) 100vw, 73px\" \/><\/p>\n","protected":false},"featured_media":11091,"comment_status":"closed","ping_status":"closed","template":"","meta":{"_acf_changed":false},"product_brand":[],"product_cat":[139,259,255,386,147,140,141],"product_tag":[183,185,235,206,196,238,416,199,209,203,434,419],"class_list":{"0":"post-3895","1":"product","2":"type-product","3":"status-publish","4":"has-post-thumbnail","6":"product_cat-alimentacion","7":"product_cat-comercio-justo-es","8":"product_cat-ecologicos","9":"product_cat-fibra-dietetica","10":"product_cat-proteina","11":"product_cat-sin-gluten","12":"product_cat-superalimentos","13":"product_tag-antiinflamatorio","14":"product_tag-antioxidantes","15":"product_tag-colesterol-y-trigliceridos","16":"product_tag-corazon","17":"product_tag-deporte-y-fitness","18":"product_tag-energia-y-vitalidad-es","19":"product_tag-equilibrio-hormonal-y-sexual","20":"product_tag-huesos-y-articulaciones","21":"product_tag-memoria-es","22":"product_tag-stress-es","23":"product_tag-vitamina-b6-es","24":"product_tag-vitamina-c-es","25":"pa_marca-ox-nature-es","27":"first","28":"instock","29":"taxable","30":"shipping-taxable","31":"purchasable","32":"product-type-simple"},"acf":[],"_links":{"self":[{"href":"https:\/\/pharmabiz.pt\/es\/wp-json\/wp\/v2\/product\/3895","targetHints":{"allow":["GET"]}}],"collection":[{"href":"https:\/\/pharmabiz.pt\/es\/wp-json\/wp\/v2\/product"}],"about":[{"href":"https:\/\/pharmabiz.pt\/es\/wp-json\/wp\/v2\/types\/product"}],"replies":[{"embeddable":true,"href":"https:\/\/pharmabiz.pt\/es\/wp-json\/wp\/v2\/comments?post=3895"}],"wp:featuredmedia":[{"embeddable":true,"href":"https:\/\/pharmabiz.pt\/es\/wp-json\/wp\/v2\/media\/11091"}],"wp:attachment":[{"href":"https:\/\/pharmabiz.pt\/es\/wp-json\/wp\/v2\/media?parent=3895"}],"wp:term":[{"taxonomy":"product_brand","embeddable":true,"href":"https:\/\/pharmabiz.pt\/es\/wp-json\/wp\/v2\/product_brand?post=3895"},{"taxonomy":"product_cat","embeddable":true,"href":"https:\/\/pharmabiz.pt\/es\/wp-json\/wp\/v2\/product_cat?post=3895"},{"taxonomy":"product_tag","embeddable":true,"href":"https:\/\/pharmabiz.pt\/es\/wp-json\/wp\/v2\/product_tag?post=3895"}],"curies":[{"name":"wp","href":"https:\/\/api.w.org\/{rel}","templated":true}]}}