{"id":7180,"date":"2020-06-21T01:56:43","date_gmt":"2020-06-21T00:56:43","guid":{"rendered":"https:\/\/pharmabiz.pt\/?post_type=product&#038;p=7180"},"modified":"2024-05-08T13:06:44","modified_gmt":"2024-05-08T12:06:44","slug":"ox-pura-chlorella-yaeyama-premium-100-natural-300-comprimidos-x-200mg","status":"publish","type":"product","link":"https:\/\/pharmabiz.pt\/es\/producto\/ox-pura-chlorella-yaeyama-premium-100-natural-300-comprimidos-x-200mg\/","title":{"rendered":"OX PURA CHLORELLA YAEYAMA, PREMIUM, 100% NATURAL, 300 COMPRIMIDOS X 200mg"},"content":{"rendered":"<div class=\"wpb-content-wrapper\"><p>[vc_row][vc_column width=&#8221;1\/2&#8243;][vc_column_text]<strong><img loading=\"lazy\" decoding=\"async\" class=\"alignnone wp-image-11291 size-large\" src=\"https:\/\/pharmabiz.pt\/wp-content\/uploads\/2014\/08\/OX-Nature_Yaeyama-Cglorella-Great-Chlorella-1024x310.png\" alt=\"\" width=\"1024\" height=\"310\" srcset=\"https:\/\/pharmabiz.pt\/wp-content\/uploads\/2014\/08\/OX-Nature_Yaeyama-Cglorella-Great-Chlorella-1024x310.png 1024w, https:\/\/pharmabiz.pt\/wp-content\/uploads\/2014\/08\/OX-Nature_Yaeyama-Cglorella-Great-Chlorella-300x91.png 300w, https:\/\/pharmabiz.pt\/wp-content\/uploads\/2014\/08\/OX-Nature_Yaeyama-Cglorella-Great-Chlorella-768x233.png 768w, https:\/\/pharmabiz.pt\/wp-content\/uploads\/2014\/08\/OX-Nature_Yaeyama-Cglorella-Great-Chlorella-1200x364.png 1200w, https:\/\/pharmabiz.pt\/wp-content\/uploads\/2014\/08\/OX-Nature_Yaeyama-Cglorella-Great-Chlorella-600x182.png 600w, https:\/\/pharmabiz.pt\/wp-content\/uploads\/2014\/08\/OX-Nature_Yaeyama-Cglorella-Great-Chlorella.png 1274w\" sizes=\"auto, (max-width: 1024px) 100vw, 1024px\" \/><\/strong><\/p>\n<p><strong>OX NATURE PURA CHLORELLA YAEYAMA EN COMPRIMIDOS | PARED CELULAR ROTA<\/strong><\/p>\n<p>La chlorella es una microalga unicelular de agua dulce que apareci\u00f3 hace unos 2.500 millones de a\u00f1os. Tiene un color verde intenso debido a su alto contenido en clorofila. La Chlorella de Yaeyama se cultiva en la isla de Ishigaki (Okinawa), al sur de Jap\u00f3n, en un clima subtropical con arrecifes de coral y agua pura rica en minerales, aire limpio y sol abundante. Esta isla es el lugar ideal para producir la Chlorella de mayor calidad que existe, tiene un centro de investigaci\u00f3n con m\u00e1s de 35 a\u00f1os de estudios y la mayor reserva de Chlorella del mundo. Se cultiva, produce y controla mediante tecnolog\u00eda avanzada y m\u00e9todos *patentados.<\/p>\n<p><em><strong>*M\u00e9todo patentado de cultivo y producci\u00f3n natural al aire libre, para aumentar la cantidad de clorofila y de &#8220;c\u00e9lulas agrietadas&#8221; y garantizar una digestibilidad \u00f3ptima.<\/strong><\/em><\/p>\n<h4><strong>Denominaci\u00f3n de venta:<\/strong><\/h4>\n<p>Clorela pura Yaeyama Comprimidos<\/p>\n<h4><strong>Ingredientes:<\/strong><\/h4>\n<p>Yaeyama Chlorella<i>(Chlorella vulgaris<\/i>) (98,5%), Fosfato tric\u00e1lcico (1,5%).<\/p>\n<h4><strong>Modo de\u00a0<\/strong>empleo:<\/h4>\n<p>6 comprimidos (3 g) al d\u00eda, o seg\u00fan aconseje un profesional de la salud. Despu\u00e9s de la primera semana puede aumentarse a (6-9g). No superes la dosis diaria recomendada.<\/p>\n<h4><strong>Conservaci\u00f3n:<\/strong><\/h4>\n<p>Para mantener la integridad de este producto, cierra bien el frasco de cristal y gu\u00e1rdalo en un lugar fresco y seco, alejado del calor y de la luz solar.<\/p>\n<h4><strong>Advertencia:<\/strong><\/h4>\n<p>Los complementos alimenticios no deben utilizarse como sustitutos de una dieta variada y un estilo de vida sano. Si est\u00e1s embarazada, en per\u00edodo de lactancia, tomas alguna especialidad farmac\u00e9utica o padeces alguna enfermedad, consulta a tu m\u00e9dico antes de tomar este suplemento. Cons\u00e9rvalo en un lugar fresco y seco, alejado de la luz y fuera del alcance de los ni\u00f1os.<\/p>\n<p><strong>*Este producto no est\u00e1 destinado a diagnosticar, tratar, curar ni prevenir ninguna enfermedad, util\u00edzalo s\u00f3lo como suplemento diet\u00e9tico.<\/strong><\/p>\n<h4><strong>Peso neto:<\/strong><\/h4>\n<p>60g &#8211; 300 Comprimidos (x 200mg)<\/p>\n<h4><strong>Caja de transporte:<\/strong><\/h4>\n<p>6 x 60g &#8211; 300 Comprimidos (x 200mg)<\/p>\n<h4><strong>Fuente:<\/strong><\/h4>\n<p>Jap\u00f3n (Ishigaki) Okinawa<\/p>\n<h4><strong>Distribuido por:<\/strong><\/h4>\n<p>Pharmabiz, Lda.[\/vc_column_text][vc_column_text]<\/p>\n<h4><span style=\"color: #6ba539;\"><strong>COMPARACIONES NUTRICIONALES DE LA CHLORELLA<\/strong><\/span><\/h4>\n<p><strong>Comparaci\u00f3n nutricional entre la Chlorella Yaeyama de la isla de Ishigaki (Okinawa) y las verduras verdes y amarillas (por 100 g)<\/strong><\/p>\n<p><img loading=\"lazy\" decoding=\"async\" class=\"alignnone size-full wp-image-6928\" src=\"https:\/\/pharmabiz.pt\/wp-content\/uploads\/2020\/06\/Yaeyama-Chlorella_Compara%C3%A7%C3%A3o-Vegetais_PT.png\" alt=\"\" width=\"944\" height=\"736\" \/>[\/vc_column_text][\/vc_column][vc_column width=&#8221;1\/2&#8243;]<div class=\"nflc nutrition-section std\">\t\r\n\t\t<ul class=\"nutrition-table\" itemprop=\"nutrition\" itemscope itemtype=\"http:\/\/schema.org\/NutritionInformation\">\r\n\t\t\t<li class=\"nt-header b-0\"><h2 class=\"nt-title\">Informa\u00e7\u00e3o Nutricional<\/h2><\/li><li class=\"nt-row b-0\"><span class=\"nt-label col-50\">Servings Per Container<\/span><span class=\"nt-value col-50\" itemprop=\"servingSize\">20<\/span><\/li><li class=\"nt-row sep-10 serving-size\"><span class=\"nt-label col-50\">Serving Size<\/span><span class=\"nt-value col-50\" itemprop=\"servingSize\">3g<\/span><\/li><li class=\"nt-row font-bold b-0\"><span class=\"nt-label\">Amount per serving<\/span><\/li><li class=\"nt-row font-bold calories sep-8\"><span class=\"nt-label col-70\">Calories<\/span><span class=\"nt-value col-30\" itemprop=\"servingSize\">12<\/span><\/li><li class=\"nt-head font-bold sep-4\"><span class=\"nt-label nutrient-label col-40\"><\/span><span class=\"nt-label amount-label col-30\"><\/span><span class=\"pdv-label col-30\">% Daily Value*<\/span><\/li><br \/>\n<b>Warning<\/b>:  Undefined array key \"amt\" in <b>\/var\/www\/vhosts\/pharmabiz.pt\/httpdocs\/wp-content\/plugins\/nutrition-facts-label-creator\/nflc_templates\/default.php<\/b> on line <b>137<\/b><br \/>\n<br \/>\n<b>Warning<\/b>:  Undefined array key \"unit\" in <b>\/var\/www\/vhosts\/pharmabiz.pt\/httpdocs\/wp-content\/plugins\/nutrition-facts-label-creator\/nflc_templates\/default.php<\/b> on line <b>137<\/b><br \/>\n<li><span class=\"nt-label col-40 font-bold\">VALORES M\u00c9DIOS<\/span><span class=\"nt-amount col-30\"> <\/span><\/li><li><span class=\"nt-label col-40 font-bold\">Prote\u00ednas<\/span><span class=\"nt-amount col-30\">1.95 g<\/span><span class=\"nt-value col-30\">3.9%<\/span><\/li><br \/>\n<b>Warning<\/b>:  Undefined array key \"amt\" in <b>\/var\/www\/vhosts\/pharmabiz.pt\/httpdocs\/wp-content\/plugins\/nutrition-facts-label-creator\/nflc_templates\/default.php<\/b> on line <b>137<\/b><br \/>\n<br \/>\n<b>Warning<\/b>:  Undefined array key \"unit\" in <b>\/var\/www\/vhosts\/pharmabiz.pt\/httpdocs\/wp-content\/plugins\/nutrition-facts-label-creator\/nflc_templates\/default.php<\/b> on line <b>137<\/b><br \/>\n<li><span class=\"nt-label col-40 font-bold\">VITAMINAS<\/span><span class=\"nt-amount col-30\"> <\/span><\/li><li><span class=\"nt-label col-40 font-bold\">Vitamina A<\/span><span class=\"nt-amount col-30\">292 \u03bcg<\/span><span class=\"nt-value col-30\">36.5%<\/span><\/li><li><span class=\"nt-label col-40 font-bold\">Vitamina D<\/span><span class=\"nt-amount col-30\">33 \u03bcg<\/span><span class=\"nt-value col-30\"><b>660%<\/b><\/span><\/li><li><span class=\"nt-label col-40 font-bold\">Vitamina E (d-alfa-tocoferol)<\/span><span class=\"nt-amount col-30\">0.80 mg<\/span><span class=\"nt-value col-30\">6.67%<\/span><\/li><li><span class=\"nt-label col-40 font-bold\">Vitamina K<\/span><span class=\"nt-amount col-30\">15.5  \u03bcg<\/span><span class=\"nt-value col-30\">20.67%<\/span><\/li><li><span class=\"nt-label col-40 font-bold\">Tiamina<\/span><span class=\"nt-amount col-30\">0.05 mg<\/span><span class=\"nt-value col-30\">4.55%<\/span><\/li><li><span class=\"nt-label col-40 font-bold\">Riboflavina<\/span><span class=\"nt-amount col-30\">0.16 mg<\/span><span class=\"nt-value col-30\">11.43%<\/span><\/li><li><span class=\"nt-label col-40 font-bold\">Niacina<\/span><span class=\"nt-amount col-30\">1.47 mg<\/span><span class=\"nt-value col-30\">9.19%<\/span><\/li><li><span class=\"nt-label col-40 font-bold\">Vitamina B6<\/span><span class=\"nt-amount col-30\">0.06 mg<\/span><span class=\"nt-value col-30\">4.29%<\/span><\/li><li><span class=\"nt-label col-40 font-bold\">\u00c1cido F\u00f3lico<\/span><span class=\"nt-amount col-30\">53 \u03bcg<\/span><span class=\"nt-value col-30\">26.5%<\/span><\/li><li><span class=\"nt-label col-40 font-bold\">Vitamina B12<\/span><span class=\"nt-amount col-30\">0.44 \u03bcg<\/span><span class=\"nt-value col-30\">17.6%<\/span><\/li><br \/>\n<b>Warning<\/b>:  Undefined array key \"amt\" in <b>\/var\/www\/vhosts\/pharmabiz.pt\/httpdocs\/wp-content\/plugins\/nutrition-facts-label-creator\/nflc_templates\/default.php<\/b> on line <b>137<\/b><br \/>\n<br \/>\n<b>Warning<\/b>:  Undefined array key \"unit\" in <b>\/var\/www\/vhosts\/pharmabiz.pt\/httpdocs\/wp-content\/plugins\/nutrition-facts-label-creator\/nflc_templates\/default.php<\/b> on line <b>137<\/b><br \/>\n<li><span class=\"nt-label col-40 font-bold\">MINERAIS<\/span><span class=\"nt-amount col-30\"> <\/span><\/li><li><span class=\"nt-label col-40 font-bold\">Pot\u00e1ssio<\/span><span class=\"nt-amount col-30\">20.9 mg<\/span><span class=\"nt-value col-30\">1.05%<\/span><\/li><li><span class=\"nt-label col-40 font-bold\">C\u00e1lcio<\/span><span class=\"nt-amount col-30\">20.7 mg<\/span><span class=\"nt-value col-30\">2.59%<\/span><\/li><li><span class=\"nt-label col-40 font-bold\">Magn\u00e9sio<\/span><span class=\"nt-amount col-30\">8.25 mg<\/span><span class=\"nt-value col-30\">2.2%<\/span><\/li><li><span class=\"nt-label col-40 font-bold\">Ferro<\/span><span class=\"nt-amount col-30\">1 mg<\/span><span class=\"nt-value col-30\">7.14%<\/span><\/li><li><span class=\"nt-label col-40 font-bold\">Iodo<\/span><span class=\"nt-amount col-30\">0 \u03bcg<\/span><span class=\"nt-value col-30\">0%<\/span><\/li><br \/>\n<b>Warning<\/b>:  Undefined array key \"amt\" in <b>\/var\/www\/vhosts\/pharmabiz.pt\/httpdocs\/wp-content\/plugins\/nutrition-facts-label-creator\/nflc_templates\/default.php<\/b> on line <b>137<\/b><br \/>\n<br \/>\n<b>Warning<\/b>:  Undefined array key \"unit\" in <b>\/var\/www\/vhosts\/pharmabiz.pt\/httpdocs\/wp-content\/plugins\/nutrition-facts-label-creator\/nflc_templates\/default.php<\/b> on line <b>137<\/b><br \/>\n<li><span class=\"nt-label col-40 font-bold\">AMINO\u00c1CIDOS ESSENCIAIS<\/span><span class=\"nt-amount col-30\"> <\/span><\/li><li><span class=\"nt-label col-40 font-bold\">Fenilalanina<\/span><span class=\"nt-amount col-30\">88 mg<\/span><\/li><li><span class=\"nt-label col-40 font-bold\">Isoleucina<\/span><span class=\"nt-amount col-30\">69 mg<\/span><\/li><li><span class=\"nt-label col-40 font-bold\">Leucina<\/span><span class=\"nt-amount col-30\">158 mg<\/span><\/li><li><span class=\"nt-label col-40 font-bold\">Lisina<\/span><span class=\"nt-amount col-30\">151 mg<\/span><\/li><li><span class=\"nt-label col-40 font-bold\">Metionina<\/span><span class=\"nt-amount col-30\">41 mg<\/span><\/li><li><span class=\"nt-label col-40 font-bold\">Treonina<\/span><span class=\"nt-amount col-30\">85 mg<\/span><\/li><li><span class=\"nt-label col-40 font-bold\">Triptofano<\/span><span class=\"nt-amount col-30\">36.9 mg<\/span><\/li><li><span class=\"nt-label col-40 font-bold\">Histidina<\/span><span class=\"nt-amount col-30\">40 mg<\/span><\/li><li><span class=\"nt-label col-40 font-bold\">Valina<\/span><span class=\"nt-amount col-30\">104 mg<\/span><\/li><br \/>\n<b>Warning<\/b>:  Undefined array key \"amt\" in <b>\/var\/www\/vhosts\/pharmabiz.pt\/httpdocs\/wp-content\/plugins\/nutrition-facts-label-creator\/nflc_templates\/default.php<\/b> on line <b>137<\/b><br \/>\n<br \/>\n<b>Warning<\/b>:  Undefined array key \"unit\" in <b>\/var\/www\/vhosts\/pharmabiz.pt\/httpdocs\/wp-content\/plugins\/nutrition-facts-label-creator\/nflc_templates\/default.php<\/b> on line <b>137<\/b><br \/>\n<li><span class=\"nt-label col-40 font-bold\">OUTROS<\/span><span class=\"nt-amount col-30\"> <\/span><\/li><li><span class=\"nt-label col-40 font-bold\">\u03b1-caroteno<\/span><span class=\"nt-amount col-30\">1050 \u03bcg<\/span><\/li><li><span class=\"nt-label col-40 font-bold\">\u03b2-caroteno<\/span><span class=\"nt-amount col-30\">3030 \u03bcg<\/span><\/li><li><span class=\"nt-label col-40 font-bold\">Lute\u00edna<\/span><span class=\"nt-amount col-30\">13.5 mg<\/span><\/li><li><span class=\"nt-label col-40 font-bold\">Zeaxantina<\/span><span class=\"nt-amount col-30\">0.93 mg<\/span><\/li><li><span class=\"nt-label col-40 font-bold\">Clorofila<\/span><span class=\"nt-amount col-30\">102 mg<\/span><\/li><li><span class=\"nt-label col-40 font-bold\">C.G.F. (Fator de Crescimento Chlorella)<\/span><span class=\"nt-amount col-30\">11.9 %<\/span><\/li><li class=\"nt-footer b-0\">*DR - Dose de Refer\u00eancia para um adulto m\u00e9dio (8400kJ \/ 2000 kcal).<br \/>\n**VRN - Valor de Refer\u00eancia do Nutriente.<br \/>\nNOTA - Os Valores Nutricionais podem variar de acordo com a sazonalidade.<\/li>\t\t<\/ul><!-- \/.nutrition-table -->\r\n\t<\/div><!-- \/.nutrition-section -->[vc_empty_space][vc_column_text]<\/p>\n<h4><strong>PROPIEDADES NUTRITIVAS:<\/strong><\/h4>\n<p>Contiene minerales, fibra, vitaminas del grupo B, especialmente rica en vitamina B-12, clorofila y C.G.F. (Factor de Crecimiento de la Chlorella).<\/p>\n<p>El Factor de Crecimiento de la Chlorella estimula la recuperaci\u00f3n de los tejidos, protege la integridad celular, mejora la ingesta de nutrientes y regula la producci\u00f3n de energ\u00eda. Tambi\u00e9n ayuda a recuperar el material gen\u00e9tico da\u00f1ado, protege la salud apoyando las funciones celulares vitales y ralentiza el proceso de envejecimiento.<\/p>\n<p>*Las propiedades de la Chlorella Yaeyama est\u00e1n documentadas en numerosos estudios y publicaciones cient\u00edficas internacionales<\/p>\n<p><strong>BENEFICIOS PARA LA SALUD<\/strong><br \/>\n*Estos nutrientes contribuyen a<\/p>\n<p><strong>VITAMINA A<\/strong><br \/>\n*Mantener la piel y la visi\u00f3n normales.<\/p>\n<p><strong>VITAMINA K<\/strong><br \/>\n*coagulaci\u00f3n sangu\u00ednea normal.<\/p>\n<p><strong>\u00c1CIDO F\u00d3LICO<\/strong><br \/>\n*el crecimiento del tejido materno durante el embarazo.<br \/>\n*el proceso de divisi\u00f3n celular.<\/p>\n<p><strong>VITAMINA B12<\/strong><br \/>\n*el metabolismo normal de la homociste\u00edna.<br \/>\n*el funcionamiento normal del sistema inmunitario.<\/p>\n<p><strong>HIERRO<\/strong><br \/>\n*la formaci\u00f3n normal de gl\u00f3bulos rojos y hemoglobina.[\/vc_column_text][\/vc_column][\/vc_row]<\/p>\n<\/div>","protected":false},"excerpt":{"rendered":"<h4><strong>\u00a1UNO DE LOS MEJORES ALIMENTOS PARA DESINTOXICAR TU CUERPO!<\/strong><\/h4>\n<div class=\"woocommerce-product-details__short-description\">\n<p><span class=\"textexposedshow\">ALIMENTOS ALCALINIZANTES Y REGENERADORES<\/span><br \/>\n<span class=\"textexposedshow\">RICO EN VITAMINA A Y VITAMINA B12<\/span><br \/>\nCONTIENE CAROTENOIDES Y COMPUESTOS BIOACTIVOS,<br \/>\nLUTE\u00cdNA, ZEAXANTINA, CLOROFILA<br \/>\n&amp; FACTOR DE CRECIMIENTO DE CHLORELLA<br \/>\nPARED CELULAR ROTA<\/p>\n<p>RICO EN VITAMINA K &#8211; <strong>COAGULACI\u00d3N DE LA SANGRE*<\/strong>.<br \/>\nRICO EN \u00c1CIDO F\u00d3LICO &#8211; <strong>SALUD CELULAR*<\/strong>.<\/p>\n<p>100% NATURAL, PURO, CRUDO, NO TRANSG\u00c9NICO, SIN GLUTEN, PALEO, VEGANO<\/p>\n<p><img loading=\"lazy\" decoding=\"async\" class=\"alignnone wp-image-10348\" src=\"https:\/\/pharmabiz.pt\/wp-content\/uploads\/2024\/03\/ORGANIC-icone-300x296.png\" alt=\"\" width=\"76\" height=\"75\" srcset=\"https:\/\/pharmabiz.pt\/wp-content\/uploads\/2024\/03\/ORGANIC-icone-300x296.png 300w, https:\/\/pharmabiz.pt\/wp-content\/uploads\/2024\/03\/ORGANIC-icone-1024x1012.png 1024w, https:\/\/pharmabiz.pt\/wp-content\/uploads\/2024\/03\/ORGANIC-icone-150x150.png 150w, https:\/\/pharmabiz.pt\/wp-content\/uploads\/2024\/03\/ORGANIC-icone-768x759.png 768w, https:\/\/pharmabiz.pt\/wp-content\/uploads\/2024\/03\/ORGANIC-icone-1536x1518.png 1536w, https:\/\/pharmabiz.pt\/wp-content\/uploads\/2024\/03\/ORGANIC-icone-1200x1186.png 1200w, https:\/\/pharmabiz.pt\/wp-content\/uploads\/2024\/03\/ORGANIC-icone-45x45.png 45w, https:\/\/pharmabiz.pt\/wp-content\/uploads\/2024\/03\/ORGANIC-icone-600x593.png 600w, https:\/\/pharmabiz.pt\/wp-content\/uploads\/2024\/03\/ORGANIC-icone-100x100.png 100w, https:\/\/pharmabiz.pt\/wp-content\/uploads\/2024\/03\/ORGANIC-icone.png 1855w\" sizes=\"auto, (max-width: 76px) 100vw, 76px\" \/> <img loading=\"lazy\" decoding=\"async\" class=\"alignnone wp-image-10354\" src=\"https:\/\/pharmabiz.pt\/wp-content\/uploads\/2024\/03\/PLANT-BASED-Icone-300x290.png\" alt=\"\" width=\"78\" height=\"75\" srcset=\"https:\/\/pharmabiz.pt\/wp-content\/uploads\/2024\/03\/PLANT-BASED-Icone-300x290.png 300w, https:\/\/pharmabiz.pt\/wp-content\/uploads\/2024\/03\/PLANT-BASED-Icone-1024x991.png 1024w, https:\/\/pharmabiz.pt\/wp-content\/uploads\/2024\/03\/PLANT-BASED-Icone-768x743.png 768w, https:\/\/pharmabiz.pt\/wp-content\/uploads\/2024\/03\/PLANT-BASED-Icone-1536x1486.png 1536w, https:\/\/pharmabiz.pt\/wp-content\/uploads\/2024\/03\/PLANT-BASED-Icone-1200x1161.png 1200w, https:\/\/pharmabiz.pt\/wp-content\/uploads\/2024\/03\/PLANT-BASED-Icone-600x581.png 600w, https:\/\/pharmabiz.pt\/wp-content\/uploads\/2024\/03\/PLANT-BASED-Icone.png 1886w\" sizes=\"auto, (max-width: 78px) 100vw, 78px\" \/> <img loading=\"lazy\" decoding=\"async\" class=\"alignnone wp-image-10357\" src=\"https:\/\/pharmabiz.pt\/wp-content\/uploads\/2024\/03\/RAW-icone-300x302.png\" alt=\"\" width=\"74\" height=\"75\" srcset=\"https:\/\/pharmabiz.pt\/wp-content\/uploads\/2024\/03\/RAW-icone-300x302.png 300w, https:\/\/pharmabiz.pt\/wp-content\/uploads\/2024\/03\/RAW-icone-1017x1024.png 1017w, https:\/\/pharmabiz.pt\/wp-content\/uploads\/2024\/03\/RAW-icone-150x150.png 150w, https:\/\/pharmabiz.pt\/wp-content\/uploads\/2024\/03\/RAW-icone-768x773.png 768w, https:\/\/pharmabiz.pt\/wp-content\/uploads\/2024\/03\/RAW-icone-1525x1536.png 1525w, https:\/\/pharmabiz.pt\/wp-content\/uploads\/2024\/03\/RAW-icone-1200x1208.png 1200w, https:\/\/pharmabiz.pt\/wp-content\/uploads\/2024\/03\/RAW-icone-45x45.png 45w, https:\/\/pharmabiz.pt\/wp-content\/uploads\/2024\/03\/RAW-icone-600x604.png 600w, https:\/\/pharmabiz.pt\/wp-content\/uploads\/2024\/03\/RAW-icone-100x100.png 100w, https:\/\/pharmabiz.pt\/wp-content\/uploads\/2024\/03\/RAW-icone.png 1737w\" sizes=\"auto, (max-width: 74px) 100vw, 74px\" \/> <img loading=\"lazy\" decoding=\"async\" class=\"alignnone wp-image-10336\" src=\"https:\/\/pharmabiz.pt\/wp-content\/uploads\/2024\/03\/GMO-FREE-Icone-300x299.png\" alt=\"\" width=\"75\" height=\"75\" srcset=\"https:\/\/pharmabiz.pt\/wp-content\/uploads\/2024\/03\/GMO-FREE-Icone-300x299.png 300w, https:\/\/pharmabiz.pt\/wp-content\/uploads\/2024\/03\/GMO-FREE-Icone-1024x1021.png 1024w, https:\/\/pharmabiz.pt\/wp-content\/uploads\/2024\/03\/GMO-FREE-Icone-150x150.png 150w, https:\/\/pharmabiz.pt\/wp-content\/uploads\/2024\/03\/GMO-FREE-Icone-768x765.png 768w, https:\/\/pharmabiz.pt\/wp-content\/uploads\/2024\/03\/GMO-FREE-Icone-1536x1531.png 1536w, https:\/\/pharmabiz.pt\/wp-content\/uploads\/2024\/03\/GMO-FREE-Icone-1200x1196.png 1200w, https:\/\/pharmabiz.pt\/wp-content\/uploads\/2024\/03\/GMO-FREE-Icone-45x45.png 45w, https:\/\/pharmabiz.pt\/wp-content\/uploads\/2024\/03\/GMO-FREE-Icone-600x598.png 600w, https:\/\/pharmabiz.pt\/wp-content\/uploads\/2024\/03\/GMO-FREE-Icone-100x100.png 100w, https:\/\/pharmabiz.pt\/wp-content\/uploads\/2024\/03\/GMO-FREE-Icone.png 1833w\" sizes=\"auto, (max-width: 75px) 100vw, 75px\" \/> <img loading=\"lazy\" decoding=\"async\" class=\"alignnone wp-image-10333\" src=\"https:\/\/pharmabiz.pt\/wp-content\/uploads\/2024\/03\/GLUTEN-FREE-Icone-300x305.png\" alt=\"\" width=\"74\" height=\"75\" srcset=\"https:\/\/pharmabiz.pt\/wp-content\/uploads\/2024\/03\/GLUTEN-FREE-Icone-300x305.png 300w, https:\/\/pharmabiz.pt\/wp-content\/uploads\/2024\/03\/GLUTEN-FREE-Icone-1007x1024.png 1007w, https:\/\/pharmabiz.pt\/wp-content\/uploads\/2024\/03\/GLUTEN-FREE-Icone-150x150.png 150w, https:\/\/pharmabiz.pt\/wp-content\/uploads\/2024\/03\/GLUTEN-FREE-Icone-768x781.png 768w, https:\/\/pharmabiz.pt\/wp-content\/uploads\/2024\/03\/GLUTEN-FREE-Icone-1510x1536.png 1510w, https:\/\/pharmabiz.pt\/wp-content\/uploads\/2024\/03\/GLUTEN-FREE-Icone-1200x1221.png 1200w, https:\/\/pharmabiz.pt\/wp-content\/uploads\/2024\/03\/GLUTEN-FREE-Icone-45x45.png 45w, https:\/\/pharmabiz.pt\/wp-content\/uploads\/2024\/03\/GLUTEN-FREE-Icone-600x610.png 600w, https:\/\/pharmabiz.pt\/wp-content\/uploads\/2024\/03\/GLUTEN-FREE-Icone-100x100.png 100w, https:\/\/pharmabiz.pt\/wp-content\/uploads\/2024\/03\/GLUTEN-FREE-Icone.png 1796w\" sizes=\"auto, (max-width: 74px) 100vw, 74px\" \/> <img loading=\"lazy\" decoding=\"async\" class=\"alignnone wp-image-10351\" src=\"https:\/\/pharmabiz.pt\/wp-content\/uploads\/2024\/03\/PALEO-Icone-300x301.png\" alt=\"\" width=\"75\" height=\"75\" srcset=\"https:\/\/pharmabiz.pt\/wp-content\/uploads\/2024\/03\/PALEO-Icone-300x301.png 300w, https:\/\/pharmabiz.pt\/wp-content\/uploads\/2024\/03\/PALEO-Icone-1022x1024.png 1022w, https:\/\/pharmabiz.pt\/wp-content\/uploads\/2024\/03\/PALEO-Icone-150x150.png 150w, https:\/\/pharmabiz.pt\/wp-content\/uploads\/2024\/03\/PALEO-Icone-768x769.png 768w, https:\/\/pharmabiz.pt\/wp-content\/uploads\/2024\/03\/PALEO-Icone-1533x1536.png 1533w, https:\/\/pharmabiz.pt\/wp-content\/uploads\/2024\/03\/PALEO-Icone-1200x1202.png 1200w, https:\/\/pharmabiz.pt\/wp-content\/uploads\/2024\/03\/PALEO-Icone-45x45.png 45w, https:\/\/pharmabiz.pt\/wp-content\/uploads\/2024\/03\/PALEO-Icone-600x601.png 600w, https:\/\/pharmabiz.pt\/wp-content\/uploads\/2024\/03\/PALEO-Icone-100x100.png 100w, https:\/\/pharmabiz.pt\/wp-content\/uploads\/2024\/03\/PALEO-Icone.png 1782w\" sizes=\"auto, (max-width: 75px) 100vw, 75px\" \/> <img loading=\"lazy\" decoding=\"async\" class=\"alignnone wp-image-10339\" src=\"https:\/\/pharmabiz.pt\/wp-content\/uploads\/2024\/03\/KETO.Icone_-300x300.png\" alt=\"\" width=\"75\" height=\"75\" srcset=\"https:\/\/pharmabiz.pt\/wp-content\/uploads\/2024\/03\/KETO.Icone_-300x300.png 300w, https:\/\/pharmabiz.pt\/wp-content\/uploads\/2024\/03\/KETO.Icone_-1024x1022.png 1024w, https:\/\/pharmabiz.pt\/wp-content\/uploads\/2024\/03\/KETO.Icone_-150x150.png 150w, https:\/\/pharmabiz.pt\/wp-content\/uploads\/2024\/03\/KETO.Icone_-768x767.png 768w, https:\/\/pharmabiz.pt\/wp-content\/uploads\/2024\/03\/KETO.Icone_-1536x1533.png 1536w, https:\/\/pharmabiz.pt\/wp-content\/uploads\/2024\/03\/KETO.Icone_-1200x1198.png 1200w, https:\/\/pharmabiz.pt\/wp-content\/uploads\/2024\/03\/KETO.Icone_-45x45.png 45w, https:\/\/pharmabiz.pt\/wp-content\/uploads\/2024\/03\/KETO.Icone_-600x599.png 600w, https:\/\/pharmabiz.pt\/wp-content\/uploads\/2024\/03\/KETO.Icone_-100x100.png 100w, https:\/\/pharmabiz.pt\/wp-content\/uploads\/2024\/03\/KETO.Icone_.png 1805w\" sizes=\"auto, (max-width: 75px) 100vw, 75px\" \/> <img loading=\"lazy\" decoding=\"async\" class=\"alignnone wp-image-10360\" src=\"https:\/\/pharmabiz.pt\/wp-content\/uploads\/2024\/03\/VEGAN-Icone-300x308.png\" alt=\"\" width=\"73\" height=\"75\" srcset=\"https:\/\/pharmabiz.pt\/wp-content\/uploads\/2024\/03\/VEGAN-Icone-300x308.png 300w, https:\/\/pharmabiz.pt\/wp-content\/uploads\/2024\/03\/VEGAN-Icone-996x1024.png 996w, https:\/\/pharmabiz.pt\/wp-content\/uploads\/2024\/03\/VEGAN-Icone-768x790.png 768w, https:\/\/pharmabiz.pt\/wp-content\/uploads\/2024\/03\/VEGAN-Icone-1494x1536.png 1494w, https:\/\/pharmabiz.pt\/wp-content\/uploads\/2024\/03\/VEGAN-Icone-1200x1234.png 1200w, https:\/\/pharmabiz.pt\/wp-content\/uploads\/2024\/03\/VEGAN-Icone-45x45.png 45w, https:\/\/pharmabiz.pt\/wp-content\/uploads\/2024\/03\/VEGAN-Icone-600x617.png 600w, https:\/\/pharmabiz.pt\/wp-content\/uploads\/2024\/03\/VEGAN-Icone.png 1808w\" sizes=\"auto, (max-width: 73px) 100vw, 73px\" \/><\/p>\n<\/div>\n<div class=\"apss-social-share apss-theme-6 clearfix\">\n<div class=\"apss-linkedin apss-single-icon\">\n<div class=\"apss-icon-block clearfix\"><\/div>\n<\/div>\n<div class=\"apss-email apss-single-icon\"><\/div>\n<\/div>\n","protected":false},"featured_media":11142,"comment_status":"closed","ping_status":"closed","template":"","meta":{"_acf_changed":false},"product_brand":[],"product_cat":[262,175,139,249,143,147,140,141],"product_tag":[413,223,407,183,185,236,476,190,206,196,188,238,468,242,239,153,403,246,240,472],"class_list":{"0":"post-7180","1":"product","2":"type-product","3":"status-publish","4":"has-post-thumbnail","6":"product_cat-100-natural-es","7":"product_cat-algas","8":"product_cat-alimentacion","9":"product_cat-alimentos-alcalinos-es","10":"product_cat-complementos-alimenticios","11":"product_cat-proteina","12":"product_cat-sin-gluten","13":"product_cat-superalimentos","14":"product_tag-acido-folico-es","15":"product_tag-aminoacidos-esenciales","16":"product_tag-anti-edad","17":"product_tag-antiinflamatorio","18":"product_tag-antioxidantes","19":"product_tag-belleza-y-cuidados-personales","20":"product_tag-clorofila-es","21":"product_tag-control-de-peso","22":"product_tag-corazon","23":"product_tag-deporte-y-fitness","24":"product_tag-detox-es","25":"product_tag-energia-y-vitalidad-es","26":"product_tag-luteina-es","27":"product_tag-piel-unas-y-cabello","28":"product_tag-prebioticos-y-probioticos","29":"product_tag-sistema-inmunitario","30":"product_tag-vitamina-a-es","31":"product_tag-vitamina-b12","32":"product_tag-vitamina-d-es","33":"product_tag-zeaxantina-es","34":"pa_marca-ox-nature-es","36":"first","37":"onbackorder","38":"featured","39":"taxable","40":"shipping-taxable","41":"purchasable","42":"product-type-simple"},"acf":[],"_links":{"self":[{"href":"https:\/\/pharmabiz.pt\/es\/wp-json\/wp\/v2\/product\/7180","targetHints":{"allow":["GET"]}}],"collection":[{"href":"https:\/\/pharmabiz.pt\/es\/wp-json\/wp\/v2\/product"}],"about":[{"href":"https:\/\/pharmabiz.pt\/es\/wp-json\/wp\/v2\/types\/product"}],"replies":[{"embeddable":true,"href":"https:\/\/pharmabiz.pt\/es\/wp-json\/wp\/v2\/comments?post=7180"}],"wp:featuredmedia":[{"embeddable":true,"href":"https:\/\/pharmabiz.pt\/es\/wp-json\/wp\/v2\/media\/11142"}],"wp:attachment":[{"href":"https:\/\/pharmabiz.pt\/es\/wp-json\/wp\/v2\/media?parent=7180"}],"wp:term":[{"taxonomy":"product_brand","embeddable":true,"href":"https:\/\/pharmabiz.pt\/es\/wp-json\/wp\/v2\/product_brand?post=7180"},{"taxonomy":"product_cat","embeddable":true,"href":"https:\/\/pharmabiz.pt\/es\/wp-json\/wp\/v2\/product_cat?post=7180"},{"taxonomy":"product_tag","embeddable":true,"href":"https:\/\/pharmabiz.pt\/es\/wp-json\/wp\/v2\/product_tag?post=7180"}],"curies":[{"name":"wp","href":"https:\/\/api.w.org\/{rel}","templated":true}]}}