{"id":7186,"date":"2020-06-21T02:17:05","date_gmt":"2020-06-21T01:17:05","guid":{"rendered":"https:\/\/pharmabiz.pt\/?post_type=product&#038;p=7186"},"modified":"2024-05-08T13:00:15","modified_gmt":"2024-05-08T12:00:15","slug":"ox-astaxantina-natural-hawaiana-4mg-vitamina-e-30-capsulas-softgel-veganas","status":"publish","type":"product","link":"https:\/\/pharmabiz.pt\/es\/producto\/ox-astaxantina-natural-hawaiana-4mg-vitamina-e-30-capsulas-softgel-veganas\/","title":{"rendered":"OX ASTAXANTINA NATURAL HAWAIANA 4mg + VITAMINA E, 30 C\u00c1PSULAS SOFTGEL VEGANAS"},"content":{"rendered":"<div class=\"wpb-content-wrapper\"><p>[vc_row][vc_column width=&#8221;1\/2&#8243;][vc_column_text]<\/p>\n<div id=\"description\" class=\"panel entry-content\">\n<p><strong><img loading=\"lazy\" decoding=\"async\" class=\"alignnone wp-image-11205 size-full\" src=\"https:\/\/pharmabiz.pt\/wp-content\/uploads\/2020\/06\/FOTO-DE-AQUIFEROS-DE-ASTAXANTINA-HAVAIANA.jpg\" alt=\"\" width=\"990\" height=\"659\" srcset=\"https:\/\/pharmabiz.pt\/wp-content\/uploads\/2020\/06\/FOTO-DE-AQUIFEROS-DE-ASTAXANTINA-HAVAIANA.jpg 990w, https:\/\/pharmabiz.pt\/wp-content\/uploads\/2020\/06\/FOTO-DE-AQUIFEROS-DE-ASTAXANTINA-HAVAIANA-300x200.jpg 300w, https:\/\/pharmabiz.pt\/wp-content\/uploads\/2020\/06\/FOTO-DE-AQUIFEROS-DE-ASTAXANTINA-HAVAIANA-768x511.jpg 768w, https:\/\/pharmabiz.pt\/wp-content\/uploads\/2020\/06\/FOTO-DE-AQUIFEROS-DE-ASTAXANTINA-HAVAIANA-600x399.jpg 600w\" sizes=\"auto, (max-width: 990px) 100vw, 990px\" \/><\/strong><\/p>\n<p><strong>OX NATURE ASTAXANTINA NATURAL HAWAIANA 4mg CON VITAMINA E, C\u00c1PSULAS SOFTGEL VEGANAS, CERTIFICACI\u00d3N NAXA<\/strong><\/p>\n<p>Astaxantina 100% natural, extra\u00edda de la microalga <i>Haematococcus pluvialis<\/i>(la fuente m\u00e1s rica de astaxantina natural), cultivada en Kona, en la costa de Hawai, en una Zona de Bioseguridad, libre de pesticidas y herbicidas, con agua 100% potable procedente de acu\u00edferos hawaianos. Debido a las condiciones ambientales \u00fanicas, nuestra astaxantina tiene la <strong>m\u00e1xima calidad, pureza y potencia antioxidante<\/strong>.<\/p>\n<p><img loading=\"lazy\" decoding=\"async\" class=\"alignnone wp-image-11208 size-large\" src=\"https:\/\/pharmabiz.pt\/wp-content\/uploads\/2020\/06\/Astaxantina-Microscopio-1024x682.jpg\" alt=\"\" width=\"1024\" height=\"682\" srcset=\"https:\/\/pharmabiz.pt\/wp-content\/uploads\/2020\/06\/Astaxantina-Microscopio-1024x682.jpg 1024w, https:\/\/pharmabiz.pt\/wp-content\/uploads\/2020\/06\/Astaxantina-Microscopio-300x200.jpg 300w, https:\/\/pharmabiz.pt\/wp-content\/uploads\/2020\/06\/Astaxantina-Microscopio-768x512.jpg 768w, https:\/\/pharmabiz.pt\/wp-content\/uploads\/2020\/06\/Astaxantina-Microscopio-600x400.jpg 600w, https:\/\/pharmabiz.pt\/wp-content\/uploads\/2020\/06\/Astaxantina-Microscopio.jpg 1180w\" sizes=\"auto, (max-width: 1024px) 100vw, 1024px\" \/><\/p>\n<p>La astaxantina es un pigmento carotenoide de origen marino, clasificado qu\u00edmicamente como xantofila, que es una familia de carotenoides que no son precursores de la vitamina A. Es un nutriente liposoluble con una estructura molecular exclusiva que le confiere una excelente capacidad antioxidante. Se considera la &#8220;Reina de los Carotenoides&#8221;&#8230; <strong>\u00a1Uno de los antioxidantes m\u00e1s potentes de la naturaleza!<\/strong><\/p>\n<h4><strong>Denominaci\u00f3n de venta:<\/strong><\/h4>\n<p>Astaxantina Natural Hawaiana 30 C\u00e1psulas Vegana C\u00e1psula Blanda | Complemento Alimenticio<\/p>\n<h4><strong>Ingredientes:<\/strong><\/h4>\n<p>Agente de carga: aceite de oliva virgen extra, agente de recubrimiento: c\u00e1psula blanda vegetal (almid\u00f3n de ma\u00edz no modificado gen\u00e9ticamente, glicerina vegetal, humectante: sorbitol, extracto de algas y agua purificada), extracto de microalgas <i>Haematococcus pluvialis<\/i>, tocoferoles naturales.<\/p>\n<h4><strong>Modo de\u00a0<\/strong>empleo:<\/h4>\n<p>1 c\u00e1psula al d\u00eda, preferiblemente con las comidas o seg\u00fan aconseje un profesional de la salud. Si es necesario, puedes tomar hasta 3 c\u00e1psulas al d\u00eda. No superes la dosis diaria recomendada.<\/p>\n<h4><strong>Cantidad diaria recomendada:<br \/>\n<\/strong><\/h4>\n<p>&#8211; General (mantenimiento): 4 mg<br \/>\n&#8211; Salud de articulaciones y tendones: 12 mg<br \/>\n&#8211; Salud de la piel y protecci\u00f3n solar Rayos UV: 4 mg<br \/>\n&#8211; Ocular y Cerebral: 8 a 12 mg<br \/>\n&#8211; Despu\u00e9s de un ejercicio f\u00edsico intenso: 12 mg<\/p>\n<h4><strong>Conservaci\u00f3n:<\/strong><\/h4>\n<p>Para mantener la integridad de este producto, cierra bien el frasco de cristal y gu\u00e1rdalo en un lugar fresco y seco, alejado del calor y de la luz solar.<\/p>\n<h4><strong>Advertencias:<\/strong><\/h4>\n<p>Los complementos alimenticios no deben utilizarse como sustitutos de una dieta variada y un estilo de vida sano. Si est\u00e1s embarazada, en per\u00edodo de lactancia, tomas alguna especialidad farmac\u00e9utica o padeces alguna enfermedad, consulta a tu m\u00e9dico antes de tomar este suplemento. Cons\u00e9rvalo en un lugar fresco y seco, alejado de la luz y fuera del alcance de los ni\u00f1os.<\/p>\n<p><em><strong>*Este producto no est\u00e1 destinado a diagnosticar, tratar, curar o prevenir ninguna enfermedad, util\u00edzalo s\u00f3lo como complemento alimenticio.<\/strong><\/em><\/p>\n<h4><strong>Peso neto:<\/strong><\/h4>\n<p>25 g &#8211; 30 c\u00e1psulas veganas de gelatina blanda (785 mg)<\/p>\n<h4><strong>Caja de transporte:<\/strong><\/h4>\n<p>6 x 30 C\u00e1psulas Veganas de Gelatina Blanda (785 mg)<\/p>\n<h4><strong>Fuente:<\/strong><\/h4>\n<p>EEUU (Hawai)<\/p>\n<h4><strong>Distribuido por:<\/strong><\/h4>\n<p>Pharmabiz, Lda.<\/p>\n<\/div>\n<p>[\/vc_column_text][\/vc_column][vc_column width=&#8221;1\/2&#8243;]<div class=\"nflc nutrition-section std\">\t\r\n\t\t<ul class=\"nutrition-table\" itemprop=\"nutrition\" itemscope itemtype=\"http:\/\/schema.org\/NutritionInformation\">\r\n\t\t\t<li class=\"nt-header b-0\"><h2 class=\"nt-title\">Informa\u00e7\u00e3o Nutricional<\/h2><\/li><li class=\"nt-row b-0\"><span class=\"nt-label col-50\">Servings Per Container<\/span><span class=\"nt-value col-50\" itemprop=\"servingSize\">30<\/span><\/li><li class=\"nt-row sep-10 serving-size\"><span class=\"nt-label col-50\">Serving Size<\/span><span class=\"nt-value col-50\" itemprop=\"servingSize\">1 C\u00e1psula<\/span><\/li><li class=\"nt-row font-bold b-0\"><span class=\"nt-label\">Amount per serving<\/span><\/li><li class=\"nt-row font-bold calories sep-8\"><span class=\"nt-label col-70\">Calories<\/span><span class=\"nt-value col-30\" itemprop=\"servingSize\">5<\/span><\/li><li class=\"nt-head font-bold sep-4\"><span class=\"nt-label nutrient-label col-40\"><\/span><span class=\"nt-label amount-label col-30\"><\/span><span class=\"pdv-label col-30\">% Daily Value*<\/span><\/li><br \/>\n<b>Warning<\/b>:  Undefined array key \"amt\" in <b>\/var\/www\/vhosts\/pharmabiz.pt\/httpdocs\/wp-content\/plugins\/nutrition-facts-label-creator\/nflc_templates\/default.php<\/b> on line <b>137<\/b><br \/>\n<br \/>\n<b>Warning<\/b>:  Undefined array key \"unit\" in <b>\/var\/www\/vhosts\/pharmabiz.pt\/httpdocs\/wp-content\/plugins\/nutrition-facts-label-creator\/nflc_templates\/default.php<\/b> on line <b>137<\/b><br \/>\n<li><span class=\"nt-label col-40 font-bold\">VALORES M\u00c9DIOS<\/span><span class=\"nt-amount col-30\"> <\/span><\/li><li><span class=\"nt-label col-40 font-bold\">L\u00edpidos<\/span><span class=\"nt-amount col-30\">0.5 g<\/span><span class=\"nt-value col-30\">0.71%<\/span><\/li><li><span class=\"nt-label col-40 font-bold\">Sal<\/span><span class=\"nt-amount col-30\">0 g<\/span><span class=\"nt-value col-30\">0%<\/span><\/li><li><span class=\"nt-label col-40 font-bold\">Vitamina E (d-alfa-tocoferol)<\/span><span class=\"nt-amount col-30\">6.7 mg<\/span><span class=\"nt-value col-30\">55.83%<\/span><\/li><li><span class=\"nt-label col-40 font-bold\">Astaxantina Natural (extrato da microalga H. pluvialis)<\/span><span class=\"nt-amount col-30\">4 mg<\/span><\/li><li class=\"nt-footer b-0\">*DR - Dose de Refer\u00eancia para um adulto m\u00e9dio (8400kJ \/ 2000 kcal).<br \/>\n**VRN - Valor de Refer\u00eancia do Nutriente.<br \/>\nNOTA - Os Valores Nutricionais podem variar de acordo com a sazonalidade.<\/li>\t\t<\/ul><!-- \/.nutrition-table -->\r\n\t<\/div><!-- \/.nutrition-section -->[vc_empty_space][vc_column_text]<\/p>\n<p style=\"text-align: left;\"><strong>BENEFICIOS PARA LA SALUD*<br \/>\n<\/strong>*Estos nutrientes contribuyen a:<\/p>\n<p><strong>VITAMINA E<\/strong><br \/>\n*la protecci\u00f3n de las c\u00e9lulas contra la oxidaci\u00f3n indeseable.<\/p>\n<p>La Astaxantina Hawaiana se recomienda a cualquier persona que se preocupe por su salud y busque una forma sencilla y potente de reforzar su inmunidad y energ\u00eda.<\/p>\n<p>La astaxantina hawaiana, el antioxidante m\u00e1s potente de la naturaleza, ha demostrado diversos beneficios en varios estudios cl\u00ednicos en humanos:<\/p>\n<p>&#8211; Ayuda a aumentar los niveles de energ\u00eda*.<br \/>\n&#8211; Ayuda al cuerpo a recuperarse despu\u00e9s de un ejercicio intenso*.<br \/>\n&#8211; Ayuda a mantener sanas las articulaciones, los tendones y los m\u00fasculos*.<br \/>\n&#8211; Favorece la salud de la piel durante la exposici\u00f3n a los rayos UV y al sol*.<br \/>\n&#8211; Favorece la salud ocular*.<br \/>\n&#8211; Ayuda a mantener una funci\u00f3n inmunitaria sana*.<br \/>\n&#8211; Ayuda a combatir el envejecimiento mediante la salud celular*.<br \/>\n&#8211; Favorece la funci\u00f3n cerebral y la salud cardiovascular*.<br \/>\n&#8211; Ayuda a mantener niveles saludables de colesterol*.<\/p>\n<p><img loading=\"lazy\" decoding=\"async\" class=\"alignnone wp-image-7161\" src=\"https:\/\/pharmabiz.pt\/wp-content\/uploads\/2020\/06\/Recovery_noun_run_91237-5-150x150.png\" alt=\"\" width=\"55\" height=\"55\" srcset=\"https:\/\/pharmabiz.pt\/wp-content\/uploads\/2020\/06\/Recovery_noun_run_91237-5-150x150.png 150w, https:\/\/pharmabiz.pt\/wp-content\/uploads\/2020\/06\/Recovery_noun_run_91237-5-300x299.png 300w, https:\/\/pharmabiz.pt\/wp-content\/uploads\/2020\/06\/Recovery_noun_run_91237-5-45x45.png 45w, https:\/\/pharmabiz.pt\/wp-content\/uploads\/2020\/06\/Recovery_noun_run_91237-5-100x100.png 100w, https:\/\/pharmabiz.pt\/wp-content\/uploads\/2020\/06\/Recovery_noun_run_91237-5.png 601w\" sizes=\"auto, (max-width: 55px) 100vw, 55px\" \/> <img loading=\"lazy\" decoding=\"async\" class=\"alignnone wp-image-7122\" src=\"https:\/\/pharmabiz.pt\/wp-content\/uploads\/2020\/06\/Anti_Aging_noun_beauty_2116196-c%C3%B3pia-3-150x150.png\" alt=\"\" width=\"47\" height=\"47\" \/> <img loading=\"lazy\" decoding=\"async\" class=\"alignnone wp-image-7119\" src=\"https:\/\/pharmabiz.pt\/wp-content\/uploads\/2020\/06\/Skin_noun_tanning_172469-1-150x150.png\" alt=\"\" width=\"50\" height=\"50\" srcset=\"https:\/\/pharmabiz.pt\/wp-content\/uploads\/2020\/06\/Skin_noun_tanning_172469-1-150x150.png 150w, https:\/\/pharmabiz.pt\/wp-content\/uploads\/2020\/06\/Skin_noun_tanning_172469-1-300x299.png 300w, https:\/\/pharmabiz.pt\/wp-content\/uploads\/2020\/06\/Skin_noun_tanning_172469-1-45x45.png 45w, https:\/\/pharmabiz.pt\/wp-content\/uploads\/2020\/06\/Skin_noun_tanning_172469-1-100x100.png 100w, https:\/\/pharmabiz.pt\/wp-content\/uploads\/2020\/06\/Skin_noun_tanning_172469-1.png 601w\" sizes=\"auto, (max-width: 50px) 100vw, 50px\" \/> <img loading=\"lazy\" decoding=\"async\" class=\"alignnone wp-image-7131\" src=\"https:\/\/pharmabiz.pt\/wp-content\/uploads\/2020\/06\/Eyes_noun_Eye_204714-01.13.06-150x150.png\" alt=\"\" width=\"50\" height=\"50\" srcset=\"https:\/\/pharmabiz.pt\/wp-content\/uploads\/2020\/06\/Eyes_noun_Eye_204714-01.13.06-150x150.png 150w, https:\/\/pharmabiz.pt\/wp-content\/uploads\/2020\/06\/Eyes_noun_Eye_204714-01.13.06-300x299.png 300w, https:\/\/pharmabiz.pt\/wp-content\/uploads\/2020\/06\/Eyes_noun_Eye_204714-01.13.06-45x45.png 45w, https:\/\/pharmabiz.pt\/wp-content\/uploads\/2020\/06\/Eyes_noun_Eye_204714-01.13.06-100x100.png 100w, https:\/\/pharmabiz.pt\/wp-content\/uploads\/2020\/06\/Eyes_noun_Eye_204714-01.13.06.png 601w\" sizes=\"auto, (max-width: 50px) 100vw, 50px\" \/> <img loading=\"lazy\" decoding=\"async\" class=\"alignnone wp-image-7140\" src=\"https:\/\/pharmabiz.pt\/wp-content\/uploads\/2020\/06\/Anti_Aging_noun_beauty_2116196-1-150x150.png\" alt=\"\" width=\"50\" height=\"50\" srcset=\"https:\/\/pharmabiz.pt\/wp-content\/uploads\/2020\/06\/Anti_Aging_noun_beauty_2116196-1-150x150.png 150w, https:\/\/pharmabiz.pt\/wp-content\/uploads\/2020\/06\/Anti_Aging_noun_beauty_2116196-1-300x299.png 300w, https:\/\/pharmabiz.pt\/wp-content\/uploads\/2020\/06\/Anti_Aging_noun_beauty_2116196-1-45x45.png 45w, https:\/\/pharmabiz.pt\/wp-content\/uploads\/2020\/06\/Anti_Aging_noun_beauty_2116196-1-100x100.png 100w, https:\/\/pharmabiz.pt\/wp-content\/uploads\/2020\/06\/Anti_Aging_noun_beauty_2116196-1.png 601w\" sizes=\"auto, (max-width: 50px) 100vw, 50px\" \/> <img loading=\"lazy\" decoding=\"async\" class=\"alignnone wp-image-7125\" src=\"https:\/\/pharmabiz.pt\/wp-content\/uploads\/2020\/06\/ACellular-Health_noun_DNA_583588-150x150.png\" alt=\"\" width=\"50\" height=\"50\" srcset=\"https:\/\/pharmabiz.pt\/wp-content\/uploads\/2020\/06\/ACellular-Health_noun_DNA_583588-150x150.png 150w, https:\/\/pharmabiz.pt\/wp-content\/uploads\/2020\/06\/ACellular-Health_noun_DNA_583588-300x299.png 300w, https:\/\/pharmabiz.pt\/wp-content\/uploads\/2020\/06\/ACellular-Health_noun_DNA_583588-45x45.png 45w, https:\/\/pharmabiz.pt\/wp-content\/uploads\/2020\/06\/ACellular-Health_noun_DNA_583588-100x100.png 100w, https:\/\/pharmabiz.pt\/wp-content\/uploads\/2020\/06\/ACellular-Health_noun_DNA_583588.png 601w\" sizes=\"auto, (max-width: 50px) 100vw, 50px\" \/> <img loading=\"lazy\" decoding=\"async\" class=\"alignnone wp-image-7128\" src=\"https:\/\/pharmabiz.pt\/wp-content\/uploads\/2020\/06\/Health-Brain_noun_psychology_1613682-1-150x150.png\" alt=\"\" width=\"50\" height=\"50\" srcset=\"https:\/\/pharmabiz.pt\/wp-content\/uploads\/2020\/06\/Health-Brain_noun_psychology_1613682-1-150x150.png 150w, https:\/\/pharmabiz.pt\/wp-content\/uploads\/2020\/06\/Health-Brain_noun_psychology_1613682-1-300x299.png 300w, https:\/\/pharmabiz.pt\/wp-content\/uploads\/2020\/06\/Health-Brain_noun_psychology_1613682-1-45x45.png 45w, https:\/\/pharmabiz.pt\/wp-content\/uploads\/2020\/06\/Health-Brain_noun_psychology_1613682-1-100x100.png 100w, https:\/\/pharmabiz.pt\/wp-content\/uploads\/2020\/06\/Health-Brain_noun_psychology_1613682-1.png 601w\" sizes=\"auto, (max-width: 50px) 100vw, 50px\" \/> <img loading=\"lazy\" decoding=\"async\" class=\"alignnone wp-image-7137\" src=\"https:\/\/pharmabiz.pt\/wp-content\/uploads\/2020\/06\/Anti_Aging_noun_beauty_2116196-c%C3%B3pia-150x150.png\" alt=\"\" width=\"52\" height=\"52\" \/><\/p>\n<p>El poder antioxidante de la Astaxantina Hawaiana OX Nature es enorme. Su potencia como antioxidante es grande:<\/p>\n<p>&#8211; 100 veces m\u00e1s potente que la vitamina E<br \/>\n&#8211; 4 veces m\u00e1s potente que el betacaroteno<br \/>\n&#8211; 800 veces m\u00e1s potente que la CoQ10 (Coenzima Q10)<br \/>\n&#8211; 6.000 veces m\u00e1s potente que la vitamina C<\/p>\n<p>La Astaxantina Hawaiana no contiene: levadura, ma\u00edz, trigo, gluten, lactosa, OMG ni EEB.<\/p>\n<p>*Las propiedades de la Astaxantina Natural Hawaiana est\u00e1n documentadas en numerosos estudios y publicaciones cient\u00edficas internacionales y en la legislaci\u00f3n de la UE.<\/p>\n<p>La astaxantina es m\u00e1s que un pigmento, es el antioxidante carotenoide m\u00e1s potente, apodado la &#8220;Reina de los Carotenoides&#8221; y reconocido en todo el mundo por sus numerosos beneficios para la salud. La astaxantina hawaiana tambi\u00e9n contiene un 15% de otros carotenoides, lo que la hace mucho m\u00e1s eficaz que otras astaxantinas.<\/p>\n<p><strong><br \/>\nProceso de producci\u00f3n de la astaxantina hawaiana OX Nature&#8230;<\/strong><\/p>\n<p><img loading=\"lazy\" decoding=\"async\" class=\"alignnone wp-image-10471 size-large\" src=\"https:\/\/pharmabiz.pt\/wp-content\/uploads\/2020\/06\/Processo-de-producao-da-Hawaiian-Astaxantina-OX-Nature-1024x670.jpg\" alt=\"\" width=\"1024\" height=\"670\" \/>[\/vc_column_text][\/vc_column][\/vc_row]<\/p>\n<\/div>","protected":false},"excerpt":{"rendered":"<h4>\u00a1UNO DE LOS ANTIOXIDANTES M\u00c1S POTENTES DE LA NATURALEZA!<\/h4>\n<div>\n<p><strong>ASTAXANTINA NATURAL (H. PLUVIALIS)<\/strong><b> <\/b><strong>&#8211; POTENTE CAROTENOIDE ANTIOXIDANTE CON PROPIEDADES ANTIINFLAMATORIAS &#8211; CULTIVADO EN HAWAII<\/strong><b> <\/b><strong>&#8211; PARED CELULAR ROTA<\/strong><b> <\/b><strong>&#8211; EXTRA\u00cdDO CON CO2<\/strong><b> <\/b><strong>&#8211; CON VITAMINA E<\/strong><b> <\/b><strong>&#8211; MULTIFUNCIONAL Y BIODISPONIBLE &#8211; RENDIMIENTO DEPORTIVO Y LONGEVIDAD<\/strong><\/p>\n<p><strong>COMPLEMENTO ALIMENTICIO:<\/strong><\/p>\n<\/div>\n<div>\n<p>RICO EN VITAMINA E &#8211; <strong>PROTECCI\u00d3N CELULAR<\/strong> (contra la oxidaci\u00f3n indeseable)<br \/>\nCONTIENE LUTE\u00cdNA &#8211; <strong>VISI\u00d3N<\/strong><b> <\/b>(este nutriente contribuye a una visi\u00f3n sana)<\/p>\n<\/div>\n<p>100% NATURAL, PURO, NO MODIFICADO GEN\u00c9TICAMENTE, EXTRA\u00cdDO CON CO2, SIN GLUTEN, PALEO, CETO, VEGANO<\/p>\n<p><img loading=\"lazy\" decoding=\"async\" class=\"alignnone wp-image-10348\" src=\"https:\/\/pharmabiz.pt\/wp-content\/uploads\/2024\/03\/ORGANIC-icone-300x296.png\" alt=\"\" width=\"76\" height=\"75\" srcset=\"https:\/\/pharmabiz.pt\/wp-content\/uploads\/2024\/03\/ORGANIC-icone-300x296.png 300w, https:\/\/pharmabiz.pt\/wp-content\/uploads\/2024\/03\/ORGANIC-icone-1024x1012.png 1024w, https:\/\/pharmabiz.pt\/wp-content\/uploads\/2024\/03\/ORGANIC-icone-150x150.png 150w, https:\/\/pharmabiz.pt\/wp-content\/uploads\/2024\/03\/ORGANIC-icone-768x759.png 768w, https:\/\/pharmabiz.pt\/wp-content\/uploads\/2024\/03\/ORGANIC-icone-1536x1518.png 1536w, https:\/\/pharmabiz.pt\/wp-content\/uploads\/2024\/03\/ORGANIC-icone-1200x1186.png 1200w, https:\/\/pharmabiz.pt\/wp-content\/uploads\/2024\/03\/ORGANIC-icone-45x45.png 45w, https:\/\/pharmabiz.pt\/wp-content\/uploads\/2024\/03\/ORGANIC-icone-600x593.png 600w, https:\/\/pharmabiz.pt\/wp-content\/uploads\/2024\/03\/ORGANIC-icone-100x100.png 100w, https:\/\/pharmabiz.pt\/wp-content\/uploads\/2024\/03\/ORGANIC-icone.png 1855w\" sizes=\"auto, (max-width: 76px) 100vw, 76px\" \/> <img loading=\"lazy\" decoding=\"async\" class=\"alignnone wp-image-10354\" src=\"https:\/\/pharmabiz.pt\/wp-content\/uploads\/2024\/03\/PLANT-BASED-Icone-300x290.png\" alt=\"\" width=\"78\" height=\"75\" srcset=\"https:\/\/pharmabiz.pt\/wp-content\/uploads\/2024\/03\/PLANT-BASED-Icone-300x290.png 300w, https:\/\/pharmabiz.pt\/wp-content\/uploads\/2024\/03\/PLANT-BASED-Icone-1024x991.png 1024w, https:\/\/pharmabiz.pt\/wp-content\/uploads\/2024\/03\/PLANT-BASED-Icone-768x743.png 768w, https:\/\/pharmabiz.pt\/wp-content\/uploads\/2024\/03\/PLANT-BASED-Icone-1536x1486.png 1536w, https:\/\/pharmabiz.pt\/wp-content\/uploads\/2024\/03\/PLANT-BASED-Icone-1200x1161.png 1200w, https:\/\/pharmabiz.pt\/wp-content\/uploads\/2024\/03\/PLANT-BASED-Icone-600x581.png 600w, https:\/\/pharmabiz.pt\/wp-content\/uploads\/2024\/03\/PLANT-BASED-Icone.png 1886w\" sizes=\"auto, (max-width: 78px) 100vw, 78px\" \/> <img loading=\"lazy\" decoding=\"async\" class=\"alignnone wp-image-10336\" src=\"https:\/\/pharmabiz.pt\/wp-content\/uploads\/2024\/03\/GMO-FREE-Icone-300x299.png\" alt=\"\" width=\"75\" height=\"75\" srcset=\"https:\/\/pharmabiz.pt\/wp-content\/uploads\/2024\/03\/GMO-FREE-Icone-300x299.png 300w, https:\/\/pharmabiz.pt\/wp-content\/uploads\/2024\/03\/GMO-FREE-Icone-1024x1021.png 1024w, https:\/\/pharmabiz.pt\/wp-content\/uploads\/2024\/03\/GMO-FREE-Icone-150x150.png 150w, https:\/\/pharmabiz.pt\/wp-content\/uploads\/2024\/03\/GMO-FREE-Icone-768x765.png 768w, https:\/\/pharmabiz.pt\/wp-content\/uploads\/2024\/03\/GMO-FREE-Icone-1536x1531.png 1536w, https:\/\/pharmabiz.pt\/wp-content\/uploads\/2024\/03\/GMO-FREE-Icone-1200x1196.png 1200w, https:\/\/pharmabiz.pt\/wp-content\/uploads\/2024\/03\/GMO-FREE-Icone-45x45.png 45w, https:\/\/pharmabiz.pt\/wp-content\/uploads\/2024\/03\/GMO-FREE-Icone-600x598.png 600w, https:\/\/pharmabiz.pt\/wp-content\/uploads\/2024\/03\/GMO-FREE-Icone-100x100.png 100w, https:\/\/pharmabiz.pt\/wp-content\/uploads\/2024\/03\/GMO-FREE-Icone.png 1833w\" sizes=\"auto, (max-width: 75px) 100vw, 75px\" \/> <img loading=\"lazy\" decoding=\"async\" class=\"alignnone wp-image-10333\" src=\"https:\/\/pharmabiz.pt\/wp-content\/uploads\/2024\/03\/GLUTEN-FREE-Icone-300x305.png\" alt=\"\" width=\"74\" height=\"75\" srcset=\"https:\/\/pharmabiz.pt\/wp-content\/uploads\/2024\/03\/GLUTEN-FREE-Icone-300x305.png 300w, https:\/\/pharmabiz.pt\/wp-content\/uploads\/2024\/03\/GLUTEN-FREE-Icone-1007x1024.png 1007w, https:\/\/pharmabiz.pt\/wp-content\/uploads\/2024\/03\/GLUTEN-FREE-Icone-150x150.png 150w, https:\/\/pharmabiz.pt\/wp-content\/uploads\/2024\/03\/GLUTEN-FREE-Icone-768x781.png 768w, https:\/\/pharmabiz.pt\/wp-content\/uploads\/2024\/03\/GLUTEN-FREE-Icone-1510x1536.png 1510w, https:\/\/pharmabiz.pt\/wp-content\/uploads\/2024\/03\/GLUTEN-FREE-Icone-1200x1221.png 1200w, https:\/\/pharmabiz.pt\/wp-content\/uploads\/2024\/03\/GLUTEN-FREE-Icone-45x45.png 45w, https:\/\/pharmabiz.pt\/wp-content\/uploads\/2024\/03\/GLUTEN-FREE-Icone-600x610.png 600w, https:\/\/pharmabiz.pt\/wp-content\/uploads\/2024\/03\/GLUTEN-FREE-Icone-100x100.png 100w, https:\/\/pharmabiz.pt\/wp-content\/uploads\/2024\/03\/GLUTEN-FREE-Icone.png 1796w\" sizes=\"auto, (max-width: 74px) 100vw, 74px\" \/> <img loading=\"lazy\" decoding=\"async\" class=\"alignnone wp-image-10351\" src=\"https:\/\/pharmabiz.pt\/wp-content\/uploads\/2024\/03\/PALEO-Icone-300x301.png\" alt=\"\" width=\"75\" height=\"75\" srcset=\"https:\/\/pharmabiz.pt\/wp-content\/uploads\/2024\/03\/PALEO-Icone-300x301.png 300w, https:\/\/pharmabiz.pt\/wp-content\/uploads\/2024\/03\/PALEO-Icone-1022x1024.png 1022w, https:\/\/pharmabiz.pt\/wp-content\/uploads\/2024\/03\/PALEO-Icone-150x150.png 150w, https:\/\/pharmabiz.pt\/wp-content\/uploads\/2024\/03\/PALEO-Icone-768x769.png 768w, https:\/\/pharmabiz.pt\/wp-content\/uploads\/2024\/03\/PALEO-Icone-1533x1536.png 1533w, https:\/\/pharmabiz.pt\/wp-content\/uploads\/2024\/03\/PALEO-Icone-1200x1202.png 1200w, https:\/\/pharmabiz.pt\/wp-content\/uploads\/2024\/03\/PALEO-Icone-45x45.png 45w, https:\/\/pharmabiz.pt\/wp-content\/uploads\/2024\/03\/PALEO-Icone-600x601.png 600w, https:\/\/pharmabiz.pt\/wp-content\/uploads\/2024\/03\/PALEO-Icone-100x100.png 100w, https:\/\/pharmabiz.pt\/wp-content\/uploads\/2024\/03\/PALEO-Icone.png 1782w\" sizes=\"auto, (max-width: 75px) 100vw, 75px\" \/> <img loading=\"lazy\" decoding=\"async\" class=\"alignnone wp-image-10339\" src=\"https:\/\/pharmabiz.pt\/wp-content\/uploads\/2024\/03\/KETO.Icone_-300x300.png\" alt=\"\" width=\"75\" height=\"75\" srcset=\"https:\/\/pharmabiz.pt\/wp-content\/uploads\/2024\/03\/KETO.Icone_-300x300.png 300w, https:\/\/pharmabiz.pt\/wp-content\/uploads\/2024\/03\/KETO.Icone_-1024x1022.png 1024w, https:\/\/pharmabiz.pt\/wp-content\/uploads\/2024\/03\/KETO.Icone_-150x150.png 150w, https:\/\/pharmabiz.pt\/wp-content\/uploads\/2024\/03\/KETO.Icone_-768x767.png 768w, https:\/\/pharmabiz.pt\/wp-content\/uploads\/2024\/03\/KETO.Icone_-1536x1533.png 1536w, https:\/\/pharmabiz.pt\/wp-content\/uploads\/2024\/03\/KETO.Icone_-1200x1198.png 1200w, https:\/\/pharmabiz.pt\/wp-content\/uploads\/2024\/03\/KETO.Icone_-45x45.png 45w, https:\/\/pharmabiz.pt\/wp-content\/uploads\/2024\/03\/KETO.Icone_-600x599.png 600w, https:\/\/pharmabiz.pt\/wp-content\/uploads\/2024\/03\/KETO.Icone_-100x100.png 100w, https:\/\/pharmabiz.pt\/wp-content\/uploads\/2024\/03\/KETO.Icone_.png 1805w\" sizes=\"auto, (max-width: 75px) 100vw, 75px\" \/> <img loading=\"lazy\" decoding=\"async\" class=\"alignnone wp-image-10360\" src=\"https:\/\/pharmabiz.pt\/wp-content\/uploads\/2024\/03\/VEGAN-Icone-300x308.png\" alt=\"\" width=\"73\" height=\"75\" srcset=\"https:\/\/pharmabiz.pt\/wp-content\/uploads\/2024\/03\/VEGAN-Icone-300x308.png 300w, https:\/\/pharmabiz.pt\/wp-content\/uploads\/2024\/03\/VEGAN-Icone-996x1024.png 996w, https:\/\/pharmabiz.pt\/wp-content\/uploads\/2024\/03\/VEGAN-Icone-768x790.png 768w, https:\/\/pharmabiz.pt\/wp-content\/uploads\/2024\/03\/VEGAN-Icone-1494x1536.png 1494w, https:\/\/pharmabiz.pt\/wp-content\/uploads\/2024\/03\/VEGAN-Icone-1200x1234.png 1200w, https:\/\/pharmabiz.pt\/wp-content\/uploads\/2024\/03\/VEGAN-Icone-45x45.png 45w, https:\/\/pharmabiz.pt\/wp-content\/uploads\/2024\/03\/VEGAN-Icone-600x617.png 600w, https:\/\/pharmabiz.pt\/wp-content\/uploads\/2024\/03\/VEGAN-Icone.png 1808w\" sizes=\"auto, (max-width: 73px) 100vw, 73px\" \/><\/p>\n<p>La astaxantina es conocida como uno de los antioxidantes m\u00e1s potentes de la naturaleza. Los antioxidantes son esenciales para la salud humana y la Astaxantina Hawaiana de OX Nature es una de las formas de antioxidante m\u00e1s potentes que existen. Para quienes necesitan una forma sencilla de proporcionar al cuerpo una nutrici\u00f3n potente que ofrezca numerosos beneficios para la salud, la F\u00f3rmula Vegana de Astaxantina Hawaiana de OX Nature es la elecci\u00f3n ideal.<\/p>\n<p>&nbsp;<\/p>\n<p>&nbsp;<\/p>\n","protected":false},"featured_media":11139,"comment_status":"open","ping_status":"closed","template":"","meta":{"_acf_changed":false},"product_brand":[],"product_cat":[262,175,143,140,141],"product_tag":[407,183,185,236,206,196,271,238,199,468,213,242,219,425],"class_list":{"0":"post-7186","1":"product","2":"type-product","3":"status-publish","4":"has-post-thumbnail","6":"product_cat-100-natural-es","7":"product_cat-algas","8":"product_cat-complementos-alimenticios","9":"product_cat-sin-gluten","10":"product_cat-superalimentos","11":"product_tag-anti-edad","12":"product_tag-antiinflamatorio","13":"product_tag-antioxidantes","14":"product_tag-belleza-y-cuidados-personales","15":"product_tag-corazon","16":"product_tag-deporte-y-fitness","17":"product_tag-diabetes-es","18":"product_tag-energia-y-vitalidad-es","19":"product_tag-huesos-y-articulaciones","20":"product_tag-luteina-es","21":"product_tag-ojos","22":"product_tag-piel-unas-y-cabello","23":"product_tag-proteccion-solar","24":"product_tag-vitamina-e-es","25":"pa_marca-ox-nature-es","27":"first","28":"instock","29":"featured","30":"taxable","31":"shipping-taxable","32":"purchasable","33":"product-type-simple"},"acf":[],"_links":{"self":[{"href":"https:\/\/pharmabiz.pt\/es\/wp-json\/wp\/v2\/product\/7186","targetHints":{"allow":["GET"]}}],"collection":[{"href":"https:\/\/pharmabiz.pt\/es\/wp-json\/wp\/v2\/product"}],"about":[{"href":"https:\/\/pharmabiz.pt\/es\/wp-json\/wp\/v2\/types\/product"}],"replies":[{"embeddable":true,"href":"https:\/\/pharmabiz.pt\/es\/wp-json\/wp\/v2\/comments?post=7186"}],"wp:featuredmedia":[{"embeddable":true,"href":"https:\/\/pharmabiz.pt\/es\/wp-json\/wp\/v2\/media\/11139"}],"wp:attachment":[{"href":"https:\/\/pharmabiz.pt\/es\/wp-json\/wp\/v2\/media?parent=7186"}],"wp:term":[{"taxonomy":"product_brand","embeddable":true,"href":"https:\/\/pharmabiz.pt\/es\/wp-json\/wp\/v2\/product_brand?post=7186"},{"taxonomy":"product_cat","embeddable":true,"href":"https:\/\/pharmabiz.pt\/es\/wp-json\/wp\/v2\/product_cat?post=7186"},{"taxonomy":"product_tag","embeddable":true,"href":"https:\/\/pharmabiz.pt\/es\/wp-json\/wp\/v2\/product_tag?post=7186"}],"curies":[{"name":"wp","href":"https:\/\/api.w.org\/{rel}","templated":true}]}}