{"id":8808,"date":"2020-07-15T00:08:47","date_gmt":"2020-07-14T23:08:47","guid":{"rendered":"https:\/\/pharmabiz.pt\/?post_type=product&#038;p=8808"},"modified":"2024-05-08T15:33:43","modified_gmt":"2024-05-08T14:33:43","slug":"alara-semillas-de-lino-marron-molidas-en-frio-sin-gluten-ecologica-500g","status":"publish","type":"product","link":"https:\/\/pharmabiz.pt\/es\/producto\/alara-semillas-de-lino-marron-molidas-en-frio-sin-gluten-ecologica-500g\/","title":{"rendered":"ALARA SEMILLAS DE LINO M\u00c1RRON MOLIDAS EN FR\u00cdO, SIN GLUTEN, ECOL\u00d3GICA 500g"},"content":{"rendered":"<div class=\"wpb-content-wrapper\"><p>[vc_row][vc_column width=&#8221;1\/2&#8243;][vc_column_text]<\/p>\n<h4>ALARA LINAZA M\u00c1RRON ECOL\u00d3GICA MOLIDA EN FR\u00cdO, SIN GLUTEN<\/h4>\n<p>Las semillas son la parte m\u00e1s sana de una planta, llena de nutrici\u00f3n y vitalidad.<\/p>\n<p>La linaza es bien conocida por su alto contenido en el \u00e1cido graso omega-3 ALA, que ayuda a mantener niveles normales de colesterol sangu\u00edneo.<\/p>\n<p>Tambi\u00e9n son una gran fuente de fibra, prote\u00ednas, vitaminas, minerales y antioxidantes llamados lignanos, que se biodisponen mejor a partir de semillas ecol\u00f3gicas molidas en fr\u00edo.<\/p>\n<p>Ayuda a tu cuerpo, cerebro y piel a estar sanos y radiantes proporcion\u00e1ndoles una nutrici\u00f3n vital y un estilo de vida activo.<\/p>\n<p>NO SE TRATA S\u00d3LO DE UN PRODUCTO ECOL\u00d3GICO. Forma parte de un movimiento.<\/p>\n<p>Si miles de personas eligen productos sostenibles para sustituir a las alternativas insostenibles, juntos, tal vez s\u00f3lo tal vez, ayudaremos a reparar la Tierra.<\/p>\n<h4><strong>Denominaci\u00f3n de venta:<\/strong><\/h4>\n<p>Linaza M\u00e1rron Ecol\u00f3gica, Molida en Fr\u00edo<\/p>\n<h4><strong>Ingredientes 100% ecol\u00f3gicos<\/strong>:<\/h4>\n<p>100% Linaza Ecol\u00f3gica Cruda, Molida en Fr\u00edo<\/p>\n<h4><strong>Informaci\u00f3n sobre al\u00e9rgenos:<\/strong><\/h4>\n<p>Consulta la informaci\u00f3n en <strong>negrita<\/strong>. Producido en un entorno en el que puede haber leche, frutos de c\u00e1scara, cacahuetes, soja, SO2 y semillas de s\u00e9samo.<\/p>\n<h4><strong>Instrucciones de uso\/Preparaci\u00f3n:<\/strong><\/h4>\n<p>A\u00f1ade una cucharada (15 g) a los cereales de la ma\u00f1ana, a las gachas, al yogur, al postre o a tus batidos favoritos.<\/p>\n<h4><strong>Conservaci\u00f3n:<\/strong><\/h4>\n<p>Gu\u00e1rdalo en un lugar fresco y seco, alejado de la luz solar.<\/p>\n<h4><strong>Presentaci\u00f3n:<\/strong><\/h4>\n<p>Envases de cart\u00f3n con film compostable. Esta l\u00e1mina est\u00e1 fabricada con recursos renovables, fibras vegetales y es totalmente compostable y no t\u00f3xica para el medio ambiente. Es tan duradero como los envases de pl\u00e1stico normales, pero se degrada f\u00e1cilmente en el compostaje dom\u00e9stico. Sin pl\u00e1stico.<\/p>\n<h4><strong>Peso neto:<\/strong><\/h4>\n<p>500g<\/p>\n<h4><strong>Caja de transporte:<\/strong><\/h4>\n<p>6 x 500 g<\/p>\n<h4><strong>Fuente:<\/strong><\/h4>\n<p>Reino Unido.<\/p>\n<h4><strong>Distribuido por:<\/strong><\/h4>\n<p>Pharmabiz, Lda.[\/vc_column_text][\/vc_column][vc_column width=&#8221;1\/2&#8243;]<div class=\"nflc nutrition-section std\">\t\r\n\t\t<ul class=\"nutrition-table\" itemprop=\"nutrition\" itemscope itemtype=\"http:\/\/schema.org\/NutritionInformation\">\r\n\t\t\t<li class=\"nt-header b-0\"><h2 class=\"nt-title\">Declara\u00e7\u00e3o Nutricional por 100g<\/h2><\/li><li class=\"nt-row b-0\"><span class=\"nt-label col-50\">Servings Per Container<\/span><span class=\"nt-value col-50\" itemprop=\"servingSize\">33<\/span><\/li><li class=\"nt-row sep-10 serving-size\"><span class=\"nt-label col-50\">Serving Size<\/span><span class=\"nt-value col-50\" itemprop=\"servingSize\">15g<\/span><\/li><li class=\"nt-row font-bold b-0\"><span class=\"nt-label\">Amount per serving<\/span><\/li><li class=\"nt-row font-bold calories sep-8\"><span class=\"nt-label col-70\">Calories<\/span><span class=\"nt-value col-30\" itemprop=\"servingSize\">73<\/span><\/li><li class=\"nt-head font-bold sep-4\"><span class=\"nt-label nutrient-label col-40\"><\/span><span class=\"nt-label amount-label col-30\"><\/span><span class=\"pdv-label col-30\">% Daily Value*<\/span><\/li><br \/>\n<b>Warning<\/b>:  Undefined array key \"amt\" in <b>\/var\/www\/vhosts\/pharmabiz.pt\/httpdocs\/wp-content\/plugins\/nutrition-facts-label-creator\/nflc_templates\/default.php<\/b> on line <b>137<\/b><br \/>\n<br \/>\n<b>Warning<\/b>:  Undefined array key \"unit\" in <b>\/var\/www\/vhosts\/pharmabiz.pt\/httpdocs\/wp-content\/plugins\/nutrition-facts-label-creator\/nflc_templates\/default.php<\/b> on line <b>137<\/b><br \/>\n<li><span class=\"nt-label col-40 font-bold\">VALORES M\u00c9DIOS<\/span><span class=\"nt-amount col-30\"> <\/span><\/li><br \/>\n<b>Warning<\/b>:  A non-numeric value encountered in <b>\/var\/www\/vhosts\/pharmabiz.pt\/httpdocs\/wp-content\/plugins\/nutrition-facts-label-creator\/nflc_templates\/default.php<\/b> on line <b>122<\/b><br \/>\n<br \/>\n<b>Warning<\/b>:  Undefined array key \"unit\" in <b>\/var\/www\/vhosts\/pharmabiz.pt\/httpdocs\/wp-content\/plugins\/nutrition-facts-label-creator\/nflc_templates\/default.php<\/b> on line <b>137<\/b><br \/>\n<br \/>\n<b>Warning<\/b>:  Undefined array key \"unit\" in <b>\/var\/www\/vhosts\/pharmabiz.pt\/httpdocs\/wp-content\/plugins\/nutrition-facts-label-creator\/nflc_templates\/default.php<\/b> on line <b>138<\/b><br \/>\n<li><span class=\"nt-label col-40 font-bold\">Energia kJ \/ kcal<\/span><span class=\"nt-amount col-30\">2659 \/ 492 <\/span><span class=\"nt-value col-30\">31.65%<\/span><\/li><li><span class=\"nt-label col-40 font-bold\">L\u00edpidos totais<\/span><span class=\"nt-amount col-30\">38.1 g<\/span><span class=\"nt-value col-30\">54.43%<\/span><\/li><li class=\"nt-sublevel-1\"><span class=\"nt-label col-40\">.dos quais saturados<\/span><span class=\"nt-amount col-30\">5 g<\/span><span class=\"nt-value col-30\">25%<\/span><\/li><li class=\"nt-sublevel-1\"><span class=\"nt-label col-40\">.\u00d3mega 3<\/span><span class=\"nt-amount col-30\">18.6 g<\/span><\/li><li><span class=\"nt-label col-40 font-bold\">Hidratos de Carbono<\/span><span class=\"nt-amount col-30\">34.3 g<\/span><span class=\"nt-value col-30\">13.19%<\/span><\/li><li class=\"nt-sublevel-1\"><span class=\"nt-label col-40\">.dos quais a\u00e7\u00facares<\/span><span class=\"nt-amount col-30\">1 g<\/span><span class=\"nt-value col-30\">1.11%<\/span><\/li><li><span class=\"nt-label col-40 font-bold\">Fibra<\/span><span class=\"nt-amount col-30\">28 g<\/span><span class=\"nt-value col-30\"><b>112%<\/b><\/span><\/li><li><span class=\"nt-label col-40 font-bold\">Prote\u00ednas<\/span><span class=\"nt-amount col-30\">19.5 g<\/span><span class=\"nt-value col-30\">39%<\/span><\/li><li><span class=\"nt-label col-40 font-bold\">Sal<\/span><span class=\"nt-amount col-30\">0.01 g<\/span><span class=\"nt-value col-30\">0.17%<\/span><\/li><li><span class=\"nt-label col-40 font-bold\">Ferro<\/span><span class=\"nt-amount col-30\">11 mg<\/span><span class=\"nt-value col-30\">78.57%<\/span><\/li><li><span class=\"nt-label col-40 font-bold\">Magn\u00e9sio<\/span><span class=\"nt-amount col-30\">500 mg<\/span><span class=\"nt-value col-30\"><b>133.33%<\/b><\/span><\/li><li><span class=\"nt-label col-40 font-bold\">Mangan\u00eas<\/span><span class=\"nt-amount col-30\">3.7 mg<\/span><span class=\"nt-value col-30\"><b>185%<\/b><\/span><\/li><li class=\"nt-footer b-0\">*DR - Dose de Refer\u00eancia para um adulto m\u00e9dio (8400kJ \/ 2000 kcal). **VRN - Valor de Refer\u00eancia do Nutriente. NOTA - Os Valores Nutricionais podem variar de acordo com a sazonalidade.<\/li>\t\t<\/ul><!-- \/.nutrition-table -->\r\n\t<\/div><!-- \/.nutrition-section -->[\/vc_column][\/vc_row]<\/p>\n<\/div>","protected":false},"excerpt":{"rendered":"<p>SIN AZ\u00daCAR A\u00d1ADIDO &#8211; SIN SAL A\u00d1ADIDA &#8211; DIETA SANA &#8211; SIN GLUTEN &#8211; RICO EN OMEGA 3 &#8211; APTO PARA VEGANOS &#8211; FAVORECE UN ESTILO DE VIDA SALUDABLE &#8211; ECOL\u00d3GICO &#8211; NO MODIFICADO GEN\u00c9TICAMENTE &#8211; INGREDIENTES NATURALES &#8211; FILM COMPOSTABLE (SIN PL\u00c1STICO) &#8211; CARBONO NETO CERO &#8211; LA MARCA DE CEREALES M\u00c1S SOSTENIBLE DEL PLANETA<\/p>\n<p><img loading=\"lazy\" decoding=\"async\" class=\"alignnone wp-image-6085\" src=\"https:\/\/pharmabiz.pt\/wp-content\/uploads\/2020\/05\/Soil_Association_symbol-1016x1024-1.jpg\" alt=\"\" width=\"74\" height=\"75\" srcset=\"https:\/\/pharmabiz.pt\/wp-content\/uploads\/2020\/05\/Soil_Association_symbol-1016x1024-1.jpg 300w, https:\/\/pharmabiz.pt\/wp-content\/uploads\/2020\/05\/Soil_Association_symbol-1016x1024-1.jpg 150w, https:\/\/pharmabiz.pt\/wp-content\/uploads\/2020\/05\/Soil_Association_symbol-1016x1024-1.jpg 768w, https:\/\/pharmabiz.pt\/wp-content\/uploads\/2020\/05\/Soil_Association_symbol-1016x1024-1.jpg 45w, https:\/\/pharmabiz.pt\/wp-content\/uploads\/2020\/05\/Soil_Association_symbol-1016x1024-1.jpg 600w, https:\/\/pharmabiz.pt\/wp-content\/uploads\/2020\/05\/Soil_Association_symbol-1016x1024-1.jpg 100w, https:\/\/pharmabiz.pt\/wp-content\/uploads\/2020\/05\/Soil_Association_symbol-1016x1024-1.jpg 844w\" sizes=\"auto, (max-width: 74px) 100vw, 74px\" \/> <img loading=\"lazy\" decoding=\"async\" class=\"alignnone wp-image-10327\" src=\"https:\/\/pharmabiz.pt\/wp-content\/uploads\/2024\/03\/BIO-Icone-300x291.png\" alt=\"\" width=\"77\" height=\"75\" srcset=\"https:\/\/pharmabiz.pt\/wp-content\/uploads\/2024\/03\/BIO-Icone-300x291.png 300w, https:\/\/pharmabiz.pt\/wp-content\/uploads\/2024\/03\/BIO-Icone-1024x994.png 1024w, https:\/\/pharmabiz.pt\/wp-content\/uploads\/2024\/03\/BIO-Icone-768x746.png 768w, https:\/\/pharmabiz.pt\/wp-content\/uploads\/2024\/03\/BIO-Icone-1536x1491.png 1536w, https:\/\/pharmabiz.pt\/wp-content\/uploads\/2024\/03\/BIO-Icone-1200x1165.png 1200w, https:\/\/pharmabiz.pt\/wp-content\/uploads\/2024\/03\/BIO-Icone-45x45.png 45w, https:\/\/pharmabiz.pt\/wp-content\/uploads\/2024\/03\/BIO-Icone-600x582.png 600w, https:\/\/pharmabiz.pt\/wp-content\/uploads\/2024\/03\/BIO-Icone.png 1814w\" sizes=\"auto, (max-width: 77px) 100vw, 77px\" \/> <img loading=\"lazy\" decoding=\"async\" class=\"alignnone wp-image-10354\" src=\"https:\/\/pharmabiz.pt\/wp-content\/uploads\/2024\/03\/PLANT-BASED-Icone-300x290.png\" alt=\"\" width=\"78\" height=\"75\" srcset=\"https:\/\/pharmabiz.pt\/wp-content\/uploads\/2024\/03\/PLANT-BASED-Icone-300x290.png 300w, https:\/\/pharmabiz.pt\/wp-content\/uploads\/2024\/03\/PLANT-BASED-Icone-1024x991.png 1024w, https:\/\/pharmabiz.pt\/wp-content\/uploads\/2024\/03\/PLANT-BASED-Icone-768x743.png 768w, https:\/\/pharmabiz.pt\/wp-content\/uploads\/2024\/03\/PLANT-BASED-Icone-1536x1486.png 1536w, https:\/\/pharmabiz.pt\/wp-content\/uploads\/2024\/03\/PLANT-BASED-Icone-1200x1161.png 1200w, https:\/\/pharmabiz.pt\/wp-content\/uploads\/2024\/03\/PLANT-BASED-Icone-600x581.png 600w, https:\/\/pharmabiz.pt\/wp-content\/uploads\/2024\/03\/PLANT-BASED-Icone.png 1886w\" sizes=\"auto, (max-width: 78px) 100vw, 78px\" \/> <img loading=\"lazy\" decoding=\"async\" class=\"alignnone wp-image-10357\" src=\"https:\/\/pharmabiz.pt\/wp-content\/uploads\/2024\/03\/RAW-icone-300x302.png\" alt=\"\" width=\"74\" height=\"75\" srcset=\"https:\/\/pharmabiz.pt\/wp-content\/uploads\/2024\/03\/RAW-icone-300x302.png 300w, https:\/\/pharmabiz.pt\/wp-content\/uploads\/2024\/03\/RAW-icone-1017x1024.png 1017w, https:\/\/pharmabiz.pt\/wp-content\/uploads\/2024\/03\/RAW-icone-150x150.png 150w, https:\/\/pharmabiz.pt\/wp-content\/uploads\/2024\/03\/RAW-icone-768x773.png 768w, https:\/\/pharmabiz.pt\/wp-content\/uploads\/2024\/03\/RAW-icone-1525x1536.png 1525w, https:\/\/pharmabiz.pt\/wp-content\/uploads\/2024\/03\/RAW-icone-1200x1208.png 1200w, https:\/\/pharmabiz.pt\/wp-content\/uploads\/2024\/03\/RAW-icone-45x45.png 45w, https:\/\/pharmabiz.pt\/wp-content\/uploads\/2024\/03\/RAW-icone-600x604.png 600w, https:\/\/pharmabiz.pt\/wp-content\/uploads\/2024\/03\/RAW-icone-100x100.png 100w, https:\/\/pharmabiz.pt\/wp-content\/uploads\/2024\/03\/RAW-icone.png 1737w\" sizes=\"auto, (max-width: 74px) 100vw, 74px\" \/> <img loading=\"lazy\" decoding=\"async\" class=\"alignnone wp-image-10336\" src=\"https:\/\/pharmabiz.pt\/wp-content\/uploads\/2024\/03\/GMO-FREE-Icone-300x299.png\" alt=\"\" width=\"75\" height=\"75\" srcset=\"https:\/\/pharmabiz.pt\/wp-content\/uploads\/2024\/03\/GMO-FREE-Icone-300x299.png 300w, https:\/\/pharmabiz.pt\/wp-content\/uploads\/2024\/03\/GMO-FREE-Icone-1024x1021.png 1024w, https:\/\/pharmabiz.pt\/wp-content\/uploads\/2024\/03\/GMO-FREE-Icone-150x150.png 150w, https:\/\/pharmabiz.pt\/wp-content\/uploads\/2024\/03\/GMO-FREE-Icone-768x765.png 768w, https:\/\/pharmabiz.pt\/wp-content\/uploads\/2024\/03\/GMO-FREE-Icone-1536x1531.png 1536w, https:\/\/pharmabiz.pt\/wp-content\/uploads\/2024\/03\/GMO-FREE-Icone-1200x1196.png 1200w, https:\/\/pharmabiz.pt\/wp-content\/uploads\/2024\/03\/GMO-FREE-Icone-45x45.png 45w, https:\/\/pharmabiz.pt\/wp-content\/uploads\/2024\/03\/GMO-FREE-Icone-600x598.png 600w, https:\/\/pharmabiz.pt\/wp-content\/uploads\/2024\/03\/GMO-FREE-Icone-100x100.png 100w, https:\/\/pharmabiz.pt\/wp-content\/uploads\/2024\/03\/GMO-FREE-Icone.png 1833w\" sizes=\"auto, (max-width: 75px) 100vw, 75px\" \/> <img loading=\"lazy\" decoding=\"async\" class=\"alignnone wp-image-10333\" src=\"https:\/\/pharmabiz.pt\/wp-content\/uploads\/2024\/03\/GLUTEN-FREE-Icone-300x305.png\" alt=\"\" width=\"74\" height=\"75\" srcset=\"https:\/\/pharmabiz.pt\/wp-content\/uploads\/2024\/03\/GLUTEN-FREE-Icone-300x305.png 300w, https:\/\/pharmabiz.pt\/wp-content\/uploads\/2024\/03\/GLUTEN-FREE-Icone-1007x1024.png 1007w, https:\/\/pharmabiz.pt\/wp-content\/uploads\/2024\/03\/GLUTEN-FREE-Icone-150x150.png 150w, https:\/\/pharmabiz.pt\/wp-content\/uploads\/2024\/03\/GLUTEN-FREE-Icone-768x781.png 768w, https:\/\/pharmabiz.pt\/wp-content\/uploads\/2024\/03\/GLUTEN-FREE-Icone-1510x1536.png 1510w, https:\/\/pharmabiz.pt\/wp-content\/uploads\/2024\/03\/GLUTEN-FREE-Icone-1200x1221.png 1200w, https:\/\/pharmabiz.pt\/wp-content\/uploads\/2024\/03\/GLUTEN-FREE-Icone-45x45.png 45w, https:\/\/pharmabiz.pt\/wp-content\/uploads\/2024\/03\/GLUTEN-FREE-Icone-600x610.png 600w, https:\/\/pharmabiz.pt\/wp-content\/uploads\/2024\/03\/GLUTEN-FREE-Icone-100x100.png 100w, https:\/\/pharmabiz.pt\/wp-content\/uploads\/2024\/03\/GLUTEN-FREE-Icone.png 1796w\" sizes=\"auto, (max-width: 74px) 100vw, 74px\" \/> <img loading=\"lazy\" decoding=\"async\" class=\"alignnone wp-image-10360\" src=\"https:\/\/pharmabiz.pt\/wp-content\/uploads\/2024\/03\/VEGAN-Icone-300x308.png\" alt=\"\" width=\"73\" height=\"75\" srcset=\"https:\/\/pharmabiz.pt\/wp-content\/uploads\/2024\/03\/VEGAN-Icone-300x308.png 300w, https:\/\/pharmabiz.pt\/wp-content\/uploads\/2024\/03\/VEGAN-Icone-996x1024.png 996w, https:\/\/pharmabiz.pt\/wp-content\/uploads\/2024\/03\/VEGAN-Icone-768x790.png 768w, https:\/\/pharmabiz.pt\/wp-content\/uploads\/2024\/03\/VEGAN-Icone-1494x1536.png 1494w, https:\/\/pharmabiz.pt\/wp-content\/uploads\/2024\/03\/VEGAN-Icone-1200x1234.png 1200w, https:\/\/pharmabiz.pt\/wp-content\/uploads\/2024\/03\/VEGAN-Icone-45x45.png 45w, https:\/\/pharmabiz.pt\/wp-content\/uploads\/2024\/03\/VEGAN-Icone-600x617.png 600w, https:\/\/pharmabiz.pt\/wp-content\/uploads\/2024\/03\/VEGAN-Icone.png 1808w\" sizes=\"auto, (max-width: 73px) 100vw, 73px\" \/><\/p>\n","protected":false},"featured_media":9363,"comment_status":"open","ping_status":"closed","template":"","meta":{"_acf_changed":false},"product_brand":[],"product_cat":[139,255,173,268,140,252,274,141],"product_tag":[235,190,206,196,271,238,422,428],"class_list":{"0":"post-8808","1":"product","2":"type-product","3":"status-publish","4":"has-post-thumbnail","6":"product_cat-alimentacion","7":"product_cat-ecologicos","8":"product_cat-nueces-y-semillas","9":"product_cat-sin-azucar-anadido","10":"product_cat-sin-gluten","11":"product_cat-sin-lactosa","12":"product_cat-sin-sal-anadida","13":"product_cat-superalimentos","14":"product_tag-colesterol-y-trigliceridos","15":"product_tag-control-de-peso","16":"product_tag-corazon","17":"product_tag-deporte-y-fitness","18":"product_tag-diabetes-es","19":"product_tag-energia-y-vitalidad-es","20":"product_tag-magnesio-es","21":"product_tag-omega-3-es","22":"pa_marca-alara-es","24":"first","25":"onbackorder","26":"taxable","27":"shipping-taxable","28":"purchasable","29":"product-type-simple"},"acf":[],"_links":{"self":[{"href":"https:\/\/pharmabiz.pt\/es\/wp-json\/wp\/v2\/product\/8808","targetHints":{"allow":["GET"]}}],"collection":[{"href":"https:\/\/pharmabiz.pt\/es\/wp-json\/wp\/v2\/product"}],"about":[{"href":"https:\/\/pharmabiz.pt\/es\/wp-json\/wp\/v2\/types\/product"}],"replies":[{"embeddable":true,"href":"https:\/\/pharmabiz.pt\/es\/wp-json\/wp\/v2\/comments?post=8808"}],"wp:featuredmedia":[{"embeddable":true,"href":"https:\/\/pharmabiz.pt\/es\/wp-json\/wp\/v2\/media\/9363"}],"wp:attachment":[{"href":"https:\/\/pharmabiz.pt\/es\/wp-json\/wp\/v2\/media?parent=8808"}],"wp:term":[{"taxonomy":"product_brand","embeddable":true,"href":"https:\/\/pharmabiz.pt\/es\/wp-json\/wp\/v2\/product_brand?post=8808"},{"taxonomy":"product_cat","embeddable":true,"href":"https:\/\/pharmabiz.pt\/es\/wp-json\/wp\/v2\/product_cat?post=8808"},{"taxonomy":"product_tag","embeddable":true,"href":"https:\/\/pharmabiz.pt\/es\/wp-json\/wp\/v2\/product_tag?post=8808"}],"curies":[{"name":"wp","href":"https:\/\/api.w.org\/{rel}","templated":true}]}}