{"id":8845,"date":"2020-07-15T14:38:14","date_gmt":"2020-07-15T13:38:14","guid":{"rendered":"https:\/\/pharmabiz.pt\/?post_type=product&#038;p=8845"},"modified":"2020-07-15T20:10:26","modified_gmt":"2020-07-15T19:10:26","slug":"alara-semillas-de-lino-girasol-y-calabaza-molidas-bio","status":"publish","type":"product","link":"https:\/\/pharmabiz.pt\/es\/producto\/alara-semillas-de-lino-girasol-y-calabaza-molidas-bio\/","title":{"rendered":"ALARA Semillas de Lino, Girasol y Calabaza Molidas Bio"},"content":{"rendered":"<div class=\"wpb-content-wrapper\"><p>[vc_row][vc_column width=&#8221;1\/2&#8243;][vc_column_text]<\/p>\n<h4><strong>Sementes Mo\u00eddas de Linha\u00e7a Castanha, Ab\u00f3bora e Girassol\u00a0<\/strong><\/h4>\n<p><strong>Delicioso e Nutritivo<\/strong><\/p>\n<p>As sementes s\u00e3o a parte mais saud\u00e1vel de uma planta, repleta de nutri\u00e7\u00e3o e vitalidade.<\/p>\n<p>Misturamos sementes de linha\u00e7a, com sementes de girassol e ab\u00f3bora e as moemos para melhorar a biodisponibilidade de nutrientes.<\/p>\n<p>A linha\u00e7a \u00e9 bem conhecida pelo seu alto teor de \u00e1cidos gordos \u00f3mega-3 ALA, que contribui para a manuten\u00e7\u00e3o de n\u00edveis normais de colesterol no sangue.<\/p>\n<p>Todas as 3 sementes s\u00e3o uma excelente fonte de fibras, prote\u00ednas, vitaminas, minerais e antioxidantes, cada uma com o seu pr\u00f3prio perfil nutricional.<\/p>\n<p>Ajude o seu corpo, c\u00e9rebro e pele a serem saud\u00e1veis e radiantes, fornecendo nutri\u00e7\u00e3o vital e estilo de vida ativo.<\/p>\n<p>ESTE N\u00c3O \u00c9 APENAS UM PRODUTO ORG\u00c2NICO. \u00c9 parte de um movimento.<\/p>\n<p>Se milhares de pessoas escolherem produtos sustent\u00e1veis para substituir alternativas insustent\u00e1veis, juntos, talvez apenas, ajudaremos a consertar a Terra.<\/p>\n<h4><strong><span style=\"color: #6ba539;\">Denomina\u00e7\u00e3o de Venda:<\/span><\/strong><\/h4>\n<p>Linha\u00e7a Biol\u00f3gica Crua mo\u00edda a Frio com A\u00e7a\u00ed<\/p>\n<h4><span style=\"color: #6ba539;\">I<strong>ngredientes 100% Biol\u00f3gicos:<\/strong><\/span><\/h4>\n<div class=\"text-wrap tlid-copy-target\">\n<div class=\"result-shield-container tlid-copy-target\" tabindex=\"0\"><span class=\"tlid-translation translation\" lang=\"pt\"><span class=\"\" title=\"\">Linha\u00e7a mo\u00edda (70,4%), Sementes de Girassol mo\u00eddas (19,7%), Sementes de Ab\u00f3bora mo\u00eddas (9,9%)<\/span><\/span><\/div>\n<\/div>\n<h4 tabindex=\"0\"><\/h4>\n<h4 tabindex=\"0\"><span style=\"color: #6ba539;\"><strong>Al\u00e9rgeno Informa\u00e7\u00f5es:<\/strong><\/span><\/h4>\n<p>Ver informa\u00e7\u00e3o a <strong>negrito<\/strong>. Produzido num ambiente onde podem estar presentes, leite, nozes, amendoim, soja, SO2 e sementes de s\u00e9samo.<\/p>\n<div tabindex=\"0\">\n<h4><span style=\"color: #6ba539;\"><strong>Modo de Utiliza\u00e7\u00e3o\/ Prepara\u00e7\u00e3o:<\/strong><\/span><\/h4>\n<p>Adicione uma colher de sopa cheia (15g) aos seus cereais matinais, mingau, iogurte, sobremesa ou junte aos seus smoothies preferidos.<\/p>\n<h4><span style=\"color: #6ba539;\"><strong>Conserva\u00e7\u00e3o:<\/strong><\/span><\/h4>\n<p>Conservar em local fresco e seco, ao abrigo da luz solar.<\/p>\n<h4><span style=\"color: #6ba539;\"><strong>Apresenta\u00e7\u00e3o:<\/strong><\/span><\/h4>\n<p>Embalagem de cart\u00e3o com filme compost\u00e1vel. Este filme \u00e9 feito de recursos renov\u00e1veis, com fibras vegetais e completamente compost\u00e1vel e n\u00e3o t\u00f3xico para o meio ambiente. \u00c9 t\u00e3o dur\u00e1vel quanto as embalagens pl\u00e1sticas comuns, mas degrada-se facilmente na compostagem dom\u00e9stica. Isenta de pl\u00e1stico. <span class=\"Apple-converted-space\">\u00a0<\/span><\/p>\n<h4><span style=\"color: #6ba539;\"><strong>Peso L\u00edquido:<\/strong><\/span><\/h4>\n<p>500g<\/p>\n<h4><span style=\"color: #6ba539;\"><strong>Caixa de Transporte:<\/strong><\/span><\/h4>\n<p>6 x 500g<\/p>\n<h4><span style=\"color: #6ba539;\"><strong>Origem:<\/strong><\/span><\/h4>\n<p>Reino Unido.<\/p>\n<h4><span style=\"color: #6ba539;\"><strong>Distribu\u00eddo por:<\/strong><\/span><\/h4>\n<p>Pharmabiz, Lda.<\/p>\n<\/div>\n<p>[\/vc_column_text][\/vc_column][vc_column width=&#8221;1\/2&#8243;]<\/p>\n<div class=\"nflc nutrition-section std\">\t\r\n\t\t<ul class=\"nutrition-table\" itemprop=\"nutrition\" itemscope itemtype=\"http:\/\/schema.org\/NutritionInformation\">\r\n\t\t\t<li class=\"nt-header b-0\"><h2 class=\"nt-title\">Declara\u00e7\u00e3o Nutricional por 100g<\/h2><\/li><li class=\"nt-row b-0\"><span class=\"nt-label col-50\">Servings Per Container<\/span><span class=\"nt-value col-50\" itemprop=\"servingSize\">33<\/span><\/li><li class=\"nt-row sep-10 serving-size\"><span class=\"nt-label col-50\">Serving Size<\/span><span class=\"nt-value col-50\" itemprop=\"servingSize\">15g<\/span><\/li><li class=\"nt-row font-bold b-0\"><span class=\"nt-label\">Amount per serving<\/span><\/li><li class=\"nt-row font-bold calories sep-8\"><span class=\"nt-label col-70\">Calories<\/span><span class=\"nt-value col-30\" itemprop=\"servingSize\">92<\/span><\/li><li class=\"nt-head font-bold sep-4\"><span class=\"nt-label nutrient-label col-40\"><\/span><span class=\"nt-label amount-label col-30\"><\/span><span class=\"pdv-label col-30\">% Daily Value*<\/span><\/li><br \/>\n<b>Warning<\/b>:  Undefined array key \"amt\" in <b>\/var\/www\/vhosts\/pharmabiz.pt\/httpdocs\/wp-content\/plugins\/nutrition-facts-label-creator\/nflc_templates\/default.php<\/b> on line <b>137<\/b><br \/>\n<br \/>\n<b>Warning<\/b>:  Undefined array key \"unit\" in <b>\/var\/www\/vhosts\/pharmabiz.pt\/httpdocs\/wp-content\/plugins\/nutrition-facts-label-creator\/nflc_templates\/default.php<\/b> on line <b>137<\/b><br \/>\n<li><span class=\"nt-label col-40 font-bold\">VALORES M\u00c9DIOS<\/span><span class=\"nt-amount col-30\"> <\/span><\/li><br \/>\n<b>Warning<\/b>:  A non-numeric value encountered in <b>\/var\/www\/vhosts\/pharmabiz.pt\/httpdocs\/wp-content\/plugins\/nutrition-facts-label-creator\/nflc_templates\/default.php<\/b> on line <b>122<\/b><br \/>\n<br \/>\n<b>Warning<\/b>:  Undefined array key \"unit\" in <b>\/var\/www\/vhosts\/pharmabiz.pt\/httpdocs\/wp-content\/plugins\/nutrition-facts-label-creator\/nflc_templates\/default.php<\/b> on line <b>137<\/b><br \/>\n<br \/>\n<b>Warning<\/b>:  Undefined array key \"unit\" in <b>\/var\/www\/vhosts\/pharmabiz.pt\/httpdocs\/wp-content\/plugins\/nutrition-facts-label-creator\/nflc_templates\/default.php<\/b> on line <b>138<\/b><br \/>\n<li><span class=\"nt-label col-40 font-bold\">Energia kJ \/ kcal<\/span><span class=\"nt-amount col-30\">2566 \/ 618 <\/span><span class=\"nt-value col-30\">30.55%<\/span><\/li><li><span class=\"nt-label col-40 font-bold\">L\u00edpidos totais<\/span><span class=\"nt-amount col-30\">41.5 g<\/span><span class=\"nt-value col-30\">59.29%<\/span><\/li><li class=\"nt-sublevel-1\"><span class=\"nt-label col-40\">.dos quais saturados<\/span><span class=\"nt-amount col-30\">1.4 g<\/span><span class=\"nt-value col-30\">7%<\/span><\/li><li class=\"nt-sublevel-1\"><span class=\"nt-label col-40\">.\u00d3mega 3<\/span><span class=\"nt-amount col-30\">19.9 g<\/span><\/li><li><span class=\"nt-label col-40 font-bold\">Hidratos de Carbono<\/span><span class=\"nt-amount col-30\">29.6 g<\/span><span class=\"nt-value col-30\">11.38%<\/span><\/li><li class=\"nt-sublevel-1\"><span class=\"nt-label col-40\">.dos quais a\u00e7\u00facares<\/span><span class=\"nt-amount col-30\">11.4 g<\/span><span class=\"nt-value col-30\">12.67%<\/span><\/li><li><span class=\"nt-label col-40 font-bold\">Fibra<\/span><span class=\"nt-amount col-30\">22.2 g<\/span><span class=\"nt-value col-30\">88.8%<\/span><\/li><li><span class=\"nt-label col-40 font-bold\">Prote\u00ednas<\/span><span class=\"nt-amount col-30\">20.7 g<\/span><span class=\"nt-value col-30\">41.4%<\/span><\/li><li><span class=\"nt-label col-40 font-bold\">Sal<\/span><span class=\"nt-amount col-30\">0.01 g<\/span><span class=\"nt-value col-30\">0.17%<\/span><\/li><li><span class=\"nt-label col-40 font-bold\">Vitamina E<\/span><span class=\"nt-amount col-30\">7.6 mg<\/span><span class=\"nt-value col-30\">63.33%<\/span><\/li><li><span class=\"nt-label col-40 font-bold\">Ferro<\/span><span class=\"nt-amount col-30\">11 mg<\/span><span class=\"nt-value col-30\">78.57%<\/span><\/li><li><span class=\"nt-label col-40 font-bold\">Zinco<\/span><span class=\"nt-amount col-30\">8.3 mg<\/span><span class=\"nt-value col-30\">83%<\/span><\/li><li><span class=\"nt-label col-40 font-bold\">Mangan\u00eas<\/span><span class=\"nt-amount col-30\">4.6 mg<\/span><span class=\"nt-value col-30\"><b>230%<\/b><\/span><\/li><li class=\"nt-footer b-0\">*DR - Dose de Refer\u00eancia para um adulto m\u00e9dio (8400kJ \/ 2000 kcal).<br \/>\n**VRN - Valor de Refer\u00eancia do Nutriente.<br \/>\nNOTA - Os Valores Nutricionais podem variar de acordo com a sazonalidade.<\/li>\t\t<\/ul><!-- \/.nutrition-table -->\r\n\t<\/div><!-- \/.nutrition-section -->\n<p>[\/vc_column][\/vc_row]<\/p>\n<\/div>","protected":false},"excerpt":{"rendered":"<p>SEM A\u00c7\u00daCAR ADICIONADO \u00b7 DIETA SAUD\u00c1VEL \u00b7 SEM GL\u00daTEN \u00b7 RICO EM \u00d3MEGA 3\u00a0\u00b7 ADEQUADO PARA VEGANS \u00b7 SUPORTA ESTILO DE VIDA SAUD\u00c1VEL\u00a0\u00b7 BIOL\u00d3GICO \u00b7 N\u00c3O OGM \u00b7 INGREDIENTES NATURAIS \u00b7 FILME COMPOST\u00c1VEL (ISENTO DE PL\u00c1STICO)<\/p>\n<p><img loading=\"lazy\" decoding=\"async\" class=\"alignnone wp-image-6009\" src=\"https:\/\/pharmabiz.pt\/wp-content\/uploads\/2020\/05\/Logo-BIO_EU_website-Pharmabiz.png\" alt=\"\" width=\"97\" height=\"65\" srcset=\"https:\/\/pharmabiz.pt\/wp-content\/uploads\/2020\/05\/Logo-BIO_EU_website-Pharmabiz.png 300w, https:\/\/pharmabiz.pt\/wp-content\/uploads\/2020\/05\/Logo-BIO_EU_website-Pharmabiz.png 1024w, https:\/\/pharmabiz.pt\/wp-content\/uploads\/2020\/05\/Logo-BIO_EU_website-Pharmabiz.png 768w, https:\/\/pharmabiz.pt\/wp-content\/uploads\/2020\/05\/Logo-BIO_EU_website-Pharmabiz.png 1200w, https:\/\/pharmabiz.pt\/wp-content\/uploads\/2020\/05\/Logo-BIO_EU_website-Pharmabiz.png 600w, https:\/\/pharmabiz.pt\/wp-content\/uploads\/2020\/05\/Logo-BIO_EU_website-Pharmabiz.png 1269w\" sizes=\"auto, (max-width: 97px) 100vw, 97px\" \/>\u00a0 \u00a0<img loading=\"lazy\" decoding=\"async\" class=\"alignnone wp-image-6085\" src=\"https:\/\/pharmabiz.pt\/wp-content\/uploads\/2020\/05\/Soil_Association_symbol-1016x1024-1.jpg\" alt=\"\" width=\"64\" height=\"65\" srcset=\"https:\/\/pharmabiz.pt\/wp-content\/uploads\/2020\/05\/Soil_Association_symbol-1016x1024-1.jpg 300w, https:\/\/pharmabiz.pt\/wp-content\/uploads\/2020\/05\/Soil_Association_symbol-1016x1024-1.jpg 150w, https:\/\/pharmabiz.pt\/wp-content\/uploads\/2020\/05\/Soil_Association_symbol-1016x1024-1.jpg 768w, https:\/\/pharmabiz.pt\/wp-content\/uploads\/2020\/05\/Soil_Association_symbol-1016x1024-1.jpg 45w, https:\/\/pharmabiz.pt\/wp-content\/uploads\/2020\/05\/Soil_Association_symbol-1016x1024-1.jpg 600w, https:\/\/pharmabiz.pt\/wp-content\/uploads\/2020\/05\/Soil_Association_symbol-1016x1024-1.jpg 100w, https:\/\/pharmabiz.pt\/wp-content\/uploads\/2020\/05\/Soil_Association_symbol-1016x1024-1.jpg 844w\" sizes=\"auto, (max-width: 64px) 100vw, 64px\" \/>\u00a0 \u00a0<img loading=\"lazy\" decoding=\"async\" class=\"alignnone wp-image-6006\" src=\"https:\/\/pharmabiz.pt\/wp-content\/uploads\/2020\/05\/LOGO-GLUTEN-FREE-1.jpg\" alt=\"\" width=\"64\" height=\"65\" srcset=\"https:\/\/pharmabiz.pt\/wp-content\/uploads\/2020\/05\/LOGO-GLUTEN-FREE-1.jpg 300w, https:\/\/pharmabiz.pt\/wp-content\/uploads\/2020\/05\/LOGO-GLUTEN-FREE-1.jpg 150w, https:\/\/pharmabiz.pt\/wp-content\/uploads\/2020\/05\/LOGO-GLUTEN-FREE-1.jpg 768w, https:\/\/pharmabiz.pt\/wp-content\/uploads\/2020\/05\/LOGO-GLUTEN-FREE-1.jpg 45w, https:\/\/pharmabiz.pt\/wp-content\/uploads\/2020\/05\/LOGO-GLUTEN-FREE-1.jpg 600w, https:\/\/pharmabiz.pt\/wp-content\/uploads\/2020\/05\/LOGO-GLUTEN-FREE-1.jpg 100w, https:\/\/pharmabiz.pt\/wp-content\/uploads\/2020\/05\/LOGO-GLUTEN-FREE-1.jpg 838w\" sizes=\"auto, (max-width: 64px) 100vw, 64px\" \/>\u00a0 \u00a0<img loading=\"lazy\" decoding=\"async\" class=\"alignnone wp-image-6112\" src=\"https:\/\/pharmabiz.pt\/wp-content\/uploads\/2020\/05\/Logo-No-Sugar-Added-1.jpg\" alt=\"\" width=\"65\" height=\"65\" srcset=\"https:\/\/pharmabiz.pt\/wp-content\/uploads\/2020\/05\/Logo-No-Sugar-Added-1.jpg 300w, https:\/\/pharmabiz.pt\/wp-content\/uploads\/2020\/05\/Logo-No-Sugar-Added-1.jpg 150w, https:\/\/pharmabiz.pt\/wp-content\/uploads\/2020\/05\/Logo-No-Sugar-Added-1.jpg 768w, https:\/\/pharmabiz.pt\/wp-content\/uploads\/2020\/05\/Logo-No-Sugar-Added-1.jpg 45w, https:\/\/pharmabiz.pt\/wp-content\/uploads\/2020\/05\/Logo-No-Sugar-Added-1.jpg 600w, https:\/\/pharmabiz.pt\/wp-content\/uploads\/2020\/05\/Logo-No-Sugar-Added-1.jpg 100w, https:\/\/pharmabiz.pt\/wp-content\/uploads\/2020\/05\/Logo-No-Sugar-Added-1.jpg 851w\" sizes=\"auto, (max-width: 65px) 100vw, 65px\" \/>\u00a0 \u00a0<img loading=\"lazy\" decoding=\"async\" class=\"alignnone wp-image-6061\" src=\"https:\/\/pharmabiz.pt\/wp-content\/uploads\/2020\/05\/Logo-100-RAW-1.jpg\" alt=\"\" width=\"72\" height=\"65\" srcset=\"https:\/\/pharmabiz.pt\/wp-content\/uploads\/2020\/05\/Logo-100-RAW-1.jpg 300w, https:\/\/pharmabiz.pt\/wp-content\/uploads\/2020\/05\/Logo-100-RAW-1.jpg 768w, https:\/\/pharmabiz.pt\/wp-content\/uploads\/2020\/05\/Logo-100-RAW-1.jpg 600w, https:\/\/pharmabiz.pt\/wp-content\/uploads\/2020\/05\/Logo-100-RAW-1.jpg 939w\" sizes=\"auto, (max-width: 72px) 100vw, 72px\" \/>\u00a0 \u00a0<img loading=\"lazy\" decoding=\"async\" class=\"alignnone wp-image-6121\" src=\"https:\/\/pharmabiz.pt\/wp-content\/uploads\/2020\/05\/12418226-1.jpg\" alt=\"\" width=\"72\" height=\"65\" srcset=\"https:\/\/pharmabiz.pt\/wp-content\/uploads\/2020\/05\/12418226-1.jpg 300w, https:\/\/pharmabiz.pt\/wp-content\/uploads\/2020\/05\/12418226-1.jpg 768w, https:\/\/pharmabiz.pt\/wp-content\/uploads\/2020\/05\/12418226-1.jpg 600w, https:\/\/pharmabiz.pt\/wp-content\/uploads\/2020\/05\/12418226-1.jpg 937w\" sizes=\"auto, (max-width: 72px) 100vw, 72px\" \/>\u00a0 \u00a0<img loading=\"lazy\" decoding=\"async\" class=\"alignnone wp-image-6064\" src=\"https:\/\/pharmabiz.pt\/wp-content\/uploads\/2020\/05\/Logo-VEGAN-1.jpg\" alt=\"\" width=\"65\" height=\"65\" srcset=\"https:\/\/pharmabiz.pt\/wp-content\/uploads\/2020\/05\/Logo-VEGAN-1.jpg 300w, https:\/\/pharmabiz.pt\/wp-content\/uploads\/2020\/05\/Logo-VEGAN-1.jpg 150w, https:\/\/pharmabiz.pt\/wp-content\/uploads\/2020\/05\/Logo-VEGAN-1.jpg 768w, https:\/\/pharmabiz.pt\/wp-content\/uploads\/2020\/05\/Logo-VEGAN-1.jpg 45w, https:\/\/pharmabiz.pt\/wp-content\/uploads\/2020\/05\/Logo-VEGAN-1.jpg 600w, https:\/\/pharmabiz.pt\/wp-content\/uploads\/2020\/05\/Logo-VEGAN-1.jpg 100w, https:\/\/pharmabiz.pt\/wp-content\/uploads\/2020\/05\/Logo-VEGAN-1.jpg 851w\" sizes=\"auto, (max-width: 65px) 100vw, 65px\" \/>\u00a0 \u00a0<img loading=\"lazy\" decoding=\"async\" class=\"alignnone wp-image-6076\" src=\"https:\/\/pharmabiz.pt\/wp-content\/uploads\/2020\/05\/Logo-VINCOTTE-Compostable_OKhome_TA-OKH3.jpg\" alt=\"\" width=\"140\" height=\"65\" srcset=\"https:\/\/pharmabiz.pt\/wp-content\/uploads\/2020\/05\/Logo-VINCOTTE-Compostable_OKhome_TA-OKH3.jpg 300w, https:\/\/pharmabiz.pt\/wp-content\/uploads\/2020\/05\/Logo-VINCOTTE-Compostable_OKhome_TA-OKH3.jpg 1024w, https:\/\/pharmabiz.pt\/wp-content\/uploads\/2020\/05\/Logo-VINCOTTE-Compostable_OKhome_TA-OKH3.jpg 768w, https:\/\/pharmabiz.pt\/wp-content\/uploads\/2020\/05\/Logo-VINCOTTE-Compostable_OKhome_TA-OKH3.jpg 1536w, https:\/\/pharmabiz.pt\/wp-content\/uploads\/2020\/05\/Logo-VINCOTTE-Compostable_OKhome_TA-OKH3.jpg 1200w, https:\/\/pharmabiz.pt\/wp-content\/uploads\/2020\/05\/Logo-VINCOTTE-Compostable_OKhome_TA-OKH3.jpg 1320w, https:\/\/pharmabiz.pt\/wp-content\/uploads\/2020\/05\/Logo-VINCOTTE-Compostable_OKhome_TA-OKH3.jpg 600w, https:\/\/pharmabiz.pt\/wp-content\/uploads\/2020\/05\/Logo-VINCOTTE-Compostable_OKhome_TA-OKH3.jpg 1834w\" sizes=\"auto, (max-width: 140px) 100vw, 140px\" \/><\/p>\n","protected":false},"featured_media":9351,"comment_status":"open","ping_status":"closed","template":"","meta":{"_acf_changed":false},"product_brand":[],"product_cat":[139,255,173,268,140,252,274,141],"product_tag":[235,190,206,196,271,238,428,425,440],"class_list":{"0":"post-8845","1":"product","2":"type-product","3":"status-publish","4":"has-post-thumbnail","6":"product_cat-alimentacion","7":"product_cat-ecologicos","8":"product_cat-nueces-y-semillas","9":"product_cat-sin-azucar-anadido","10":"product_cat-sin-gluten","11":"product_cat-sin-lactosa","12":"product_cat-sin-sal-anadida","13":"product_cat-superalimentos","14":"product_tag-colesterol-y-trigliceridos","15":"product_tag-control-de-peso","16":"product_tag-corazon","17":"product_tag-deporte-y-fitness","18":"product_tag-diabetes-es","19":"product_tag-energia-y-vitalidad-es","20":"product_tag-omega-3-es","21":"product_tag-vitamina-e-es","22":"product_tag-zinc","23":"pa_marca-alara-es","25":"first","26":"outofstock","27":"taxable","28":"shipping-taxable","29":"purchasable","30":"product-type-simple"},"acf":[],"_links":{"self":[{"href":"https:\/\/pharmabiz.pt\/es\/wp-json\/wp\/v2\/product\/8845","targetHints":{"allow":["GET"]}}],"collection":[{"href":"https:\/\/pharmabiz.pt\/es\/wp-json\/wp\/v2\/product"}],"about":[{"href":"https:\/\/pharmabiz.pt\/es\/wp-json\/wp\/v2\/types\/product"}],"replies":[{"embeddable":true,"href":"https:\/\/pharmabiz.pt\/es\/wp-json\/wp\/v2\/comments?post=8845"}],"wp:featuredmedia":[{"embeddable":true,"href":"https:\/\/pharmabiz.pt\/es\/wp-json\/wp\/v2\/media\/9351"}],"wp:attachment":[{"href":"https:\/\/pharmabiz.pt\/es\/wp-json\/wp\/v2\/media?parent=8845"}],"wp:term":[{"taxonomy":"product_brand","embeddable":true,"href":"https:\/\/pharmabiz.pt\/es\/wp-json\/wp\/v2\/product_brand?post=8845"},{"taxonomy":"product_cat","embeddable":true,"href":"https:\/\/pharmabiz.pt\/es\/wp-json\/wp\/v2\/product_cat?post=8845"},{"taxonomy":"product_tag","embeddable":true,"href":"https:\/\/pharmabiz.pt\/es\/wp-json\/wp\/v2\/product_tag?post=8845"}],"curies":[{"name":"wp","href":"https:\/\/api.w.org\/{rel}","templated":true}]}}